{"id":896,"date":"2008-11-30T10:07:06","date_gmt":"2008-11-30T08:07:06","guid":{"rendered":"http:\/\/www.triumphadonf.com\/v3\/?page_id=896"},"modified":"2020-05-15T11:19:31","modified_gmt":"2020-05-15T09:19:31","slug":"centre-de-documentation-triumph","status":"publish","type":"page","link":"https:\/\/triumphadonf.com\/v3\/centre-de-documentation-triumph\/","title":{"rendered":"Centre de documentation Triumph"},"content":{"rendered":"<div id=\"tdi_1\" class=\"tdc-zone\"><div class=\"tdc_zone tdi_2  wpb_row td-pb-row\"  >\n<style scoped>\n\n\/* custom css *\/\n.tdi_2{\r\n                    min-height: 0;\r\n                }\n<\/style><div id=\"tdi_3\" class=\"tdc-row\"><div class=\"vc_row tdi_4  wpb_row td-pb-row\" >\n<style scoped>\n\n\/* custom css *\/\n.tdi_4,\r\n                .tdi_4 .tdc-columns{\r\n                    min-height: 0;\r\n                }.tdi_4,\r\n\t\t\t\t.tdi_4 .tdc-columns{\r\n\t\t\t\t    display: block;\r\n\t\t\t\t}.tdi_4 .tdc-columns{\r\n\t\t\t\t    width: 100%;\r\n\t\t\t\t}\n<\/style><div class=\"vc_column tdi_6  wpb_column vc_column_container tdc-column td-pb-span12\">\n<style scoped>\n\n\/* custom css *\/\n.tdi_6{\r\n                    vertical-align: baseline;\r\n                }.tdi_6 > .wpb_wrapper,\r\n\t\t\t\t.tdi_6 > .wpb_wrapper > .tdc-elements{\r\n\t\t\t\t    display: block;\r\n\t\t\t\t}.tdi_6 > .wpb_wrapper > .tdc-elements{\r\n\t\t\t\t    width: 100%;\r\n\t\t\t\t}.tdi_6 > .wpb_wrapper > .vc_row_inner{\r\n\t\t\t\t    width: auto;\r\n\t\t\t\t}.tdi_6 > .wpb_wrapper{\r\n\t\t\t\t    width: auto;\r\n\t\t\t\t    height: auto;\r\n\t\t\t\t}\n<\/style><div class=\"wpb_wrapper\" ><div class=\"td_block_wrap td_block_text_with_title tdi_7 tagdiv-type td-pb-border-top td_block_template_2\"  data-td-block-uid=\"tdi_7\" >\n<style>\n.td_block_template_2.widget > ul > li {\r\n                margin-left: 0 !important;\r\n            }\r\n            \r\n            .td_block_template_2 .td-block-title {\r\n                font-size: 17px;\r\n                font-weight: 500;\r\n                margin-top: 0;\r\n                margin-bottom: 16px;\r\n                line-height: 31px;\r\n                text-align: left;\r\n            }\r\n            .td_block_template_2 .td-block-title > * {\r\n                color: #000;\r\n            }\r\n            .td_block_template_2 .td-related-title a {\r\n                padding: 0 20px 0 0;\r\n            }\r\n            @media (max-width: 767px) {\r\n                .td_block_template_2 .td-related-title a {\r\n                    font-size: 15px;\r\n                }\r\n            }\r\n            .td_block_template_2 .td-related-title .td-cur-simple-item {\r\n                color: #4db2ec;\r\n            }\n<\/style>\n<style>\n\/* custom css *\/\n.td_block_text_with_title{\r\n                  margin-bottom: 44px;\r\n                  -webkit-transform: translateZ(0);\r\n                  transform: translateZ(0);\r\n                }.td_block_text_with_title p:last-child{\r\n                  margin-bottom: 0;\r\n                }.tdi_7 h4{\r\n\t\t\t        font-family:Fira Sans !important;font-size:28px !important;font-weight:800 !important;\r\n\t\t        }\n<\/style><div class=\"td-block-title-wrap\"><h4 class=\"td-block-title\"><span class=\"td-pulldown-size\">Bienvenue dans le centre de documentation Triumph<\/span><\/h4><\/div><div class=\"td_mod_wrap td-fix-index\"><p>Cette page est en cours de (re)construction apr\u00e8s la remise en ligne du site en 2020, beaucoup d&rsquo;\u00e9l\u00e8ments sont \u00e0 r\u00e9organiser et \u00e0 remettre en ligne de mani\u00e8re coh\u00e9rente&#8230;<\/p>\n<p>D\u00e9sol\u00e9 si les liens ci-dessous ne fonctionnent pas tous.<\/p>\n<p><strong>Cette page regroupe des liens vers des quantit\u00e9s de documents Triumph : articles, brochures, docs techniques, codes couleurs, manuels, \u2026<\/strong>\u00a0<a href=\"http:\/\/www.triumphadonf.com\/v3\/a-la-une\/guide-pneumatiques-triumph\/\" target=\"_blank\" rel=\"noopener noreferrer\"># Guide des pneumatiques Triumph (monte d\u2019origine, pressions\u2026)<\/a>\u00a0<a href=\"http:\/\/www.triumphadonf.com\/v3\/index.php\/codes-peintures-triumph\/\" target=\"_blank\" rel=\"noopener noreferrer\"># Codes des peintures Triumph<\/a>\u00a0<a href=\"http:\/\/www.triumphadonf.com\/v3\/index.php\/argus-des-motos-triumph\/\" target=\"_blank\" rel=\"noopener noreferrer\"># Argus des Triumph<\/a>\u00a0<a title=\"Le Type mine et les Types mod\u00e8les Triumph, inventaire et lecture de carte grise\" href=\"http:\/\/www.triumphadonf.com\/v3\/index.php\/le-type-mine-et-les-types-modeles-triumph-inventaire-et-lecture-de-carte-grise\/\" target=\"_blank\" rel=\"noopener noreferrer\"># Le Type mine et les Types mod\u00e8les Triumph, inventaire et lecture de carte grise<\/a>\u00a0# Toutes les brochures Triumph depuis 1902\u2026 # Fiches d\u2019entretiens p\u00e9riodiques des Triumph # Micro-fiches techniques de toutes les Triumph modernes :\u00a0<a href=\"http:\/\/www.bikebandit.com\/triumph-motorcycle-parts\/oem-parts\" target=\"_blank\" rel=\"noopener noreferrer\">www.bikebandit.com<\/a>\u00a0#\u00a0<a href=\"http:\/\/www.worldoftriumph.com\/section.php\/4276\/1\/triumph_parts\" target=\"_blank\" rel=\"noopener noreferrer\">Triumph Online Parts Locator<\/a> : toutes les Triumph en pi\u00e8ces d\u00e9tach\u00e9es Bient\u00f4t en ligne\u00a0<\/p>\n<\/div><\/div><\/div><\/div><\/div><\/div><\/div><\/div>","protected":false},"excerpt":{"rendered":"","protected":false},"author":2,"featured_media":0,"parent":0,"menu_order":0,"comment_status":"open","ping_status":"open","template":"","meta":{"_monsterinsights_skip_tracking":false,"_monsterinsights_sitenote_active":false,"_monsterinsights_sitenote_note":"","_monsterinsights_sitenote_category":0,"footnotes":""},"class_list":["post-896","page","type-page","status-publish"],"jetpack_sharing_enabled":true,"_links":{"self":[{"href":"https:\/\/triumphadonf.com\/v3\/wp-json\/wp\/v2\/pages\/896","targetHints":{"allow":["GET"]}}],"collection":[{"href":"https:\/\/triumphadonf.com\/v3\/wp-json\/wp\/v2\/pages"}],"about":[{"href":"https:\/\/triumphadonf.com\/v3\/wp-json\/wp\/v2\/types\/page"}],"author":[{"embeddable":true,"href":"https:\/\/triumphadonf.com\/v3\/wp-json\/wp\/v2\/users\/2"}],"replies":[{"embeddable":true,"href":"https:\/\/triumphadonf.com\/v3\/wp-json\/wp\/v2\/comments?post=896"}],"version-history":[{"count":2,"href":"https:\/\/triumphadonf.com\/v3\/wp-json\/wp\/v2\/pages\/896\/revisions"}],"predecessor-version":[{"id":20245,"href":"https:\/\/triumphadonf.com\/v3\/wp-json\/wp\/v2\/pages\/896\/revisions\/20245"}],"wp:attachment":[{"href":"https:\/\/triumphadonf.com\/v3\/wp-json\/wp\/v2\/media?parent=896"}],"curies":[{"name":"wp","href":"https:\/\/api.w.org\/{rel}","templated":true}]}}