{"id":3023,"date":"2009-10-07T20:52:55","date_gmt":"2009-10-07T19:52:55","guid":{"rendered":"http:\/\/www.triumphadonf.com\/v3\/?page_id=3023"},"modified":"2011-09-10T09:22:29","modified_gmt":"2011-09-10T08:22:29","slug":"triumph-trident-750-t150v-et-t160v","status":"publish","type":"page","link":"https:\/\/triumphadonf.com\/v3\/triumph-trident-750-t150v-et-t160v\/","title":{"rendered":"Triumph Trident 750 (T150V et T160V)"},"content":{"rendered":"<p style=\"margin-top: 5px; margin-right: 0px; margin-bottom: 15px; margin-left: 0px; text-align: justify; padding: 0px;\"><strong>P\u00e9riode de fabrication : <\/strong>1968 &#8211; 1975<\/p>\n<p style=\"margin-top: 5px; margin-right: 0px; margin-bottom: 15px; margin-left: 0px; text-align: justify; padding: 0px;\"><strong>Historique : <\/strong>Avec cette Trident 750 qui promet une vitesse de pointe de 150 miles\/h, Triumph enrichit sa gamme d&rsquo;un mod\u00e8le phare 3 cylindres.<br \/>\nCe moteur appara\u00eetra parall\u00e8lement dans la BSA Rocket 3. Effectivement, cette Trident aurait pu sortir en 1963, mais le comit\u00e9 directeur de BSA (qui contr\u00f4lait Triumph \u00e0 ce moment). Ainsi, elle ne fut pas commercialis\u00e9e avant 1969 avec une version \u00e0 cylindres verticaux pour la Triumph et dans une version \u00e0 cylindres inclin\u00e9s pour la BSA.<br \/>\nEn 1975 lui succ\u00e8de la T160V, qui avec la Rocket 3, constitueront le chant du cygne de l&rsquo;industrie britannique. Effectivement, la concurrence de la Honda CB 750, avec son 4 cylindres plus \u00e9conomique et nettement moins d\u00e9licat, devient trop difficile \u00e0 relever.<\/p>\n<p style=\"margin-top: 5px; margin-right: 0px; margin-bottom: 15px; margin-left: 0px; text-align: justify; padding: 0px;\"><strong>Photos :<\/strong><\/p>\n<div id='gallery-1' class='gallery galleryid-3023 gallery-columns-4 gallery-size-thumbnail'><figure class='gallery-item'>\n\t\t\t<div class='gallery-icon portrait'>\n\t\t\t\t<a href='https:\/\/triumphadonf.com\/v3\/triumph-trident-750-t150v-et-t160v\/attachment\/1452510116_4b7f8de926_o\/'><img decoding=\"async\" width=\"80\" height=\"120\" data-src=\"https:\/\/triumphadonf.com\/v3\/wp-content\/uploads\/2009\/10\/1452510116_4b7f8de926_o-80x120.jpg\" class=\"attachment-thumbnail size-thumbnail lazyload\" alt=\"\" data-srcset=\"https:\/\/triumphadonf.com\/v3\/wp-content\/uploads\/2009\/10\/1452510116_4b7f8de926_o-80x120.jpg 80w, https:\/\/triumphadonf.com\/v3\/wp-content\/uploads\/2009\/10\/1452510116_4b7f8de926_o.jpg 567w\" data-sizes=\"(max-width: 80px) 100vw, 80px\" src=\"data:image\/svg+xml;base64,PHN2ZyB3aWR0aD0iMSIgaGVpZ2h0PSIxIiB4bWxucz0iaHR0cDovL3d3dy53My5vcmcvMjAwMC9zdmciPjwvc3ZnPg==\" style=\"--smush-placeholder-width: 80px; --smush-placeholder-aspect-ratio: 80\/120;\" \/><\/a>\n\t\t\t<\/div><\/figure><figure class='gallery-item'>\n\t\t\t<div class='gallery-icon portrait'>\n\t\t\t\t<a href='https:\/\/triumphadonf.com\/v3\/triumph-trident-750-t150v-et-t160v\/attachment\/1975-triumph-trident_t160\/'><img decoding=\"async\" width=\"90\" height=\"120\" data-src=\"https:\/\/triumphadonf.com\/v3\/wp-content\/uploads\/2009\/10\/1975-Triumph-Trident_T160-90x120.jpg\" class=\"attachment-thumbnail size-thumbnail lazyload\" alt=\"\" data-srcset=\"https:\/\/triumphadonf.com\/v3\/wp-content\/uploads\/2009\/10\/1975-Triumph-Trident_T160-90x120.jpg 90w, https:\/\/triumphadonf.com\/v3\/wp-content\/uploads\/2009\/10\/1975-Triumph-Trident_T160.jpg 580w\" data-sizes=\"(max-width: 90px) 100vw, 90px\" src=\"data:image\/svg+xml;base64,PHN2ZyB3aWR0aD0iMSIgaGVpZ2h0PSIxIiB4bWxucz0iaHR0cDovL3d3dy53My5vcmcvMjAwMC9zdmciPjwvc3ZnPg==\" style=\"--smush-placeholder-width: 90px; --smush-placeholder-aspect-ratio: 90\/120;\" \/><\/a>\n\t\t\t<\/div><\/figure><figure class='gallery-item'>\n\t\t\t<div class='gallery-icon landscape'>\n\t\t\t\t<a href='https:\/\/triumphadonf.com\/v3\/triumph-trident-750-t150v-et-t160v\/attachment\/2493269924_2d3719f840_o\/'><img decoding=\"async\" width=\"120\" height=\"90\" data-src=\"https:\/\/triumphadonf.com\/v3\/wp-content\/uploads\/2009\/10\/2493269924_2d3719f840_o-120x90.jpg\" class=\"attachment-thumbnail size-thumbnail lazyload\" alt=\"\" data-srcset=\"https:\/\/triumphadonf.com\/v3\/wp-content\/uploads\/2009\/10\/2493269924_2d3719f840_o-120x90.jpg 120w, https:\/\/triumphadonf.com\/v3\/wp-content\/uploads\/2009\/10\/2493269924_2d3719f840_o.jpg 1200w\" data-sizes=\"(max-width: 120px) 100vw, 120px\" src=\"data:image\/svg+xml;base64,PHN2ZyB3aWR0aD0iMSIgaGVpZ2h0PSIxIiB4bWxucz0iaHR0cDovL3d3dy53My5vcmcvMjAwMC9zdmciPjwvc3ZnPg==\" style=\"--smush-placeholder-width: 120px; --smush-placeholder-aspect-ratio: 120\/90;\" \/><\/a>\n\t\t\t<\/div><\/figure><figure class='gallery-item'>\n\t\t\t<div class='gallery-icon landscape'>\n\t\t\t\t<a href='https:\/\/triumphadonf.com\/v3\/triumph-trident-750-t150v-et-t160v\/attachment\/2560826129_7d5c8a19de_b\/'><img decoding=\"async\" width=\"120\" height=\"80\" data-src=\"https:\/\/triumphadonf.com\/v3\/wp-content\/uploads\/2009\/10\/2560826129_7d5c8a19de_b-120x80.jpg\" class=\"attachment-thumbnail size-thumbnail lazyload\" alt=\"\" data-srcset=\"https:\/\/triumphadonf.com\/v3\/wp-content\/uploads\/2009\/10\/2560826129_7d5c8a19de_b-120x80.jpg 120w, https:\/\/triumphadonf.com\/v3\/wp-content\/uploads\/2009\/10\/2560826129_7d5c8a19de_b.jpg 1024w\" data-sizes=\"(max-width: 120px) 100vw, 120px\" src=\"data:image\/svg+xml;base64,PHN2ZyB3aWR0aD0iMSIgaGVpZ2h0PSIxIiB4bWxucz0iaHR0cDovL3d3dy53My5vcmcvMjAwMC9zdmciPjwvc3ZnPg==\" style=\"--smush-placeholder-width: 120px; --smush-placeholder-aspect-ratio: 120\/80;\" \/><\/a>\n\t\t\t<\/div><\/figure><figure class='gallery-item'>\n\t\t\t<div class='gallery-icon landscape'>\n\t\t\t\t<a href='https:\/\/triumphadonf.com\/v3\/triumph-trident-750-t150v-et-t160v\/attachment\/2820056508_4f79727543_b\/'><img decoding=\"async\" width=\"120\" height=\"90\" data-src=\"https:\/\/triumphadonf.com\/v3\/wp-content\/uploads\/2009\/10\/2820056508_4f79727543_b-120x90.jpg\" class=\"attachment-thumbnail size-thumbnail lazyload\" alt=\"\" data-srcset=\"https:\/\/triumphadonf.com\/v3\/wp-content\/uploads\/2009\/10\/2820056508_4f79727543_b-120x90.jpg 120w, https:\/\/triumphadonf.com\/v3\/wp-content\/uploads\/2009\/10\/2820056508_4f79727543_b.jpg 1024w\" data-sizes=\"(max-width: 120px) 100vw, 120px\" src=\"data:image\/svg+xml;base64,PHN2ZyB3aWR0aD0iMSIgaGVpZ2h0PSIxIiB4bWxucz0iaHR0cDovL3d3dy53My5vcmcvMjAwMC9zdmciPjwvc3ZnPg==\" style=\"--smush-placeholder-width: 120px; --smush-placeholder-aspect-ratio: 120\/90;\" \/><\/a>\n\t\t\t<\/div><\/figure><figure class='gallery-item'>\n\t\t\t<div class='gallery-icon landscape'>\n\t\t\t\t<a href='https:\/\/triumphadonf.com\/v3\/triumph-trident-750-t150v-et-t160v\/attachment\/2964532025_acd8ae73a0_o\/'><img decoding=\"async\" width=\"120\" height=\"79\" data-src=\"https:\/\/triumphadonf.com\/v3\/wp-content\/uploads\/2009\/10\/2964532025_acd8ae73a0_o-120x79.jpg\" class=\"attachment-thumbnail size-thumbnail lazyload\" alt=\"\" data-srcset=\"https:\/\/triumphadonf.com\/v3\/wp-content\/uploads\/2009\/10\/2964532025_acd8ae73a0_o-120x79.jpg 120w, https:\/\/triumphadonf.com\/v3\/wp-content\/uploads\/2009\/10\/2964532025_acd8ae73a0_o-100x65.jpg 100w, https:\/\/triumphadonf.com\/v3\/wp-content\/uploads\/2009\/10\/2964532025_acd8ae73a0_o-745x483.jpg 745w, https:\/\/triumphadonf.com\/v3\/wp-content\/uploads\/2009\/10\/2964532025_acd8ae73a0_o.jpg 1180w\" data-sizes=\"(max-width: 120px) 100vw, 120px\" src=\"data:image\/svg+xml;base64,PHN2ZyB3aWR0aD0iMSIgaGVpZ2h0PSIxIiB4bWxucz0iaHR0cDovL3d3dy53My5vcmcvMjAwMC9zdmciPjwvc3ZnPg==\" style=\"--smush-placeholder-width: 120px; --smush-placeholder-aspect-ratio: 120\/79;\" \/><\/a>\n\t\t\t<\/div><\/figure><figure class='gallery-item'>\n\t\t\t<div class='gallery-icon landscape'>\n\t\t\t\t<a href='https:\/\/triumphadonf.com\/v3\/triumph-trident-750-t150v-et-t160v\/attachment\/2978552663_2a1829f10d_o\/'><img decoding=\"async\" width=\"120\" height=\"80\" data-src=\"https:\/\/triumphadonf.com\/v3\/wp-content\/uploads\/2009\/10\/2978552663_2a1829f10d_o-120x80.jpg\" class=\"attachment-thumbnail size-thumbnail lazyload\" alt=\"\" data-srcset=\"https:\/\/triumphadonf.com\/v3\/wp-content\/uploads\/2009\/10\/2978552663_2a1829f10d_o-120x80.jpg 120w, https:\/\/triumphadonf.com\/v3\/wp-content\/uploads\/2009\/10\/2978552663_2a1829f10d_o.jpg 1176w\" data-sizes=\"(max-width: 120px) 100vw, 120px\" src=\"data:image\/svg+xml;base64,PHN2ZyB3aWR0aD0iMSIgaGVpZ2h0PSIxIiB4bWxucz0iaHR0cDovL3d3dy53My5vcmcvMjAwMC9zdmciPjwvc3ZnPg==\" style=\"--smush-placeholder-width: 120px; --smush-placeholder-aspect-ratio: 120\/80;\" \/><\/a>\n\t\t\t<\/div><\/figure><figure class='gallery-item'>\n\t\t\t<div class='gallery-icon landscape'>\n\t\t\t\t<a href='https:\/\/triumphadonf.com\/v3\/triumph-trident-750-t150v-et-t160v\/attachment\/3056313100_7f41918617_b\/'><img decoding=\"async\" width=\"120\" height=\"90\" data-src=\"https:\/\/triumphadonf.com\/v3\/wp-content\/uploads\/2009\/10\/3056313100_7f41918617_b-120x90.jpg\" class=\"attachment-thumbnail size-thumbnail lazyload\" alt=\"\" data-srcset=\"https:\/\/triumphadonf.com\/v3\/wp-content\/uploads\/2009\/10\/3056313100_7f41918617_b-120x90.jpg 120w, https:\/\/triumphadonf.com\/v3\/wp-content\/uploads\/2009\/10\/3056313100_7f41918617_b.jpg 1024w\" data-sizes=\"(max-width: 120px) 100vw, 120px\" src=\"data:image\/svg+xml;base64,PHN2ZyB3aWR0aD0iMSIgaGVpZ2h0PSIxIiB4bWxucz0iaHR0cDovL3d3dy53My5vcmcvMjAwMC9zdmciPjwvc3ZnPg==\" style=\"--smush-placeholder-width: 120px; --smush-placeholder-aspect-ratio: 120\/90;\" \/><\/a>\n\t\t\t<\/div><\/figure><figure class='gallery-item'>\n\t\t\t<div class='gallery-icon landscape'>\n\t\t\t\t<a href='https:\/\/triumphadonf.com\/v3\/triumph-trident-750-t150v-et-t160v\/attachment\/trident750_02-2\/'><img decoding=\"async\" width=\"120\" height=\"76\" data-src=\"https:\/\/triumphadonf.com\/v3\/wp-content\/uploads\/2009\/10\/trident750_02-120x76.jpg\" class=\"attachment-thumbnail size-thumbnail lazyload\" alt=\"\" data-srcset=\"https:\/\/triumphadonf.com\/v3\/wp-content\/uploads\/2009\/10\/trident750_02-120x76.jpg 120w, https:\/\/triumphadonf.com\/v3\/wp-content\/uploads\/2009\/10\/trident750_02.jpg 580w\" data-sizes=\"(max-width: 120px) 100vw, 120px\" src=\"data:image\/svg+xml;base64,PHN2ZyB3aWR0aD0iMSIgaGVpZ2h0PSIxIiB4bWxucz0iaHR0cDovL3d3dy53My5vcmcvMjAwMC9zdmciPjwvc3ZnPg==\" style=\"--smush-placeholder-width: 120px; --smush-placeholder-aspect-ratio: 120\/76;\" \/><\/a>\n\t\t\t<\/div><\/figure><figure class='gallery-item'>\n\t\t\t<div class='gallery-icon landscape'>\n\t\t\t\t<a href='https:\/\/triumphadonf.com\/v3\/triumph-trident-750-t150v-et-t160v\/attachment\/trident750_06-2\/'><img decoding=\"async\" width=\"120\" height=\"74\" data-src=\"https:\/\/triumphadonf.com\/v3\/wp-content\/uploads\/2009\/10\/trident750_06-120x74.jpg\" class=\"attachment-thumbnail size-thumbnail lazyload\" alt=\"\" data-srcset=\"https:\/\/triumphadonf.com\/v3\/wp-content\/uploads\/2009\/10\/trident750_06-120x74.jpg 120w, https:\/\/triumphadonf.com\/v3\/wp-content\/uploads\/2009\/10\/trident750_06-745x464.jpg 745w, https:\/\/triumphadonf.com\/v3\/wp-content\/uploads\/2009\/10\/trident750_06.jpg 750w\" data-sizes=\"(max-width: 120px) 100vw, 120px\" src=\"data:image\/svg+xml;base64,PHN2ZyB3aWR0aD0iMSIgaGVpZ2h0PSIxIiB4bWxucz0iaHR0cDovL3d3dy53My5vcmcvMjAwMC9zdmciPjwvc3ZnPg==\" style=\"--smush-placeholder-width: 120px; --smush-placeholder-aspect-ratio: 120\/74;\" \/><\/a>\n\t\t\t<\/div><\/figure><figure class='gallery-item'>\n\t\t\t<div class='gallery-icon landscape'>\n\t\t\t\t<a href='https:\/\/triumphadonf.com\/v3\/triumph-trident-750-t150v-et-t160v\/attachment\/trident750_09\/'><img decoding=\"async\" width=\"120\" height=\"90\" data-src=\"https:\/\/triumphadonf.com\/v3\/wp-content\/uploads\/2009\/10\/trident750_09-120x90.jpg\" class=\"attachment-thumbnail size-thumbnail lazyload\" alt=\"\" data-srcset=\"https:\/\/triumphadonf.com\/v3\/wp-content\/uploads\/2009\/10\/trident750_09-120x90.jpg 120w, https:\/\/triumphadonf.com\/v3\/wp-content\/uploads\/2009\/10\/trident750_09.jpg 640w\" data-sizes=\"(max-width: 120px) 100vw, 120px\" src=\"data:image\/svg+xml;base64,PHN2ZyB3aWR0aD0iMSIgaGVpZ2h0PSIxIiB4bWxucz0iaHR0cDovL3d3dy53My5vcmcvMjAwMC9zdmciPjwvc3ZnPg==\" style=\"--smush-placeholder-width: 120px; --smush-placeholder-aspect-ratio: 120\/90;\" \/><\/a>\n\t\t\t<\/div><\/figure><figure class='gallery-item'>\n\t\t\t<div class='gallery-icon landscape'>\n\t\t\t\t<a href='https:\/\/triumphadonf.com\/v3\/triumph-trident-750-t150v-et-t160v\/attachment\/trident750_10\/'><img decoding=\"async\" width=\"120\" height=\"90\" data-src=\"https:\/\/triumphadonf.com\/v3\/wp-content\/uploads\/2009\/10\/trident750_10-120x90.jpg\" class=\"attachment-thumbnail size-thumbnail lazyload\" alt=\"\" data-srcset=\"https:\/\/triumphadonf.com\/v3\/wp-content\/uploads\/2009\/10\/trident750_10-120x90.jpg 120w, https:\/\/triumphadonf.com\/v3\/wp-content\/uploads\/2009\/10\/trident750_10.jpg 600w\" data-sizes=\"(max-width: 120px) 100vw, 120px\" src=\"data:image\/svg+xml;base64,PHN2ZyB3aWR0aD0iMSIgaGVpZ2h0PSIxIiB4bWxucz0iaHR0cDovL3d3dy53My5vcmcvMjAwMC9zdmciPjwvc3ZnPg==\" style=\"--smush-placeholder-width: 120px; --smush-placeholder-aspect-ratio: 120\/90;\" \/><\/a>\n\t\t\t<\/div><\/figure><figure class='gallery-item'>\n\t\t\t<div class='gallery-icon landscape'>\n\t\t\t\t<a href='https:\/\/triumphadonf.com\/v3\/triumph-trident-750-t150v-et-t160v\/attachment\/trident750_12\/'><img decoding=\"async\" width=\"120\" height=\"75\" data-src=\"https:\/\/triumphadonf.com\/v3\/wp-content\/uploads\/2009\/10\/trident750_12-120x75.jpg\" class=\"attachment-thumbnail size-thumbnail lazyload\" alt=\"\" data-srcset=\"https:\/\/triumphadonf.com\/v3\/wp-content\/uploads\/2009\/10\/trident750_12-120x75.jpg 120w, https:\/\/triumphadonf.com\/v3\/wp-content\/uploads\/2009\/10\/trident750_12.jpg 640w\" data-sizes=\"(max-width: 120px) 100vw, 120px\" src=\"data:image\/svg+xml;base64,PHN2ZyB3aWR0aD0iMSIgaGVpZ2h0PSIxIiB4bWxucz0iaHR0cDovL3d3dy53My5vcmcvMjAwMC9zdmciPjwvc3ZnPg==\" style=\"--smush-placeholder-width: 120px; --smush-placeholder-aspect-ratio: 120\/75;\" \/><\/a>\n\t\t\t<\/div><\/figure>\n\t\t<\/div>\n\n<p style=\"margin-top: 5px; margin-right: 0px; margin-bottom: 15px; margin-left: 0px; text-align: justify; padding: 0px;\"><strong><span style=\"font-weight: normal;\"><strong>Caract\u00e9ristiques Techniques : <\/strong> <\/span><\/strong><\/p>\n<p style=\"margin-top: 5px; margin-right: 0px; margin-bottom: 15px; margin-left: 0px; text-align: justify; padding: 0px;\"><em>&#8211; Moteur : <\/em>3 cylindres, 4 temps, refroidi par air<br \/>\n<em>&#8211; Cylindr\u00e9e : <\/em>750 cm<sup>3<\/sup><br \/>\n<em>&#8211; Al\u00e9sage x Course : <\/em>67 x 70 mm<br \/>\n<em>&#8211; Puissance : <\/em>60 ch. \u00e0 7250 tr\/min<br \/>\n<em>&#8211; Poids : <\/em>225 kg<br \/>\n<em>&#8211; Vitesse : <\/em>190 km\/h<\/p>\n<p style=\"margin-top: 5px; margin-right: 0px; margin-bottom: 15px; margin-left: 0px; text-align: justify; padding: 0px;\"><strong>Autre : <\/strong>D\u00e9marrage kick, transmission secondaire par cha\u00eene, cadre simple berceau d\u00e9doubl\u00e9 en tubes d&rsquo;acier, suspension avant t\u00e9lescopique, suspension arri\u00e8re oscillante \u00e0 2 amortisseurs, frein avant simple disque, frein arri\u00e8re tambour.<\/p>\n<p style=\"margin-top: 5px; margin-right: 0px; margin-bottom: 15px; margin-left: 0px; text-align: justify; padding: 0px;\"><object classid=\"clsid:d27cdb6e-ae6d-11cf-96b8-444553540000\" width=\"560\" height=\"340\" codebase=\"http:\/\/download.macromedia.com\/pub\/shockwave\/cabs\/flash\/swflash.cab#version=6,0,40,0\"><param name=\"allowFullScreen\" value=\"true\" \/><param name=\"allowscriptaccess\" value=\"always\" \/><param name=\"src\" value=\"http:\/\/www.youtube.com\/v\/B3k4bFhcolY&amp;hl=fr&amp;fs=1&amp;color1=0x3a3a3a&amp;color2=0x999999\" \/><param name=\"allowfullscreen\" value=\"true\" \/><\/object><\/p>\n<p style=\"margin-top: 5px; margin-right: 0px; margin-bottom: 15px; margin-left: 0px; text-align: justify; padding: 0px;\"><strong style=\"outline-style: none; outline-width: initial; outline-color: initial; padding: 0px; margin: 0px;\"><em style=\"outline-style: none; outline-width: initial; outline-color: initial; padding: 0px; margin: 0px;\">Si vous souhaitez ajouter des images ou des informations sur cette page, n\u2019h\u00e9sitez pas \u00e0 m\u2019envoyer un email (<\/em><\/strong><a style=\"outline-style: none; outline-width: initial; outline-color: initial; color: #3173a3; padding: 0px; margin: 0px;\" href=\"mailto:webmaster@triumphadonf.com\" target=\"_blank\"><strong style=\"outline-style: none; outline-width: initial; outline-color: initial; padding: 0px; margin: 0px;\"><em style=\"outline-style: none; outline-width: initial; outline-color: initial; padding: 0px; margin: 0px;\">webmaster@triumphadonf.com<\/em><\/strong><\/a><strong style=\"outline-style: none; outline-width: initial; outline-color: initial; padding: 0px; margin: 0px;\"><em style=\"outline-style: none; outline-width: initial; outline-color: initial; padding: 0px; margin: 0px;\">) ou \u00e0 laisser un commentaire ci-dessous.<\/em><\/strong><\/p>\n","protected":false},"excerpt":{"rendered":"<p>P\u00e9riode de fabrication : 1968 &#8211; 1975 Historique : Avec cette Trident 750 qui promet une vitesse de pointe de 150 miles\/h, Triumph enrichit sa gamme d&rsquo;un mod\u00e8le phare 3 cylindres. Ce moteur appara\u00eetra parall\u00e8lement dans la BSA Rocket 3. Effectivement, cette Trident aurait pu sortir en 1963, mais le comit\u00e9 directeur de BSA (qui [&hellip;]<\/p>\n","protected":false},"author":2,"featured_media":8251,"parent":0,"menu_order":0,"comment_status":"open","ping_status":"open","template":"","meta":{"_monsterinsights_skip_tracking":false,"_monsterinsights_sitenote_active":false,"_monsterinsights_sitenote_note":"","_monsterinsights_sitenote_category":0,"footnotes":""},"class_list":["post-3023","page","type-page","status-publish","has-post-thumbnail"],"jetpack_sharing_enabled":true,"_links":{"self":[{"href":"https:\/\/triumphadonf.com\/v3\/wp-json\/wp\/v2\/pages\/3023","targetHints":{"allow":["GET"]}}],"collection":[{"href":"https:\/\/triumphadonf.com\/v3\/wp-json\/wp\/v2\/pages"}],"about":[{"href":"https:\/\/triumphadonf.com\/v3\/wp-json\/wp\/v2\/types\/page"}],"author":[{"embeddable":true,"href":"https:\/\/triumphadonf.com\/v3\/wp-json\/wp\/v2\/users\/2"}],"replies":[{"embeddable":true,"href":"https:\/\/triumphadonf.com\/v3\/wp-json\/wp\/v2\/comments?post=3023"}],"version-history":[{"count":0,"href":"https:\/\/triumphadonf.com\/v3\/wp-json\/wp\/v2\/pages\/3023\/revisions"}],"wp:featuredmedia":[{"embeddable":true,"href":"https:\/\/triumphadonf.com\/v3\/wp-json\/wp\/v2\/media\/8251"}],"wp:attachment":[{"href":"https:\/\/triumphadonf.com\/v3\/wp-json\/wp\/v2\/media?parent=3023"}],"curies":[{"name":"wp","href":"https:\/\/api.w.org\/{rel}","templated":true}]}}