{"id":2953,"date":"2009-10-05T17:06:14","date_gmt":"2009-10-05T16:06:14","guid":{"rendered":"http:\/\/www.triumphadonf.com\/v3\/?page_id=2953"},"modified":"2020-05-23T09:48:01","modified_gmt":"2020-05-23T07:48:01","slug":"triumph-tss","status":"publish","type":"page","link":"https:\/\/triumphadonf.com\/v3\/triumph-tss\/","title":{"rendered":"Triumph TSS"},"content":{"rendered":"\n<figure class=\"wp-block-embed-wordpress wp-block-embed is-type-wp-embed is-provider-belles-machines\"><div class=\"wp-block-embed__wrapper\">\n<blockquote class=\"wp-embedded-content\" data-secret=\"mIbU4LpgXe\"><a href=\"https:\/\/bellesmachines.com\/triumph-bonneville-tss\/\">Triumph Bonneville Super Sport\u00a0: La der des ders<\/a><\/blockquote><iframe title=\"\u00ab\u00a0Triumph Bonneville Super Sport\u00a0: La der des ders\u00a0\u00bb &#8212; Belles Machines\" class=\"wp-embedded-content lazyload\" sandbox=\"allow-scripts\" security=\"restricted\" style=\"position: absolute; clip: rect(1px, 1px, 1px, 1px);\" data-src=\"https:\/\/bellesmachines.com\/triumph-bonneville-tss\/embed\/#?secret=mIbU4LpgXe\" data-secret=\"mIbU4LpgXe\" width=\"600\" height=\"338\" frameborder=\"0\" marginwidth=\"0\" marginheight=\"0\" scrolling=\"no\" src=\"data:image\/svg+xml;base64,PHN2ZyB3aWR0aD0iMSIgaGVpZ2h0PSIxIiB4bWxucz0iaHR0cDovL3d3dy53My5vcmcvMjAwMC9zdmciPjwvc3ZnPg==\" data-load-mode=\"1\"><\/iframe>\n<\/div><\/figure>\n\n\n<p style=\"text-align: justify; padding: 0px; margin: 5px 0px 15px 0px;\"><strong>P\u00e9riode de fabrication : <\/strong>1982 &#8211; 1983<\/p>\n<p style=\"text-align: justify; padding: 0px; margin: 5px 0px 15px 0px;\"><strong>Historique : <\/strong>La TSS (T140TSS) repr\u00e8sente la derni\u00e8re tentative de Triumph de r\u00e9sister et riposter aux machines toujours plus puissantes, notamment en provenance du Japon, avec un mod\u00e8le comp\u00e9titif et sportif.<br \/>Avec une pointe \u00e0 195 Km\/h, la TSS est en fait, avec la Trident 750, la plus rapide des routi\u00e8res construites par Triumph jusqu&rsquo;\u00e0 cette date.<\/p>\n<p style=\"text-align: justify; padding: 0px; margin: 5px 0px 15px 0px;\"><strong>Photos :<\/strong><\/p>\n<p style=\"text-align: justify; padding: 0px; margin: 5px 0px 15px 0px;\">[nggallery id=36]<\/p>\n<p style=\"text-align: justify; padding: 0px; margin: 5px 0px 15px 0px;\"><strong><span style=\"font-weight: normal;\"><strong>Caract\u00e9ristiques Techniques : <\/strong> <\/span><\/strong><\/p>\n<p style=\"text-align: justify; padding: 0px; margin: 5px 0px 15px 0px;\"><em>&#8211; Moteur : <\/em>bicylindre, 4 temps refroidi par air<br \/><em>&#8211; Cylindr\u00e9e : <\/em>744 cm<sup>3<\/sup><br \/><em>&#8211; Al\u00e9sage x Course : <\/em>76 x 82 mm<br \/><em>&#8211; Puissance : <\/em>57 ch \u00e0 6500 tr\/min<br \/><em>&#8211; Poids : <\/em>200 Kg \u00e0 sec<br \/><em>&#8211; Vitesse : <\/em>195 Km\/h<\/p>\n<p style=\"text-align: justify; padding: 0px; margin: 5px 0px 15px 0px;\"><strong>Autre : <\/strong>Bo\u00eete 5 rapports, frein avant \u00e0 double disque.<\/p>\n<p style=\"text-align: justify; padding: 0px; margin: 5px 0px 15px 0px;\"><strong>Article paru dans MCN en 1982 :<\/strong><\/p>\n<p><em>\u00ab\u00a0TRIUMPH&rsquo;S technical men would cringe if they heard you call it an eight valve Bonneville.\u00a0And it&rsquo;s a fact that their 750cc TSS is more than the old Bonnie with extra holes in its head.\u00a0Beneath the black paint on the big twin engine lie some designs which boost power by a dramatic 20 per cent and cut vibration.<\/em><\/p>\n<p><em> The result is a Triumph with bags of mid-range grunt yet with a smooth willingness to rev.\u00a0In fact, it was so smooth running, I thought it had an anti-vibration frame!<\/em><\/p>\n<p><em>In line with my policy to thrash it first and ask questions later, I took my first run at the MIRA proving ground without looking for those rubber engine mountings.\u00a0Only familiar tingles at the top of the rev range were a give-away that this was a standard chassis.<\/em><\/p>\n<p><em>Almost uncanny engine smoothness (by Triumph standards) up to around 5,500rpm has been achieved on the TSS from simply beefing up the crankshaft.<\/em><\/p>\n<p><em>The Meriden factory&rsquo;s new development chief Martyn Roberts said the source of much vibration from the parallel twin had been traced to flex in the crankshaft.<\/em><\/p>\n<p><em> To cure this, they have stiffened it by leaving a lot more metal on the shaft.\u00a0This means the big end bearings are of a larger diameter, yet are narrower. They have the same surface area to take the load. Conventional main bearings are used.<\/em><\/p>\n<p><em>As a result of the narrower big ends, the crank webs are wider &#8211; and they are now machined so there is no chance of accidental imbalance in the castings.<\/em><\/p>\n<p><em> Beefier connecting rods push through new aluminium alloy barrels. Moving from steel to alloy has resulted in an eight pound weight saving.<\/em><\/p>\n<p><em>At the heart of the Triumph&rsquo;s performance boost is the Weslake-made cylinder head.<\/em><\/p>\n<p><em>Four valves per cylinder mean better gas flow and a more efficient combustion chamber design can be used.<\/em><\/p>\n<p><em>In the old style head, the size of the two big valves meant the combustion chamber had to be domed (hemispherical) and the spark plug placed on one side.<\/em><\/p>\n<p><em>To bring compression up to an efficient level, the piston had to have a domed top.<\/em><\/p>\n<p><em>Four valves change the whole set-up. This enables valve angles to be more upright, the spark plug centrally placed and the chamber less domed. The pistons are now flat topped, with cut-always for valve clearance and as a result are lighter than before.<\/em><\/p>\n<p><em>Moving the plug has a big effect-the flame path after ignition is shorter and more efficient. Ignition timing has been retarded from 38 degrees to 30 degrees before top dead centre \u2014 and now there is no chance of \u00ab\u00a0pinking\u00a0\u00bb or denonation.<\/em><\/p>\n<p><em>Combustion of that expensive mixture is now so good that a compression ratio of 9.5:1 has been adopted. And it looks likely that, after more testing, Triumph will approve use of two-star instead of four-star petrol.<\/em><\/p>\n<p><em>Each pair of valves are opened by a forked rocker, being nudged by a single push rod, similar to the set-up in Honda&rsquo;s CX500. Rocker shafts now run in the head casting and not in separate bolt-on units.<\/em><\/p>\n<p><em>In looking for suitable cam profiles, Triumph have reverted to designs used for the T1 50 Trident. These are a lot less wild than the \u00ab\u00a0Spitfire\u00a0\u00bb profile used on the Bonneville inlet side, yet hotter than the Bonnie exhaust profile. \u00ab\u00a0There&rsquo;s a lot of scope for tuning yet,\u00a0\u00bb said Martyn Roberts. \u00ab\u00a0Getting speed out of the engine was no problem but getting an honest 58bhp from the eight valve engine-measured at the gearbox &#8211; while the standard Bonnie would deliver around 48. That&rsquo;s a 20 per cent increase.\u00a0\u00bb The torque curve is not a lot different to a Bonnie, but it retains its pulling power for longer.<\/em><\/p>\n<p><em>Feeding the engine&rsquo;s increased appetite for petrol and air-the throat area is increased by about 10 percent on the exhaust and about 20 per cent at the inlet- are a pair of 34mm Amal concentric carbs,compared to the standard 30mm Amals. Despite this tuning for power, Triumph engineers have been careful not to give extra performance at the expense of petrol economy. It was their aim to give riders an extra 10mph over the standard 110mph Bonnie, yet keep 50mpg within reach.<\/em><\/p>\n<p><em>They certainly succeeded in their first aim-forthe TSS tripped the MIRA timing lights at top whack of 124.14mph with a following wind.\u00a0 Acceleration has been improved to match, with the old Bonnie&rsquo;s time of 14.4 seconds through the quarter mile chopped to 12.94, and a terminal speed up from just over 90 to 102mph.<\/em><\/p>\n<p><em>Triumph say they have recorded an amazing 1 26mph using a loose engine! But it&rsquo;s interesting to see the Triumph&rsquo;s 1 24mph compared to the 123mph MCN had from a 750 Norton Commando. Progress!<\/em><\/p>\n<p><em>We have had to base our speed figures on results from Triumph&rsquo;s own testing at the MIRA proving ground. Our test session was rained off! But one of our staff men witnessed a 122mph top speed run &#8211; so 124mph with a following wind seems about right. Not that Triumphs have been sold on promises of performance &#8211; at least, not since the Bonneville&rsquo;s 100mph Isle of Man lap . . . but that was too long ago and before Triumphs were strangled by noise regulations.<\/em><\/p>\n<p><em>The greatthing about the eight valve risth at it offers the kind of performance a good 650 would deliver back in the golden era of the 1960s. Most impressive was the roll-on acceleration in top gear from as low as 40mph. No hesitation as it surged forward, making down-changes unnecessary as it rumbled past mobile chicanes on the road.<\/em><\/p>\n<p><em>Top gear flexibility was almost too good. Who would expect an eight valve machine with such a sporty nature to pull from 30mph in top? Buzzing through the gears to 5,000rpm gave 30, 40, 55, 65 and 75mph. It was a good point to change up, since vibration started to make itself felt from 5,500rpm. It&rsquo;s great mid-range pulling power-where<\/em> <em>the only sign of vibration was a slight shaking through the rubber-mounted &lsquo;bars at 4,000 to 4,200rpm\u00a0 was rather spoilt by the feeling that it was too low geared. That&rsquo;s despite the fact the rearsprocket has 43 teeth compared to the standard Bonnie&rsquo;s 45. I reckon it could pull a much higher gear-an the bonus here would be that the high rpm vibes would be pushed beyond reach.<\/em><\/p>\n<p><em>As it is, a stretch of open road proved all too tempting and the needles swung towards illegal speeds all too often. Going faster than usual Bonnie speeds emphasised the drawbacks of Triumph&rsquo;s traditional feet-forward riding position &#8211; 90mph speeds definitely require a rider to lean into the wind! The TSS is in its element on twisting A roads, when it would pull smoothly out of a corner no matter what gear was used, and rapidly head for the next apex with a pleasing four-stroke rumble.<\/em><\/p>\n<p><em>Even with that extra power, the standard Triumph frame was more than a match for performance. No traces of bad manners as it flicked through the bends \u2014either solo or two-up. Rubber mounted footrests &#8211; introduced with the new style four gallon tank \u2014 stay off the tarmac in all but extreme cases of lean and let the Avon Roadrunners stick to the chosen line. Those tyres seem ideal for the bike &#8211; and even in the wet gave plenty of warning that grip was running out. Add a pair of cast iron discs at the front, clamped by a pair of Lockheed calipers and braking ability &#8211; like the handling &#8211; is more than a match for road speed.<\/em><\/p>\n<p><em>Those discs were powerful without losing sensitivity and are a standard fitting. It was easy to make the front tyre squeel in the dry and in the wet there was no cause for concern because a set of Dunlop wet weather pads are used. Standard Triumph front forks are used, but at the back are a pair of Marzocchi Strada suspension units. These employ gas and oil for damping and give a progressive effect -getting firmer as they compress. This meant the suspension wouldn&rsquo;t bottom out even two-up with the spring pre-load set soft. A 60 watt halogen main beam gave an excellent spread of light at night &#8211; at the expense of penetration. But it&rsquo;s quite up to matching night-time performance.<\/em><\/p>\n<p><em>All this adds up to a bike which cries out to be ridden energetically. Yet, even when it&rsquo;s on song through the back roads, it&rsquo;s safe because the suspension and brakes can handle what you give it. Despite some enthusiastic riding, I could rely on 47mpg. Topping 50 should have been no problem, but squirting it around was simply too tempting. While Triumph engineers were giving the 750 a complete updating, they didn&rsquo;t miss out the details. Like dog-leg clutch and brake levers to make them easier to use, a lightened clutch operation, and an uprated Lucas electronic ignition. There&rsquo;s even a new seal on the petrol filler cap.<\/em><\/p>\n<p><em>The eight valve head doesn&rsquo;t mean home-maintenance is a thing of the past-there are just twice as many tappets to adjust. Ignition is pre-set. Details like angled grease nipples on the swinging arm bearings make life easier. It&rsquo;s still a bike for the British iron enthusiast who likes to do his own maintenance. There are few criticisms but it was a bit reluctant to warm up on choke without stalling (the choke lever is now on the handlebars), the mirrors should have been wider set, and the rear grab rail was rather too low.<\/em><\/p>\n<p><em>The bottom line reads\u00a32,399-or\u00a3363 on top of an electric start twin-disc Bonnie. That cash buys a bike which feels like a thoroughbred. It&rsquo;s been updated, not by fancy gimmicks, but with some well proven, solid engineering. It could be argued that it&rsquo;s the best bike to roll out of Meriden. It could certainly by a British classic. TS.\u00a0\u00bb<\/em><\/p>\n<p><strong><em>Si vous souhaitez ajouter des images ou des informations sur cette page, n\u2019h\u00e9sitez pas \u00e0 m\u2019envoyer un email (<\/em><\/strong><a style=\"outline-style: none; outline-width: initial; outline-color: initial; color: #3173a3; padding: 0px; margin: 0px;\" href=\"mailto:webmaster@triumphadonf.com\" target=\"_blank\" rel=\"noopener noreferrer\"><strong><em>webmaster@triumphadonf.com<\/em><\/strong><\/a><strong><em>) ou \u00e0 laisser un commentaire ci-dessous.<\/em><\/strong><\/p>","protected":false},"excerpt":{"rendered":"<p>P\u00e9riode de fabrication : 1982 &#8211; 1983 Historique : La TSS (T140TSS) repr\u00e8sente la derni\u00e8re tentative de Triumph de r\u00e9sister et riposter aux machines toujours plus puissantes, notamment en provenance du Japon, avec un mod\u00e8le comp\u00e9titif et sportif.Avec une pointe \u00e0 195 Km\/h, la TSS est en fait, avec la Trident 750, la plus rapide [&hellip;]<\/p>\n","protected":false},"author":2,"featured_media":0,"parent":0,"menu_order":0,"comment_status":"open","ping_status":"open","template":"","meta":{"_monsterinsights_skip_tracking":false,"_monsterinsights_sitenote_active":false,"_monsterinsights_sitenote_note":"","_monsterinsights_sitenote_category":0,"footnotes":""},"class_list":["post-2953","page","type-page","status-publish"],"jetpack_sharing_enabled":true,"_links":{"self":[{"href":"https:\/\/triumphadonf.com\/v3\/wp-json\/wp\/v2\/pages\/2953","targetHints":{"allow":["GET"]}}],"collection":[{"href":"https:\/\/triumphadonf.com\/v3\/wp-json\/wp\/v2\/pages"}],"about":[{"href":"https:\/\/triumphadonf.com\/v3\/wp-json\/wp\/v2\/types\/page"}],"author":[{"embeddable":true,"href":"https:\/\/triumphadonf.com\/v3\/wp-json\/wp\/v2\/users\/2"}],"replies":[{"embeddable":true,"href":"https:\/\/triumphadonf.com\/v3\/wp-json\/wp\/v2\/comments?post=2953"}],"version-history":[{"count":1,"href":"https:\/\/triumphadonf.com\/v3\/wp-json\/wp\/v2\/pages\/2953\/revisions"}],"predecessor-version":[{"id":20635,"href":"https:\/\/triumphadonf.com\/v3\/wp-json\/wp\/v2\/pages\/2953\/revisions\/20635"}],"wp:attachment":[{"href":"https:\/\/triumphadonf.com\/v3\/wp-json\/wp\/v2\/media?parent=2953"}],"curies":[{"name":"wp","href":"https:\/\/api.w.org\/{rel}","templated":true}]}}