{"id":2946,"date":"2009-10-05T12:04:39","date_gmt":"2009-10-05T11:04:39","guid":{"rendered":"http:\/\/www.triumphadonf.com\/v3\/?page_id=2946"},"modified":"2012-06-13T22:04:17","modified_gmt":"2012-06-13T21:04:17","slug":"triumph-blazer-ss-250-t25ss","status":"publish","type":"page","link":"https:\/\/triumphadonf.com\/v3\/triumph-blazer-ss-250-t25ss\/","title":{"rendered":"Triumph Blazer SS 250 (T25SS)"},"content":{"rendered":"<p style=\"margin-top: 5px; margin-right: 0px; margin-bottom: 15px; margin-left: 0px; text-align: justify; padding: 0px;\"><img decoding=\"async\" class=\"aligncenter size-medium wp-image-11503 lazyload\" title=\"triumph-blaser-250-t25ss-08\" data-src=\"http:\/\/www.triumphadonf.com\/v3\/wp-content\/uploads\/2009\/10\/triumph-blaser-250-t25ss-08-645x627.jpg\" alt=\"\" width=\"645\" height=\"627\" src=\"data:image\/svg+xml;base64,PHN2ZyB3aWR0aD0iMSIgaGVpZ2h0PSIxIiB4bWxucz0iaHR0cDovL3d3dy53My5vcmcvMjAwMC9zdmciPjwvc3ZnPg==\" style=\"--smush-placeholder-width: 645px; --smush-placeholder-aspect-ratio: 645\/627;\" \/><\/p>\n<p style=\"margin-top: 5px; margin-right: 0px; margin-bottom: 15px; margin-left: 0px; text-align: justify; padding: 0px;\"><strong>P\u00e9riode de fabrication : <\/strong>1971 &#8211; 1972<\/p>\n<p style=\"margin-top: 5px; margin-right: 0px; margin-bottom: 15px; margin-left: 0px; text-align: justify; padding: 0px;\"><strong>Historique : <\/strong>Con\u00e7ue dans le plus pur style des scramblers de l&rsquo;\u00e9poque, cette moto fut aussi bien utilis\u00e9e pour la route que pour le tout-terrain, o\u00f9 elle rencontra un certain succ\u00e8s.<\/p>\n<p style=\"margin-top: 5px; margin-right: 0px; margin-bottom: 15px; margin-left: 0px; text-align: justify; padding: 0px;\">La T25SS correspond \u00e0 la version route, et la T25T \u00e0 la version tout-terrain.<\/p>\n<p style=\"margin-top: 5px; margin-right: 0px; margin-bottom: 15px; margin-left: 0px; text-align: justify; padding: 0px;\"><strong>Photos :<\/strong><\/p>\n<p style=\"margin-top: 5px; margin-right: 0px; margin-bottom: 15px; margin-left: 0px; text-align: justify; padding: 0px;\"><strong><div id='gallery-1' class='gallery galleryid-2946 gallery-columns-4 gallery-size-thumbnail'><figure class='gallery-item'>\n\t\t\t<div class='gallery-icon landscape'>\n\t\t\t\t<a href='https:\/\/triumphadonf.com\/v3\/triumph-blazer-ss-250-t25ss\/attachment\/triumph-blaser-250-t25ss-01\/'><img decoding=\"async\" width=\"120\" height=\"66\" data-src=\"https:\/\/triumphadonf.com\/v3\/wp-content\/uploads\/2009\/10\/triumph-blaser-250-t25ss-01-120x66.jpg\" class=\"attachment-thumbnail size-thumbnail lazyload\" alt=\"\" data-srcset=\"https:\/\/triumphadonf.com\/v3\/wp-content\/uploads\/2009\/10\/triumph-blaser-250-t25ss-01-120x66.jpg 120w, https:\/\/triumphadonf.com\/v3\/wp-content\/uploads\/2009\/10\/triumph-blaser-250-t25ss-01.jpg 1024w\" data-sizes=\"(max-width: 120px) 100vw, 120px\" src=\"data:image\/svg+xml;base64,PHN2ZyB3aWR0aD0iMSIgaGVpZ2h0PSIxIiB4bWxucz0iaHR0cDovL3d3dy53My5vcmcvMjAwMC9zdmciPjwvc3ZnPg==\" style=\"--smush-placeholder-width: 120px; --smush-placeholder-aspect-ratio: 120\/66;\" \/><\/a>\n\t\t\t<\/div><\/figure><figure class='gallery-item'>\n\t\t\t<div class='gallery-icon landscape'>\n\t\t\t\t<a href='https:\/\/triumphadonf.com\/v3\/triumph-blazer-ss-250-t25ss\/attachment\/triumph-blaser-250-t25ss-02\/'><img decoding=\"async\" width=\"120\" height=\"68\" data-src=\"https:\/\/triumphadonf.com\/v3\/wp-content\/uploads\/2009\/10\/triumph-blaser-250-t25ss-02-120x68.jpg\" class=\"attachment-thumbnail size-thumbnail lazyload\" alt=\"\" data-srcset=\"https:\/\/triumphadonf.com\/v3\/wp-content\/uploads\/2009\/10\/triumph-blaser-250-t25ss-02-120x68.jpg 120w, https:\/\/triumphadonf.com\/v3\/wp-content\/uploads\/2009\/10\/triumph-blaser-250-t25ss-02.jpg 1024w\" data-sizes=\"(max-width: 120px) 100vw, 120px\" src=\"data:image\/svg+xml;base64,PHN2ZyB3aWR0aD0iMSIgaGVpZ2h0PSIxIiB4bWxucz0iaHR0cDovL3d3dy53My5vcmcvMjAwMC9zdmciPjwvc3ZnPg==\" style=\"--smush-placeholder-width: 120px; --smush-placeholder-aspect-ratio: 120\/68;\" \/><\/a>\n\t\t\t<\/div><\/figure><figure class='gallery-item'>\n\t\t\t<div class='gallery-icon landscape'>\n\t\t\t\t<a href='https:\/\/triumphadonf.com\/v3\/triumph-blazer-ss-250-t25ss\/attachment\/triumph-blaser-250-t25ss-03\/'><img decoding=\"async\" width=\"120\" height=\"102\" data-src=\"https:\/\/triumphadonf.com\/v3\/wp-content\/uploads\/2009\/10\/triumph-blaser-250-t25ss-03-120x102.jpg\" class=\"attachment-thumbnail size-thumbnail lazyload\" alt=\"\" data-srcset=\"https:\/\/triumphadonf.com\/v3\/wp-content\/uploads\/2009\/10\/triumph-blaser-250-t25ss-03-120x102.jpg 120w, https:\/\/triumphadonf.com\/v3\/wp-content\/uploads\/2009\/10\/triumph-blaser-250-t25ss-03.jpg 550w\" data-sizes=\"(max-width: 120px) 100vw, 120px\" src=\"data:image\/svg+xml;base64,PHN2ZyB3aWR0aD0iMSIgaGVpZ2h0PSIxIiB4bWxucz0iaHR0cDovL3d3dy53My5vcmcvMjAwMC9zdmciPjwvc3ZnPg==\" style=\"--smush-placeholder-width: 120px; --smush-placeholder-aspect-ratio: 120\/102;\" \/><\/a>\n\t\t\t<\/div><\/figure><figure class='gallery-item'>\n\t\t\t<div class='gallery-icon landscape'>\n\t\t\t\t<a href='https:\/\/triumphadonf.com\/v3\/triumph-blazer-ss-250-t25ss\/attachment\/triumph-blaser-250-t25ss-04\/'><img decoding=\"async\" width=\"120\" height=\"90\" data-src=\"https:\/\/triumphadonf.com\/v3\/wp-content\/uploads\/2009\/10\/triumph-blaser-250-t25ss-04-120x90.jpg\" class=\"attachment-thumbnail size-thumbnail lazyload\" alt=\"\" data-srcset=\"https:\/\/triumphadonf.com\/v3\/wp-content\/uploads\/2009\/10\/triumph-blaser-250-t25ss-04-120x90.jpg 120w, https:\/\/triumphadonf.com\/v3\/wp-content\/uploads\/2009\/10\/triumph-blaser-250-t25ss-04.jpg 640w\" data-sizes=\"(max-width: 120px) 100vw, 120px\" src=\"data:image\/svg+xml;base64,PHN2ZyB3aWR0aD0iMSIgaGVpZ2h0PSIxIiB4bWxucz0iaHR0cDovL3d3dy53My5vcmcvMjAwMC9zdmciPjwvc3ZnPg==\" style=\"--smush-placeholder-width: 120px; --smush-placeholder-aspect-ratio: 120\/90;\" \/><\/a>\n\t\t\t<\/div><\/figure><figure class='gallery-item'>\n\t\t\t<div class='gallery-icon landscape'>\n\t\t\t\t<a href='https:\/\/triumphadonf.com\/v3\/triumph-blazer-ss-250-t25ss\/attachment\/triumph-blaser-250-t25ss-05\/'><img decoding=\"async\" width=\"120\" height=\"67\" data-src=\"https:\/\/triumphadonf.com\/v3\/wp-content\/uploads\/2009\/10\/triumph-blaser-250-t25ss-05-120x67.jpg\" class=\"attachment-thumbnail size-thumbnail lazyload\" alt=\"\" data-srcset=\"https:\/\/triumphadonf.com\/v3\/wp-content\/uploads\/2009\/10\/triumph-blaser-250-t25ss-05-120x67.jpg 120w, https:\/\/triumphadonf.com\/v3\/wp-content\/uploads\/2009\/10\/triumph-blaser-250-t25ss-05.jpg 900w\" data-sizes=\"(max-width: 120px) 100vw, 120px\" src=\"data:image\/svg+xml;base64,PHN2ZyB3aWR0aD0iMSIgaGVpZ2h0PSIxIiB4bWxucz0iaHR0cDovL3d3dy53My5vcmcvMjAwMC9zdmciPjwvc3ZnPg==\" style=\"--smush-placeholder-width: 120px; --smush-placeholder-aspect-ratio: 120\/67;\" \/><\/a>\n\t\t\t<\/div><\/figure><figure class='gallery-item'>\n\t\t\t<div class='gallery-icon portrait'>\n\t\t\t\t<a href='https:\/\/triumphadonf.com\/v3\/triumph-blazer-ss-250-t25ss\/attachment\/triumph-blaser-250-t25ss-06\/'><img decoding=\"async\" width=\"111\" height=\"120\" data-src=\"https:\/\/triumphadonf.com\/v3\/wp-content\/uploads\/2009\/10\/triumph-blaser-250-t25ss-06-111x120.jpg\" class=\"attachment-thumbnail size-thumbnail lazyload\" alt=\"\" data-srcset=\"https:\/\/triumphadonf.com\/v3\/wp-content\/uploads\/2009\/10\/triumph-blaser-250-t25ss-06-111x120.jpg 111w, https:\/\/triumphadonf.com\/v3\/wp-content\/uploads\/2009\/10\/triumph-blaser-250-t25ss-06.jpg 593w\" data-sizes=\"(max-width: 111px) 100vw, 111px\" src=\"data:image\/svg+xml;base64,PHN2ZyB3aWR0aD0iMSIgaGVpZ2h0PSIxIiB4bWxucz0iaHR0cDovL3d3dy53My5vcmcvMjAwMC9zdmciPjwvc3ZnPg==\" style=\"--smush-placeholder-width: 111px; --smush-placeholder-aspect-ratio: 111\/120;\" \/><\/a>\n\t\t\t<\/div><\/figure><figure class='gallery-item'>\n\t\t\t<div class='gallery-icon landscape'>\n\t\t\t\t<a href='https:\/\/triumphadonf.com\/v3\/triumph-blazer-ss-250-t25ss\/attachment\/triumph-blaser-250-t25ss-07\/'><img decoding=\"async\" width=\"120\" height=\"87\" data-src=\"https:\/\/triumphadonf.com\/v3\/wp-content\/uploads\/2009\/10\/triumph-blaser-250-t25ss-07-120x87.jpg\" class=\"attachment-thumbnail size-thumbnail lazyload\" alt=\"\" data-srcset=\"https:\/\/triumphadonf.com\/v3\/wp-content\/uploads\/2009\/10\/triumph-blaser-250-t25ss-07-120x87.jpg 120w, https:\/\/triumphadonf.com\/v3\/wp-content\/uploads\/2009\/10\/triumph-blaser-250-t25ss-07-326x235.jpg 326w, https:\/\/triumphadonf.com\/v3\/wp-content\/uploads\/2009\/10\/triumph-blaser-250-t25ss-07.jpg 639w\" data-sizes=\"(max-width: 120px) 100vw, 120px\" src=\"data:image\/svg+xml;base64,PHN2ZyB3aWR0aD0iMSIgaGVpZ2h0PSIxIiB4bWxucz0iaHR0cDovL3d3dy53My5vcmcvMjAwMC9zdmciPjwvc3ZnPg==\" style=\"--smush-placeholder-width: 120px; --smush-placeholder-aspect-ratio: 120\/87;\" \/><\/a>\n\t\t\t<\/div><\/figure><figure class='gallery-item'>\n\t\t\t<div class='gallery-icon landscape'>\n\t\t\t\t<a href='https:\/\/triumphadonf.com\/v3\/triumph-blazer-ss-250-t25ss\/attachment\/triumph-blaser-250-t25ss-08\/'><img decoding=\"async\" width=\"120\" height=\"116\" data-src=\"https:\/\/triumphadonf.com\/v3\/wp-content\/uploads\/2009\/10\/triumph-blaser-250-t25ss-08-120x116.jpg\" class=\"attachment-thumbnail size-thumbnail lazyload\" alt=\"\" data-srcset=\"https:\/\/triumphadonf.com\/v3\/wp-content\/uploads\/2009\/10\/triumph-blaser-250-t25ss-08-120x116.jpg 120w, https:\/\/triumphadonf.com\/v3\/wp-content\/uploads\/2009\/10\/triumph-blaser-250-t25ss-08.jpg 1024w\" data-sizes=\"(max-width: 120px) 100vw, 120px\" src=\"data:image\/svg+xml;base64,PHN2ZyB3aWR0aD0iMSIgaGVpZ2h0PSIxIiB4bWxucz0iaHR0cDovL3d3dy53My5vcmcvMjAwMC9zdmciPjwvc3ZnPg==\" style=\"--smush-placeholder-width: 120px; --smush-placeholder-aspect-ratio: 120\/116;\" \/><\/a>\n\t\t\t<\/div><\/figure>\n\t\t<\/div>\n<\/p>\n<p><\/strong><\/p>\n<p style=\"margin-top: 5px; margin-right: 0px; margin-bottom: 15px; margin-left: 0px; text-align: justify; padding: 0px;\"><strong>Caract\u00e9ristiques Techniques : <\/strong><br \/>\n<em>&#8211; Moteur : <\/em>monocylindre, 4 temps refroidi par air<br \/>\n<em>&#8211; Cylindr\u00e9e : <\/em>247 cm<sup>3<\/sup><br \/>\n<em>&#8211; Al\u00e9sage x Course : <\/em>67 x 70 mm<br \/>\n<em>&#8211; Puissance : <\/em>23 ch \u00e0 8250 tr\/min<br \/>\n<em>&#8211; Poids : <\/em>132 Kg<br \/>\n<em>&#8211; Vitesse : <\/em>environ 140 Km\/h<\/p>\n<p style=\"margin-top: 5px; margin-right: 0px; margin-bottom: 15px; margin-left: 0px; text-align: justify; padding: 0px;\"><strong>Autre : <\/strong>bo\u00eete 4 rapports<\/p>\n<p><object width=\"425\" height=\"344\" classid=\"clsid:d27cdb6e-ae6d-11cf-96b8-444553540000\" codebase=\"http:\/\/download.macromedia.com\/pub\/shockwave\/cabs\/flash\/swflash.cab#version=6,0,40,0\"><param name=\"allowFullScreen\" value=\"true\" \/><param name=\"allowscriptaccess\" value=\"always\" \/><param name=\"src\" value=\"http:\/\/www.youtube.com\/v\/BIoELFpOAQg&amp;hl=fr&amp;fs=1&amp;color1=0x3a3a3a&amp;color2=0x999999\" \/><param name=\"allowfullscreen\" value=\"true\" \/><\/object><\/p>\n<p>et l\u00e0 <a href=\"http:\/\/www.youtube.com\/watch?v=4xDFPtv7IMM\" target=\"_blank\">http:\/\/www.youtube.com\/watch?v=4xDFPtv7IMM<\/a><\/p>\n<p style=\"margin-top: 5px; margin-right: 0px; margin-bottom: 15px; margin-left: 0px; text-align: justify; padding: 0px;\"><strong><em>Si vous souhaitez ajouter des images ou des informations sur cette page, n\u2019h\u00e9sitez pas \u00e0 m&rsquo;envoyer un email (<\/em><\/strong><a style=\"outline-style: none; outline-width: initial; outline-color: initial; color: #3173a3; padding: 0px; margin: 0px;\" href=\"mailto:webmaster@triumphadonf.com\" target=\"_blank\"><strong><em>webmaster@triumphadonf.com<\/em><\/strong><\/a><strong><em>) ou \u00e0 laisser un commentaire ci-dessous.<\/em><\/strong><\/p>\n","protected":false},"excerpt":{"rendered":"<p>P\u00e9riode de fabrication : 1971 &#8211; 1972 Historique : Con\u00e7ue dans le plus pur style des scramblers de l&rsquo;\u00e9poque, cette moto fut aussi bien utilis\u00e9e pour la route que pour le tout-terrain, o\u00f9 elle rencontra un certain succ\u00e8s. La T25SS correspond \u00e0 la version route, et la T25T \u00e0 la version tout-terrain. Photos : Caract\u00e9ristiques [&hellip;]<\/p>\n","protected":false},"author":2,"featured_media":11503,"parent":0,"menu_order":0,"comment_status":"open","ping_status":"open","template":"","meta":{"_monsterinsights_skip_tracking":false,"_monsterinsights_sitenote_active":false,"_monsterinsights_sitenote_note":"","_monsterinsights_sitenote_category":0,"footnotes":""},"class_list":["post-2946","page","type-page","status-publish","has-post-thumbnail"],"jetpack_sharing_enabled":true,"_links":{"self":[{"href":"https:\/\/triumphadonf.com\/v3\/wp-json\/wp\/v2\/pages\/2946","targetHints":{"allow":["GET"]}}],"collection":[{"href":"https:\/\/triumphadonf.com\/v3\/wp-json\/wp\/v2\/pages"}],"about":[{"href":"https:\/\/triumphadonf.com\/v3\/wp-json\/wp\/v2\/types\/page"}],"author":[{"embeddable":true,"href":"https:\/\/triumphadonf.com\/v3\/wp-json\/wp\/v2\/users\/2"}],"replies":[{"embeddable":true,"href":"https:\/\/triumphadonf.com\/v3\/wp-json\/wp\/v2\/comments?post=2946"}],"version-history":[{"count":0,"href":"https:\/\/triumphadonf.com\/v3\/wp-json\/wp\/v2\/pages\/2946\/revisions"}],"wp:featuredmedia":[{"embeddable":true,"href":"https:\/\/triumphadonf.com\/v3\/wp-json\/wp\/v2\/media\/11503"}],"wp:attachment":[{"href":"https:\/\/triumphadonf.com\/v3\/wp-json\/wp\/v2\/media?parent=2946"}],"curies":[{"name":"wp","href":"https:\/\/api.w.org\/{rel}","templated":true}]}}