{"id":2856,"date":"2009-10-04T07:35:14","date_gmt":"2009-10-04T06:35:14","guid":{"rendered":"http:\/\/www.triumphadonf.com\/v3\/?page_id=2856"},"modified":"2012-06-14T16:34:34","modified_gmt":"2012-06-14T15:34:34","slug":"triumph-terrier-150","status":"publish","type":"page","link":"https:\/\/triumphadonf.com\/v3\/triumph-terrier-150\/","title":{"rendered":"Triumph Terrier 150 (T15)"},"content":{"rendered":"<p style=\"margin-top: 5px; margin-right: 0px; margin-bottom: 15px; margin-left: 0px; text-align: justify; padding: 0px;\"><a href=\"http:\/\/www.triumphadonf.com\/v3\/index.php\/triumph-terrier-150\/attachment\/triumph_terrier_150_01\/\" rel=\"attachment wp-att-11552\"><img decoding=\"async\" class=\"aligncenter size-medium wp-image-11552 lazyload\" title=\"Triumph_Terrier_150_01\" data-src=\"http:\/\/www.triumphadonf.com\/v3\/wp-content\/uploads\/2009\/10\/Triumph_Terrier_150_01-645x504.jpg\" alt=\"\" width=\"645\" height=\"504\" src=\"data:image\/svg+xml;base64,PHN2ZyB3aWR0aD0iMSIgaGVpZ2h0PSIxIiB4bWxucz0iaHR0cDovL3d3dy53My5vcmcvMjAwMC9zdmciPjwvc3ZnPg==\" style=\"--smush-placeholder-width: 645px; --smush-placeholder-aspect-ratio: 645\/504;\" \/><\/a><\/p>\n<p style=\"margin-top: 5px; margin-right: 0px; margin-bottom: 15px; margin-left: 0px; text-align: justify; padding: 0px;\"><strong>P\u00e9riode de fabrication : <\/strong>1953 &#8211; 1956<\/p>\n<p style=\"margin-top: 5px; margin-right: 0px; margin-bottom: 15px; margin-left: 0px; text-align: justify; padding: 0px;\"><strong>Historique : <\/strong>Avec la Terrier 150 (mod\u00e8le T15), Triumph sort en 1953 sort une moto pour une client\u00e8le jeune aux moyens financiers modestes.<\/p>\n<p style=\"margin-top: 5px; margin-right: 0px; margin-bottom: 15px; margin-left: 0px; text-align: justify; padding: 0px;\">Dans cette cat\u00e9gorie, la comp\u00e9tition entre constructeurs est particuli\u00e8rement vive, et par rapport aux mod\u00e8les de la concurrence (BSA Bantam, monocylindre 2 temps), le prix de la Terrier est plus \u00e9lev\u00e9, mais c&rsquo;est la seule \u00e0 proposer un moteurs 4 temps, ce qui fera la diff\u00e9rence en sa faveur.<\/p>\n<p style=\"margin-top: 5px; margin-right: 0px; margin-bottom: 15px; margin-left: 0px; text-align: justify; padding: 0px;\"><strong>Photos :<\/strong><\/p>\n<div id='gallery-1' class='gallery galleryid-2856 gallery-columns-4 gallery-size-thumbnail'><figure class='gallery-item'>\n\t\t\t<div class='gallery-icon landscape'>\n\t\t\t\t<a href='https:\/\/triumphadonf.com\/v3\/triumph-terrier-150\/attachment\/1955_triumph_terrier_150_01\/'><img decoding=\"async\" width=\"120\" height=\"90\" data-src=\"https:\/\/triumphadonf.com\/v3\/wp-content\/uploads\/2009\/10\/1955_Triumph_Terrier_150_01-120x90.jpg\" class=\"attachment-thumbnail size-thumbnail lazyload\" alt=\"\" data-srcset=\"https:\/\/triumphadonf.com\/v3\/wp-content\/uploads\/2009\/10\/1955_Triumph_Terrier_150_01-120x90.jpg 120w, https:\/\/triumphadonf.com\/v3\/wp-content\/uploads\/2009\/10\/1955_Triumph_Terrier_150_01.jpg 500w\" data-sizes=\"(max-width: 120px) 100vw, 120px\" src=\"data:image\/svg+xml;base64,PHN2ZyB3aWR0aD0iMSIgaGVpZ2h0PSIxIiB4bWxucz0iaHR0cDovL3d3dy53My5vcmcvMjAwMC9zdmciPjwvc3ZnPg==\" style=\"--smush-placeholder-width: 120px; --smush-placeholder-aspect-ratio: 120\/90;\" \/><\/a>\n\t\t\t<\/div><\/figure><figure class='gallery-item'>\n\t\t\t<div class='gallery-icon landscape'>\n\t\t\t\t<a href='https:\/\/triumphadonf.com\/v3\/triumph-terrier-150\/attachment\/1955_triumph_terrier_150_02\/'><img decoding=\"async\" width=\"120\" height=\"90\" data-src=\"https:\/\/triumphadonf.com\/v3\/wp-content\/uploads\/2009\/10\/1955_Triumph_Terrier_150_02-120x90.jpg\" class=\"attachment-thumbnail size-thumbnail lazyload\" alt=\"\" data-srcset=\"https:\/\/triumphadonf.com\/v3\/wp-content\/uploads\/2009\/10\/1955_Triumph_Terrier_150_02-120x90.jpg 120w, https:\/\/triumphadonf.com\/v3\/wp-content\/uploads\/2009\/10\/1955_Triumph_Terrier_150_02.jpg 500w\" data-sizes=\"(max-width: 120px) 100vw, 120px\" src=\"data:image\/svg+xml;base64,PHN2ZyB3aWR0aD0iMSIgaGVpZ2h0PSIxIiB4bWxucz0iaHR0cDovL3d3dy53My5vcmcvMjAwMC9zdmciPjwvc3ZnPg==\" style=\"--smush-placeholder-width: 120px; --smush-placeholder-aspect-ratio: 120\/90;\" \/><\/a>\n\t\t\t<\/div><\/figure><figure class='gallery-item'>\n\t\t\t<div class='gallery-icon landscape'>\n\t\t\t\t<a href='https:\/\/triumphadonf.com\/v3\/triumph-terrier-150\/attachment\/1955_triumph_terrier_150_03\/'><img decoding=\"async\" width=\"120\" height=\"90\" data-src=\"https:\/\/triumphadonf.com\/v3\/wp-content\/uploads\/2009\/10\/1955_Triumph_Terrier_150_03-120x90.jpg\" class=\"attachment-thumbnail size-thumbnail lazyload\" alt=\"\" data-srcset=\"https:\/\/triumphadonf.com\/v3\/wp-content\/uploads\/2009\/10\/1955_Triumph_Terrier_150_03-120x90.jpg 120w, https:\/\/triumphadonf.com\/v3\/wp-content\/uploads\/2009\/10\/1955_Triumph_Terrier_150_03.jpg 500w\" data-sizes=\"(max-width: 120px) 100vw, 120px\" src=\"data:image\/svg+xml;base64,PHN2ZyB3aWR0aD0iMSIgaGVpZ2h0PSIxIiB4bWxucz0iaHR0cDovL3d3dy53My5vcmcvMjAwMC9zdmciPjwvc3ZnPg==\" style=\"--smush-placeholder-width: 120px; --smush-placeholder-aspect-ratio: 120\/90;\" \/><\/a>\n\t\t\t<\/div><\/figure><figure class='gallery-item'>\n\t\t\t<div class='gallery-icon landscape'>\n\t\t\t\t<a href='https:\/\/triumphadonf.com\/v3\/triumph-terrier-150\/attachment\/1955_triumph_terrier_150_04\/'><img decoding=\"async\" width=\"120\" height=\"90\" data-src=\"https:\/\/triumphadonf.com\/v3\/wp-content\/uploads\/2009\/10\/1955_Triumph_Terrier_150_04-120x90.jpg\" class=\"attachment-thumbnail size-thumbnail lazyload\" alt=\"\" data-srcset=\"https:\/\/triumphadonf.com\/v3\/wp-content\/uploads\/2009\/10\/1955_Triumph_Terrier_150_04-120x90.jpg 120w, https:\/\/triumphadonf.com\/v3\/wp-content\/uploads\/2009\/10\/1955_Triumph_Terrier_150_04.jpg 500w\" data-sizes=\"(max-width: 120px) 100vw, 120px\" src=\"data:image\/svg+xml;base64,PHN2ZyB3aWR0aD0iMSIgaGVpZ2h0PSIxIiB4bWxucz0iaHR0cDovL3d3dy53My5vcmcvMjAwMC9zdmciPjwvc3ZnPg==\" style=\"--smush-placeholder-width: 120px; --smush-placeholder-aspect-ratio: 120\/90;\" \/><\/a>\n\t\t\t<\/div><\/figure><figure class='gallery-item'>\n\t\t\t<div class='gallery-icon landscape'>\n\t\t\t\t<a href='https:\/\/triumphadonf.com\/v3\/triumph-terrier-150\/attachment\/1955_triumph_terrier_150_05\/'><img decoding=\"async\" width=\"120\" height=\"90\" data-src=\"https:\/\/triumphadonf.com\/v3\/wp-content\/uploads\/2009\/10\/1955_Triumph_Terrier_150_05-120x90.jpg\" class=\"attachment-thumbnail size-thumbnail lazyload\" alt=\"\" data-srcset=\"https:\/\/triumphadonf.com\/v3\/wp-content\/uploads\/2009\/10\/1955_Triumph_Terrier_150_05-120x90.jpg 120w, https:\/\/triumphadonf.com\/v3\/wp-content\/uploads\/2009\/10\/1955_Triumph_Terrier_150_05.jpg 500w\" data-sizes=\"(max-width: 120px) 100vw, 120px\" src=\"data:image\/svg+xml;base64,PHN2ZyB3aWR0aD0iMSIgaGVpZ2h0PSIxIiB4bWxucz0iaHR0cDovL3d3dy53My5vcmcvMjAwMC9zdmciPjwvc3ZnPg==\" style=\"--smush-placeholder-width: 120px; --smush-placeholder-aspect-ratio: 120\/90;\" \/><\/a>\n\t\t\t<\/div><\/figure><figure class='gallery-item'>\n\t\t\t<div class='gallery-icon landscape'>\n\t\t\t\t<a href='https:\/\/triumphadonf.com\/v3\/triumph-terrier-150\/attachment\/triumph_terrier_150_01\/'><img decoding=\"async\" width=\"120\" height=\"93\" data-src=\"https:\/\/triumphadonf.com\/v3\/wp-content\/uploads\/2009\/10\/Triumph_Terrier_150_01-120x93.jpg\" class=\"attachment-thumbnail size-thumbnail lazyload\" alt=\"\" data-srcset=\"https:\/\/triumphadonf.com\/v3\/wp-content\/uploads\/2009\/10\/Triumph_Terrier_150_01-120x93.jpg 120w, https:\/\/triumphadonf.com\/v3\/wp-content\/uploads\/2009\/10\/Triumph_Terrier_150_01.jpg 914w\" data-sizes=\"(max-width: 120px) 100vw, 120px\" src=\"data:image\/svg+xml;base64,PHN2ZyB3aWR0aD0iMSIgaGVpZ2h0PSIxIiB4bWxucz0iaHR0cDovL3d3dy53My5vcmcvMjAwMC9zdmciPjwvc3ZnPg==\" style=\"--smush-placeholder-width: 120px; --smush-placeholder-aspect-ratio: 120\/93;\" \/><\/a>\n\t\t\t<\/div><\/figure><figure class='gallery-item'>\n\t\t\t<div class='gallery-icon landscape'>\n\t\t\t\t<a href='https:\/\/triumphadonf.com\/v3\/triumph-terrier-150\/attachment\/triumph_terrier_150_02\/'><img decoding=\"async\" width=\"120\" height=\"88\" data-src=\"https:\/\/triumphadonf.com\/v3\/wp-content\/uploads\/2009\/10\/Triumph_Terrier_150_02-120x88.jpg\" class=\"attachment-thumbnail size-thumbnail lazyload\" alt=\"\" data-srcset=\"https:\/\/triumphadonf.com\/v3\/wp-content\/uploads\/2009\/10\/Triumph_Terrier_150_02-120x88.jpg 120w, https:\/\/triumphadonf.com\/v3\/wp-content\/uploads\/2009\/10\/Triumph_Terrier_150_02-326x235.jpg 326w, https:\/\/triumphadonf.com\/v3\/wp-content\/uploads\/2009\/10\/Triumph_Terrier_150_02.jpg 639w\" data-sizes=\"(max-width: 120px) 100vw, 120px\" src=\"data:image\/svg+xml;base64,PHN2ZyB3aWR0aD0iMSIgaGVpZ2h0PSIxIiB4bWxucz0iaHR0cDovL3d3dy53My5vcmcvMjAwMC9zdmciPjwvc3ZnPg==\" style=\"--smush-placeholder-width: 120px; --smush-placeholder-aspect-ratio: 120\/88;\" \/><\/a>\n\t\t\t<\/div><\/figure><figure class='gallery-item'>\n\t\t\t<div class='gallery-icon landscape'>\n\t\t\t\t<a href='https:\/\/triumphadonf.com\/v3\/triumph-terrier-150\/attachment\/triumph_terrier_150_03\/'><img decoding=\"async\" width=\"120\" height=\"93\" data-src=\"https:\/\/triumphadonf.com\/v3\/wp-content\/uploads\/2009\/10\/Triumph_Terrier_150_03-120x93.jpg\" class=\"attachment-thumbnail size-thumbnail lazyload\" alt=\"\" data-srcset=\"https:\/\/triumphadonf.com\/v3\/wp-content\/uploads\/2009\/10\/Triumph_Terrier_150_03-120x93.jpg 120w, https:\/\/triumphadonf.com\/v3\/wp-content\/uploads\/2009\/10\/Triumph_Terrier_150_03.jpg 640w\" data-sizes=\"(max-width: 120px) 100vw, 120px\" src=\"data:image\/svg+xml;base64,PHN2ZyB3aWR0aD0iMSIgaGVpZ2h0PSIxIiB4bWxucz0iaHR0cDovL3d3dy53My5vcmcvMjAwMC9zdmciPjwvc3ZnPg==\" style=\"--smush-placeholder-width: 120px; --smush-placeholder-aspect-ratio: 120\/93;\" \/><\/a>\n\t\t\t<\/div><\/figure><figure class='gallery-item'>\n\t\t\t<div class='gallery-icon landscape'>\n\t\t\t\t<a href='https:\/\/triumphadonf.com\/v3\/triumph-terrier-150\/attachment\/triumph_terrier_150_04\/'><img decoding=\"async\" width=\"120\" height=\"87\" data-src=\"https:\/\/triumphadonf.com\/v3\/wp-content\/uploads\/2009\/10\/Triumph_Terrier_150_04-120x87.jpg\" class=\"attachment-thumbnail size-thumbnail lazyload\" alt=\"\" data-srcset=\"https:\/\/triumphadonf.com\/v3\/wp-content\/uploads\/2009\/10\/Triumph_Terrier_150_04-120x87.jpg 120w, https:\/\/triumphadonf.com\/v3\/wp-content\/uploads\/2009\/10\/Triumph_Terrier_150_04.jpg 498w, https:\/\/triumphadonf.com\/v3\/wp-content\/uploads\/2009\/10\/Triumph_Terrier_150_04-326x235.jpg 326w\" data-sizes=\"(max-width: 120px) 100vw, 120px\" src=\"data:image\/svg+xml;base64,PHN2ZyB3aWR0aD0iMSIgaGVpZ2h0PSIxIiB4bWxucz0iaHR0cDovL3d3dy53My5vcmcvMjAwMC9zdmciPjwvc3ZnPg==\" style=\"--smush-placeholder-width: 120px; --smush-placeholder-aspect-ratio: 120\/87;\" \/><\/a>\n\t\t\t<\/div><\/figure>\n\t\t<\/div>\n\n<p style=\"margin-top: 5px; margin-right: 0px; margin-bottom: 15px; margin-left: 0px; text-align: justify; padding: 0px;\"><strong>Caract\u00e9ristiques Techniques :\u00a0<\/strong><\/p>\n<p style=\"margin-top: 5px; margin-right: 0px; margin-bottom: 15px; margin-left: 0px; text-align: justify; padding: 0px;\"><em>&#8211; Moteur : <\/em>monocylindre, 4 temps, refroidi par air<br \/>\n<em>&#8211; Cylindr\u00e9e : <\/em>149 cm<sup>3<\/sup><br \/>\n<em>&#8211; Al\u00e9sage x Course : <\/em>57 x 58,5 mm<br \/>\n<em>&#8211; Puissance : <\/em>8,3 ch. \u00e0 6500 tr\/min<br \/>\n<em>&#8211; Poids : <\/em>90 kg<br \/>\n<em>&#8211; Vitesse : <\/em>80 km\/h<\/p>\n<p style=\"margin-top: 5px; margin-right: 0px; margin-bottom: 15px; margin-left: 0px; text-align: justify; padding: 0px;\"><strong>Autre : <\/strong>Bo\u00eete 4 rapports<\/p>\n<p style=\"margin-top: 5px; margin-right: 0px; margin-bottom: 15px; margin-left: 0px; text-align: justify; padding: 0px;\"><a href=\"http:\/\/www.triumphadonf.com\/v3\/index.php\/preparation\/triumph-terror-preparation-racing-de-1953\/\">Pour allez plus loin, d\u00e9couvrez une des premi\u00e8re pr\u00e9parations racing Triumph : la <strong>Triumph Terror<\/strong> pour laquelle la Terrier avait servie de base en 1953&#8230;<\/a><\/p>\n<p><strong style=\"outline-style: none; outline-width: initial; outline-color: initial; padding: 0px; margin: 0px;\"><em style=\"outline-style: none; outline-width: initial; outline-color: initial; padding: 0px; margin: 0px;\">Si vous souhaitez ajouter des images ou des informations sur cette page, n\u2019h\u00e9sitez pas \u00e0 m\u2019envoyer un email (<\/em><\/strong><a style=\"outline-style: none; outline-width: initial; outline-color: initial; color: #3173a3; padding: 0px; margin: 0px;\" href=\"mailto:webmaster@triumphadonf.com\" target=\"_blank\"><strong style=\"outline-style: none; outline-width: initial; outline-color: initial; padding: 0px; margin: 0px;\"><em style=\"outline-style: none; outline-width: initial; outline-color: initial; padding: 0px; margin: 0px;\">webmaster@triumphadonf.com<\/em><\/strong><\/a><strong style=\"outline-style: none; outline-width: initial; outline-color: initial; padding: 0px; margin: 0px;\"><em style=\"outline-style: none; outline-width: initial; outline-color: initial; padding: 0px; margin: 0px;\">) ou \u00e0 laisser un commentaire ci-dessous.<\/em><\/strong><\/p>\n","protected":false},"excerpt":{"rendered":"<p>P\u00e9riode de fabrication : 1953 &#8211; 1956 Historique : Avec la Terrier 150 (mod\u00e8le T15), Triumph sort en 1953 sort une moto pour une client\u00e8le jeune aux moyens financiers modestes. Dans cette cat\u00e9gorie, la comp\u00e9tition entre constructeurs est particuli\u00e8rement vive, et par rapport aux mod\u00e8les de la concurrence (BSA Bantam, monocylindre 2 temps), le prix [&hellip;]<\/p>\n","protected":false},"author":2,"featured_media":11552,"parent":0,"menu_order":0,"comment_status":"open","ping_status":"open","template":"","meta":{"_monsterinsights_skip_tracking":false,"_monsterinsights_sitenote_active":false,"_monsterinsights_sitenote_note":"","_monsterinsights_sitenote_category":0,"footnotes":""},"class_list":["post-2856","page","type-page","status-publish","has-post-thumbnail"],"jetpack_sharing_enabled":true,"_links":{"self":[{"href":"https:\/\/triumphadonf.com\/v3\/wp-json\/wp\/v2\/pages\/2856","targetHints":{"allow":["GET"]}}],"collection":[{"href":"https:\/\/triumphadonf.com\/v3\/wp-json\/wp\/v2\/pages"}],"about":[{"href":"https:\/\/triumphadonf.com\/v3\/wp-json\/wp\/v2\/types\/page"}],"author":[{"embeddable":true,"href":"https:\/\/triumphadonf.com\/v3\/wp-json\/wp\/v2\/users\/2"}],"replies":[{"embeddable":true,"href":"https:\/\/triumphadonf.com\/v3\/wp-json\/wp\/v2\/comments?post=2856"}],"version-history":[{"count":0,"href":"https:\/\/triumphadonf.com\/v3\/wp-json\/wp\/v2\/pages\/2856\/revisions"}],"wp:featuredmedia":[{"embeddable":true,"href":"https:\/\/triumphadonf.com\/v3\/wp-json\/wp\/v2\/media\/11552"}],"wp:attachment":[{"href":"https:\/\/triumphadonf.com\/v3\/wp-json\/wp\/v2\/media?parent=2856"}],"curies":[{"name":"wp","href":"https:\/\/api.w.org\/{rel}","templated":true}]}}