{"id":2774,"date":"2009-10-03T14:50:04","date_gmt":"2009-10-03T13:50:04","guid":{"rendered":"http:\/\/www.triumphadonf.com\/v3\/?page_id=2774"},"modified":"2009-10-03T21:36:55","modified_gmt":"2009-10-03T20:36:55","slug":"triumph-johnny-allen","status":"publish","type":"page","link":"https:\/\/triumphadonf.com\/v3\/triumph-johnny-allen\/","title":{"rendered":"Triumph Johnny Allen"},"content":{"rendered":"<p style=\"margin-top: 5px; margin-right: 0px; margin-bottom: 15px; margin-left: 0px; text-align: justify; padding: 0px;\"><strong>P\u00e9riode de fabrication : <\/strong>Thursday, 6th September, 1956<\/p>\n<p style=\"margin-top: 5px; margin-right: 0px; margin-bottom: 15px; margin-left: 0px; text-align: justify; padding: 0px;\"><strong>Historique : <\/strong>La F\u00e9d\u00e9ration Internationale de Motocyclisme et l&rsquo;American Motorcycle Association ne se sont jamais entendues, l&rsquo;une ne reconnaissant jamais les r\u00e9sultats et records \u00e9tablis sous l&rsquo;\u00e9gide de l&rsquo;autre. De ce match absurde, ce sont souvent les pilotes et les constructeurs qui ont fait les frais. C&rsquo;est justement le cas du texan Johnny Allen qui d\u00e9passa les 310 km\/h en 1955 au guidon d&rsquo;un cigare (en photo) et qui vit son record non homologu\u00e9 par la FIM. L&rsquo;ann\u00e9e suivante quand une 500 NSU \u00e0 compresseur atteint 338 km\/h, Johnny Allen r\u00e9pliqua avec un formidable record \u00e0 345 km\/h, record qui ne sera pas plus reconnu par la FIM.<\/p>\n<p style=\"margin-top: 5px; margin-right: 0px; margin-bottom: 15px; margin-left: 0px; text-align: justify; padding: 0px;\"><strong>Photos : <\/strong><\/p>\n<p>[nggallery id=15]<\/p>\n<p style=\"margin-top: 5px; margin-right: 0px; margin-bottom: 15px; margin-left: 0px; text-align: justify; padding: 0px;\"><strong>Caract\u00e9ristiques Techniques : <\/strong><br \/>\n<em>&#8211; Moteur : <\/em>Triumph Thunderbird modifi\u00e9, twin \u00e0 soupape en t\u00eate, refroidi par air<br \/>\n<em>&#8211; Cylindr\u00e9e : <\/em>649 cm<sup>3<\/sup><br \/>\n<em>&#8211; Al\u00e9sage x Course : <\/em>71 x 82 mm<br \/>\n<em>&#8211; Puissance : <\/em>estim\u00e9e \u00e0 65 ch.<br \/>\n<em>&#8211; Poids : <\/em>Inconnu<br \/>\n<em>&#8211; Vitesse : <\/em>345 km\/h<\/p>\n<p style=\"margin-top: 5px; margin-right: 0px; margin-bottom: 15px; margin-left: 0px; text-align: justify; padding: 0px;\"><strong>Autre : <\/strong>4 vitesses, d\u00e9marrage \u00e0 la poussette, transmission secondaire par cha\u00eene, cadre treillis en tubes d&rsquo;acier.<br \/>\nL&rsquo;engin est en fait \u00e0 peine modifi\u00e9 par rapport \u00e0 un mod\u00e8le de s\u00e9rie, juste un car\u00e9nage profil\u00e9, et un moteur acceptant de fonctionner \u00e0 l&rsquo;alcool.<\/p>\n<p style=\"margin-top: 5px; margin-right: 0px; margin-bottom: 15px; margin-left: 0px; text-align: justify; padding: 0px;\">Je vous invite \u00e9galement \u00e0 lire l&rsquo;excellent article concernant les records de vitesse de Triumph sur <a href=\"http:\/\/www.motos-anglaises.com\/triumph\/racing\/record.htm\" target=\"_blank\">moto-anglaises.com<\/a>&#8230;<\/p>\n<p style=\"margin-top: 5px; margin-right: 0px; margin-bottom: 15px; margin-left: 0px; text-align: justify; padding: 0px;\"><strong><em>Si vous souhaitez ajouter des images ou des informations sur cette page, n&rsquo;h\u00e9sitez pas \u00e0 me mailer (<\/em><\/strong><a href=\"mailto:webmaster@triumphadonf.com\" target=\"_blank\"><strong><em>webmaster@triumphadonf.com<\/em><\/strong><\/a><strong><em>) ou \u00e0 laisser un commentaire ci-dessous.<\/em><\/strong><\/p>\n","protected":false},"excerpt":{"rendered":"<p>P\u00e9riode de fabrication : Thursday, 6th September, 1956 Historique : La F\u00e9d\u00e9ration Internationale de Motocyclisme et l&rsquo;American Motorcycle Association ne se sont jamais entendues, l&rsquo;une ne reconnaissant jamais les r\u00e9sultats et records \u00e9tablis sous l&rsquo;\u00e9gide de l&rsquo;autre. De ce match absurde, ce sont souvent les pilotes et les constructeurs qui ont fait les frais. C&rsquo;est [&hellip;]<\/p>\n","protected":false},"author":2,"featured_media":0,"parent":0,"menu_order":0,"comment_status":"open","ping_status":"open","template":"","meta":{"_monsterinsights_skip_tracking":false,"_monsterinsights_sitenote_active":false,"_monsterinsights_sitenote_note":"","_monsterinsights_sitenote_category":0,"footnotes":""},"class_list":["post-2774","page","type-page","status-publish"],"jetpack_sharing_enabled":true,"_links":{"self":[{"href":"https:\/\/triumphadonf.com\/v3\/wp-json\/wp\/v2\/pages\/2774","targetHints":{"allow":["GET"]}}],"collection":[{"href":"https:\/\/triumphadonf.com\/v3\/wp-json\/wp\/v2\/pages"}],"about":[{"href":"https:\/\/triumphadonf.com\/v3\/wp-json\/wp\/v2\/types\/page"}],"author":[{"embeddable":true,"href":"https:\/\/triumphadonf.com\/v3\/wp-json\/wp\/v2\/users\/2"}],"replies":[{"embeddable":true,"href":"https:\/\/triumphadonf.com\/v3\/wp-json\/wp\/v2\/comments?post=2774"}],"version-history":[{"count":0,"href":"https:\/\/triumphadonf.com\/v3\/wp-json\/wp\/v2\/pages\/2774\/revisions"}],"wp:attachment":[{"href":"https:\/\/triumphadonf.com\/v3\/wp-json\/wp\/v2\/media?parent=2774"}],"curies":[{"name":"wp","href":"https:\/\/api.w.org\/{rel}","templated":true}]}}