{"id":1273,"date":"2008-12-13T17:13:27","date_gmt":"2008-12-13T15:13:27","guid":{"rendered":"http:\/\/www.triumphadonf.com\/v3\/?page_id=1273"},"modified":"2013-03-28T18:52:46","modified_gmt":"2013-03-28T17:52:46","slug":"codes-peintures-triumph","status":"publish","type":"page","link":"https:\/\/triumphadonf.com\/v3\/codes-peintures-triumph\/","title":{"rendered":"Codes peintures Triumph"},"content":{"rendered":"<h1 style=\"text-align: left;\">Un outil pour trouver votre peinture Triumph<\/h1>\n<div id=\"rsbikepaintlocator\" style=\"width: 500px;\"><iframe id=\"rs-embedded-iframe\" style=\"visibility: visible;\" data-src=\"http:\/\/www.rsbikepaint.com\/en-gb\/embedded-paintlocator-v1.php?embedded=true&amp;referrer=WOTR0113\" height=\"250\" width=\"500\" frameborder=\"0\" scrolling=\"no\" src=\"data:image\/svg+xml;base64,PHN2ZyB3aWR0aD0iMSIgaGVpZ2h0PSIxIiB4bWxucz0iaHR0cDovL3d3dy53My5vcmcvMjAwMC9zdmciPjwvc3ZnPg==\" class=\"lazyload\" data-load-mode=\"1\"><\/iframe><\/div>\n<h1 style=\"text-align: left;\">[divider]<\/h1>\n<h1 style=\"text-align: left;\">Les documents Triumph<\/h1>\n<p style=\"text-align: left;\">Apr\u00e8s les questions pos\u00e9es en commentaires, il manque dans cette liste certains codes pour quelques peintures Triumph.<\/p>\n<p style=\"text-align: left;\">Voici un lien qui doit normalement vous permettre de trouver votre bonheur : <a href=\"http:\/\/www.colorrite.com\/\" target=\"_blank\">http:\/\/www.colorrite.com\/<\/a><\/p>\n<p style=\"text-align: left;\">Sinon vous avez ci-dessous normalement quasi toutes les peintures utilis\u00e9es par Triumph sont dans cette liste avec leurs r\u00e9f\u00e9rences respectives :<\/p>\n<p style=\"text-align: center;\"><img decoding=\"async\" class=\"size-full wp-image-1278  aligncenter lazyload\" title=\"paint_codes_triumph\" alt=\"paint_codes_triumph\" data-src=\"http:\/\/www.triumphadonf.com\/v3\/wp-content\/uploads\/2008\/12\/paint_codes_triumph.gif\" width=\"626\" height=\"1256\" src=\"data:image\/svg+xml;base64,PHN2ZyB3aWR0aD0iMSIgaGVpZ2h0PSIxIiB4bWxucz0iaHR0cDovL3d3dy53My5vcmcvMjAwMC9zdmciPjwvc3ZnPg==\" style=\"--smush-placeholder-width: 626px; --smush-placeholder-aspect-ratio: 626\/1256;\" \/><\/p>\n<h1 style=\"text-align: left;\"><a href=\"http:\/\/www.triumphadonf.com\/v3\/index.php\/centre-de-documentation-triumph\/\"><strong>Retour au centre de documentation&#8230;<\/strong><\/a><\/h1>\n","protected":false},"excerpt":{"rendered":"<p>Un outil pour trouver votre peinture Triumph [divider] Les documents Triumph Apr\u00e8s les questions pos\u00e9es en commentaires, il manque dans cette liste certains codes pour quelques peintures Triumph. Voici un lien qui doit normalement vous permettre de trouver votre bonheur : http:\/\/www.colorrite.com\/ Sinon vous avez ci-dessous normalement quasi toutes les peintures utilis\u00e9es par Triumph sont [&hellip;]<\/p>\n","protected":false},"author":2,"featured_media":1278,"parent":0,"menu_order":0,"comment_status":"open","ping_status":"open","template":"","meta":{"_monsterinsights_skip_tracking":false,"_monsterinsights_sitenote_active":false,"_monsterinsights_sitenote_note":"","_monsterinsights_sitenote_category":0,"footnotes":""},"class_list":["post-1273","page","type-page","status-publish","has-post-thumbnail"],"jetpack_sharing_enabled":true,"_links":{"self":[{"href":"https:\/\/triumphadonf.com\/v3\/wp-json\/wp\/v2\/pages\/1273","targetHints":{"allow":["GET"]}}],"collection":[{"href":"https:\/\/triumphadonf.com\/v3\/wp-json\/wp\/v2\/pages"}],"about":[{"href":"https:\/\/triumphadonf.com\/v3\/wp-json\/wp\/v2\/types\/page"}],"author":[{"embeddable":true,"href":"https:\/\/triumphadonf.com\/v3\/wp-json\/wp\/v2\/users\/2"}],"replies":[{"embeddable":true,"href":"https:\/\/triumphadonf.com\/v3\/wp-json\/wp\/v2\/comments?post=1273"}],"version-history":[{"count":0,"href":"https:\/\/triumphadonf.com\/v3\/wp-json\/wp\/v2\/pages\/1273\/revisions"}],"wp:featuredmedia":[{"embeddable":true,"href":"https:\/\/triumphadonf.com\/v3\/wp-json\/wp\/v2\/media\/1278"}],"wp:attachment":[{"href":"https:\/\/triumphadonf.com\/v3\/wp-json\/wp\/v2\/media?parent=1273"}],"curies":[{"name":"wp","href":"https:\/\/api.w.org\/{rel}","templated":true}]}}