{"id":910,"date":"2008-11-30T10:20:57","date_gmt":"2008-11-30T08:20:57","guid":{"rendered":"http:\/\/www.triumphadonf.com\/v3\/?page_id=910"},"modified":"2008-11-30T12:34:47","modified_gmt":"2008-11-30T10:34:47","slug":"gamme-triumph-1999","status":"publish","type":"page","link":"http:\/\/triumphadonf.com\/v3\/gamme-triumph-1999\/","title":{"rendered":"Gamme Triumph 1999"},"content":{"rendered":"<h2>&#155; Cat\u00e9gorie Sports Motorcycles<\/h2>\n<div style=\"float:left; margin:10px 2px; padding:0px; text-align:center;\"><img decoding=\"async\" data-src=\"http:\/\/www.triumphadonf.com\/motos\/pres\/1999\/daytona955i.jpg\" border=\"0\" title=\"\" alt=\"\" src=\"data:image\/svg+xml;base64,PHN2ZyB3aWR0aD0iMSIgaGVpZ2h0PSIxIiB4bWxucz0iaHR0cDovL3d3dy53My5vcmcvMjAwMC9zdmciPjwvc3ZnPg==\" class=\"lazyload\" \/><br \/><a  href=\"http:\/\/www.triumphadonf.com\/motos\/mod_ac.php?mod=102\">Daytona 955i<\/a><\/div>\n<div style=\"float:left; margin:10px 2px; padding:0px; text-align:center;\"><img decoding=\"async\" data-src=\"http:\/\/www.triumphadonf.com\/motos\/pres\/1999\/speedtriple.jpg\" border=\"0\" title=\"\" alt=\"\" src=\"data:image\/svg+xml;base64,PHN2ZyB3aWR0aD0iMSIgaGVpZ2h0PSIxIiB4bWxucz0iaHR0cDovL3d3dy53My5vcmcvMjAwMC9zdmciPjwvc3ZnPg==\" class=\"lazyload\" \/><br \/><a  href=\"http:\/\/www.triumphadonf.com\/motos\/mod_ac.php?mod=104\">Speed Triple 955i<\/a><\/div>\n<div style=\"clear:left;\"><\/div>\n<h2>&#155; Cat\u00e9gorie Touring Motorcycles<\/h2>\n<div style=\"float:left; margin:10px 2px; padding:0px; text-align:center;\"><img decoding=\"async\" data-src=\"http:\/\/www.triumphadonf.com\/motos\/pres\/1999\/sprintst.jpg\" border=\"0\" title=\"\" alt=\"\" src=\"data:image\/svg+xml;base64,PHN2ZyB3aWR0aD0iMSIgaGVpZ2h0PSIxIiB4bWxucz0iaHR0cDovL3d3dy53My5vcmcvMjAwMC9zdmciPjwvc3ZnPg==\" class=\"lazyload\" \/><br \/><a  href=\"http:\/\/www.triumphadonf.com\/motos\/mod_ac.php?mod=105\">Sprint ST 955i<\/a><\/div>\n<div style=\"float:left; margin:10px 2px; padding:0px; text-align:center;\"><img decoding=\"async\" data-src=\"http:\/\/www.triumphadonf.com\/motos\/pres\/1999\/trophy.jpg\" border=\"0\" title=\"\" alt=\"\" src=\"data:image\/svg+xml;base64,PHN2ZyB3aWR0aD0iMSIgaGVpZ2h0PSIxIiB4bWxucz0iaHR0cDovL3d3dy53My5vcmcvMjAwMC9zdmciPjwvc3ZnPg==\" class=\"lazyload\" \/><br \/><a  href=\"http:\/\/www.triumphadonf.com\/motos\/mod_ac.php?mod=83\">Trophy 900<\/a><\/div>\n<div style=\"float:left; margin:10px 2px; padding:0px; text-align:center;\"><img decoding=\"async\" data-src=\"http:\/\/www.triumphadonf.com\/motos\/pres\/1999\/trophy.jpg\" border=\"0\" title=\"\" alt=\"\" src=\"data:image\/svg+xml;base64,PHN2ZyB3aWR0aD0iMSIgaGVpZ2h0PSIxIiB4bWxucz0iaHR0cDovL3d3dy53My5vcmcvMjAwMC9zdmciPjwvc3ZnPg==\" class=\"lazyload\" \/><br \/><a  href=\"http:\/\/www.triumphadonf.com\/motos\/mod_ac.php?mod=63\">Trophy 1200<\/a><\/div>\n<div style=\"float:left; margin:10px 2px; padding:0px; text-align:center;\"><img decoding=\"async\" data-src=\"http:\/\/www.triumphadonf.com\/motos\/pres\/1999\/tiger.jpg\" border=\"0\" title=\"\" alt=\"\" src=\"data:image\/svg+xml;base64,PHN2ZyB3aWR0aD0iMSIgaGVpZ2h0PSIxIiB4bWxucz0iaHR0cDovL3d3dy53My5vcmcvMjAwMC9zdmciPjwvc3ZnPg==\" class=\"lazyload\" \/><br \/><a  href=\"http:\/\/www.triumphadonf.com\/motos\/mod_ac.php?mod=107\">Tiger T709<\/a><\/div>\n<div style=\"clear:left;\"><\/div>\n<h2>&#155; Cat\u00e9gorie Classics Mortorcycles<\/h2>\n<div style=\"float:left; margin:10px 2px; padding:0px; text-align:center;\"><img decoding=\"async\" data-src=\"http:\/\/www.triumphadonf.com\/motos\/pres\/1999\/legendtt.jpg\" border=\"0\" title=\"\" alt=\"\" src=\"data:image\/svg+xml;base64,PHN2ZyB3aWR0aD0iMSIgaGVpZ2h0PSIxIiB4bWxucz0iaHR0cDovL3d3dy53My5vcmcvMjAwMC9zdmciPjwvc3ZnPg==\" class=\"lazyload\" \/><br \/><a  href=\"http:\/\/www.triumphadonf.com\/motos\/mod_ac.php?mod=103\">Legend TT<\/a><\/div>\n<div style=\"float:left; margin:10px 2px; padding:0px; text-align:center;\"><img decoding=\"async\" data-src=\"http:\/\/www.triumphadonf.com\/motos\/pres\/1999\/tbsport.jpg\" border=\"0\" title=\"\" alt=\"\" src=\"data:image\/svg+xml;base64,PHN2ZyB3aWR0aD0iMSIgaGVpZ2h0PSIxIiB4bWxucz0iaHR0cDovL3d3dy53My5vcmcvMjAwMC9zdmciPjwvc3ZnPg==\" class=\"lazyload\" \/><br \/><a  href=\"http:\/\/www.triumphadonf.com\/motos\/mod_ac.php?mod=96\">Thunderbird Sport<\/a><\/div>\n<div style=\"float:left; margin:10px 2px; padding:0px; text-align:center;\"><img decoding=\"async\" data-src=\"http:\/\/www.triumphadonf.com\/motos\/pres\/1999\/adventurer.jpg\" border=\"0\" title=\"\" alt=\"\" src=\"data:image\/svg+xml;base64,PHN2ZyB3aWR0aD0iMSIgaGVpZ2h0PSIxIiB4bWxucz0iaHR0cDovL3d3dy53My5vcmcvMjAwMC9zdmciPjwvc3ZnPg==\" class=\"lazyload\" \/><br \/><a  href=\"http:\/\/www.triumphadonf.com\/motos\/mod_ac.php?mod=77\">Adventurer<\/a><\/div>\n<div style=\"clear:left;\"><\/div>\n<h2>&#155; Documents \u00e0 t\u00e9l\u00e9charger<\/h2>\n<p>Retrouvez toutes les borchures TRIUMPH en t\u00e9l\u00e9chargement gratuit dans le <a href=\"http:\/\/www.triumphadonf.com\/v3\/index.php\/centre-de-documentation-triumph\/\" target=\"_blank\">centre de documentation Triumphadonf<\/a>.<\/p>\n<div style=\"border:1px solid #ccc; background:#eee; padding :2px; margin:15px 0px; font-size:10px;\">Gammes &raquo; <a href=\"http:\/\/www.triumphadonf.com\/v3\/index.php\/gamme-triumph-2009\/\">09<\/a> | <a href=\"http:\/\/www.triumphadonf.com\/v3\/index.php\/gamme-triumph-2008\/\">08<\/a> | <a href=\"http:\/\/www.triumphadonf.com\/v3\/index.php\/gamme-triumph-2007\/\">07<\/a> | <a href=\"http:\/\/www.triumphadonf.com\/v3\/index.php\/gamme-triumph-2006\/\">06<\/a> | <a href=\"http:\/\/www.triumphadonf.com\/v3\/index.php\/gamme-triumph-2005\/\">05<\/a> | <a href=\"http:\/\/www.triumphadonf.com\/v3\/index.php\/gamme-triumph-2004\/\">04<\/a> | <a href=\"http:\/\/www.triumphadonf.com\/v3\/index.php\/gamme-triumph-2003\/\">03<\/a> | <a href=\"http:\/\/www.triumphadonf.com\/v3\/index.php\/gamme-triumph-2002\/\">02<\/a> | <a href=\"http:\/\/www.triumphadonf.com\/v3\/index.php\/gamme-triumph-2001\/\">01<\/a> | <a href=\"http:\/\/www.triumphadonf.com\/v3\/index.php\/gamme-triumph-2000\/\">00<\/a> | <a href=\"http:\/\/www.triumphadonf.com\/v3\/index.php\/gamme-triumph-1999\/\">99<\/a> | <a href=\"http:\/\/www.triumphadonf.com\/v3\/index.php\/gamme-triumph-1998\/\">98<\/a> | <a href=\"http:\/\/www.triumphadonf.com\/v3\/index.php\/gamme-triumph-1997\/\">97<\/a> | <a href=\"http:\/\/www.triumphadonf.com\/v3\/index.php\/gamme-triumph-1996\/\">96<\/a> | <a href=\"http:\/\/www.triumphadonf.com\/v3\/index.php\/gamme-triumph-1995\/\">95<\/a> | <a href=\"http:\/\/www.triumphadonf.com\/v3\/index.php\/gamme-triumph-1994\/\">94<\/a> | <a href=\"http:\/\/www.triumphadonf.com\/v3\/index.php\/gamme-triumph-1993\/\">93<\/a> | <a href=\"http:\/\/www.triumphadonf.com\/v3\/index.php\/gamme-triumph-1992\/\">92<\/a><\/div>\n","protected":false},"excerpt":{"rendered":"<p>&#155; Cat\u00e9gorie Sports Motorcycles Daytona 955i Speed Triple 955i &#155; Cat\u00e9gorie Touring Motorcycles Sprint ST 955i Trophy 900 Trophy 1200 Tiger T709 &#155; Cat\u00e9gorie Classics Mortorcycles Legend TT Thunderbird Sport Adventurer &#155; Documents \u00e0 t\u00e9l\u00e9charger Retrouvez toutes les borchures TRIUMPH en t\u00e9l\u00e9chargement gratuit dans le centre de documentation Triumphadonf. Gammes &raquo; 09 | 08 | [&hellip;]<\/p>\n","protected":false},"author":2,"featured_media":0,"parent":0,"menu_order":0,"comment_status":"open","ping_status":"open","template":"","meta":{"_monsterinsights_skip_tracking":false,"_monsterinsights_sitenote_active":false,"_monsterinsights_sitenote_note":"","_monsterinsights_sitenote_category":0,"footnotes":""},"class_list":["post-910","page","type-page","status-publish"],"jetpack_sharing_enabled":true,"_links":{"self":[{"href":"http:\/\/triumphadonf.com\/v3\/wp-json\/wp\/v2\/pages\/910","targetHints":{"allow":["GET"]}}],"collection":[{"href":"http:\/\/triumphadonf.com\/v3\/wp-json\/wp\/v2\/pages"}],"about":[{"href":"http:\/\/triumphadonf.com\/v3\/wp-json\/wp\/v2\/types\/page"}],"author":[{"embeddable":true,"href":"http:\/\/triumphadonf.com\/v3\/wp-json\/wp\/v2\/users\/2"}],"replies":[{"embeddable":true,"href":"http:\/\/triumphadonf.com\/v3\/wp-json\/wp\/v2\/comments?post=910"}],"version-history":[{"count":0,"href":"http:\/\/triumphadonf.com\/v3\/wp-json\/wp\/v2\/pages\/910\/revisions"}],"wp:attachment":[{"href":"http:\/\/triumphadonf.com\/v3\/wp-json\/wp\/v2\/media?parent=910"}],"curies":[{"name":"wp","href":"https:\/\/api.w.org\/{rel}","templated":true}]}}