{"id":892,"date":"2008-11-30T09:42:46","date_gmt":"2008-11-30T07:42:46","guid":{"rendered":"http:\/\/www.triumphadonf.com\/v3\/?page_id=892"},"modified":"2008-11-30T12:33:39","modified_gmt":"2008-11-30T10:33:39","slug":"gamme-triumph-2004","status":"publish","type":"page","link":"http:\/\/triumphadonf.com\/v3\/gamme-triumph-2004\/","title":{"rendered":"Gamme Triumph 2004"},"content":{"rendered":"<h2>&#155; Cat\u00e9gorie Sports Motorcycles<\/h2>\n<div style=\"float:left;margin:10px 2px; padding:0px; text-align:center;\"><img decoding=\"async\" data-src=\"http:\/\/www.triumphadonf.com\/motos\/pres\/2004\/daytona600.jpg\" border=\"0\" title=\"\" alt=\"\" src=\"data:image\/svg+xml;base64,PHN2ZyB3aWR0aD0iMSIgaGVpZ2h0PSIxIiB4bWxucz0iaHR0cDovL3d3dy53My5vcmcvMjAwMC9zdmciPjwvc3ZnPg==\" class=\"lazyload\" \/><br \/><a  href=\"http:\/\/www.triumphadonf.com\/motos\/mod_ac.php?mod=38\">Daytona 600<br \/>8 990 \u20ac TTC<\/a><\/div>\n<div style=\"float:left;margin:10px 2px; padding:0px; text-align:center;\"><img decoding=\"async\" data-src=\"http:\/\/www.triumphadonf.com\/motos\/pres\/2004\/daytona955i.jpg\" border=\"0\" title=\"\" alt=\"\" src=\"data:image\/svg+xml;base64,PHN2ZyB3aWR0aD0iMSIgaGVpZ2h0PSIxIiB4bWxucz0iaHR0cDovL3d3dy53My5vcmcvMjAwMC9zdmciPjwvc3ZnPg==\" class=\"lazyload\" \/><br \/><a  href=\"http:\/\/www.triumphadonf.com\/motos\/mod_ac.php?mod=39\">Daytona 955i<br \/>11 900 \u20ac TTC<\/a><\/div>\n<div style=\"float:left;margin:10px 2px; padding:0px; text-align:center;\"><img decoding=\"async\" data-src=\"http:\/\/www.triumphadonf.com\/motos\/pres\/2004\/speedfour.jpg\" border=\"0\" title=\"\" alt=\"\" src=\"data:image\/svg+xml;base64,PHN2ZyB3aWR0aD0iMSIgaGVpZ2h0PSIxIiB4bWxucz0iaHR0cDovL3d3dy53My5vcmcvMjAwMC9zdmciPjwvc3ZnPg==\" class=\"lazyload\" \/><br \/><a  href=\"http:\/\/www.triumphadonf.com\/motos\/mod_ac.php?mod=40\">Speed Four<br \/>7 999 \u20ac TTC<\/a><\/div>\n<div style=\"float:left;margin:10px 2px; padding:0px; text-align:center;\"><img decoding=\"async\" data-src=\"http:\/\/www.triumphadonf.com\/motos\/pres\/2004\/speedtriple.jpg\" border=\"0\" title=\"\" alt=\"\" src=\"data:image\/svg+xml;base64,PHN2ZyB3aWR0aD0iMSIgaGVpZ2h0PSIxIiB4bWxucz0iaHR0cDovL3d3dy53My5vcmcvMjAwMC9zdmciPjwvc3ZnPg==\" class=\"lazyload\" \/><br \/><a  href=\"http:\/\/www.triumphadonf.com\/motos\/mod_ac.php?mod=41\">Speed Triple 955i<br \/>10 990 \u20ac TTC<\/a><\/div>\n<div style=\"clear:left;\"><\/div>\n<h2>&#155; Cat\u00e9gorie Classics Mortorcycles<\/h2>\n<div style=\"float:left;margin:10px 2px; padding:0px; text-align:center;\"><img decoding=\"async\" data-src=\"http:\/\/www.triumphadonf.com\/motos\/pres\/2004\/bonneville.jpg\" border=\"0\" title=\"\" alt=\"\" src=\"data:image\/svg+xml;base64,PHN2ZyB3aWR0aD0iMSIgaGVpZ2h0PSIxIiB4bWxucz0iaHR0cDovL3d3dy53My5vcmcvMjAwMC9zdmciPjwvc3ZnPg==\" class=\"lazyload\" \/><br \/><a  href=\"http:\/\/www.triumphadonf.com\/motos\/mod_ac.php?mod=42\">Bonneville<br \/>8 100 \u20ac TTC<\/a><\/div>\n<div style=\"float:left;margin:10px 2px; padding:0px; text-align:center;\"><img decoding=\"async\" data-src=\"http:\/\/www.triumphadonf.com\/motos\/pres\/2004\/america.jpg\" border=\"0\" title=\"\" alt=\"\" src=\"data:image\/svg+xml;base64,PHN2ZyB3aWR0aD0iMSIgaGVpZ2h0PSIxIiB4bWxucz0iaHR0cDovL3d3dy53My5vcmcvMjAwMC9zdmciPjwvc3ZnPg==\" class=\"lazyload\" \/><br \/><a  href=\"http:\/\/www.triumphadonf.com\/motos\/mod_ac.php?mod=43\">America<br \/>8 590 \u20ac TTC<\/a><\/div>\n<div style=\"float:left;margin:10px 2px; padding:0px; text-align:center;\"><img decoding=\"async\" data-src=\"http:\/\/www.triumphadonf.com\/motos\/pres\/2004\/tbirdsport.jpg\" border=\"0\" title=\"\" alt=\"\" src=\"data:image\/svg+xml;base64,PHN2ZyB3aWR0aD0iMSIgaGVpZ2h0PSIxIiB4bWxucz0iaHR0cDovL3d3dy53My5vcmcvMjAwMC9zdmciPjwvc3ZnPg==\" class=\"lazyload\" \/><br \/><a  href=\"http:\/\/www.triumphadonf.com\/motos\/mod_ac.php?mod=44\">Thunderbird Sport<br \/>9 800 \u20ac TTC<\/a><\/div>\n<div style=\"float:left;margin:10px 2px; padding:0px; text-align:center;\"><img decoding=\"async\" data-src=\"http:\/\/www.triumphadonf.com\/motos\/pres\/2004\/rocket3.jpg\" border=\"0\" title=\"\" alt=\"\" src=\"data:image\/svg+xml;base64,PHN2ZyB3aWR0aD0iMSIgaGVpZ2h0PSIxIiB4bWxucz0iaHR0cDovL3d3dy53My5vcmcvMjAwMC9zdmciPjwvc3ZnPg==\" class=\"lazyload\" \/><br \/><a  href=\"http:\/\/www.triumphadonf.com\/motos\/mod_ac.php?mod=45\">Rocket III<br \/>17 990 \u20ac TTC<\/a><\/div>\n<div style=\"float:left;margin:10px 2px; padding:0px; text-align:center;\"><img decoding=\"async\" data-src=\"http:\/\/www.triumphadonf.com\/motos\/pres\/2004\/speedmaster.jpg\" border=\"0\" title=\"\" alt=\"\" src=\"data:image\/svg+xml;base64,PHN2ZyB3aWR0aD0iMSIgaGVpZ2h0PSIxIiB4bWxucz0iaHR0cDovL3d3dy53My5vcmcvMjAwMC9zdmciPjwvc3ZnPg==\" class=\"lazyload\" \/><br \/><a  href=\"http:\/\/www.triumphadonf.com\/motos\/mod_ac.php?mod=46\">Speedmaster<br \/>9 390 \u20ac TTC<\/a><\/div>\n<div style=\"float:left;margin:10px 2px; padding:0px; text-align:center;\"><img decoding=\"async\" data-src=\"http:\/\/www.triumphadonf.com\/motos\/pres\/2004\/bonnevillet100.jpg\" border=\"0\" title=\"\" alt=\"\" src=\"data:image\/svg+xml;base64,PHN2ZyB3aWR0aD0iMSIgaGVpZ2h0PSIxIiB4bWxucz0iaHR0cDovL3d3dy53My5vcmcvMjAwMC9zdmciPjwvc3ZnPg==\" class=\"lazyload\" \/><br \/><a  href=\"http:\/\/www.triumphadonf.com\/motos\/mod_ac.php?mod=47\">Bonneville T100<br \/>8 500 \u20ac TTC<\/a><\/div>\n<div style=\"float:left;margin:10px 2px; padding:0px; text-align:center;\"><img decoding=\"async\" data-src=\"http:\/\/www.triumphadonf.com\/motos\/pres\/2004\/thruxton900.jpg\" border=\"0\" title=\"\" alt=\"\" src=\"data:image\/svg+xml;base64,PHN2ZyB3aWR0aD0iMSIgaGVpZ2h0PSIxIiB4bWxucz0iaHR0cDovL3d3dy53My5vcmcvMjAwMC9zdmciPjwvc3ZnPg==\" class=\"lazyload\" \/><br \/><a  href=\"http:\/\/www.triumphadonf.com\/motos\/mod_ac.php?mod=48\">Thruxton 900<br \/>8 990 \u20ac TTC<\/a><\/div>\n<div style=\"clear:left;\"><\/div>\n<h2>&#155; Cat\u00e9gorie Sports Touring Motorcycles<\/h2>\n<div style=\"float:left;margin:10px 2px; padding:0px; text-align:center;\"><img decoding=\"async\" data-src=\"http:\/\/www.triumphadonf.com\/motos\/pres\/2004\/tiger.jpg\" border=\"0\" title=\"\" alt=\"\" src=\"data:image\/svg+xml;base64,PHN2ZyB3aWR0aD0iMSIgaGVpZ2h0PSIxIiB4bWxucz0iaHR0cDovL3d3dy53My5vcmcvMjAwMC9zdmciPjwvc3ZnPg==\" class=\"lazyload\" \/><br \/><a  href=\"http:\/\/www.triumphadonf.com\/motos\/mod_ac.php?mod=49\">Tiger 955i<br \/>10 650 \u20ac TTC<\/a><\/div>\n<div style=\"float:left;margin:10px 2px; padding:0px; text-align:center;\"><img decoding=\"async\" data-src=\"http:\/\/www.triumphadonf.com\/motos\/pres\/2004\/sprintst.jpg\" border=\"0\" title=\"\" alt=\"\" src=\"data:image\/svg+xml;base64,PHN2ZyB3aWR0aD0iMSIgaGVpZ2h0PSIxIiB4bWxucz0iaHR0cDovL3d3dy53My5vcmcvMjAwMC9zdmciPjwvc3ZnPg==\" class=\"lazyload\" \/><br \/><a  href=\"http:\/\/www.triumphadonf.com\/motos\/mod_ac.php?mod=50\">Sprint ST 950<br \/>11 600 \u20ac TTC<\/a><\/div>\n<div style=\"clear:left;\"><\/div>\n<h2>&#155; Documents \u00e0 t\u00e9l\u00e9charger<\/h2>\n<p>Retrouvez toutes les borchures TRIUMPH en t\u00e9l\u00e9chargement gratuit dans le <a href=\"http:\/\/www.triumphadonf.com\/v3\/index.php\/centre-de-documentation-triumph\/\" target=\"_blank\">centre de documentation Triumphadonf<\/a>.<\/p>\n<div style=\"border:1px solid #ccc; background:#eee; padding :2px; margin:15px 0px; font-size:10px;\">Gammes &raquo; <a href=\"http:\/\/www.triumphadonf.com\/v3\/index.php\/gamme-triumph-2009\/\">09<\/a> | <a href=\"http:\/\/www.triumphadonf.com\/v3\/index.php\/gamme-triumph-2008\/\">08<\/a> | <a href=\"http:\/\/www.triumphadonf.com\/v3\/index.php\/gamme-triumph-2007\/\">07<\/a> | <a href=\"http:\/\/www.triumphadonf.com\/v3\/index.php\/gamme-triumph-2006\/\">06<\/a> | <a href=\"http:\/\/www.triumphadonf.com\/v3\/index.php\/gamme-triumph-2005\/\">05<\/a> | <a href=\"http:\/\/www.triumphadonf.com\/v3\/index.php\/gamme-triumph-2004\/\">04<\/a> | <a href=\"http:\/\/www.triumphadonf.com\/v3\/index.php\/gamme-triumph-2003\/\">03<\/a> | <a href=\"http:\/\/www.triumphadonf.com\/v3\/index.php\/gamme-triumph-2002\/\">02<\/a> | <a href=\"http:\/\/www.triumphadonf.com\/v3\/index.php\/gamme-triumph-2001\/\">01<\/a> | <a href=\"http:\/\/www.triumphadonf.com\/v3\/index.php\/gamme-triumph-2000\/\">00<\/a> | <a href=\"http:\/\/www.triumphadonf.com\/v3\/index.php\/gamme-triumph-1999\/\">99<\/a> | <a href=\"http:\/\/www.triumphadonf.com\/v3\/index.php\/gamme-triumph-1998\/\">98<\/a> | <a href=\"http:\/\/www.triumphadonf.com\/v3\/index.php\/gamme-triumph-1997\/\">97<\/a> | <a href=\"http:\/\/www.triumphadonf.com\/v3\/index.php\/gamme-triumph-1996\/\">96<\/a> | <a href=\"http:\/\/www.triumphadonf.com\/v3\/index.php\/gamme-triumph-1995\/\">95<\/a> | <a href=\"http:\/\/www.triumphadonf.com\/v3\/index.php\/gamme-triumph-1994\/\">94<\/a> | <a href=\"http:\/\/www.triumphadonf.com\/v3\/index.php\/gamme-triumph-1993\/\">93<\/a> | <a href=\"http:\/\/www.triumphadonf.com\/v3\/index.php\/gamme-triumph-1992\/\">92<\/a><\/div>\n","protected":false},"excerpt":{"rendered":"<p>&#155; Cat\u00e9gorie Sports Motorcycles Daytona 6008 990 \u20ac TTC Daytona 955i11 900 \u20ac TTC Speed Four7 999 \u20ac TTC Speed Triple 955i10 990 \u20ac TTC &#155; Cat\u00e9gorie Classics Mortorcycles Bonneville8 100 \u20ac TTC America8 590 \u20ac TTC Thunderbird Sport9 800 \u20ac TTC Rocket III17 990 \u20ac TTC Speedmaster9 390 \u20ac TTC Bonneville T1008 500 \u20ac [&hellip;]<\/p>\n","protected":false},"author":2,"featured_media":0,"parent":0,"menu_order":0,"comment_status":"open","ping_status":"open","template":"","meta":{"_monsterinsights_skip_tracking":false,"_monsterinsights_sitenote_active":false,"_monsterinsights_sitenote_note":"","_monsterinsights_sitenote_category":0,"footnotes":""},"class_list":["post-892","page","type-page","status-publish"],"jetpack_sharing_enabled":true,"_links":{"self":[{"href":"http:\/\/triumphadonf.com\/v3\/wp-json\/wp\/v2\/pages\/892","targetHints":{"allow":["GET"]}}],"collection":[{"href":"http:\/\/triumphadonf.com\/v3\/wp-json\/wp\/v2\/pages"}],"about":[{"href":"http:\/\/triumphadonf.com\/v3\/wp-json\/wp\/v2\/types\/page"}],"author":[{"embeddable":true,"href":"http:\/\/triumphadonf.com\/v3\/wp-json\/wp\/v2\/users\/2"}],"replies":[{"embeddable":true,"href":"http:\/\/triumphadonf.com\/v3\/wp-json\/wp\/v2\/comments?post=892"}],"version-history":[{"count":0,"href":"http:\/\/triumphadonf.com\/v3\/wp-json\/wp\/v2\/pages\/892\/revisions"}],"wp:attachment":[{"href":"http:\/\/triumphadonf.com\/v3\/wp-json\/wp\/v2\/media?parent=892"}],"curies":[{"name":"wp","href":"https:\/\/api.w.org\/{rel}","templated":true}]}}