{"id":889,"date":"2008-11-30T09:35:27","date_gmt":"2008-11-30T07:35:27","guid":{"rendered":"http:\/\/www.triumphadonf.com\/v3\/?page_id=889"},"modified":"2008-11-30T12:33:09","modified_gmt":"2008-11-30T10:33:09","slug":"gamme-triumph-2006","status":"publish","type":"page","link":"http:\/\/triumphadonf.com\/v3\/gamme-triumph-2006\/","title":{"rendered":"Gamme Triumph 2006"},"content":{"rendered":"<h2>&#155; Cat\u00e9gorie Urban Sports<\/h2>\n<div style=\"float:left; margin:10px 2px; padding:0px; text-align:center;\"><img decoding=\"async\" data-src=\"http:\/\/www.triumphadonf.com\/motos\/pres\/2006\/tiger.jpg\" border=\"0\" title=\"\" alt=\"\" src=\"data:image\/svg+xml;base64,PHN2ZyB3aWR0aD0iMSIgaGVpZ2h0PSIxIiB4bWxucz0iaHR0cDovL3d3dy53My5vcmcvMjAwMC9zdmciPjwvc3ZnPg==\" class=\"lazyload\" \/><br \/><a  href=\"http:\/\/www.triumphadonf.com\/motos\/mod_ac.php?mod=13\">Tiger 955i<br \/>10 590 \u20ac TTC<\/a><\/div>\n<div style=\"float:left; margin:10px 2px; padding:0px; text-align:center;\"><img decoding=\"async\" data-src=\"http:\/\/www.triumphadonf.com\/motos\/pres\/2006\/speed3.jpg\" border=\"0\" title=\"\" alt=\"\" src=\"data:image\/svg+xml;base64,PHN2ZyB3aWR0aD0iMSIgaGVpZ2h0PSIxIiB4bWxucz0iaHR0cDovL3d3dy53My5vcmcvMjAwMC9zdmciPjwvc3ZnPg==\" class=\"lazyload\" \/><br \/><a  href=\"http:\/\/www.triumphadonf.com\/motos\/mod_ac.php?mod=3\">Speed Triple 1050<br \/>10 990 \u20ac TTC<\/a><\/div>\n<div style=\"float:left; margin:10px 2px; padding:0px; text-align:center;\"><img decoding=\"async\" data-src=\"http:\/\/www.triumphadonf.com\/motos\/pres\/2006\/sprintst.jpg\" border=\"0\" title=\"\" alt=\"\" src=\"data:image\/svg+xml;base64,PHN2ZyB3aWR0aD0iMSIgaGVpZ2h0PSIxIiB4bWxucz0iaHR0cDovL3d3dy53My5vcmcvMjAwMC9zdmciPjwvc3ZnPg==\" class=\"lazyload\" \/><br \/><a  href=\"http:\/\/www.triumphadonf.com\/motos\/mod_ac.php?mod=12\">Sprint ST 1050<br \/>11 600 \u20ac TTC<br \/>12 690 \u20ac TTC (ABS)<\/a><\/div>\n<div style=\"float:left; margin:10px 2px; padding:0px; text-align:center;\"><img decoding=\"async\" data-src=\"http:\/\/www.triumphadonf.com\/motos\/pres\/2006\/dayto955i.jpg\" border=\"0\" title=\"\" alt=\"\" src=\"data:image\/svg+xml;base64,PHN2ZyB3aWR0aD0iMSIgaGVpZ2h0PSIxIiB4bWxucz0iaHR0cDovL3d3dy53My5vcmcvMjAwMC9zdmciPjwvc3ZnPg==\" class=\"lazyload\" \/><br \/><a  href=\"http:\/\/www.triumphadonf.com\/motos\/mod_ac.php?mod=11\">Daytona 955i<br \/>11 900 \u20ac TTC<\/a><\/div>\n<div style=\"float:left; margin:10px 2px; padding:0px; text-align:center;\"><img decoding=\"async\" data-src=\"http:\/\/www.triumphadonf.com\/motos\/pres\/2006\/dayto675.jpg\" border=\"0\" title=\"\" alt=\"\" src=\"data:image\/svg+xml;base64,PHN2ZyB3aWR0aD0iMSIgaGVpZ2h0PSIxIiB4bWxucz0iaHR0cDovL3d3dy53My5vcmcvMjAwMC9zdmciPjwvc3ZnPg==\" class=\"lazyload\" \/><br \/><a  href=\"http:\/\/www.triumphadonf.com\/motos\/mod_ac.php?mod=10\">Daytona 675<br \/>10 390 \u20ac TTC<\/a><\/div>\n<div style=\"clear:left;\"><\/div>\n<h2>&#155; Cat\u00e9gorie Modern Classics<\/h2>\n<div style=\"float:left; margin:10px 2px; padding:0px; text-align:center;\"><img decoding=\"async\" data-src=\"http:\/\/www.triumphadonf.com\/motos\/pres\/2006\/bonneville.jpg\" border=\"0\" title=\"\" alt=\"\" src=\"data:image\/svg+xml;base64,PHN2ZyB3aWR0aD0iMSIgaGVpZ2h0PSIxIiB4bWxucz0iaHR0cDovL3d3dy53My5vcmcvMjAwMC9zdmciPjwvc3ZnPg==\" class=\"lazyload\" \/><br \/><a  href=\"http:\/\/www.triumphadonf.com\/motos\/mod_ac.php?mod=4\">Bonneville<br \/>7 990 \u20ac TTC<\/a><\/div>\n<div style=\"float:left; margin:10px 2px; padding:0px; text-align:center;\"><img decoding=\"async\" data-src=\"http:\/\/www.triumphadonf.com\/motos\/pres\/2006\/t100.jpg\" border=\"0\" title=\"\" alt=\"\" src=\"data:image\/svg+xml;base64,PHN2ZyB3aWR0aD0iMSIgaGVpZ2h0PSIxIiB4bWxucz0iaHR0cDovL3d3dy53My5vcmcvMjAwMC9zdmciPjwvc3ZnPg==\" class=\"lazyload\" \/><br \/><a  href=\"http:\/\/www.triumphadonf.com\/motos\/mod_ac.php?mod=5\">Bonneville T100<br \/>8 790 \u20ac TTC<\/a><\/div>\n<div style=\"float:left; margin:10px 2px; padding:0px; text-align:center;\"><img decoding=\"async\" data-src=\"http:\/\/www.triumphadonf.com\/motos\/pres\/2006\/thruxton.jpg\" border=\"0\" title=\"\" alt=\"\" src=\"data:image\/svg+xml;base64,PHN2ZyB3aWR0aD0iMSIgaGVpZ2h0PSIxIiB4bWxucz0iaHR0cDovL3d3dy53My5vcmcvMjAwMC9zdmciPjwvc3ZnPg==\" class=\"lazyload\" \/><br \/><a  href=\"http:\/\/www.triumphadonf.com\/motos\/mod_ac.php?mod=1\">Thruxton 900<br \/>8 990 \u20ac TTC<\/a><\/div>\n<div style=\"float:left; margin:10px 2px; padding:0px; text-align:center;\"><img decoding=\"async\" data-src=\"http:\/\/www.triumphadonf.com\/motos\/pres\/2006\/scrambler.jpg\" border=\"0\" title=\"\" alt=\"\" src=\"data:image\/svg+xml;base64,PHN2ZyB3aWR0aD0iMSIgaGVpZ2h0PSIxIiB4bWxucz0iaHR0cDovL3d3dy53My5vcmcvMjAwMC9zdmciPjwvc3ZnPg==\" class=\"lazyload\" \/><br \/><a  href=\"http:\/\/www.triumphadonf.com\/motos\/mod_ac.php?mod=2\">Scrambler<br \/>8 790 \u20ac TTC<\/a><\/div>\n<div style=\"clear:left;\"><\/div>\n<h2>&#155; Cat\u00e9gorie Cruisers<\/h2>\n<div style=\"float:left; margin:10px 2px; padding:0px; text-align:center;\"><img decoding=\"async\" data-src=\"http:\/\/www.triumphadonf.com\/motos\/pres\/2006\/speedmaster.jpg\" border=\"0\" title=\"\" alt=\"\" src=\"data:image\/svg+xml;base64,PHN2ZyB3aWR0aD0iMSIgaGVpZ2h0PSIxIiB4bWxucz0iaHR0cDovL3d3dy53My5vcmcvMjAwMC9zdmciPjwvc3ZnPg==\" class=\"lazyload\" \/><br \/><a  href=\"http:\/\/www.triumphadonf.com\/motos\/mod_ac.php?mod=8\">Speedmaster<br \/>9 390 \u20ac TTC<\/a><\/div>\n<div style=\"float:left; margin:10px 2px; padding:0px; text-align:center;\"><img decoding=\"async\" data-src=\"http:\/\/www.triumphadonf.com\/motos\/pres\/2006\/rocket3.jpg\" border=\"0\" title=\"\" alt=\"\" src=\"data:image\/svg+xml;base64,PHN2ZyB3aWR0aD0iMSIgaGVpZ2h0PSIxIiB4bWxucz0iaHR0cDovL3d3dy53My5vcmcvMjAwMC9zdmciPjwvc3ZnPg==\" class=\"lazyload\" \/><br \/><a  href=\"http:\/\/www.triumphadonf.com\/motos\/mod_ac.php?mod=7\">Rocket III<br \/>17 990 \u20ac TTC<\/a><\/div>\n<div style=\"float:left; margin:10px 2px; padding:0px; text-align:center;\"><img decoding=\"async\" data-src=\"http:\/\/www.triumphadonf.com\/motos\/pres\/2006\/america.jpg\" border=\"0\" title=\"\" alt=\"\" src=\"data:image\/svg+xml;base64,PHN2ZyB3aWR0aD0iMSIgaGVpZ2h0PSIxIiB4bWxucz0iaHR0cDovL3d3dy53My5vcmcvMjAwMC9zdmciPjwvc3ZnPg==\" class=\"lazyload\" \/><br \/><a  href=\"http:\/\/www.triumphadonf.com\/motos\/mod_ac.php?mod=6\">America<br \/>8 590 \u20ac TTC<\/a><\/div>\n<div style=\"float:left; margin:10px 2px; padding:0px; text-align:center;\"><img decoding=\"async\" data-src=\"http:\/\/www.triumphadonf.com\/motos\/pres\/2006\/rocket3classic.jpg\" border=\"0\" title=\"\" alt=\"\" src=\"data:image\/svg+xml;base64,PHN2ZyB3aWR0aD0iMSIgaGVpZ2h0PSIxIiB4bWxucz0iaHR0cDovL3d3dy53My5vcmcvMjAwMC9zdmciPjwvc3ZnPg==\" class=\"lazyload\" \/><br \/><a  href=\"http:\/\/www.triumphadonf.com\/motos\/mod_ac.php?mod=9\">Rocket III Classic<br \/>18 290 \u20ac TTC<\/a><\/div>\n<div style=\"clear:left;\"><\/div>\n<h2>&#155; Fin de s\u00e9rie (pas au catalogue officiel) :<\/h2>\n<div style=\"float:left; margin:10px 2px; padding:0px; text-align:center;\"><img decoding=\"async\" data-src=\"http:\/\/www.triumphadonf.com\/motos\/pres\/2006\/speed4.jpg\" border=\"0\" title=\"\" alt=\"\" src=\"data:image\/svg+xml;base64,PHN2ZyB3aWR0aD0iMSIgaGVpZ2h0PSIxIiB4bWxucz0iaHR0cDovL3d3dy53My5vcmcvMjAwMC9zdmciPjwvc3ZnPg==\" class=\"lazyload\" \/><br \/><a  href=\"http:\/\/www.triumphadonf.com\/motos\/mod_ac.php?mod=28\">Speed Four<br \/>7 999 \u20ac TTC<\/a><\/div>\n<div style=\"clear:left;\"><\/div>\n<h2>&#155; Documents \u00e0 t\u00e9l\u00e9charger<\/h2>\n<p>Retrouvez toutes les borchures TRIUMPH en t\u00e9l\u00e9chargement gratuit dans le <a href=\"http:\/\/www.triumphadonf.com\/v3\/index.php\/centre-de-documentation-triumph\/\" target=\"_blank\">centre de documentation Triumphadonf<\/a>.<\/p>\n<div style=\"border:1px solid #ccc; background:#eee; padding :2px; margin:15px 0px; font-size:10px;\">Gammes &raquo; <a href=\"http:\/\/www.triumphadonf.com\/v3\/index.php\/gamme-triumph-2009\/\">09<\/a> | <a href=\"http:\/\/www.triumphadonf.com\/v3\/index.php\/gamme-triumph-2008\/\">08<\/a> | <a href=\"http:\/\/www.triumphadonf.com\/v3\/index.php\/gamme-triumph-2007\/\">07<\/a> | <a href=\"http:\/\/www.triumphadonf.com\/v3\/index.php\/gamme-triumph-2006\/\">06<\/a> | <a href=\"http:\/\/www.triumphadonf.com\/v3\/index.php\/gamme-triumph-2005\/\">05<\/a> | <a href=\"http:\/\/www.triumphadonf.com\/v3\/index.php\/gamme-triumph-2004\/\">04<\/a> | <a href=\"http:\/\/www.triumphadonf.com\/v3\/index.php\/gamme-triumph-2003\/\">03<\/a> | <a href=\"http:\/\/www.triumphadonf.com\/v3\/index.php\/gamme-triumph-2002\/\">02<\/a> | <a href=\"http:\/\/www.triumphadonf.com\/v3\/index.php\/gamme-triumph-2001\/\">01<\/a> | <a href=\"http:\/\/www.triumphadonf.com\/v3\/index.php\/gamme-triumph-2000\/\">00<\/a> | <a href=\"http:\/\/www.triumphadonf.com\/v3\/index.php\/gamme-triumph-1999\/\">99<\/a> | <a href=\"http:\/\/www.triumphadonf.com\/v3\/index.php\/gamme-triumph-1998\/\">98<\/a> | <a href=\"http:\/\/www.triumphadonf.com\/v3\/index.php\/gamme-triumph-1997\/\">97<\/a> | <a href=\"http:\/\/www.triumphadonf.com\/v3\/index.php\/gamme-triumph-1996\/\">96<\/a> | <a href=\"http:\/\/www.triumphadonf.com\/v3\/index.php\/gamme-triumph-1995\/\">95<\/a> | <a href=\"http:\/\/www.triumphadonf.com\/v3\/index.php\/gamme-triumph-1994\/\">94<\/a> | <a href=\"http:\/\/www.triumphadonf.com\/v3\/index.php\/gamme-triumph-1993\/\">93<\/a> | <a href=\"http:\/\/www.triumphadonf.com\/v3\/index.php\/gamme-triumph-1992\/\">92<\/a><\/div>\n","protected":false},"excerpt":{"rendered":"<p>&#155; Cat\u00e9gorie Urban Sports Tiger 955i10 590 \u20ac TTC Speed Triple 105010 990 \u20ac TTC Sprint ST 105011 600 \u20ac TTC12 690 \u20ac TTC (ABS) Daytona 955i11 900 \u20ac TTC Daytona 67510 390 \u20ac TTC &#155; Cat\u00e9gorie Modern Classics Bonneville7 990 \u20ac TTC Bonneville T1008 790 \u20ac TTC Thruxton 9008 990 \u20ac TTC Scrambler8 790 [&hellip;]<\/p>\n","protected":false},"author":2,"featured_media":0,"parent":0,"menu_order":0,"comment_status":"open","ping_status":"open","template":"","meta":{"_monsterinsights_skip_tracking":false,"_monsterinsights_sitenote_active":false,"_monsterinsights_sitenote_note":"","_monsterinsights_sitenote_category":0,"footnotes":""},"class_list":["post-889","page","type-page","status-publish"],"jetpack_sharing_enabled":true,"_links":{"self":[{"href":"http:\/\/triumphadonf.com\/v3\/wp-json\/wp\/v2\/pages\/889","targetHints":{"allow":["GET"]}}],"collection":[{"href":"http:\/\/triumphadonf.com\/v3\/wp-json\/wp\/v2\/pages"}],"about":[{"href":"http:\/\/triumphadonf.com\/v3\/wp-json\/wp\/v2\/types\/page"}],"author":[{"embeddable":true,"href":"http:\/\/triumphadonf.com\/v3\/wp-json\/wp\/v2\/users\/2"}],"replies":[{"embeddable":true,"href":"http:\/\/triumphadonf.com\/v3\/wp-json\/wp\/v2\/comments?post=889"}],"version-history":[{"count":0,"href":"http:\/\/triumphadonf.com\/v3\/wp-json\/wp\/v2\/pages\/889\/revisions"}],"wp:attachment":[{"href":"http:\/\/triumphadonf.com\/v3\/wp-json\/wp\/v2\/media?parent=889"}],"curies":[{"name":"wp","href":"https:\/\/api.w.org\/{rel}","templated":true}]}}