{"id":873,"date":"2008-11-30T09:17:17","date_gmt":"2008-11-30T07:17:17","guid":{"rendered":"http:\/\/www.triumphadonf.com\/v3\/?page_id=873"},"modified":"2008-11-30T12:32:58","modified_gmt":"2008-11-30T10:32:58","slug":"gamme-triumph-2007","status":"publish","type":"page","link":"http:\/\/triumphadonf.com\/v3\/gamme-triumph-2007\/","title":{"rendered":"Gamme Triumph 2007"},"content":{"rendered":"<h2>&#155; Cat\u00e9gorie Urban Sports<\/h2>\n<div style=\"float:left; margin:10px 2px; padding:0px; text-align:center;\"><img decoding=\"async\" data-src=\"http:\/\/www.triumphadonf.com\/motos\/pres\/2007\/streettriple.jpg\" border=\"0\" title=\"\" alt=\"\" src=\"data:image\/svg+xml;base64,PHN2ZyB3aWR0aD0iMSIgaGVpZ2h0PSIxIiB4bWxucz0iaHR0cDovL3d3dy53My5vcmcvMjAwMC9zdmciPjwvc3ZnPg==\" class=\"lazyload\" \/><br \/><a  href=\"http:\/\/www.triumphadonf.com\/motos\/mod_ac.php?mod=124\">Street Triple 675<br \/>7 590 \u20ac TTC<\/a><\/div>\n<div style=\"float:left; margin:10px 2px; padding:0px; text-align:center;\"><img decoding=\"async\" data-src=\"http:\/\/www.triumphadonf.com\/motos\/pres\/2007\/dayto675.jpg\" border=\"0\" title=\"\" alt=\"\" src=\"data:image\/svg+xml;base64,PHN2ZyB3aWR0aD0iMSIgaGVpZ2h0PSIxIiB4bWxucz0iaHR0cDovL3d3dy53My5vcmcvMjAwMC9zdmciPjwvc3ZnPg==\" class=\"lazyload\" \/><br \/><a  href=\"http:\/\/www.triumphadonf.com\/motos\/mod_ac.php?mod=22\">Daytona 675<br \/>10 390 \u20ac TTC<\/a><\/div>\n<div style=\"float:left; margin:10px 2px; padding:0px; text-align:center;\"><img decoding=\"async\" data-src=\"http:\/\/www.triumphadonf.com\/motos\/pres\/2007\/speed3.jpg\" border=\"0\" title=\"\" alt=\"\" src=\"data:image\/svg+xml;base64,PHN2ZyB3aWR0aD0iMSIgaGVpZ2h0PSIxIiB4bWxucz0iaHR0cDovL3d3dy53My5vcmcvMjAwMC9zdmciPjwvc3ZnPg==\" class=\"lazyload\" \/><br \/><a  href=\"http:\/\/www.triumphadonf.com\/motos\/mod_ac.php?mod=23\">Speed Triple 1050<br \/>10 990 \u20ac TTC<\/a><\/div>\n<div style=\"float:left; margin:10px 2px; padding:0px; text-align:center;\"><img decoding=\"async\" data-src=\"http:\/\/www.triumphadonf.com\/motos\/pres\/2007\/sprint.jpg\" border=\"0\" title=\"\" alt=\"\" src=\"data:image\/svg+xml;base64,PHN2ZyB3aWR0aD0iMSIgaGVpZ2h0PSIxIiB4bWxucz0iaHR0cDovL3d3dy53My5vcmcvMjAwMC9zdmciPjwvc3ZnPg==\" class=\"lazyload\" \/><br \/><a  href=\"http:\/\/www.triumphadonf.com\/motos\/mod_ac.php?mod=24\">Sprint ST 1050<br \/>11 900 \u20ac TTC<\/a><\/div>\n<div style=\"float:left; margin:10px 2px; padding:0px; text-align:center;\"><img decoding=\"async\" data-src=\"http:\/\/www.triumphadonf.com\/motos\/pres\/2007\/tiger.jpg\" border=\"0\" title=\"\" alt=\"\" src=\"data:image\/svg+xml;base64,PHN2ZyB3aWR0aD0iMSIgaGVpZ2h0PSIxIiB4bWxucz0iaHR0cDovL3d3dy53My5vcmcvMjAwMC9zdmciPjwvc3ZnPg==\" class=\"lazyload\" \/><br \/><a  href=\"http:\/\/www.triumphadonf.com\/motos\/mod_ac.php?mod=25\">Tiger 1050<br \/>10 290 \u20ac TTC<\/a><\/div>\n<div style=\"clear:left;\"><\/div>\n<h2>&#155; Cat\u00e9gorie Modern Classics<\/h2>\n<div style=\"float:left; margin:10px 2px; padding:0px; text-align:center;\"><img decoding=\"async\" data-src=\"http:\/\/www.triumphadonf.com\/motos\/pres\/2007\/bonneville.jpg\" border=\"0\" title=\"\" alt=\"\" src=\"data:image\/svg+xml;base64,PHN2ZyB3aWR0aD0iMSIgaGVpZ2h0PSIxIiB4bWxucz0iaHR0cDovL3d3dy53My5vcmcvMjAwMC9zdmciPjwvc3ZnPg==\" class=\"lazyload\" \/><br \/><a  href=\"http:\/\/www.triumphadonf.com\/motos\/mod_ac.php?mod=14\">Bonneville<br \/>7 990 \u20ac TTC<\/a><\/div>\n<div style=\"float:left; margin:10px 2px; padding:0px; text-align:center;\"><img decoding=\"async\" data-src=\"http:\/\/www.triumphadonf.com\/motos\/pres\/2007\/t100.jpg\" border=\"0\" title=\"\" alt=\"\" src=\"data:image\/svg+xml;base64,PHN2ZyB3aWR0aD0iMSIgaGVpZ2h0PSIxIiB4bWxucz0iaHR0cDovL3d3dy53My5vcmcvMjAwMC9zdmciPjwvc3ZnPg==\" class=\"lazyload\" \/><br \/><a  href=\"http:\/\/www.triumphadonf.com\/motos\/mod_ac.php?mod=15\">Bonneville T100<br \/>8 790 \u20ac TTC<\/a><\/div>\n<div style=\"float:left; margin:10px 2px; padding:0px; text-align:center;\"><img decoding=\"async\" data-src=\"http:\/\/www.triumphadonf.com\/motos\/pres\/2007\/thruxton.jpg\" border=\"0\" title=\"\" alt=\"\" src=\"data:image\/svg+xml;base64,PHN2ZyB3aWR0aD0iMSIgaGVpZ2h0PSIxIiB4bWxucz0iaHR0cDovL3d3dy53My5vcmcvMjAwMC9zdmciPjwvc3ZnPg==\" class=\"lazyload\" \/><br \/><a  href=\"http:\/\/www.triumphadonf.com\/motos\/mod_ac.php?mod=16\">Thruxton 900<br \/>8 990 \u20ac TTC<\/a><\/div>\n<div style=\"float:left; margin:10px 2px; padding:0px; text-align:center;\"><img decoding=\"async\" data-src=\"http:\/\/www.triumphadonf.com\/motos\/pres\/2007\/scrambler.jpg\" border=\"0\" title=\"\" alt=\"\" src=\"data:image\/svg+xml;base64,PHN2ZyB3aWR0aD0iMSIgaGVpZ2h0PSIxIiB4bWxucz0iaHR0cDovL3d3dy53My5vcmcvMjAwMC9zdmciPjwvc3ZnPg==\" class=\"lazyload\" \/><br \/><a  href=\"http:\/\/www.triumphadonf.com\/motos\/mod_ac.php?mod=17\">Scrambler<br \/>8 790 \u20ac TTC<\/a><\/div>\n<div style=\"clear:left;\"><\/div>\n<h2>&#155; Cat\u00e9gorie Cruisers<\/h2>\n<div style=\"float:left; margin:10px 2px; padding:0px; text-align:center;\"><img decoding=\"async\" data-src=\"http:\/\/www.triumphadonf.com\/motos\/pres\/2007\/speedmaster.jpg\" border=\"0\" title=\"\" alt=\"\" src=\"data:image\/svg+xml;base64,PHN2ZyB3aWR0aD0iMSIgaGVpZ2h0PSIxIiB4bWxucz0iaHR0cDovL3d3dy53My5vcmcvMjAwMC9zdmciPjwvc3ZnPg==\" class=\"lazyload\" \/><br \/><a  href=\"http:\/\/www.triumphadonf.com\/motos\/mod_ac.php?mod=19\">Speedmaster<br \/>9 \t390 \u20ac TTC<\/a><\/div>\n<div style=\"float:left; margin:10px 2px; padding:0px; text-align:center;\"><img decoding=\"async\" data-src=\"http:\/\/www.triumphadonf.com\/motos\/pres\/2007\/rocket3.jpg\" border=\"0\" title=\"\" alt=\"\" src=\"data:image\/svg+xml;base64,PHN2ZyB3aWR0aD0iMSIgaGVpZ2h0PSIxIiB4bWxucz0iaHR0cDovL3d3dy53My5vcmcvMjAwMC9zdmciPjwvc3ZnPg==\" class=\"lazyload\" \/><br \/><a  href=\"http:\/\/www.triumphadonf.com\/motos\/mod_ac.php?mod=20\">Rocket III<br \/>17 990 \u20ac TTC<\/a><\/div>\n<div style=\"float:left; margin:10px 2px; padding:0px; text-align:center;\"><img decoding=\"async\" data-src=\"http:\/\/www.triumphadonf.com\/motos\/pres\/2007\/rocket3classic.jpg\" border=\"0\" title=\"\" alt=\"\" src=\"data:image\/svg+xml;base64,PHN2ZyB3aWR0aD0iMSIgaGVpZ2h0PSIxIiB4bWxucz0iaHR0cDovL3d3dy53My5vcmcvMjAwMC9zdmciPjwvc3ZnPg==\" class=\"lazyload\" \/><br \/><a  href=\"http:\/\/www.triumphadonf.com\/motos\/mod_ac.php?mod=21\">Rocket III Classic<br \/>18 290 \u20ac \u20ac TTC<\/a><\/div>\n<div style=\"float:left; margin:10px 2px; padding:0px; text-align:center;\"><img decoding=\"async\" data-src=\"http:\/\/www.triumphadonf.com\/motos\/pres\/2007\/america.jpg\" border=\"0\" title=\"\" alt=\"\" src=\"data:image\/svg+xml;base64,PHN2ZyB3aWR0aD0iMSIgaGVpZ2h0PSIxIiB4bWxucz0iaHR0cDovL3d3dy53My5vcmcvMjAwMC9zdmciPjwvc3ZnPg==\" class=\"lazyload\" \/><br \/><a  href=\"http:\/\/www.triumphadonf.com\/motos\/mod_ac.php?mod=18\">America<br \/>8 490 \u20ac TTC<\/a><\/div>\n<div style=\"clear:left;\"><\/div>\n<h2>&#155; Documents \u00e0 t\u00e9l\u00e9charger<\/h2>\n<p>Retrouvez toutes les borchures TRIUMPH en t\u00e9l\u00e9chargement gratuit dans le <a href=\"http:\/\/www.triumphadonf.com\/v3\/index.php\/centre-de-documentation-triumph\/\" target=\"_blank\">centre de documentation Triumphadonf<\/a>.<\/p>\n<div style=\"border:1px solid #ccc; background:#eee; padding :2px; margin:15px 0px; font-size:10px;\">Gammes &raquo; <a href=\"http:\/\/www.triumphadonf.com\/v3\/index.php\/gamme-triumph-2009\/\">09<\/a> | <a href=\"http:\/\/www.triumphadonf.com\/v3\/index.php\/gamme-triumph-2008\/\">08<\/a> | <a href=\"http:\/\/www.triumphadonf.com\/v3\/index.php\/gamme-triumph-2007\/\">07<\/a> | <a href=\"http:\/\/www.triumphadonf.com\/v3\/index.php\/gamme-triumph-2006\/\">06<\/a> | <a href=\"http:\/\/www.triumphadonf.com\/v3\/index.php\/gamme-triumph-2005\/\">05<\/a> | <a href=\"http:\/\/www.triumphadonf.com\/v3\/index.php\/gamme-triumph-2004\/\">04<\/a> | <a href=\"http:\/\/www.triumphadonf.com\/v3\/index.php\/gamme-triumph-2003\/\">03<\/a> | <a href=\"http:\/\/www.triumphadonf.com\/v3\/index.php\/gamme-triumph-2002\/\">02<\/a> | <a href=\"http:\/\/www.triumphadonf.com\/v3\/index.php\/gamme-triumph-2001\/\">01<\/a> | <a href=\"http:\/\/www.triumphadonf.com\/v3\/index.php\/gamme-triumph-2000\/\">00<\/a> | <a href=\"http:\/\/www.triumphadonf.com\/v3\/index.php\/gamme-triumph-1999\/\">99<\/a> | <a href=\"http:\/\/www.triumphadonf.com\/v3\/index.php\/gamme-triumph-1998\/\">98<\/a> | <a href=\"http:\/\/www.triumphadonf.com\/v3\/index.php\/gamme-triumph-1997\/\">97<\/a> | <a href=\"http:\/\/www.triumphadonf.com\/v3\/index.php\/gamme-triumph-1996\/\">96<\/a> | <a href=\"http:\/\/www.triumphadonf.com\/v3\/index.php\/gamme-triumph-1995\/\">95<\/a> | <a href=\"http:\/\/www.triumphadonf.com\/v3\/index.php\/gamme-triumph-1994\/\">94<\/a> | <a href=\"http:\/\/www.triumphadonf.com\/v3\/index.php\/gamme-triumph-1993\/\">93<\/a> | <a href=\"http:\/\/www.triumphadonf.com\/v3\/index.php\/gamme-triumph-1992\/\">92<\/a><\/div>\n","protected":false},"excerpt":{"rendered":"<p>&#155; Cat\u00e9gorie Urban Sports Street Triple 6757 590 \u20ac TTC Daytona 67510 390 \u20ac TTC Speed Triple 105010 990 \u20ac TTC Sprint ST 105011 900 \u20ac TTC Tiger 105010 290 \u20ac TTC &#155; Cat\u00e9gorie Modern Classics Bonneville7 990 \u20ac TTC Bonneville T1008 790 \u20ac TTC Thruxton 9008 990 \u20ac TTC Scrambler8 790 \u20ac TTC &#155; [&hellip;]<\/p>\n","protected":false},"author":2,"featured_media":0,"parent":0,"menu_order":0,"comment_status":"open","ping_status":"open","template":"","meta":{"_monsterinsights_skip_tracking":false,"_monsterinsights_sitenote_active":false,"_monsterinsights_sitenote_note":"","_monsterinsights_sitenote_category":0,"footnotes":""},"class_list":["post-873","page","type-page","status-publish"],"jetpack_sharing_enabled":true,"_links":{"self":[{"href":"http:\/\/triumphadonf.com\/v3\/wp-json\/wp\/v2\/pages\/873","targetHints":{"allow":["GET"]}}],"collection":[{"href":"http:\/\/triumphadonf.com\/v3\/wp-json\/wp\/v2\/pages"}],"about":[{"href":"http:\/\/triumphadonf.com\/v3\/wp-json\/wp\/v2\/types\/page"}],"author":[{"embeddable":true,"href":"http:\/\/triumphadonf.com\/v3\/wp-json\/wp\/v2\/users\/2"}],"replies":[{"embeddable":true,"href":"http:\/\/triumphadonf.com\/v3\/wp-json\/wp\/v2\/comments?post=873"}],"version-history":[{"count":0,"href":"http:\/\/triumphadonf.com\/v3\/wp-json\/wp\/v2\/pages\/873\/revisions"}],"wp:attachment":[{"href":"http:\/\/triumphadonf.com\/v3\/wp-json\/wp\/v2\/media?parent=873"}],"curies":[{"name":"wp","href":"https:\/\/api.w.org\/{rel}","templated":true}]}}