{"id":8531,"date":"2012-06-27T12:08:44","date_gmt":"2012-06-27T11:08:44","guid":{"rendered":"http:\/\/www.triumphadonf.com\/v3\/?page_id=8531"},"modified":"2012-06-27T12:56:19","modified_gmt":"2012-06-27T11:56:19","slug":"le-type-mine-et-les-types-modeles-triumph-inventaire-et-lecture-de-carte-grise","status":"publish","type":"page","link":"http:\/\/triumphadonf.com\/v3\/le-type-mine-et-les-types-modeles-triumph-inventaire-et-lecture-de-carte-grise\/","title":{"rendered":"Le Type mine et les Types mod\u00e8les Triumph, inventaire et lecture de carte grise"},"content":{"rendered":"<p><a href=\"http:\/\/www.triumphadonf.com\/v3\/index.php\/le-type-mine-et-les-types-modeles-triumph-inventaire-et-lecture-de-carte-grise\/attachment\/carte-grise\/\" rel=\"attachment wp-att-12030\"><img decoding=\"async\" class=\"aligncenter size-medium wp-image-12030 lazyload\" title=\"Carte-grise\" data-src=\"http:\/\/www.triumphadonf.com\/v3\/wp-content\/uploads\/2012\/06\/Carte-grise-645x320.jpg\" alt=\"\" width=\"645\" height=\"320\" src=\"data:image\/svg+xml;base64,PHN2ZyB3aWR0aD0iMSIgaGVpZ2h0PSIxIiB4bWxucz0iaHR0cDovL3d3dy53My5vcmcvMjAwMC9zdmciPjwvc3ZnPg==\" style=\"--smush-placeholder-width: 645px; --smush-placeholder-aspect-ratio: 645\/320;\" \/><\/a><\/p>\n<h1>Le type mine : lire un certificat d&rsquo;immatriculation<\/h1>\n<p>Gr\u00e2ce au type mine que vous trouverez sur le certificat d&rsquo;immatriculation, vous pouvez identifier de mani\u00e8re pr\u00e9cise le v\u00e9hicule concern\u00e9, en particulier l&rsquo;ann\u00e9e et le mod\u00e8le exact de Triumph dans notre cas. Il faut en r\u00e9alit\u00e9 d\u00e9chiffrer une s\u00e9rie de chiffres et lettres qui constituent le VIN ou \u00ab\u00a0Vehicule Identification Number\u00a0\u00bb.<\/p>\n<h2>Exemple de \u00ab\u00a0VIN\u00a0\u00bb<\/h2>\n<p>Voici ce que l&rsquo;on peut lire sur une carte grise : SMT TE508 M G Y 098198<\/p>\n<p>Cela signifie : Triumph &#8211; Speed Triple 955i &#8211; 3 cylindres 79x65mm &#8211; d\u00e9multiplication finale 18\/43 &#8211; ann\u00e9e de construction 2000 &#8211; num\u00e9ro de ch\u00e2ssis 098198<\/p>\n<h2>Traduction<\/h2>\n<p><strong>SMT :<\/strong> c&rsquo;est l&rsquo;identifiant constructeur (ici Triumph)<\/p>\n<p><strong>TE508 :<\/strong> c&rsquo;est le Type mod\u00e8le (ici un Speed Triple 955i)<\/p>\n<p><strong>M :<\/strong>\u00a0Identifiant moteur &#8211; correspond \u00e0 la configuration du moteur (nbr. cylindres x al\u00e9sage\/course) : A=4 x 76\/55, B=3 x 76\/55, C=4 x 76\/65, D=3 x 76\/65, &#8230;, M=3 x 79\/65<\/p>\n<p><strong>G :\u00a0<\/strong>rapport de d\u00e9multiplication finale:\u00a0A=4 x 76\/55, B=3 x 76\/55, C=4 x 76\/65, D=3 x 76\/65, M=3 x 79\/65<\/p>\n<p>Y :\u00a0ann\u00e9e de construction : L=1990, M=1991, N=1992, P=1993, R=1994, S=1995, T=1996, V=1997, W=1998, X=1999, Y=2000, 01=2001, 02=2002, etc.\u2026<\/p>\n<p><strong>098198 :<\/strong> c&rsquo;est le num\u00e9ro de ch\u00e2ssis (qui s&rsquo;incr\u00e9mente depuis depuis la reprise de la production des Triumph modernes en 2001)<\/p>\n<h2>Un outil sur le web pour d\u00e9coder les VIN<\/h2>\n<p><a href=\"http:\/\/www.motoverse.com\/tools\/vin\/triumph.asp\" target=\"_blank\">http:\/\/www.motoverse.com\/tools\/vin\/triumph.asp<\/a><\/p>\n<p><em>Fonctionnement \u00e0 tester et v\u00e9rifier&#8230;<\/em><\/p>\n<h1>Les Types mod\u00e8les Triumph<\/h1>\n<p>T301 : SPEED TRIPLE\u00a0900 (1994 \u00e0 1996)<\/p>\n<p>T311 : DAYTONA SUPER III 900<\/p>\n<p>T312 : DAYTONA SUPER III 900 (1993-1994)<\/p>\n<p>T314 : DAYTONA SUPER III 900 (1996)<\/p>\n<p>T330 : DAYTONA\u00a0750<\/p>\n<p>T333 : TRIDENT\u00a0750<\/p>\n<p>T336 : TROPHY\u00a0900 (1991)<\/p>\n<p>T338 : TRIDENT\u00a0900\u00a0(1991-1992)<\/p>\n<p>T338-1 : SPRINT\u00a0900 (1995)<\/p>\n<p>T339 : THUNDERBIRD\u00a0900\u00a0(1996)<\/p>\n<p>T341 : TROPHY 1200 (1992)<\/p>\n<p>T342 : TROPHY 1200 (1991)<\/p>\n<p>T345 : TROPHY\u00a01200 (1991-1996-1998)<\/p>\n<p>T346 : DAYTONA 1000 (1991-1993)<\/p>\n<p>T354 : DAYTONA 1200 (1992)<\/p>\n<p>T355 : DAYTONA 1200 (1993)<\/p>\n<p>T356 : DAYTONA 1200 (1994)<\/p>\n<p>T357 : DAYTONA 900 (1993 \u00e0 1996)<\/p>\n<p>T362 : SPRINT 900 (1993-1994)<\/p>\n<p>T364 : SPRINT EXECUTIVE 900<\/p>\n<p>T365 : SPRINT SPORT 900<\/p>\n<p>T380D : SPRINT 900 (1996)<\/p>\n<p>T396 : LEGEND TT 900<\/p>\n<p>T398 : THUNDERBIRD SPORT 900 (1998)<\/p>\n<p>T399 : ADVENTURER 900<\/p>\n<p>T430 : TIGER 900 (1993-1994)<\/p>\n<p>T501 : SPEED TRIPLE T509 (1997)<\/p>\n<p>T502 : DAYTONA T595-955i (1997-1999-2001)<\/p>\n<p>T504: DAYTONA \u00ab\u00a0T595\u00a0\u00bb (1997)<\/p>\n<p>T508 : SPEED TRIPLE 955i (1999-2000)<\/p>\n<p>T509 : SPEED TRIPLE (1997)<\/p>\n<p>T551 : SPEED TRIPLE 955i (2002-2003)<\/p>\n<p>T566 : SPEED TRIPLE 955i (cadre noir) (2004)<\/p>\n<p>T585 : SPEED TRIPLE 1050cc (2005-2006)<\/p>\n<p>T605 : SPRINT RS 955i (2000)<\/p>\n<p>T620 : SPRINT ST<\/p>\n<p>T625 : SPRINT RS<\/p>\n<p>T700 : TIGER (\u00e0 partir de 1999 &#8211; 2000)<\/p>\n<p>T730 : TIGER 955i (2005)<\/p>\n<p>T800 : TT600 (2000)<\/p>\n<p>T801 : SPEED FOUR (2002-2004)<\/p>\n<p>T811 : SPEED FOUR (2005)<\/p>\n<p>T835 : DAYTONA 600 (2004)<\/p>\n<p>T905J : BONNEVILLE AMERICA (2001)<\/p>\n<p>T910H : BONNEVILLE T100 (2003)<\/p>\n<p>T914 : THRUXTON 900 (2004)<\/p>\n<p>T915 : BONNEVILLE T100 (2005)<\/p>\n<p>TD10 : DAYTONA 675 (2006)<\/p>\n<h2><span style=\"color: #ff0000;\">Remarque importante :\u00a0<\/span><\/h2>\n<p>Cette liste &#8211; non exhaustive &#8211; a \u00e9t\u00e9 r\u00e9alis\u00e9e en prenant diff\u00e9rentes sources d&rsquo;informations non officielles. Ainsi si vous trouvez une erreur ou si vous avez des informations pouvant la compl\u00e9ter, je vous remercie de m&rsquo;en faire part, en utilisant <a title=\"Contacter le webmaster\" href=\"http:\/\/www.triumphadonf.com\/v3\/index.php\/contact\/\">le formulaire de contact<\/a>.<\/p>\n<p>Si vous \u00eates experts dans les mod\u00e8les de Daytona, en particulier la transition T595 vers 955i, n&rsquo;h\u00e9sitez pas \u00e0 intervenir !<\/p>\n<p>Vous pouvez aussi utiliser les commentaires en bas de page.<\/p>\n<h1>Code d&rsquo;identification interne Triumph<\/h1>\n<p>Ce r\u00e9f\u00e9rentiel trouv\u00e9 chez l&rsquo;ami transalpin Fedrotriple sert, \u00e0 priori en interne, \u00e0 l&rsquo;indentification des mod\u00e8les \u00e0 travers les gammes. Je vous le livre sans autre commentaire&#8230;<\/p>\n<p>T375SP:DAYTONA 750<\/p>\n<p>T310SP:DAYTONA 1000<\/p>\n<p>T309SP:DAYTONA 900<\/p>\n<p>T312SP:DAYTONA 1200<\/p>\n<p>T309SR:SUPER III<\/p>\n<p>T375RP:SPEED TRIPLE<\/p>\n<p>T309RP:SPEED TRIPLE<\/p>\n<p>T375R:TRIDENT 750<\/p>\n<p>T309R:TRIDENT 900<\/p>\n<p>T309RS:SPRINT<\/p>\n<p>T309RF:SPRINT SPORT<\/p>\n<p>T309RG:SPRINT EXECUTIVE<\/p>\n<p>T309ST:TROPHY 900<\/p>\n<p>T312ST:TROPHY 1200<\/p>\n<p>T309RT:THUNDERBIRD<\/p>\n<p>T309RC:ADVENTURER (fino al MY 1998)<\/p>\n<p>T309SN:ADVENTURER<\/p>\n<p>T309RD:THUNDERBIRD SPORT<\/p>\n<p>T309RL:LEGEND TT<\/p>\n<p>T409EN:TIGER (fino al MY 1998)<\/p>\n<p>T709EN:TIGER (MY 1999 \u2013 2000)<\/p>\n<p>T795NE:TIGER (MY 2001 \u2013 2004)<\/p>\n<p>T795NK:TIGER (MY2005)<\/p>\n<p>T595SP:DAYONA 955i (fino al VIN 132512) MY\u00a01997-2000<\/p>\n<p>T509RP:SPEED TRIPLE 885cc<\/p>\n<p>T595RP:SPEED TRIPLE 955cc<\/p>\n<p>T595NS:DAYtONA 955i dal VIN 132513 Bibraccio post.<\/p>\n<p>T595NB\/NL:DAYONA 955i dal VIN 132513 Monobraccio post.<\/p>\n<p>T595NC:SPEED TRIPLE 955cc dal VIN 141872 (dal 2002)<\/p>\n<p>T695ST:SPRINT ST fino al VIN 139276<\/p>\n<p>T695RS:SPRINT RS fino al VIN 139276<\/p>\n<p>T695NT:SPRINT ST 955cc dal VIN 139277<\/p>\n<p>T695NR:SPRINT RS 955cc<\/p>\n<p>T806SP:TT600<\/p>\n<p>908\/9MD:BONNEVILLE<\/p>\n<p>908\/9MF:BONNEVILLE T100<\/p>\n<p>908\/9MK:BONNEVILLE AMERICA<\/p>\n<p>T806LB:SPEED FOUR<\/p>\n<p>908ML:SPEEDMASTER 790cc<\/p>\n<p>909ML:SPEEDMASTER 865cc<\/p>\n<p>T806LW:DAYTONA 600<\/p>\n<p>T806LX:DAYTONA 650<\/p>\n<p>C20XB:ROCKET III<\/p>\n<p>T695NA\/ND:SPRINT ST 1050cc<\/p>\n<p>T595NJ:SPEED TRIPLE 1050cc<\/p>\n<p>909ME:THRUXTON<\/p>\n<p>D6LC:DAYTONA 675<\/p>\n<p>D6LD:STREET TRIPLE\u00a0675<\/p>\n<p>&nbsp;<\/p>\n","protected":false},"excerpt":{"rendered":"<p>Le type mine : lire un certificat d&rsquo;immatriculation Gr\u00e2ce au type mine que vous trouverez sur le certificat d&rsquo;immatriculation, vous pouvez identifier de mani\u00e8re pr\u00e9cise le v\u00e9hicule concern\u00e9, en particulier l&rsquo;ann\u00e9e et le mod\u00e8le exact de Triumph dans notre cas. Il faut en r\u00e9alit\u00e9 d\u00e9chiffrer une s\u00e9rie de chiffres et lettres qui constituent le VIN [&hellip;]<\/p>\n","protected":false},"author":2,"featured_media":12030,"parent":0,"menu_order":0,"comment_status":"open","ping_status":"open","template":"","meta":{"_monsterinsights_skip_tracking":false,"_monsterinsights_sitenote_active":false,"_monsterinsights_sitenote_note":"","_monsterinsights_sitenote_category":0,"footnotes":""},"class_list":["post-8531","page","type-page","status-publish","has-post-thumbnail"],"jetpack_sharing_enabled":true,"_links":{"self":[{"href":"http:\/\/triumphadonf.com\/v3\/wp-json\/wp\/v2\/pages\/8531","targetHints":{"allow":["GET"]}}],"collection":[{"href":"http:\/\/triumphadonf.com\/v3\/wp-json\/wp\/v2\/pages"}],"about":[{"href":"http:\/\/triumphadonf.com\/v3\/wp-json\/wp\/v2\/types\/page"}],"author":[{"embeddable":true,"href":"http:\/\/triumphadonf.com\/v3\/wp-json\/wp\/v2\/users\/2"}],"replies":[{"embeddable":true,"href":"http:\/\/triumphadonf.com\/v3\/wp-json\/wp\/v2\/comments?post=8531"}],"version-history":[{"count":0,"href":"http:\/\/triumphadonf.com\/v3\/wp-json\/wp\/v2\/pages\/8531\/revisions"}],"wp:featuredmedia":[{"embeddable":true,"href":"http:\/\/triumphadonf.com\/v3\/wp-json\/wp\/v2\/media\/12030"}],"wp:attachment":[{"href":"http:\/\/triumphadonf.com\/v3\/wp-json\/wp\/v2\/media?parent=8531"}],"curies":[{"name":"wp","href":"https:\/\/api.w.org\/{rel}","templated":true}]}}