{"id":788,"date":"2008-11-29T18:18:48","date_gmt":"2008-11-29T16:18:48","guid":{"rendered":"http:\/\/www.triumphadonf.com\/v3\/?page_id=788"},"modified":"2008-11-30T12:33:23","modified_gmt":"2008-11-30T10:33:23","slug":"gamme-triumph-2005","status":"publish","type":"page","link":"http:\/\/triumphadonf.com\/v3\/gamme-triumph-2005\/","title":{"rendered":"Gamme Triumph 2005"},"content":{"rendered":"<h2>&#155; Cat\u00e9gorie Urban Sports<\/h2>\n<div style=\"float:left; margin:10px 2px; padding:0px; text-align:center;\"><img decoding=\"async\" data-src=\"http:\/\/www.triumphadonf.com\/motos\/pres\/2005\/daytona955i.jpg\" border=\"0\" title=\"\" alt=\"\" src=\"data:image\/svg+xml;base64,PHN2ZyB3aWR0aD0iMSIgaGVpZ2h0PSIxIiB4bWxucz0iaHR0cDovL3d3dy53My5vcmcvMjAwMC9zdmciPjwvc3ZnPg==\" class=\"lazyload\" \/><br \/><a href=\"http:\/\/www.triumphadonf.com\/motos\/mod_ac.php?mod=27\">Daytona 955i<br \/>11 900 \u20ac TTC<\/a><\/div>\n<div style=\"float:left; margin:10px 2px; padding:0px; text-align:center;\"><img decoding=\"async\" data-src=\"http:\/\/www.triumphadonf.com\/motos\/pres\/2005\/speedtriple.jpg\" border=\"0\" title=\"\" alt=\"\" src=\"data:image\/svg+xml;base64,PHN2ZyB3aWR0aD0iMSIgaGVpZ2h0PSIxIiB4bWxucz0iaHR0cDovL3d3dy53My5vcmcvMjAwMC9zdmciPjwvc3ZnPg==\" class=\"lazyload\" \/><br \/><a href=\"http:\/\/www.triumphadonf.com\/motos\/mod_ac.php?mod=29\">Speed Triple 1050<br \/>10 990 \u20ac TTC<\/a><\/div>\n<div style=\"float:left; margin:10px 2px; padding:0px; text-align:center;\"><img decoding=\"async\" data-src=\"http:\/\/www.triumphadonf.com\/motos\/pres\/2005\/daytona650.jpg\" border=\"0\" title=\"\" alt=\"\" src=\"data:image\/svg+xml;base64,PHN2ZyB3aWR0aD0iMSIgaGVpZ2h0PSIxIiB4bWxucz0iaHR0cDovL3d3dy53My5vcmcvMjAwMC9zdmciPjwvc3ZnPg==\" class=\"lazyload\" \/><br \/><a href=\"http:\/\/www.triumphadonf.com\/motos\/mod_ac.php?mod=26\">Daytona 650<br \/>&#8211; &#8212; \u20ac TTC<\/a><\/div>\n<div style=\"float:left; margin:10px 2px; padding:0px; text-align:center;\"><img decoding=\"async\" data-src=\"http:\/\/www.triumphadonf.com\/motos\/pres\/2005\/sprintst.jpg\" border=\"0\" title=\"\" alt=\"\" src=\"data:image\/svg+xml;base64,PHN2ZyB3aWR0aD0iMSIgaGVpZ2h0PSIxIiB4bWxucz0iaHR0cDovL3d3dy53My5vcmcvMjAwMC9zdmciPjwvc3ZnPg==\" class=\"lazyload\" \/><br \/><a href=\"http:\/\/www.triumphadonf.com\/motos\/mod_ac.php?mod=30\">Sprint ST 1050<br \/>11 600 \u20ac TTC<\/a><\/div>\n<div style=\"float:left; margin:10px 2px; padding:0px; text-align:center;\"><img decoding=\"async\" data-src=\"http:\/\/www.triumphadonf.com\/motos\/pres\/2005\/speedfour.jpg\" border=\"0\" title=\"\" alt=\"\" src=\"data:image\/svg+xml;base64,PHN2ZyB3aWR0aD0iMSIgaGVpZ2h0PSIxIiB4bWxucz0iaHR0cDovL3d3dy53My5vcmcvMjAwMC9zdmciPjwvc3ZnPg==\" class=\"lazyload\" \/><br \/><a href=\"http:\/\/www.triumphadonf.com\/motos\/mod_ac.php?mod=28\">Speed Four<br \/>7 999 \u20ac TTC<\/a><\/div>\n<div style=\"float:left; margin:10px 2px; padding:0px; text-align:center;\"><img decoding=\"async\" data-src=\"http:\/\/www.triumphadonf.com\/motos\/pres\/2005\/tiger.jpg\" border=\"0\" title=\"\" alt=\"\" src=\"data:image\/svg+xml;base64,PHN2ZyB3aWR0aD0iMSIgaGVpZ2h0PSIxIiB4bWxucz0iaHR0cDovL3d3dy53My5vcmcvMjAwMC9zdmciPjwvc3ZnPg==\" class=\"lazyload\" \/><br \/><a href=\"http:\/\/www.triumphadonf.com\/motos\/mod_ac.php?mod=31\">Tiger 955i<br \/>10 650 \u20ac TTC<\/a><\/div>\n<div style=\"clear:left;\"><\/div>\n<h2>&#155; Cat\u00e9gorie Modern Classics<\/h2>\n<div style=\"float:left; margin:10px 2px; padding:0px; text-align:center;\"><img decoding=\"async\" data-src=\"http:\/\/www.triumphadonf.com\/motos\/pres\/2005\/bonneville.jpg\" border=\"0\" title=\"\" alt=\"\" src=\"data:image\/svg+xml;base64,PHN2ZyB3aWR0aD0iMSIgaGVpZ2h0PSIxIiB4bWxucz0iaHR0cDovL3d3dy53My5vcmcvMjAwMC9zdmciPjwvc3ZnPg==\" class=\"lazyload\" \/><br \/><a href=\"http:\/\/www.triumphadonf.com\/motos\/mod_ac.php?mod=32\">Bonneville<br \/>8 100 \u20ac TTC<\/a><\/div>\n<div style=\"float:left; margin:10px 2px; padding:0px; text-align:center;\"><img decoding=\"async\" data-src=\"http:\/\/www.triumphadonf.com\/motos\/pres\/2005\/bonnevillet100.jpg\" border=\"0\" title=\"\" alt=\"\" src=\"data:image\/svg+xml;base64,PHN2ZyB3aWR0aD0iMSIgaGVpZ2h0PSIxIiB4bWxucz0iaHR0cDovL3d3dy53My5vcmcvMjAwMC9zdmciPjwvc3ZnPg==\" class=\"lazyload\" \/><br \/><a href=\"http:\/\/www.triumphadonf.com\/motos\/mod_ac.php?mod=35\">Bonneville T100<br \/>8 690 \u20ac TTC<\/a><\/div>\n<div style=\"float:left; margin:10px 2px; padding:0px; text-align:center;\"><img decoding=\"async\" data-src=\"http:\/\/www.triumphadonf.com\/motos\/pres\/2005\/thruxton900.jpg\" border=\"0\" title=\"\" alt=\"\" src=\"data:image\/svg+xml;base64,PHN2ZyB3aWR0aD0iMSIgaGVpZ2h0PSIxIiB4bWxucz0iaHR0cDovL3d3dy53My5vcmcvMjAwMC9zdmciPjwvc3ZnPg==\" class=\"lazyload\" \/><br \/><a href=\"http:\/\/www.triumphadonf.com\/motos\/mod_ac.php?mod=36\">Thruxton 900<br \/>8 990 \u20ac TTC<\/a><\/div>\n<div style=\"clear:left;\"><\/div>\n<h2>&#155; Cat\u00e9gorie Cruisers<\/h2>\n<div style=\"float:left; margin:10px 2px; padding:0px; text-align:center;\"><img decoding=\"async\" data-src=\"http:\/\/www.triumphadonf.com\/motos\/pres\/2005\/speedmaster.jpg\" border=\"0\" title=\"\" alt=\"\" src=\"data:image\/svg+xml;base64,PHN2ZyB3aWR0aD0iMSIgaGVpZ2h0PSIxIiB4bWxucz0iaHR0cDovL3d3dy53My5vcmcvMjAwMC9zdmciPjwvc3ZnPg==\" class=\"lazyload\" \/><br \/><a href=\"http:\/\/www.triumphadonf.com\/motos\/mod_ac.php?mod=37\">Speedmaster<br \/>&#8212; &#8212; \u20ac TTC<\/a><\/div>\n<div style=\"float:left; margin:10px 2px; padding:0px; text-align:center;\"><img decoding=\"async\" data-src=\"http:\/\/www.triumphadonf.com\/motos\/pres\/2005\/rocket3.jpg\" border=\"0\" title=\"\" alt=\"\" src=\"data:image\/svg+xml;base64,PHN2ZyB3aWR0aD0iMSIgaGVpZ2h0PSIxIiB4bWxucz0iaHR0cDovL3d3dy53My5vcmcvMjAwMC9zdmciPjwvc3ZnPg==\" class=\"lazyload\" \/><br \/><a href=\"http:\/\/www.triumphadonf.com\/motos\/mod_ac.php?mod=34\">Rocket III<br \/>17 990 \u20ac TTC<\/a><\/div>\n<div style=\"float:left; margin:10px 2px; padding:0px; text-align:center;\"><img decoding=\"async\" data-src=\"http:\/\/www.triumphadonf.com\/motos\/pres\/2005\/america.jpg\" border=\"0\" title=\"\" alt=\"\" src=\"data:image\/svg+xml;base64,PHN2ZyB3aWR0aD0iMSIgaGVpZ2h0PSIxIiB4bWxucz0iaHR0cDovL3d3dy53My5vcmcvMjAwMC9zdmciPjwvc3ZnPg==\" class=\"lazyload\" \/><br \/><a href=\"http:\/\/www.triumphadonf.com\/motos\/mod_ac.php?mod=33\">America<br \/>8 590 \u20ac TTC<\/a><\/div>\n<div style=\"clear:left;\"><\/div>\n<h2>&#155; Documents \u00e0 t\u00e9l\u00e9charger<\/h2>\n<p>Retrouvez toutes les borchures TRIUMPH en t\u00e9l\u00e9chargement gratuit dans le <a href=\"http:\/\/www.triumphadonf.com\/v3\/index.php\/centre-de-documentation-triumph\/\" target=\"_blank\">centre de documentation Triumphadonf<\/a>.<\/p>\n<div style=\"border:1px solid #ccc; background:#eee; padding :2px; margin:15px 0px; font-size:10px;\">Gammes &raquo; <a href=\"http:\/\/www.triumphadonf.com\/v3\/index.php\/gamme-triumph-2009\/\">09<\/a> | <a href=\"http:\/\/www.triumphadonf.com\/v3\/index.php\/gamme-triumph-2008\/\">08<\/a> | <a href=\"http:\/\/www.triumphadonf.com\/v3\/index.php\/gamme-triumph-2007\/\">07<\/a> | <a href=\"http:\/\/www.triumphadonf.com\/v3\/index.php\/gamme-triumph-2006\/\">06<\/a> | <a href=\"http:\/\/www.triumphadonf.com\/v3\/index.php\/gamme-triumph-2005\/\">05<\/a> | <a href=\"http:\/\/www.triumphadonf.com\/v3\/index.php\/gamme-triumph-2004\/\">04<\/a> | <a href=\"http:\/\/www.triumphadonf.com\/v3\/index.php\/gamme-triumph-2003\/\">03<\/a> | <a href=\"http:\/\/www.triumphadonf.com\/v3\/index.php\/gamme-triumph-2002\/\">02<\/a> | <a href=\"http:\/\/www.triumphadonf.com\/v3\/index.php\/gamme-triumph-2001\/\">01<\/a> | <a href=\"http:\/\/www.triumphadonf.com\/v3\/index.php\/gamme-triumph-2000\/\">00<\/a> | <a href=\"http:\/\/www.triumphadonf.com\/v3\/index.php\/gamme-triumph-1999\/\">99<\/a> | <a href=\"http:\/\/www.triumphadonf.com\/v3\/index.php\/gamme-triumph-1998\/\">98<\/a> | <a href=\"http:\/\/www.triumphadonf.com\/v3\/index.php\/gamme-triumph-1997\/\">97<\/a> | <a href=\"http:\/\/www.triumphadonf.com\/v3\/index.php\/gamme-triumph-1996\/\">96<\/a> | <a href=\"http:\/\/www.triumphadonf.com\/v3\/index.php\/gamme-triumph-1995\/\">95<\/a> | <a href=\"http:\/\/www.triumphadonf.com\/v3\/index.php\/gamme-triumph-1994\/\">94<\/a> | <a href=\"http:\/\/www.triumphadonf.com\/v3\/index.php\/gamme-triumph-1993\/\">93<\/a> | <a href=\"http:\/\/www.triumphadonf.com\/v3\/index.php\/gamme-triumph-1992\/\">92<\/a><\/div>\n","protected":false},"excerpt":{"rendered":"<p>&#155; Cat\u00e9gorie Urban Sports Daytona 955i11 900 \u20ac TTC Speed Triple 105010 990 \u20ac TTC Daytona 650&#8211; &#8212; \u20ac TTC Sprint ST 105011 600 \u20ac TTC Speed Four7 999 \u20ac TTC Tiger 955i10 650 \u20ac TTC &#155; Cat\u00e9gorie Modern Classics Bonneville8 100 \u20ac TTC Bonneville T1008 690 \u20ac TTC Thruxton 9008 990 \u20ac TTC &#155; [&hellip;]<\/p>\n","protected":false},"author":2,"featured_media":0,"parent":0,"menu_order":0,"comment_status":"open","ping_status":"open","template":"","meta":{"_monsterinsights_skip_tracking":false,"_monsterinsights_sitenote_active":false,"_monsterinsights_sitenote_note":"","_monsterinsights_sitenote_category":0,"footnotes":""},"class_list":["post-788","page","type-page","status-publish"],"jetpack_sharing_enabled":true,"_links":{"self":[{"href":"http:\/\/triumphadonf.com\/v3\/wp-json\/wp\/v2\/pages\/788","targetHints":{"allow":["GET"]}}],"collection":[{"href":"http:\/\/triumphadonf.com\/v3\/wp-json\/wp\/v2\/pages"}],"about":[{"href":"http:\/\/triumphadonf.com\/v3\/wp-json\/wp\/v2\/types\/page"}],"author":[{"embeddable":true,"href":"http:\/\/triumphadonf.com\/v3\/wp-json\/wp\/v2\/users\/2"}],"replies":[{"embeddable":true,"href":"http:\/\/triumphadonf.com\/v3\/wp-json\/wp\/v2\/comments?post=788"}],"version-history":[{"count":0,"href":"http:\/\/triumphadonf.com\/v3\/wp-json\/wp\/v2\/pages\/788\/revisions"}],"wp:attachment":[{"href":"http:\/\/triumphadonf.com\/v3\/wp-json\/wp\/v2\/media?parent=788"}],"curies":[{"name":"wp","href":"https:\/\/api.w.org\/{rel}","templated":true}]}}