{"id":75,"date":"2008-10-28T16:53:14","date_gmt":"2008-10-28T14:53:14","guid":{"rendered":"http:\/\/www.triumphadonf.com\/v3\/?page_id=75"},"modified":"2015-01-15T19:59:27","modified_gmt":"2015-01-15T18:59:27","slug":"plan-du-site","status":"publish","type":"page","link":"http:\/\/triumphadonf.com\/v3\/plan-du-site\/","title":{"rendered":"Plan du site"},"content":{"rendered":"<h3><em><strong>Attention, le plan du site n&rsquo;est pas compl\u00e8tement \u00e0 jour, il le sera d&rsquo;ici peu&#8230;<\/strong><\/em><\/h3>\n<h3><strong><span style=\"text-decoration: underline;\">Accueil et options courantes :\u00a0<\/span><\/strong><\/h3>\n<ul>\n<li><a href=\"http:\/\/www.triumphadonf.com\/\">Page d&rsquo;accueil de Triumphadonf<\/a><\/li>\n<li><a href=\"mailto:webmaster@triumphadonf.com\">Contacter le webmaster<\/a><\/li>\n<li><a href=\"http:\/\/www.triumphadonf.com\/v3\/index.php\/inscription-newsletter\/\">S&rsquo;inscrire \u00e0 la newsletter<\/a><\/li>\n<li><span style=\"color: #551a8b; text-decoration: underline;\"><a href=\"http:\/\/www.triumphadonf.com\/v3\/index.php\/inscription-rss\/\">Abonnement RSS (c&rsquo;est quoi le RSS ???)<\/a><\/span><\/li>\n<\/ul>\n<div>\n<h3><span style=\"text-decoration: underline;\">L&rsquo;actualit\u00e9, rubrique par rubrique :<\/span><\/h3>\n<div>\n<ul>\n<li class=\"cat-item cat-item-9\"><a title=\"Voir tous les articles class\u00e9s dans Accessoires &amp; Equipements\" href=\"http:\/\/www.triumphadonf.com\/v3\/index.php\/category\/accessoire-equipement\/\">Accessoires &amp; Equipements<\/a><\/li>\n<li class=\"cat-item cat-item-15\"><a title=\"Voir tous les articles class\u00e9s dans Bonneville\" href=\"http:\/\/www.triumphadonf.com\/v3\/index.php\/category\/bonneville\/\">Bonneville<\/a><\/li>\n<li class=\"cat-item cat-item-45\"><a title=\"Voir tous les articles class\u00e9s dans Daytona\" href=\"http:\/\/www.triumphadonf.com\/v3\/index.php\/category\/daytona\/\">Daytona<\/a><\/li>\n<li class=\"cat-item cat-item-27\"><a title=\"Voir tous les articles class\u00e9s dans Monde Moto\" href=\"http:\/\/www.triumphadonf.com\/v3\/index.php\/category\/monde-moto\/\">Monde Moto<\/a><\/li>\n<li class=\"cat-item cat-item-17\"><a title=\"Voir tous les articles class\u00e9s dans Pr\u00e9paration\" href=\"http:\/\/www.triumphadonf.com\/v3\/index.php\/category\/preparation\/\">Pr\u00e9paration<\/a><\/li>\n<li class=\"cat-item cat-item-4\"><a title=\"Voir tous les articles class\u00e9s dans Racing\" href=\"http:\/\/www.triumphadonf.com\/v3\/index.php\/category\/racing\/\">Racing<\/a><\/li>\n<li class=\"cat-item cat-item-41\"><a title=\"Voir tous les articles class\u00e9s dans Sexy\" href=\"http:\/\/www.triumphadonf.com\/v3\/index.php\/category\/sexy\/\">Sexy<\/a><\/li>\n<li class=\"cat-item cat-item-12\"><a title=\"Voir tous les articles class\u00e9s dans Speed Triple\" href=\"http:\/\/www.triumphadonf.com\/v3\/index.php\/category\/speed-triple\/\">Speed Triple<\/a><\/li>\n<li class=\"cat-item cat-item-47\"><a title=\"Voir tous les articles class\u00e9s dans Sprint\" href=\"http:\/\/www.triumphadonf.com\/v3\/index.php\/category\/sprint\/\">Sprint<\/a><\/li>\n<li class=\"cat-item cat-item-18\"><a title=\"Voir tous les articles class\u00e9s dans Street Triple\" href=\"http:\/\/www.triumphadonf.com\/v3\/index.php\/category\/street-triple\/\">Street Triple<\/a><\/li>\n<li class=\"cat-item cat-item-22\"><a title=\"Voir tous les articles class\u00e9s dans Thunderbird\" href=\"http:\/\/www.triumphadonf.com\/v3\/index.php\/category\/thunderbird\/\">Thunderbird<\/a><\/li>\n<li class=\"cat-item cat-item-39\"><a title=\"Voir tous les articles class\u00e9s dans Tiger\" href=\"http:\/\/www.triumphadonf.com\/v3\/index.php\/category\/tiger\/\">Tiger<\/a><\/li>\n<li class=\"cat-item cat-item-20\"><a title=\"Voir tous les articles class\u00e9s dans Triumph\" href=\"http:\/\/www.triumphadonf.com\/v3\/index.php\/category\/triumph\/\">Triumph<\/a><\/li>\n<\/ul>\n<\/div>\n<\/div>\n<h3><span style=\"text-decoration: underline;\"><strong>Tous les mod\u00e8les Triumph :<\/strong><\/span><\/h3>\n<div>\n<ul>\n<li><a href=\"http:\/\/www.triumphadonf.com\/motos\/index.php\">Tous les mod\u00e8les depuis 1992<\/a><\/li>\n<li><a href=\"http:\/\/www.triumphadonf.com\/mod_anc\/mod_anc.php\">Anciens mod\u00e8les<\/a>\u00a0(en reconstruction)<\/li>\n<li><a href=\"http:\/\/www.triumphadonf.com\/v3\/index.php\/historique\/\">Historique de la marque<\/a><\/li>\n<\/ul>\n<\/div>\n<h3><strong><span style=\"text-decoration: underline;\">Les forums :<\/span><\/strong><\/h3>\n<ul>\n<li><a href=\"http:\/\/www.triumphadonf.com\/forum\/\">Page d&rsquo;accueil des forums<\/a><\/li>\n<li><a href=\"http:\/\/www.triumphadonf.com\/forum\/profile.php?mode=register&amp;sid=da1181de9b603298bc7b6155c578c92c\">Inscription<\/a><\/li>\n<li><a href=\"http:\/\/www.triumphadonf.com\/forum\/viewforum.php?f=30\">Bienvenue \u00e0 toi et recensement Donphistes<\/a><\/li>\n<li><a href=\"http:\/\/www.triumphadonf.com\/forum\/viewforum.php?f=1\">Forum Bla-Bla<\/a><\/li>\n<li><a href=\"http:\/\/www.triumphadonf.com\/forum\/viewforum.php?f=9\">Les mod\u00e8les Triumph (avis de proprios)<\/a><\/li>\n<li><a href=\"http:\/\/www.triumphadonf.com\/forum\/viewforum.php?f=3\">Tous les \u00e9v\u00e9nements (calendrier)<\/a><\/li>\n<li><a href=\"http:\/\/www.triumphadonf.com\/forum\/viewforum.php?f=6\">Debriefing<\/a><\/li>\n<li><a href=\"http:\/\/www.triumphadonf.com\/forum\/viewforum.php?f=4\">Roadbooks, itin\u00e9raires et bons plans motards<\/a><\/li>\n<li><a href=\"http:\/\/www.triumphadonf.com\/forum\/viewforum.php?f=28\">Forum pistards et Moto GP<\/a><\/li>\n<li><a href=\"http:\/\/www.triumphadonf.com\/forum\/viewforum.php?f=10\">Forum Technique et M\u00e9canique<\/a><\/li>\n<li><a href=\"http:\/\/www.triumphadonf.com\/forum\/viewforum.php?f=26\">Vieilles anglaises<\/a><\/li>\n<li><a href=\"http:\/\/www.triumphadonf.com\/forum\/viewforum.php?f=19\">100% Speed Triple<\/a><\/li>\n<li><a href=\"http:\/\/www.triumphadonf.com\/forum\/viewforum.php?f=15\">Classics &amp; Caf\u00e9 Racers Club<\/a><\/li>\n<li><a href=\"http:\/\/www.triumphadonf.com\/forum\/viewforum.php?f=27\">675 Daytona &amp; Street Triple<\/a><\/li>\n<li><a href=\"http:\/\/www.triumphadonf.com\/forum\/viewforum.php?f=29\">Ducati &amp; Alfa Rom\u00e9o<\/a><\/li>\n<\/ul>\n<div>\n<div>\n<h3><span style=\"text-decoration: underline;\">Les galeries :<\/span><\/h3>\n<div>\n<ul>\n<li><a href=\"http:\/\/www.triumphadonf.com\/galeries\/\">Page d&rsquo;accueil<\/a>\u00a0(en reconstruction)<\/li>\n<\/ul>\n<\/div>\n<\/div>\n<h3><strong><span style=\"text-decoration: underline;\">L&rsquo;annuaire 100% Triumph (en reconstruction)<\/span><\/strong><\/h3>\n<\/div>\n","protected":false},"excerpt":{"rendered":"<p>Attention, le plan du site n&rsquo;est pas compl\u00e8tement \u00e0 jour, il le sera d&rsquo;ici peu&#8230; Accueil et options courantes :\u00a0 Page d&rsquo;accueil de Triumphadonf Contacter le webmaster S&rsquo;inscrire \u00e0 la newsletter Abonnement RSS (c&rsquo;est quoi le RSS ???) L&rsquo;actualit\u00e9, rubrique par rubrique : Accessoires &amp; Equipements Bonneville Daytona Monde Moto Pr\u00e9paration Racing Sexy Speed Triple [&hellip;]<\/p>\n","protected":false},"author":2,"featured_media":10281,"parent":0,"menu_order":0,"comment_status":"open","ping_status":"open","template":"","meta":{"_monsterinsights_skip_tracking":false,"_monsterinsights_sitenote_active":false,"_monsterinsights_sitenote_note":"","_monsterinsights_sitenote_category":0,"footnotes":""},"class_list":["post-75","page","type-page","status-publish","has-post-thumbnail"],"jetpack_sharing_enabled":true,"_links":{"self":[{"href":"http:\/\/triumphadonf.com\/v3\/wp-json\/wp\/v2\/pages\/75","targetHints":{"allow":["GET"]}}],"collection":[{"href":"http:\/\/triumphadonf.com\/v3\/wp-json\/wp\/v2\/pages"}],"about":[{"href":"http:\/\/triumphadonf.com\/v3\/wp-json\/wp\/v2\/types\/page"}],"author":[{"embeddable":true,"href":"http:\/\/triumphadonf.com\/v3\/wp-json\/wp\/v2\/users\/2"}],"replies":[{"embeddable":true,"href":"http:\/\/triumphadonf.com\/v3\/wp-json\/wp\/v2\/comments?post=75"}],"version-history":[{"count":0,"href":"http:\/\/triumphadonf.com\/v3\/wp-json\/wp\/v2\/pages\/75\/revisions"}],"wp:featuredmedia":[{"embeddable":true,"href":"http:\/\/triumphadonf.com\/v3\/wp-json\/wp\/v2\/media\/10281"}],"wp:attachment":[{"href":"http:\/\/triumphadonf.com\/v3\/wp-json\/wp\/v2\/media?parent=75"}],"curies":[{"name":"wp","href":"https:\/\/api.w.org\/{rel}","templated":true}]}}