{"id":59,"date":"2008-10-27T16:39:33","date_gmt":"2008-10-27T14:39:33","guid":{"rendered":"http:\/\/www.triumphadonf.com\/v3\/?page_id=59"},"modified":"2008-11-11T17:17:57","modified_gmt":"2008-11-11T15:17:57","slug":"inscription-rss","status":"publish","type":"page","link":"http:\/\/triumphadonf.com\/v3\/inscription-rss\/","title":{"rendered":"Syndication RSS"},"content":{"rendered":"<h2>D\u00e9j\u00e0 c&rsquo;est quoi le RSS ?<\/h2>\n<p>On parle de fux ou de fils RSS\u00a0(pour Really Simple Syndication ou Rich Site Summary).<\/p>\n<p>Les sites proposent des flux (fils) RSS, comprenant g\u00e9n\u00e9ralement, pour chaque information r\u00e9pertori\u00e9e, un titre, un r\u00e9sum\u00e9 et le lien pointant directement sur l&rsquo;information compl\u00e8te.\u00a0<br \/>\nUn flux (fil) RSS offre la possibilit\u00e9 aux lecteurs d\u2019avoir acc\u00e8s <span style=\"color: #ff0000;\">en temps r\u00e9el<\/span> \u00e0 la mise \u00e0 jour des contenus.<\/p>\n<p>Il existe des\u00a0 flux g\u00e9n\u00e9raux sur toute l&rsquo;actualit\u00e9 et des flux plus sp\u00e9cifiques. Chacun peut s\u00e9lectionner ses flux RSS en fonction de ses centres d&rsquo;int\u00e9r\u00eat : \u00e9ducation, formation, politique, soci\u00e9t\u00e9, \u00e9conomie, international, environnement, sciences, technologies, innovation, culture , cin\u00e9ma, livres, voyages&#8230;<\/p>\n<h2>Pour faire simple&#8230; le flux dans vos favoris !<\/h2>\n<p>Bon alors selon le navigateur que vous utilisez, en en particulier si vous avez choisi <a href=\"http:\/\/www.mozilla-europe.org\/fr\/firefox\/\" target=\"_blank\">Mozilla Firefox<\/a>\u00a0, vous pouvez ajouter le \u00ab\u00a0flux\u00a0\u00bb d&rsquo;un site, et en particulier de Triumph \u00e0 Donf \u00e0 vos favoris.<\/p>\n<p>Pour cela, il suffit en g\u00e9n\u00e9ral de cliquer sur le petit logo\u00a0<a id=\"feed\" href=\"http:\/\/www.triumphadonf.com\/v3\/?feed=rss2\"><img decoding=\"async\" style=\"border:none;\" title=\"Abonnement newsletter\" data-src=\"http:\/\/www.triumphadonf.com\/v3\/wp-content\/themes\/librio\/images\/rss.gif\" alt=\"\" src=\"data:image\/svg+xml;base64,PHN2ZyB3aWR0aD0iMSIgaGVpZ2h0PSIxIiB4bWxucz0iaHR0cDovL3d3dy53My5vcmcvMjAwMC9zdmciPjwvc3ZnPg==\" class=\"lazyload\" \/><\/a>\u00a0. Et bien allez-y cliquez dessus faites-vous plaisir !<\/p>\n<p>Alors maintenant dans vos favoris, quand vous cliquez sur Triumph \u00e0 Donf !, cela ouvre un menu d\u00e9roulant dans lequel vous avez directement tous les derniers articles publi\u00e9s sur le site. Donc s&rsquo;il y a un nouvel article vous le voyez.<\/p>\n<p>Pour Internet Explorer, Safari et autres navigateurs, j&rsquo;avoue ne pas trop savoir car je ne les utilise jamais.<\/p>\n<p>En revanche pour\u00a0<a href=\"http:\/\/www.google.com\/chrome\/index.html?hl=fr\" target=\"_blank\">Google Chrome<\/a>, il n&rsquo;y a pas de gestion des flux RSS, ce qui s&rsquo;explique simplement car les utilisateurs de Google Chrome ont presque tous un compte <a href=\"http:\/\/mail.google.com\/mail?hl=fr\" target=\"_blank\">gmail<\/a>, et que celui-ci permet justement d&rsquo;utiliser un agr\u00e9gateur&#8230; Google Reader.<\/p>\n<p>\u00a0<\/p>\n<h2>Et quand on y prend go\u00fbt&#8230; les flux dans un agr\u00e9gateur !<\/h2>\n<p>Vous avez de multiples sites que vous visitez r\u00e9guli\u00e8rement : actus, sport, cin\u00e9ma, etc etc etc&#8230;<\/p>\n<p>Vous pouvez vous abonner aux flux RSS de chacun de ces sites et tous les regrouper dans ce qui se nomme un agr\u00e9gateur. Ce programme va vous permettre de voir en un clin d&rsquo;oeil quels sont les sites parmis tous ceux que vous suivez, qui ont publi\u00e9 un nouvel article.<\/p>\n<p>Bon alors l\u00e0 des agr\u00e9gateurs, il y en existe pleins. Personnellement j&rsquo;utilise celui de Google, appel\u00e9 Google Reader (que l&rsquo;on obtient en cr\u00e9ant un compte\u00a0<a href=\"http:\/\/mail.google.com\/mail?hl=fr\" target=\"_blank\">gmail<\/a>). Apr\u00e8s il y a My Yahoo, <a href=\"http:\/\/www.netvibes.com\/\" target=\"_blank\">Netvibes<\/a>, NewsGator etc.<\/p>\n<p>Pour rajouter le flux TAD \u00e0 votre agr\u00e9gateur :<\/p>\n<div id=\"bandeau_rss\"><strong><a title=\"Subscribe to my feed\" rel=\"alternate\" type=\"application\/rss+xml\" href=\"http:\/\/feeds.feedburner.com\/triumphadonf\">Abonnez-vous au flux RSS de Triumphadonf !<\/a><\/strong><\/div>\n","protected":false},"excerpt":{"rendered":"<p>D\u00e9j\u00e0 c&rsquo;est quoi le RSS ? On parle de fux ou de fils RSS\u00a0(pour Really Simple Syndication ou Rich Site Summary). Les sites proposent des flux (fils) RSS, comprenant g\u00e9n\u00e9ralement, pour chaque information r\u00e9pertori\u00e9e, un titre, un r\u00e9sum\u00e9 et le lien pointant directement sur l&rsquo;information compl\u00e8te.\u00a0 Un flux (fil) RSS offre la possibilit\u00e9 aux lecteurs [&hellip;]<\/p>\n","protected":false},"author":2,"featured_media":0,"parent":0,"menu_order":0,"comment_status":"open","ping_status":"open","template":"","meta":{"_monsterinsights_skip_tracking":false,"_monsterinsights_sitenote_active":false,"_monsterinsights_sitenote_note":"","_monsterinsights_sitenote_category":0,"footnotes":""},"class_list":["post-59","page","type-page","status-publish"],"jetpack_sharing_enabled":true,"_links":{"self":[{"href":"http:\/\/triumphadonf.com\/v3\/wp-json\/wp\/v2\/pages\/59","targetHints":{"allow":["GET"]}}],"collection":[{"href":"http:\/\/triumphadonf.com\/v3\/wp-json\/wp\/v2\/pages"}],"about":[{"href":"http:\/\/triumphadonf.com\/v3\/wp-json\/wp\/v2\/types\/page"}],"author":[{"embeddable":true,"href":"http:\/\/triumphadonf.com\/v3\/wp-json\/wp\/v2\/users\/2"}],"replies":[{"embeddable":true,"href":"http:\/\/triumphadonf.com\/v3\/wp-json\/wp\/v2\/comments?post=59"}],"version-history":[{"count":0,"href":"http:\/\/triumphadonf.com\/v3\/wp-json\/wp\/v2\/pages\/59\/revisions"}],"wp:attachment":[{"href":"http:\/\/triumphadonf.com\/v3\/wp-json\/wp\/v2\/media?parent=59"}],"curies":[{"name":"wp","href":"https:\/\/api.w.org\/{rel}","templated":true}]}}