{"id":5775,"date":"2011-04-06T16:13:17","date_gmt":"2011-04-06T15:13:17","guid":{"rendered":"http:\/\/www.triumphadonf.com\/v3\/?page_id=5775"},"modified":"2011-04-29T23:39:14","modified_gmt":"2011-04-29T22:39:14","slug":"proposer-un-article-sur-tad","status":"publish","type":"page","link":"http:\/\/triumphadonf.com\/v3\/proposer-un-article-sur-tad\/","title":{"rendered":"Proposer un article sur TAD !"},"content":{"rendered":"<p><a href=\"http:\/\/www.triumphadonf.com\/v3\/wp-content\/uploads\/2011\/04\/redaction.jpg\"><img decoding=\"async\" class=\"aligncenter size-medium wp-image-6966 lazyload\" title=\"redaction\" data-src=\"http:\/\/www.triumphadonf.com\/v3\/wp-content\/uploads\/2011\/04\/redaction-580x174.jpg\" alt=\"\" width=\"580\" height=\"174\" src=\"data:image\/svg+xml;base64,PHN2ZyB3aWR0aD0iMSIgaGVpZ2h0PSIxIiB4bWxucz0iaHR0cDovL3d3dy53My5vcmcvMjAwMC9zdmciPjwvc3ZnPg==\" style=\"--smush-placeholder-width: 580px; --smush-placeholder-aspect-ratio: 580\/174;\" \/><\/a><\/p>\n<p><span style=\"text-decoration: underline;\"><strong>Afin de renforcer et am\u00e9liorer le contenu du site, je vous invite \u00e0 y participer.<\/strong><\/span><\/p>\n<p><span style=\"text-decoration: underline;\"><strong>Pour cela, vous pouvez :<\/strong><\/span><\/p>\n<p>&#8211; <strong>testez les produits Triumph<\/strong> : vous avez achet\u00e9 un blouson Triumph, un accessoire pour votre moto&#8230; Donnez votre avis, prenez quelques photos et on publie sur le site.<\/p>\n<p>&#8211; <strong>racontez vos vir\u00e9es \u00e0 2 roues :<\/strong> seule condition, mettre quelques Triumph en photos et d\u00e9crire le trajet et autres lieux sympas \u00e0 d\u00e9couvrir dans votre coin !<\/p>\n<p>&#8211; vous voulez <strong>pr\u00e9senter votre moto<\/strong>, ses transformations et autres accessoires, envoyez vos photos et commentaires, bonnes adresses et autres infos.<\/p>\n<p>&#8211; vous \u00eates fans de <strong>technique \/ m\u00e9canique \/ restauration<\/strong>, tous ces domaines peuvent faire l\u2019objet d\u2019un article.<\/p>\n<p>&#8211; vous \u00eates passionn\u00e9 du <strong>sport moto<\/strong> et de Triumph en particulier, partagez votre passion avec la communaut\u00e9.<\/p>\n<p><strong>Pour toutes ces pistes et si vous avez d&rsquo;autres id\u00e9es, une seule adresse :<\/strong><\/p>\n<p><strong>&#8212;&#8212;&#8212;&#8212;&#8212;&#8212;&#8211;&gt;\u00a0<a href=\"mailto:webmaster@triumphadonf.com\">webmaster@triumphadonf.com<\/a><\/strong><\/p>\n","protected":false},"excerpt":{"rendered":"<p>Afin de renforcer et am\u00e9liorer le contenu du site, je vous invite \u00e0 y participer. Pour cela, vous pouvez : &#8211; testez les produits Triumph : vous avez achet\u00e9 un blouson Triumph, un accessoire pour votre moto&#8230; Donnez votre avis, prenez quelques photos et on publie sur le site. &#8211; racontez vos vir\u00e9es \u00e0 2 [&hellip;]<\/p>\n","protected":false},"author":2,"featured_media":6966,"parent":0,"menu_order":0,"comment_status":"open","ping_status":"open","template":"","meta":{"_monsterinsights_skip_tracking":false,"_monsterinsights_sitenote_active":false,"_monsterinsights_sitenote_note":"","_monsterinsights_sitenote_category":0,"footnotes":""},"class_list":["post-5775","page","type-page","status-publish","has-post-thumbnail"],"jetpack_sharing_enabled":true,"_links":{"self":[{"href":"http:\/\/triumphadonf.com\/v3\/wp-json\/wp\/v2\/pages\/5775","targetHints":{"allow":["GET"]}}],"collection":[{"href":"http:\/\/triumphadonf.com\/v3\/wp-json\/wp\/v2\/pages"}],"about":[{"href":"http:\/\/triumphadonf.com\/v3\/wp-json\/wp\/v2\/types\/page"}],"author":[{"embeddable":true,"href":"http:\/\/triumphadonf.com\/v3\/wp-json\/wp\/v2\/users\/2"}],"replies":[{"embeddable":true,"href":"http:\/\/triumphadonf.com\/v3\/wp-json\/wp\/v2\/comments?post=5775"}],"version-history":[{"count":0,"href":"http:\/\/triumphadonf.com\/v3\/wp-json\/wp\/v2\/pages\/5775\/revisions"}],"wp:featuredmedia":[{"embeddable":true,"href":"http:\/\/triumphadonf.com\/v3\/wp-json\/wp\/v2\/media\/6966"}],"wp:attachment":[{"href":"http:\/\/triumphadonf.com\/v3\/wp-json\/wp\/v2\/media?parent=5775"}],"curies":[{"name":"wp","href":"https:\/\/api.w.org\/{rel}","templated":true}]}}