{"id":57,"date":"2008-10-27T16:39:20","date_gmt":"2008-10-27T14:39:20","guid":{"rendered":"http:\/\/www.triumphadonf.com\/v3\/?page_id=57"},"modified":"2010-11-21T20:51:03","modified_gmt":"2010-11-21T19:51:03","slug":"inscription-newsletter","status":"publish","type":"page","link":"http:\/\/triumphadonf.com\/v3\/inscription-newsletter\/","title":{"rendered":"Inscription Newsletter"},"content":{"rendered":"<p><DIV><br \/>\n<FORM METHOD=\"POST\" ACTION=\"https:\/\/free.splio.com\/form.php\"><br \/>\n<INPUT TYPE=\"HIDDEN\" NAME=\"splio_idliste\" VALUE=\"triumphadonf\"><br \/>\n<INPUT TYPE=\"HIDDEN\" NAME=\"splio_action\" VALUE=\"add\"><br \/>\n<INPUT TYPE=\"TEXT\" NAME=\"splio_email\" SIZE=\"11\" style=\"width: 150px; margin-bottom: 10px;\" VALUE=\"Votre email\" onFocus=\"this.value='';\" ><BR \/><br \/>\n<INPUT TYPE=\"IMAGE\" SRC=\"https:\/\/static.splio.com\/images\/tanuki_ok.png\" ALT=\"OK\" BORDER=\"0\"><br \/>\n<\/FORM><br \/>\n<\/DIV> <\/p>\n<p>En vous inscrivant, vous serez inform\u00e9 par mail des nouveaut\u00e9s sur le site : rubriques, mod\u00e8les, actualit\u00e9s, mises \u00e0 jour&#8230;<\/p>\n<p>Vous ne serez pas spamm\u00e9s inutilement, votre email ne sera communiqu\u00e9 \u00e0 aucun tiers.<\/p>\n<p>En vous inscrivant, vous recevrez que <strong>1 ou 2 mails par mois<\/strong> pour vous avertir des nouveaut\u00e9s Triumph, et par cons\u00e9quent des nouveaut\u00e9s du site !!!<\/p>\n<p><span style=\"text-decoration: underline;\"><strong>Il existe d&rsquo;autres moyen pour suivre l&rsquo;actualit\u00e9 de triumphadonf.com :<\/strong><\/span><\/p>\n<p>&#8211; les flux rss : <a style=\"outline-style: none; outline-width: initial; outline-color: initial; color: #3173a3; padding: 0px; margin: 0px;\" rel=\"alternate\" type=\"application\/rss+xml\" href=\"http:\/\/feeds.feedburner.com\/triumphadonf\"><img decoding=\"async\" style=\"outline-style: none; outline-width: initial; outline-color: initial; vertical-align: middle; padding: 0px; margin: 0px; border: 0px none initial;\" data-src=\"http:\/\/www.feedburner.com\/fb\/images\/pub\/feed-icon16x16.png\" alt=\"\" src=\"data:image\/svg+xml;base64,PHN2ZyB3aWR0aD0iMSIgaGVpZ2h0PSIxIiB4bWxucz0iaHR0cDovL3d3dy53My5vcmcvMjAwMC9zdmciPjwvc3ZnPg==\" class=\"lazyload\" \/><\/a> <a style=\"outline-style: none; outline-width: initial; outline-color: initial; color: #3173a3; padding: 0px; margin: 0px;\" rel=\"alternate\" type=\"application\/rss+xml\" href=\"http:\/\/feeds.feedburner.com\/triumphadonf\">Abonnement flux RSS<\/a> (<a href=\"http:\/\/www.triumphadonf.com\/v3\/index.php\/inscription-rss\/\" target=\"_blank\">en savoir plus sur les flux RSS<\/a>)<\/p>\n<p>&#8211; recevoir els nouveaux articles par email : <img decoding=\"async\" style=\"outline-style: none; outline-width: initial; outline-color: initial; vertical-align: middle; padding: 0px; margin: 0px; border: 0px initial initial;\" data-src=\"http:\/\/www.triumphadonf.com\/v3\/wp-content\/themes\/mimbo_3\/images\/rss_mail.png\" alt=\"\" src=\"data:image\/svg+xml;base64,PHN2ZyB3aWR0aD0iMSIgaGVpZ2h0PSIxIiB4bWxucz0iaHR0cDovL3d3dy53My5vcmcvMjAwMC9zdmciPjwvc3ZnPg==\" class=\"lazyload\" \/> <a style=\"outline-style: none; outline-width: initial; outline-color: initial; color: #3173a3; padding: 0px; margin: 0px;\" href=\"http:\/\/feedburner.google.com\/fb\/a\/mailverify?uri=Triumphadonf\">Articles pas email<\/a> (1 mail par jour contenant la liste des articles publi\u00e9 le jour m\u00eame, pas de mail si aucun article publi\u00e9)<\/p>\n<p><strong>N&rsquo;h\u00e9sitez pas \u00e0 me contacter pour plus d&rsquo;infos :<\/strong> webmaster@triumphadonf.com<\/p>\n","protected":false},"excerpt":{"rendered":"<p>En vous inscrivant, vous serez inform\u00e9 par mail des nouveaut\u00e9s sur le site : rubriques, mod\u00e8les, actualit\u00e9s, mises \u00e0 jour&#8230; Vous ne serez pas spamm\u00e9s inutilement, votre email ne sera communiqu\u00e9 \u00e0 aucun tiers. En vous inscrivant, vous recevrez que 1 ou 2 mails par mois pour vous avertir des nouveaut\u00e9s Triumph, et par cons\u00e9quent [&hellip;]<\/p>\n","protected":false},"author":2,"featured_media":0,"parent":0,"menu_order":0,"comment_status":"open","ping_status":"open","template":"","meta":{"_monsterinsights_skip_tracking":false,"_monsterinsights_sitenote_active":false,"_monsterinsights_sitenote_note":"","_monsterinsights_sitenote_category":0,"footnotes":""},"class_list":["post-57","page","type-page","status-publish"],"jetpack_sharing_enabled":true,"_links":{"self":[{"href":"http:\/\/triumphadonf.com\/v3\/wp-json\/wp\/v2\/pages\/57","targetHints":{"allow":["GET"]}}],"collection":[{"href":"http:\/\/triumphadonf.com\/v3\/wp-json\/wp\/v2\/pages"}],"about":[{"href":"http:\/\/triumphadonf.com\/v3\/wp-json\/wp\/v2\/types\/page"}],"author":[{"embeddable":true,"href":"http:\/\/triumphadonf.com\/v3\/wp-json\/wp\/v2\/users\/2"}],"replies":[{"embeddable":true,"href":"http:\/\/triumphadonf.com\/v3\/wp-json\/wp\/v2\/comments?post=57"}],"version-history":[{"count":0,"href":"http:\/\/triumphadonf.com\/v3\/wp-json\/wp\/v2\/pages\/57\/revisions"}],"wp:attachment":[{"href":"http:\/\/triumphadonf.com\/v3\/wp-json\/wp\/v2\/media?parent=57"}],"curies":[{"name":"wp","href":"https:\/\/api.w.org\/{rel}","templated":true}]}}