{"id":3753,"date":"2010-04-22T14:52:33","date_gmt":"2010-04-22T13:52:33","guid":{"rendered":"http:\/\/www.triumphadonf.com\/v3\/?page_id=3753"},"modified":"2012-02-21T22:37:29","modified_gmt":"2012-02-21T21:37:29","slug":"gamme-triumph-2011","status":"publish","type":"page","link":"http:\/\/triumphadonf.com\/v3\/gamme-triumph-2011\/","title":{"rendered":"Gamme Triumph 2011"},"content":{"rendered":"<h1>Roadsters :<\/h1>\n<p><a href=\"http:\/\/www.triumphadonf.com\/v3\/index.php\/gamme-triumph\/street-triple\/triumph-street-triple-2011\/\"><img decoding=\"async\" class=\"alignnone size-full wp-image-4904 lazyload\" title=\"streettriple\" data-src=\"http:\/\/www.triumphadonf.com\/v3\/wp-content\/uploads\/2010\/12\/streettriple.jpg\" alt=\"\" width=\"201\" height=\"157\" src=\"data:image\/svg+xml;base64,PHN2ZyB3aWR0aD0iMSIgaGVpZ2h0PSIxIiB4bWxucz0iaHR0cDovL3d3dy53My5vcmcvMjAwMC9zdmciPjwvc3ZnPg==\" style=\"--smush-placeholder-width: 201px; --smush-placeholder-aspect-ratio: 201\/157;\" \/><\/a> <a href=\"http:\/\/www.triumphadonf.com\/v3\/index.php\/gamme-triumph\/street-triple\/triumph-street-triple-r-2011\/\"><img decoding=\"async\" class=\"alignnone size-full wp-image-4905 lazyload\" title=\"streettripler\" data-src=\"http:\/\/www.triumphadonf.com\/v3\/wp-content\/uploads\/2010\/12\/streettripler.jpg\" alt=\"\" width=\"201\" height=\"157\" data-srcset=\"http:\/\/triumphadonf.com\/v3\/wp-content\/uploads\/2010\/12\/streettripler.jpg 201w, http:\/\/triumphadonf.com\/v3\/wp-content\/uploads\/2010\/12\/streettripler-120x93.jpg 120w\" data-sizes=\"(max-width: 201px) 100vw, 201px\" src=\"data:image\/svg+xml;base64,PHN2ZyB3aWR0aD0iMSIgaGVpZ2h0PSIxIiB4bWxucz0iaHR0cDovL3d3dy53My5vcmcvMjAwMC9zdmciPjwvc3ZnPg==\" style=\"--smush-placeholder-width: 201px; --smush-placeholder-aspect-ratio: 201\/157;\" \/><\/a> <a href=\"http:\/\/www.triumphadonf.com\/v3\/index.php\/gamme-triumph\/speed-triple\/nouvelle-speed-triple-2011\/\"><img decoding=\"async\" class=\"alignnone size-full wp-image-4901 lazyload\" title=\"speedtriple1050\" data-src=\"http:\/\/www.triumphadonf.com\/v3\/wp-content\/uploads\/2010\/12\/speedtriple1050.jpg\" alt=\"\" width=\"201\" height=\"157\" data-srcset=\"http:\/\/triumphadonf.com\/v3\/wp-content\/uploads\/2010\/12\/speedtriple1050.jpg 201w, http:\/\/triumphadonf.com\/v3\/wp-content\/uploads\/2010\/12\/speedtriple1050-120x93.jpg 120w\" data-sizes=\"(max-width: 201px) 100vw, 201px\" src=\"data:image\/svg+xml;base64,PHN2ZyB3aWR0aD0iMSIgaGVpZ2h0PSIxIiB4bWxucz0iaHR0cDovL3d3dy53My5vcmcvMjAwMC9zdmciPjwvc3ZnPg==\" style=\"--smush-placeholder-width: 201px; --smush-placeholder-aspect-ratio: 201\/157;\" \/><\/a><\/p>\n<p><a href=\"http:\/\/www.triumphadonf.com\/v3\/index.php\/gamme-triumph\/street-triple\/nouvelles-triumph-street-triple-et-street-triple-r-2011\/\"><img decoding=\"async\" class=\"alignnone size-full wp-image-6152 lazyload\" title=\"street_triple_&amp;_R\" data-src=\"http:\/\/www.triumphadonf.com\/v3\/wp-content\/uploads\/2011\/04\/street_triple__R.jpg\" alt=\"\" width=\"201\" height=\"157\" data-srcset=\"http:\/\/triumphadonf.com\/v3\/wp-content\/uploads\/2011\/04\/street_triple__R.jpg 201w, http:\/\/triumphadonf.com\/v3\/wp-content\/uploads\/2011\/04\/street_triple__R-120x93.jpg 120w\" data-sizes=\"(max-width: 201px) 100vw, 201px\" src=\"data:image\/svg+xml;base64,PHN2ZyB3aWR0aD0iMSIgaGVpZ2h0PSIxIiB4bWxucz0iaHR0cDovL3d3dy53My5vcmcvMjAwMC9zdmciPjwvc3ZnPg==\" style=\"--smush-placeholder-width: 201px; --smush-placeholder-aspect-ratio: 201\/157;\" \/><\/a><\/p>\n<h1><strong>Supersports :<\/strong><\/h1>\n<p><a href=\"http:\/\/www.triumphadonf.com\/v3\/index.php\/gamme-triumph\/daytona\/triumph-daytona-675-2011\/\"><img decoding=\"async\" class=\"alignnone size-full wp-image-4894 lazyload\" title=\"daytona675\" data-src=\"http:\/\/www.triumphadonf.com\/v3\/wp-content\/uploads\/2010\/12\/daytona675.jpg\" alt=\"\" width=\"201\" height=\"157\" data-srcset=\"http:\/\/triumphadonf.com\/v3\/wp-content\/uploads\/2010\/12\/daytona675.jpg 201w, http:\/\/triumphadonf.com\/v3\/wp-content\/uploads\/2010\/12\/daytona675-120x93.jpg 120w\" data-sizes=\"(max-width: 201px) 100vw, 201px\" src=\"data:image\/svg+xml;base64,PHN2ZyB3aWR0aD0iMSIgaGVpZ2h0PSIxIiB4bWxucz0iaHR0cDovL3d3dy53My5vcmcvMjAwMC9zdmciPjwvc3ZnPg==\" style=\"--smush-placeholder-width: 201px; --smush-placeholder-aspect-ratio: 201\/157;\" \/><\/a> <a href=\"http:\/\/www.triumphadonf.com\/v3\/index.php\/gamme-triumph\/daytona\/premieres-images-de-la-daytona-675r\/\"><img decoding=\"async\" class=\"alignnone size-full wp-image-4895 lazyload\" title=\"daytona675r\" data-src=\"http:\/\/www.triumphadonf.com\/v3\/wp-content\/uploads\/2010\/12\/daytona675r.jpg\" alt=\"\" width=\"201\" height=\"157\" data-srcset=\"http:\/\/triumphadonf.com\/v3\/wp-content\/uploads\/2010\/12\/daytona675r.jpg 201w, http:\/\/triumphadonf.com\/v3\/wp-content\/uploads\/2010\/12\/daytona675r-120x93.jpg 120w\" data-sizes=\"(max-width: 201px) 100vw, 201px\" src=\"data:image\/svg+xml;base64,PHN2ZyB3aWR0aD0iMSIgaGVpZ2h0PSIxIiB4bWxucz0iaHR0cDovL3d3dy53My5vcmcvMjAwMC9zdmciPjwvc3ZnPg==\" style=\"--smush-placeholder-width: 201px; --smush-placeholder-aspect-ratio: 201\/157;\" \/><\/a><\/p>\n<h1>Adventure :<\/h1>\n<p><a href=\"http:\/\/www.triumphadonf.com\/v3\/index.php\/gamme-triumph\/tiger\/triumph-tiger-1050-et-tiger-se-2011\/\"><img decoding=\"async\" class=\"alignnone size-full wp-image-4911 lazyload\" title=\"tiger1050_1050se\" data-src=\"http:\/\/www.triumphadonf.com\/v3\/wp-content\/uploads\/2010\/12\/tiger1050_1050se.jpg\" alt=\"\" width=\"201\" height=\"157\" data-srcset=\"http:\/\/triumphadonf.com\/v3\/wp-content\/uploads\/2010\/12\/tiger1050_1050se.jpg 201w, http:\/\/triumphadonf.com\/v3\/wp-content\/uploads\/2010\/12\/tiger1050_1050se-120x93.jpg 120w\" data-sizes=\"(max-width: 201px) 100vw, 201px\" src=\"data:image\/svg+xml;base64,PHN2ZyB3aWR0aD0iMSIgaGVpZ2h0PSIxIiB4bWxucz0iaHR0cDovL3d3dy53My5vcmcvMjAwMC9zdmciPjwvc3ZnPg==\" style=\"--smush-placeholder-width: 201px; --smush-placeholder-aspect-ratio: 201\/157;\" \/><\/a> <a href=\"http:\/\/www.triumphadonf.com\/v3\/index.php\/gamme-triumph\/tiger\/triumph-tiger-800-et-tiger-800xc-2011\/\"><img decoding=\"async\" class=\"alignnone size-full wp-image-5007 lazyload\" title=\"tiger800_tiger800XC\" data-src=\"http:\/\/www.triumphadonf.com\/v3\/wp-content\/uploads\/2010\/12\/tiger800_tiger800XC.jpg\" alt=\"\" width=\"201\" height=\"157\" data-srcset=\"http:\/\/triumphadonf.com\/v3\/wp-content\/uploads\/2010\/12\/tiger800_tiger800XC.jpg 201w, http:\/\/triumphadonf.com\/v3\/wp-content\/uploads\/2010\/12\/tiger800_tiger800XC-120x93.jpg 120w\" data-sizes=\"(max-width: 201px) 100vw, 201px\" src=\"data:image\/svg+xml;base64,PHN2ZyB3aWR0aD0iMSIgaGVpZ2h0PSIxIiB4bWxucz0iaHR0cDovL3d3dy53My5vcmcvMjAwMC9zdmciPjwvc3ZnPg==\" style=\"--smush-placeholder-width: 201px; --smush-placeholder-aspect-ratio: 201\/157;\" \/><\/a><\/p>\n<h1>Touring :<\/h1>\n<p><a href=\"http:\/\/www.triumphadonf.com\/v3\/index.php\/gamme-triumph\/sprint\/triumph-sprint-st-2011-1ere-photo\/\"><img decoding=\"async\" class=\"alignnone size-full wp-image-4903 lazyload\" title=\"sprintst1050\" data-src=\"http:\/\/www.triumphadonf.com\/v3\/wp-content\/uploads\/2010\/12\/sprintst1050.jpg\" alt=\"\" width=\"201\" height=\"157\" data-srcset=\"http:\/\/triumphadonf.com\/v3\/wp-content\/uploads\/2010\/12\/sprintst1050.jpg 201w, http:\/\/triumphadonf.com\/v3\/wp-content\/uploads\/2010\/12\/sprintst1050-120x93.jpg 120w\" data-sizes=\"(max-width: 201px) 100vw, 201px\" src=\"data:image\/svg+xml;base64,PHN2ZyB3aWR0aD0iMSIgaGVpZ2h0PSIxIiB4bWxucz0iaHR0cDovL3d3dy53My5vcmcvMjAwMC9zdmciPjwvc3ZnPg==\" style=\"--smush-placeholder-width: 201px; --smush-placeholder-aspect-ratio: 201\/157;\" \/><\/a> <a href=\"http:\/\/www.triumphadonf.com\/v3\/index.php\/gamme-triumph\/sprint\/lancement-officiel-de-la-sprint-gt-1050\/\"><img decoding=\"async\" class=\"alignnone size-full wp-image-4902 lazyload\" title=\"sprintgt1050\" data-src=\"http:\/\/www.triumphadonf.com\/v3\/wp-content\/uploads\/2010\/12\/sprintgt1050.jpg\" alt=\"\" width=\"201\" height=\"157\" data-srcset=\"http:\/\/triumphadonf.com\/v3\/wp-content\/uploads\/2010\/12\/sprintgt1050.jpg 201w, http:\/\/triumphadonf.com\/v3\/wp-content\/uploads\/2010\/12\/sprintgt1050-120x93.jpg 120w\" data-sizes=\"(max-width: 201px) 100vw, 201px\" src=\"data:image\/svg+xml;base64,PHN2ZyB3aWR0aD0iMSIgaGVpZ2h0PSIxIiB4bWxucz0iaHR0cDovL3d3dy53My5vcmcvMjAwMC9zdmciPjwvc3ZnPg==\" style=\"--smush-placeholder-width: 201px; --smush-placeholder-aspect-ratio: 201\/157;\" \/><\/a><\/p>\n<h1>Classics :<\/h1>\n<p><a href=\"http:\/\/www.triumphadonf.com\/v3\/index.php\/gamme-triumph\/thruxton-900\/triumph-thruxton-900-2011\/\"><img decoding=\"async\" class=\"alignnone size-full wp-image-4907 lazyload\" title=\"thruxton900\" data-src=\"http:\/\/www.triumphadonf.com\/v3\/wp-content\/uploads\/2010\/12\/thruxton900.jpg\" alt=\"\" width=\"201\" height=\"157\" data-srcset=\"http:\/\/triumphadonf.com\/v3\/wp-content\/uploads\/2010\/12\/thruxton900.jpg 201w, http:\/\/triumphadonf.com\/v3\/wp-content\/uploads\/2010\/12\/thruxton900-120x93.jpg 120w\" data-sizes=\"(max-width: 201px) 100vw, 201px\" src=\"data:image\/svg+xml;base64,PHN2ZyB3aWR0aD0iMSIgaGVpZ2h0PSIxIiB4bWxucz0iaHR0cDovL3d3dy53My5vcmcvMjAwMC9zdmciPjwvc3ZnPg==\" style=\"--smush-placeholder-width: 201px; --smush-placeholder-aspect-ratio: 201\/157;\" \/><\/a> <a href=\"http:\/\/www.triumphadonf.com\/v3\/index.php\/gamme-triumph\/scrambler-900\/triumph-scrambler-900-2011\/\"><img decoding=\"async\" class=\"alignnone size-full wp-image-4899 lazyload\" title=\"scrambler\" data-src=\"http:\/\/www.triumphadonf.com\/v3\/wp-content\/uploads\/2010\/12\/scrambler.jpg\" alt=\"\" width=\"201\" height=\"157\" data-srcset=\"http:\/\/triumphadonf.com\/v3\/wp-content\/uploads\/2010\/12\/scrambler.jpg 201w, http:\/\/triumphadonf.com\/v3\/wp-content\/uploads\/2010\/12\/scrambler-120x93.jpg 120w\" data-sizes=\"(max-width: 201px) 100vw, 201px\" src=\"data:image\/svg+xml;base64,PHN2ZyB3aWR0aD0iMSIgaGVpZ2h0PSIxIiB4bWxucz0iaHR0cDovL3d3dy53My5vcmcvMjAwMC9zdmciPjwvc3ZnPg==\" style=\"--smush-placeholder-width: 201px; --smush-placeholder-aspect-ratio: 201\/157;\" \/><\/a> <a href=\"http:\/\/www.triumphadonf.com\/v3\/index.php\/gamme-triumph\/bonneville_t100\/triumph-bonneville-et-bonneville-se-2011\/\"><img decoding=\"async\" class=\"alignnone size-full wp-image-4954 lazyload\" title=\"bonneville_bonnieSE\" data-src=\"http:\/\/www.triumphadonf.com\/v3\/wp-content\/uploads\/2010\/12\/bonneville_bonnieSE.jpg\" alt=\"\" width=\"201\" height=\"157\" data-srcset=\"http:\/\/triumphadonf.com\/v3\/wp-content\/uploads\/2010\/12\/bonneville_bonnieSE.jpg 201w, http:\/\/triumphadonf.com\/v3\/wp-content\/uploads\/2010\/12\/bonneville_bonnieSE-120x93.jpg 120w\" data-sizes=\"(max-width: 201px) 100vw, 201px\" src=\"data:image\/svg+xml;base64,PHN2ZyB3aWR0aD0iMSIgaGVpZ2h0PSIxIiB4bWxucz0iaHR0cDovL3d3dy53My5vcmcvMjAwMC9zdmciPjwvc3ZnPg==\" style=\"--smush-placeholder-width: 201px; --smush-placeholder-aspect-ratio: 201\/157;\" \/><\/a><\/p>\n<p><a href=\"http:\/\/www.triumphadonf.com\/v3\/index.php\/gamme-triumph\/bonneville_t100\/triumph-bonneville-t100-2011\/\"><img decoding=\"async\" class=\"alignnone size-full wp-image-4893 lazyload\" title=\"bonnevilleT100\" data-src=\"http:\/\/www.triumphadonf.com\/v3\/wp-content\/uploads\/2010\/12\/bonnevilleT100.jpg\" alt=\"\" width=\"201\" height=\"157\" data-srcset=\"http:\/\/triumphadonf.com\/v3\/wp-content\/uploads\/2010\/12\/bonnevilleT100.jpg 201w, http:\/\/triumphadonf.com\/v3\/wp-content\/uploads\/2010\/12\/bonnevilleT100-120x93.jpg 120w\" data-sizes=\"(max-width: 201px) 100vw, 201px\" src=\"data:image\/svg+xml;base64,PHN2ZyB3aWR0aD0iMSIgaGVpZ2h0PSIxIiB4bWxucz0iaHR0cDovL3d3dy53My5vcmcvMjAwMC9zdmciPjwvc3ZnPg==\" style=\"--smush-placeholder-width: 201px; --smush-placeholder-aspect-ratio: 201\/157;\" \/><\/a><\/p>\n<h1><\/h1>\n<h1>Cruisers :<\/h1>\n<p><a href=\"http:\/\/www.triumphadonf.com\/v3\/index.php\/gamme-triumph\/thunderbird\/triumph-thunderbird-storm-2011\/\"><img decoding=\"async\" class=\"alignnone size-full wp-image-4908 lazyload\" title=\"thunderbirdstorm\" data-src=\"http:\/\/www.triumphadonf.com\/v3\/wp-content\/uploads\/2010\/12\/thunderbirdstorm.jpg\" alt=\"\" width=\"201\" height=\"157\" data-srcset=\"http:\/\/triumphadonf.com\/v3\/wp-content\/uploads\/2010\/12\/thunderbirdstorm.jpg 201w, http:\/\/triumphadonf.com\/v3\/wp-content\/uploads\/2010\/12\/thunderbirdstorm-120x93.jpg 120w\" data-sizes=\"(max-width: 201px) 100vw, 201px\" src=\"data:image\/svg+xml;base64,PHN2ZyB3aWR0aD0iMSIgaGVpZ2h0PSIxIiB4bWxucz0iaHR0cDovL3d3dy53My5vcmcvMjAwMC9zdmciPjwvc3ZnPg==\" style=\"--smush-placeholder-width: 201px; --smush-placeholder-aspect-ratio: 201\/157;\" \/><\/a> <a href=\"http:\/\/www.triumphadonf.com\/v3\/index.php\/gamme-triumph\/thunderbird\/triumph-thunderbird-2011\/\"><img decoding=\"async\" class=\"alignnone size-full wp-image-4906 lazyload\" title=\"thnuderbird1600\" data-src=\"http:\/\/www.triumphadonf.com\/v3\/wp-content\/uploads\/2010\/12\/thnuderbird1600.jpg\" alt=\"\" width=\"201\" height=\"157\" data-srcset=\"http:\/\/triumphadonf.com\/v3\/wp-content\/uploads\/2010\/12\/thnuderbird1600.jpg 201w, http:\/\/triumphadonf.com\/v3\/wp-content\/uploads\/2010\/12\/thnuderbird1600-120x93.jpg 120w\" data-sizes=\"(max-width: 201px) 100vw, 201px\" src=\"data:image\/svg+xml;base64,PHN2ZyB3aWR0aD0iMSIgaGVpZ2h0PSIxIiB4bWxucz0iaHR0cDovL3d3dy53My5vcmcvMjAwMC9zdmciPjwvc3ZnPg==\" style=\"--smush-placeholder-width: 201px; --smush-placeholder-aspect-ratio: 201\/157;\" \/><\/a> <a href=\"http:\/\/www.triumphadonf.com\/v3\/index.php\/gamme-triumph\/rocket-iii\/triumph-rocket-3-touring-2011\/\"><img decoding=\"async\" class=\"alignnone size-full wp-image-4898 lazyload\" title=\"rocket3touring\" data-src=\"http:\/\/www.triumphadonf.com\/v3\/wp-content\/uploads\/2010\/12\/rocket3touring.jpg\" alt=\"\" width=\"201\" height=\"157\" data-srcset=\"http:\/\/triumphadonf.com\/v3\/wp-content\/uploads\/2010\/12\/rocket3touring.jpg 201w, http:\/\/triumphadonf.com\/v3\/wp-content\/uploads\/2010\/12\/rocket3touring-120x93.jpg 120w\" data-sizes=\"(max-width: 201px) 100vw, 201px\" src=\"data:image\/svg+xml;base64,PHN2ZyB3aWR0aD0iMSIgaGVpZ2h0PSIxIiB4bWxucz0iaHR0cDovL3d3dy53My5vcmcvMjAwMC9zdmciPjwvc3ZnPg==\" style=\"--smush-placeholder-width: 201px; --smush-placeholder-aspect-ratio: 201\/157;\" \/><\/a><\/p>\n<p><a href=\"http:\/\/www.triumphadonf.com\/v3\/index.php\/gamme-triumph\/rocket-iii\/triumph-rocket-3-roadster-2011\/\"><img decoding=\"async\" class=\"alignnone size-full wp-image-4897 lazyload\" title=\"rocket3roadster\" data-src=\"http:\/\/www.triumphadonf.com\/v3\/wp-content\/uploads\/2010\/12\/rocket3roadster.jpg\" alt=\"\" width=\"201\" height=\"157\" data-srcset=\"http:\/\/triumphadonf.com\/v3\/wp-content\/uploads\/2010\/12\/rocket3roadster.jpg 201w, http:\/\/triumphadonf.com\/v3\/wp-content\/uploads\/2010\/12\/rocket3roadster-120x93.jpg 120w\" data-sizes=\"(max-width: 201px) 100vw, 201px\" src=\"data:image\/svg+xml;base64,PHN2ZyB3aWR0aD0iMSIgaGVpZ2h0PSIxIiB4bWxucz0iaHR0cDovL3d3dy53My5vcmcvMjAwMC9zdmciPjwvc3ZnPg==\" style=\"--smush-placeholder-width: 201px; --smush-placeholder-aspect-ratio: 201\/157;\" \/><\/a> <a href=\"http:\/\/www.triumphadonf.com\/v3\/index.php\/gamme-triumph\/america_speedmaster\/triumph-america-2011\/\"><img decoding=\"async\" class=\"alignnone size-full wp-image-4890 lazyload\" title=\"america\" data-src=\"http:\/\/www.triumphadonf.com\/v3\/wp-content\/uploads\/2010\/12\/america.jpg\" alt=\"\" width=\"201\" height=\"157\" data-srcset=\"http:\/\/triumphadonf.com\/v3\/wp-content\/uploads\/2010\/12\/america.jpg 201w, http:\/\/triumphadonf.com\/v3\/wp-content\/uploads\/2010\/12\/america-120x93.jpg 120w\" data-sizes=\"(max-width: 201px) 100vw, 201px\" src=\"data:image\/svg+xml;base64,PHN2ZyB3aWR0aD0iMSIgaGVpZ2h0PSIxIiB4bWxucz0iaHR0cDovL3d3dy53My5vcmcvMjAwMC9zdmciPjwvc3ZnPg==\" style=\"--smush-placeholder-width: 201px; --smush-placeholder-aspect-ratio: 201\/157;\" \/><\/a> <a href=\"http:\/\/www.triumphadonf.com\/v3\/index.php\/gamme-triumph\/america_speedmaster\/triumph_speedmaster_2011\/\"><img decoding=\"async\" class=\"alignnone size-full wp-image-4900 lazyload\" title=\"speedmaster\" data-src=\"http:\/\/www.triumphadonf.com\/v3\/wp-content\/uploads\/2010\/12\/speedmaster.jpg\" alt=\"\" width=\"201\" height=\"157\" data-srcset=\"http:\/\/triumphadonf.com\/v3\/wp-content\/uploads\/2010\/12\/speedmaster.jpg 201w, http:\/\/triumphadonf.com\/v3\/wp-content\/uploads\/2010\/12\/speedmaster-120x93.jpg 120w\" data-sizes=\"(max-width: 201px) 100vw, 201px\" src=\"data:image\/svg+xml;base64,PHN2ZyB3aWR0aD0iMSIgaGVpZ2h0PSIxIiB4bWxucz0iaHR0cDovL3d3dy53My5vcmcvMjAwMC9zdmciPjwvc3ZnPg==\" style=\"--smush-placeholder-width: 201px; --smush-placeholder-aspect-ratio: 201\/157;\" \/><\/a><\/p>\n<p>Vous pouvez retrouvez ci-dessous les rumeurs et nouveaut\u00e9s sur la gamme Triumph 2011&#8230; publi\u00e9s en 2010 \ud83d\ude42<\/p>\n<p><strong>Article du 19\/09\/2010 : <\/strong><strong><a title=\"Une version 1200 de la Triumph Tiger en pr\u00e9paration\" href=\"http:\/\/www.triumphadonf.com\/v3\/index.php\/gamme-triumph\/tiger\/une-version-1200-de-la-triumph-tiger-en-preparation\/\"><strong>Une version 1200 de la Triumph Tiger en pr\u00e9paration<\/strong><\/a><\/strong><\/p>\n<p><strong>Article du 15\/09\/2010 : <\/strong><strong><a title=\"Triumph Tiger 800 et Tiger 800 XC\" href=\"http:\/\/www.triumphadonf.com\/v3\/index.php\/gamme-triumph\/tiger\/triumph-tiger-800-et-tiger-800-xc\/\"><strong>Triumph Tiger 800 et Tiger 800 XC<\/strong><\/a><\/strong><\/p>\n<p><strong>Article du 08\/09\/2010 : <\/strong><strong><a title=\"Une Speed Triple 1200 pour 2011 !\" href=\"http:\/\/www.triumphadonf.com\/v3\/index.php\/gamme-triumph\/speed-triple\/une-speed-triple-1200-pour-2011\/\"><strong>Une Speed Triple 1200 pour 2011 !<\/strong><\/a><\/strong><\/p>\n<p><strong>Article du 01\/09\/2010 : <\/strong><strong><a title=\"3e teasing vid\u00e9o de l\u2019Adventure\" href=\"http:\/\/www.triumphadonf.com\/v3\/index.php\/gamme-triumph\/adventure-gamme-triumph\/3e-teasing-video-de-ladventure\/\"><strong>3e teasing vid\u00e9o de l\u2019Adventure<\/strong><\/a><\/strong><\/p>\n<p><strong>Article du 06\/08\/2010 : <\/strong><strong><a title=\"L\u2019Adventure de profil !\" href=\"http:\/\/www.triumphadonf.com\/v3\/index.php\/gamme-triumph\/adventure-gamme-triumph\/ladventure-de-profil\/\">L\u2019Adventure de profil !<\/a><\/strong><\/p>\n<p><strong>Article du 05\/08\/2010 :<\/strong> <strong><a title=\"2e teasing vid\u00e9o de l\u2019Adventure\" href=\"http:\/\/www.triumphadonf.com\/v3\/index.php\/gamme-triumph\/adventure-gamme-triumph\/2e-teasing-video-de-ladventure\/\">2e teasing vid\u00e9o de l\u2019Adventure<\/a><\/strong><\/p>\n<p><strong><strong>Article du 09\/07\/2010 :<\/strong><\/strong><strong> <\/strong><strong><a title=\"L\u2019Aventure en grand\" href=\"http:\/\/www.triumphadonf.com\/v3\/index.php\/triumph\/laventure-en-grand\/\">L\u2019Aventure en grand<\/a><\/strong><\/p>\n<p><strong>Article du 07\/07\/2010 : <\/strong><strong><a title=\"Une Triumph Adventure en 2011 ?\" href=\"http:\/\/www.triumphadonf.com\/v3\/index.php\/triumph\/une-triumph-adventure-en-2011\/\">Une Triumph Adventure en 2011 ?<\/a><\/strong><\/p>\n<p><strong>Article du 28\/06\/2010 : <\/strong><strong><a title=\"Triumph Sprint ST 2011 : 1\u00e8res photos !\" href=\"http:\/\/www.triumphadonf.com\/v3\/index.php\/gamme-triumph\/sprint\/triumph-sprint-st-2011-1ere-photo\/\">Triumph Sprint ST 2011 : 1\u00e8res photos !<\/a><\/strong><\/p>\n<p><strong>Article du 27\/06\/2010 : <\/strong><a href=\"http:\/\/www.triumphadonf.com\/v3\/index.php\/gamme-triumph\/sprint\/triumph-sprint-st-2011-1ere-photo\/\"><strong>Triumph Sprint ST 2011 : 1\u00e8re photo<\/strong><\/a><\/p>\n<p><strong>Article du 15\/05\/2010 : <\/strong><strong><a href=\"http:\/\/www.triumphadonf.com\/v3\/index.php\/gamme-triumph\/sprint\/comparatif-sprint-gt-sprint-st\/\">Comparatif Sprint GT 1050\u00a0\/ Sprint ST 1050<\/a><\/strong><\/p>\n<p><strong>Article du 15\/05\/2010 : <a href=\"http:\/\/www.triumphadonf.com\/v3\/index.php\/gamme-triumph\/sprint\/lancement-officiel-de-la-sprint-gt-1050\/\">Lancement officiel de la Sprint GT 1050<\/a><\/strong><\/p>\n<p><strong>Article du 14\/05\/2010 : <\/strong><a href=\"http:\/\/www.triumphadonf.com\/v3\/index.php\/gamme-triumph\/sprint\/la-sprint-gt-1050-devoilee\/\"><strong>La Triumph Sprint GT 1050 d\u00e9voil\u00e9\u00e9<\/strong><\/a><\/p>\n<p><strong>Article du 13\/05\/2010 :\u00a0<strong><a href=\"http:\/\/www.triumphadonf.com\/v3\/index.php\/gamme-triumph\/tiger\/les-triumph-2011-se-devoilent\/\">Les Triumph 2011 se d\u00e9voilent\u2026<\/a><\/strong><\/strong><\/p>\n<p><strong>Article du 11\/05\/2010 :\u00a0<strong><a href=\"http:\/\/www.triumphadonf.com\/v3\/index.php\/gamme-triumph\/sprint\/infos-sur-les-nouvelles-sprint-st-et-gt\/\" target=\"_blank\">Infos sur les nouvelles Sprint ST et GT<\/a><\/strong><\/strong><\/p>\n<p><strong>Article du 30\/04\/2010 : <\/strong><strong><strong><a href=\"http:\/\/www.triumphadonf.com\/v3\/index.php\/gamme-triumph\/tiger\/photomontage-de-la-tiger-cub-800cc\/\">P<\/a><\/strong><\/strong><strong><a href=\"http:\/\/www.triumphadonf.com\/v3\/index.php\/gamme-triumph\/tiger\/photomontage-de-la-tiger-cub-800cc\/\">hotomontage de la Tiger Cub 800cc<\/a><\/strong><\/p>\n<p><strong>Article du 22\/04\/2010 : <a href=\"http:\/\/www.triumphadonf.com\/v3\/index.php\/gamme-triumph\/tiger\/rumeurs-un-nouveau-triumph-tiger-cub-de-800cc\/\">Rumeurs : un nouveau Triumph Tiger Cub de 800cc<\/a><\/strong><\/p>\n<p><strong>Article du 22\/04\/2010 : <a href=\"http:\/\/www.triumphadonf.com\/v3\/index.php\/gamme-triumph\/sprint\/la-sprint-gt-dans-moto-journal\/\">La Sprint GT dans Moto Journal<\/a><\/strong><\/p>\n<p><strong>Article du 07\/04\/2010 : <\/strong><strong><strong><a href=\"http:\/\/www.triumphadonf.com\/v3\/index.php\/gamme-triumph\/daytona\/nouvelle-sprint-st-sprint-gt-et-daytona-r-en-2011\/\">Nouvelle Sprint ST, Sprint GT et Daytona R en 2011 !<\/a><\/strong><\/strong><\/p>\n","protected":false},"excerpt":{"rendered":"<p>Roadsters : Supersports : Adventure : Touring : Classics : Cruisers : Vous pouvez retrouvez ci-dessous les rumeurs et nouveaut\u00e9s sur la gamme Triumph 2011&#8230; publi\u00e9s en 2010 \ud83d\ude42 Article du 19\/09\/2010 : Une version 1200 de la Triumph Tiger en pr\u00e9paration Article du 15\/09\/2010 : Triumph Tiger 800 et Tiger 800 XC Article du [&hellip;]<\/p>\n","protected":false},"author":1,"featured_media":4901,"parent":0,"menu_order":0,"comment_status":"open","ping_status":"open","template":"","meta":{"_monsterinsights_skip_tracking":false,"_monsterinsights_sitenote_active":false,"_monsterinsights_sitenote_note":"","_monsterinsights_sitenote_category":0,"footnotes":""},"class_list":["post-3753","page","type-page","status-publish","has-post-thumbnail"],"jetpack_sharing_enabled":true,"_links":{"self":[{"href":"http:\/\/triumphadonf.com\/v3\/wp-json\/wp\/v2\/pages\/3753","targetHints":{"allow":["GET"]}}],"collection":[{"href":"http:\/\/triumphadonf.com\/v3\/wp-json\/wp\/v2\/pages"}],"about":[{"href":"http:\/\/triumphadonf.com\/v3\/wp-json\/wp\/v2\/types\/page"}],"author":[{"embeddable":true,"href":"http:\/\/triumphadonf.com\/v3\/wp-json\/wp\/v2\/users\/1"}],"replies":[{"embeddable":true,"href":"http:\/\/triumphadonf.com\/v3\/wp-json\/wp\/v2\/comments?post=3753"}],"version-history":[{"count":0,"href":"http:\/\/triumphadonf.com\/v3\/wp-json\/wp\/v2\/pages\/3753\/revisions"}],"wp:featuredmedia":[{"embeddable":true,"href":"http:\/\/triumphadonf.com\/v3\/wp-json\/wp\/v2\/media\/4901"}],"wp:attachment":[{"href":"http:\/\/triumphadonf.com\/v3\/wp-json\/wp\/v2\/media?parent=3753"}],"curies":[{"name":"wp","href":"https:\/\/api.w.org\/{rel}","templated":true}]}}