{"id":3642,"date":"2010-04-19T18:53:54","date_gmt":"2010-04-19T17:53:54","guid":{"rendered":"http:\/\/www.triumphadonf.com\/v3\/?page_id=3642"},"modified":"2010-04-19T20:04:34","modified_gmt":"2010-04-19T19:04:34","slug":"liste-des-concessionnaires-triumph","status":"publish","type":"page","link":"http:\/\/triumphadonf.com\/v3\/liste-des-concessionnaires-triumph\/","title":{"rendered":"Liste des concessionnaires Triumph"},"content":{"rendered":"<p><a href=\"http:\/\/www.triumphadonf.com\/v3\/wp-content\/uploads\/2010\/04\/concess.jpg\"><img decoding=\"async\" class=\"aligncenter size-full wp-image-3645 lazyload\" title=\"concess\" data-src=\"http:\/\/www.triumphadonf.com\/v3\/wp-content\/uploads\/2010\/04\/concess.jpg\" alt=\"\" width=\"580\" height=\"209\" data-srcset=\"http:\/\/triumphadonf.com\/v3\/wp-content\/uploads\/2010\/04\/concess.jpg 580w, http:\/\/triumphadonf.com\/v3\/wp-content\/uploads\/2010\/04\/concess-120x43.jpg 120w\" data-sizes=\"(max-width: 580px) 100vw, 580px\" src=\"data:image\/svg+xml;base64,PHN2ZyB3aWR0aD0iMSIgaGVpZ2h0PSIxIiB4bWxucz0iaHR0cDovL3d3dy53My5vcmcvMjAwMC9zdmciPjwvc3ZnPg==\" style=\"--smush-placeholder-width: 580px; --smush-placeholder-aspect-ratio: 580\/209;\" \/><\/a><\/p>\n<p>La liste des concessionnaires Triumph varie r\u00e9guli\u00e8rement, il est donc difficile de conserver une liste 100% exacte sur Triumphadonf.com.<\/p>\n<p>Pour trouver facilement votre concessionnaire dans la liste ci-dessous, faites CTRL + F puis tapez le nom de la ville ou du concessionnaire.<\/p>\n<p>Si vous ne trouvez pas votre bonheur, ce qui me surprendrait :-), je vous invite \u00e0 vous rendre sur le site officiel Triumph, sur la page consacr\u00e9e \u00e0 la recherche de concessionnaire pour trouver votre bonheur :\u00a0<a style=\"text-decoration: none; color: #ff4400; font-weight: normal;\" href=\"http:\/\/www.triumph.co.uk\/\" target=\"_blank\">cliquez ici<\/a>.<\/p>\n<div id=\"_mcePaste\">ACCESS MACHINE | LANESTER | 02 97 81 68 68<\/div>\n<div id=\"_mcePaste\">AD MOTOS | AVIGNON | 04 90 89 22 00<\/div>\n<div id=\"_mcePaste\">AMBIANCE MOTOS | ST DENIS DE LA REUNION | 00 262 20 47 00<\/div>\n<div id=\"_mcePaste\">ATS TRIUMPH | PARIS | 01 48 04 88 00<\/div>\n<div id=\"_mcePaste\">AXXESS MACHINE | ST GREGOIRE | 02 99 38 58 07<\/div>\n<div id=\"_mcePaste\">BOUVIER MOTOS | VALENCE | 04 75 42 06 83<\/div>\n<div id=\"_mcePaste\">BRITISH RACING | MARSEILLE | 04 96 11 24 45<\/div>\n<div id=\"_mcePaste\">CENTRAL TWIN AVENUE | SEVREY | 03 85 93 32 00<\/div>\n<div id=\"_mcePaste\">CORNOUAILLE MOTO | ERGUE GABERIC | 02 98 66 69 00<\/div>\n<div id=\"_mcePaste\">DESCHAMPS MOTOS | NICE | +33 04 92 17 68 00<\/div>\n<div id=\"_mcePaste\">DIAGONALE | MONTESSON | 0139 13 44 94<\/div>\n<div id=\"_mcePaste\">EQUIP&rsquo; MOTO | SAINT-LO | 02 33 57 74 65<\/div>\n<div id=\"_mcePaste\">Ets LACROIX | ST BENOIT | 05.49.45.15.15<\/div>\n<div id=\"_mcePaste\">HDM MECANIQUE | MELLE | 05 49 27 18 67<\/div>\n<div id=\"_mcePaste\">JOINVILLE TROPHY | JOINVILLE LE PONT | 01 43 97 65 90<\/div>\n<div id=\"_mcePaste\">KILOMETRE 66 | CAMON | 03 22 91 66 66<\/div>\n<div id=\"_mcePaste\">LE MANS MOTO | ARNAGE | 02 43 72 36 25<\/div>\n<div id=\"_mcePaste\">MAGIK MOTO | TINQUEUX | 03 26 04 20 20<\/div>\n<div id=\"_mcePaste\">MILLENIUM MOTO | SAINT ETIENNE | 04 77 41 27 60<\/div>\n<div id=\"_mcePaste\">MOTO EVOLUTION 2 | AUGNY 5 (pr\u00e8s de Metz) | 03 87 31 95 33<\/div>\n<div id=\"_mcePaste\">MOTO FEELING | SEYNOD | 04 50 52 27 16<\/div>\n<div id=\"_mcePaste\">MOTO MOVE | ISLE | 05 55 33 44 61<\/div>\n<div id=\"_mcePaste\">MOTORCYCLES DREAM-STORE | SAUSHEIM | 03 89 31 03 15<\/div>\n<div id=\"_mcePaste\">MOTOS PLUS | AUBIERE | 04 73 61 20 36<\/div>\n<div id=\"_mcePaste\">PARIS NORD MOTO | AULNAY-SOUS-BOIS | 01.48.66.20.51<\/div>\n<div id=\"_mcePaste\">PASCAL MOTO OUEST | MONTPELLIER | 04 99 52 96 60<\/div>\n<div id=\"_mcePaste\">POWER BIKE | TROYES | 03 25 42 18 00<\/div>\n<div id=\"_mcePaste\">PRESTIGE MOTOS | CABESTANY | 04 68 67 19 19<\/div>\n<div id=\"_mcePaste\">ROAD SPIRIT | TOULON | 04 94 20 10 02<\/div>\n<div id=\"_mcePaste\">SIDEWAYS MOTOS | SAINT-AVERTIN | 02 47 27 16 66<\/div>\n<div id=\"_mcePaste\">STRIKE MOTO | AMBUTRIX | 04 74 38 17 72<\/div>\n<div id=\"_mcePaste\">TBC | BIARRITZ | 05.59.23.75.45<\/div>\n<div id=\"_mcePaste\">TECHNIC MOTOS | NIMES | 04 66 68 71 00<\/div>\n<div id=\"_mcePaste\">TRACK MOTOR | LA ROCHELLE | 05 46 67 76 98<\/div>\n<div id=\"_mcePaste\">TRIUMPH BESANCON | BESANCON | 03 81 41 90 62<\/div>\n<div id=\"_mcePaste\">TRIUMPH CENTER | BRUAY LA BUISSIERE | 03.21.65.80.92<\/div>\n<div id=\"_mcePaste\">TRIUMPH COMPIEGNE | COMPIEGNE | 03 44 97 58 63<\/div>\n<div id=\"_mcePaste\">TRIUMPH DIJON | Dijon | 03 80 36 63 00<\/div>\n<div id=\"_mcePaste\">TRIUMPH ETOILE | PARIS | 01 40 67 75 25<\/div>\n<div id=\"_mcePaste\">TRIUMPH GRENOBLE | GRENOBLE | 04 76 84 29 31<\/div>\n<div id=\"_mcePaste\">TRIUMPH LILLE | RONCHIN | 03 28 77 77 20<\/div>\n<div id=\"_mcePaste\">TRIUMPH LYON | DARDILLY | 04 27 46 23 60<\/div>\n<div id=\"_mcePaste\">TRIUMPH MONTLHERY | MONTHLERY | 01.69.01.09.34<\/div>\n<div id=\"_mcePaste\">TRIUMPH NANTES | ORVAULT | 02 40 63 86 86<\/div>\n<div id=\"_mcePaste\">TRIUMPH ORLEANS | OLIVET CEDEX | 02 38 63 63 15<\/div>\n<div id=\"_mcePaste\">TRIUMPH STRASBOURG | SOUFFELWEYERSHEIM | 03 88 18 24 70<\/div>\n<div id=\"_mcePaste\">VITTEL BIKE | VITTEL | 03 29 08 96 88<\/div>\n<div id=\"_mcePaste\">ZONE ROUGE 33 | MERIGNAC | 05 57 29 00 00<\/div>\n<div id=\"_mcePaste\">ZONE ROUGE 76 | DESVILLE LES ROUEN | 02 35 74 87 87<\/div>\n","protected":false},"excerpt":{"rendered":"<p>La liste des concessionnaires Triumph varie r\u00e9guli\u00e8rement, il est donc difficile de conserver une liste 100% exacte sur Triumphadonf.com. Pour trouver facilement votre concessionnaire dans la liste ci-dessous, faites CTRL + F puis tapez le nom de la ville ou du concessionnaire. Si vous ne trouvez pas votre bonheur, ce qui me surprendrait :-), je [&hellip;]<\/p>\n","protected":false},"author":1,"featured_media":0,"parent":0,"menu_order":0,"comment_status":"open","ping_status":"open","template":"","meta":{"_monsterinsights_skip_tracking":false,"_monsterinsights_sitenote_active":false,"_monsterinsights_sitenote_note":"","_monsterinsights_sitenote_category":0,"footnotes":""},"class_list":["post-3642","page","type-page","status-publish"],"jetpack_sharing_enabled":true,"_links":{"self":[{"href":"http:\/\/triumphadonf.com\/v3\/wp-json\/wp\/v2\/pages\/3642","targetHints":{"allow":["GET"]}}],"collection":[{"href":"http:\/\/triumphadonf.com\/v3\/wp-json\/wp\/v2\/pages"}],"about":[{"href":"http:\/\/triumphadonf.com\/v3\/wp-json\/wp\/v2\/types\/page"}],"author":[{"embeddable":true,"href":"http:\/\/triumphadonf.com\/v3\/wp-json\/wp\/v2\/users\/1"}],"replies":[{"embeddable":true,"href":"http:\/\/triumphadonf.com\/v3\/wp-json\/wp\/v2\/comments?post=3642"}],"version-history":[{"count":0,"href":"http:\/\/triumphadonf.com\/v3\/wp-json\/wp\/v2\/pages\/3642\/revisions"}],"wp:attachment":[{"href":"http:\/\/triumphadonf.com\/v3\/wp-json\/wp\/v2\/media?parent=3642"}],"curies":[{"name":"wp","href":"https:\/\/api.w.org\/{rel}","templated":true}]}}