{"id":3408,"date":"2010-04-05T22:06:18","date_gmt":"2010-04-05T21:06:18","guid":{"rendered":"http:\/\/www.triumphadonf.com\/v3\/?page_id=3408"},"modified":"2010-04-22T14:47:21","modified_gmt":"2010-04-22T13:47:21","slug":"gamme-triumph-2010","status":"publish","type":"page","link":"http:\/\/triumphadonf.com\/v3\/gamme-triumph-2010\/","title":{"rendered":"Gamme Triumph 2010"},"content":{"rendered":"<p>Voici la liste des mod\u00e8les destin\u00e9s au march\u00e9 fran\u00e7ais pour l&rsquo;ann\u00e9e 2010. On retrouve 22 motos diff\u00e9rentes, avec nos cat\u00e9gories habituelles \u00ab\u00a0Modern Classics\u00a0\u00bb, \u00ab\u00a0Urban Sports\u00a0\u00bb et \u00ab\u00a0Cruisers\u00a0\u00bb, avec pas moins de 7 \u00e9ditions sp\u00e9ciales (SE).<\/p>\n<p><a href=\"http:\/\/www.triumphadonf.com\/v3\/index.php\/gamme-triumph\/america_speedmaster\/triumph-america-2010\/\"><img decoding=\"async\" style=\"--smush-placeholder-width: 580px; --smush-placeholder-aspect-ratio: 580\/100;display: block; margin-left: auto; margin-right: auto; border: 0px initial initial;\" title=\"america\" data-src=\"http:\/\/www.triumphadonf.com\/v3\/wp-content\/uploads\/2010\/04\/america.jpg\" alt=\"america\" width=\"580\" height=\"100\" src=\"data:image\/svg+xml;base64,PHN2ZyB3aWR0aD0iMSIgaGVpZ2h0PSIxIiB4bWxucz0iaHR0cDovL3d3dy53My5vcmcvMjAwMC9zdmciPjwvc3ZnPg==\" class=\"lazyload\" \/><\/a><\/p>\n<p><a href=\"http:\/\/www.triumphadonf.com\/v3\/index.php\/gamme-triumph\/bonneville_t100\/triumph-bonneville-2010\/\"><img decoding=\"async\" style=\"--smush-placeholder-width: 580px; --smush-placeholder-aspect-ratio: 580\/100;display: block; margin-left: auto; margin-right: auto; border: 0px initial initial;\" title=\"bonnie\" data-src=\"http:\/\/www.triumphadonf.com\/v3\/wp-content\/uploads\/2010\/04\/bonnie.jpg\" alt=\"bonnie\" width=\"580\" height=\"100\" src=\"data:image\/svg+xml;base64,PHN2ZyB3aWR0aD0iMSIgaGVpZ2h0PSIxIiB4bWxucz0iaHR0cDovL3d3dy53My5vcmcvMjAwMC9zdmciPjwvc3ZnPg==\" class=\"lazyload\" \/><\/a><\/p>\n<p><a href=\"http:\/\/www.triumphadonf.com\/v3\/index.php\/gamme-triumph\/bonneville_t100\/triumph-bonneville-2010\/\"><img decoding=\"async\" style=\"--smush-placeholder-width: 580px; --smush-placeholder-aspect-ratio: 580\/100;display: block; margin-left: auto; margin-right: auto; border: 0px initial initial;\" title=\"bonneville_SE\" data-src=\"http:\/\/www.triumphadonf.com\/v3\/wp-content\/uploads\/2010\/04\/bonneville_SE.jpg\" alt=\"bonneville_SE\" width=\"580\" height=\"100\" src=\"data:image\/svg+xml;base64,PHN2ZyB3aWR0aD0iMSIgaGVpZ2h0PSIxIiB4bWxucz0iaHR0cDovL3d3dy53My5vcmcvMjAwMC9zdmciPjwvc3ZnPg==\" class=\"lazyload\" \/><\/a><\/p>\n<p><a href=\"http:\/\/www.triumphadonf.com\/v3\/index.php\/gamme-triumph\/bonneville_t100\/triumph-bonneville-t100-et-bonneville-sixty-2010\/\"><img decoding=\"async\" style=\"--smush-placeholder-width: 580px; --smush-placeholder-aspect-ratio: 580\/100;display: block; margin-left: auto; margin-right: auto; border: 0px initial initial;\" title=\"t100\" data-src=\"http:\/\/www.triumphadonf.com\/v3\/wp-content\/uploads\/2010\/04\/t100.jpg\" alt=\"t100\" width=\"580\" height=\"100\" src=\"data:image\/svg+xml;base64,PHN2ZyB3aWR0aD0iMSIgaGVpZ2h0PSIxIiB4bWxucz0iaHR0cDovL3d3dy53My5vcmcvMjAwMC9zdmciPjwvc3ZnPg==\" class=\"lazyload\" \/><\/a><\/p>\n<p><a href=\"http:\/\/www.triumphadonf.com\/v3\/index.php\/gamme-triumph\/bonneville_t100\/triumph-bonneville-t100-et-bonneville-sixty-2010\/\"><img decoding=\"async\" style=\"--smush-placeholder-width: 580px; --smush-placeholder-aspect-ratio: 580\/100;display: block; margin-left: auto; margin-right: auto; border: 0px initial initial;\" title=\"bonnie_60\" data-src=\"http:\/\/www.triumphadonf.com\/v3\/wp-content\/uploads\/2010\/04\/bonnie_60.jpg\" alt=\"bonnie_60\" width=\"580\" height=\"100\" src=\"data:image\/svg+xml;base64,PHN2ZyB3aWR0aD0iMSIgaGVpZ2h0PSIxIiB4bWxucz0iaHR0cDovL3d3dy53My5vcmcvMjAwMC9zdmciPjwvc3ZnPg==\" class=\"lazyload\" \/><\/a><\/p>\n<p><a href=\"http:\/\/www.triumphadonf.com\/v3\/index.php\/gamme-triumph\/daytona\/triumph-daytona-675-2010\/\"><img decoding=\"async\" style=\"--smush-placeholder-width: 580px; --smush-placeholder-aspect-ratio: 580\/100;display: block; margin-left: auto; margin-right: auto; border: 0px initial initial;\" title=\"dayto\" data-src=\"http:\/\/www.triumphadonf.com\/v3\/wp-content\/uploads\/2010\/04\/dayto.jpg\" alt=\"dayto\" width=\"580\" height=\"100\" src=\"data:image\/svg+xml;base64,PHN2ZyB3aWR0aD0iMSIgaGVpZ2h0PSIxIiB4bWxucz0iaHR0cDovL3d3dy53My5vcmcvMjAwMC9zdmciPjwvc3ZnPg==\" class=\"lazyload\" \/><\/a><\/p>\n<p style=\"text-align: center;\"><a href=\"http:\/\/www.triumphadonf.com\/v3\/index.php\/gamme-triumph\/daytona\/triumph-daytona-675-se-2010\/\"><img decoding=\"async\" class=\"aligncenter size-full wp-image-3449 lazyload\" title=\"daytoSE_2010\" data-src=\"http:\/\/www.triumphadonf.com\/v3\/wp-content\/uploads\/2010\/04\/daytoSE_2010.jpg\" alt=\"daytoSE_2010\" width=\"580\" height=\"100\" data-srcset=\"http:\/\/triumphadonf.com\/v3\/wp-content\/uploads\/2010\/04\/daytoSE_2010.jpg 580w, http:\/\/triumphadonf.com\/v3\/wp-content\/uploads\/2010\/04\/daytoSE_2010-120x20.jpg 120w\" data-sizes=\"(max-width: 580px) 100vw, 580px\" src=\"data:image\/svg+xml;base64,PHN2ZyB3aWR0aD0iMSIgaGVpZ2h0PSIxIiB4bWxucz0iaHR0cDovL3d3dy53My5vcmcvMjAwMC9zdmciPjwvc3ZnPg==\" style=\"--smush-placeholder-width: 580px; --smush-placeholder-aspect-ratio: 580\/100;\" \/><\/a><\/p>\n<p><a href=\"http:\/\/www.triumphadonf.com\/v3\/index.php\/gamme-triumph\/rocket-iii\/triumph-rocket-3-roadster-2010\/\"><img decoding=\"async\" style=\"--smush-placeholder-width: 580px; --smush-placeholder-aspect-ratio: 580\/100;display: block; margin-left: auto; margin-right: auto; border: 0px initial initial;\" title=\"rocket3roadster\" data-src=\"http:\/\/www.triumphadonf.com\/v3\/wp-content\/uploads\/2010\/04\/rocket3roadster.jpg\" alt=\"rocket3roadster\" width=\"580\" height=\"100\" src=\"data:image\/svg+xml;base64,PHN2ZyB3aWR0aD0iMSIgaGVpZ2h0PSIxIiB4bWxucz0iaHR0cDovL3d3dy53My5vcmcvMjAwMC9zdmciPjwvc3ZnPg==\" class=\"lazyload\" \/><\/a><\/p>\n<p><a href=\"http:\/\/www.triumphadonf.com\/v3\/index.php\/gamme-triumph\/rocket-iii\/triumph-rocket-3-touring-2010\/\"><img decoding=\"async\" style=\"--smush-placeholder-width: 580px; --smush-placeholder-aspect-ratio: 580\/100;display: block; margin-left: auto; margin-right: auto; border: 0px initial initial;\" title=\"rocket3touring\" data-src=\"http:\/\/www.triumphadonf.com\/v3\/wp-content\/uploads\/2010\/04\/rocket3touring.jpg\" alt=\"rocket3touring\" width=\"580\" height=\"100\" src=\"data:image\/svg+xml;base64,PHN2ZyB3aWR0aD0iMSIgaGVpZ2h0PSIxIiB4bWxucz0iaHR0cDovL3d3dy53My5vcmcvMjAwMC9zdmciPjwvc3ZnPg==\" class=\"lazyload\" \/><\/a><\/p>\n<p><a href=\"http:\/\/www.triumphadonf.com\/v3\/index.php\/gamme-triumph\/scrambler-900\/triumph-scrambler-2010\/\"><img decoding=\"async\" style=\"--smush-placeholder-width: 580px; --smush-placeholder-aspect-ratio: 580\/100;display: block; margin-left: auto; margin-right: auto; border: 0px initial initial;\" title=\"scrambler\" data-src=\"http:\/\/www.triumphadonf.com\/v3\/wp-content\/uploads\/2010\/04\/scrambler.jpg\" alt=\"scrambler\" width=\"580\" height=\"100\" src=\"data:image\/svg+xml;base64,PHN2ZyB3aWR0aD0iMSIgaGVpZ2h0PSIxIiB4bWxucz0iaHR0cDovL3d3dy53My5vcmcvMjAwMC9zdmciPjwvc3ZnPg==\" class=\"lazyload\" \/><\/a><\/p>\n<p><a href=\"http:\/\/www.triumphadonf.com\/v3\/index.php\/gamme-triumph\/america_speedmaster\/triumph-speedmaster-2010\/\"><img decoding=\"async\" style=\"--smush-placeholder-width: 580px; --smush-placeholder-aspect-ratio: 580\/100;display: block; margin-left: auto; margin-right: auto; border: 0px initial initial;\" title=\"speedmaster\" data-src=\"http:\/\/www.triumphadonf.com\/v3\/wp-content\/uploads\/2010\/04\/speedmaster.jpg\" alt=\"speedmaster\" width=\"580\" height=\"100\" src=\"data:image\/svg+xml;base64,PHN2ZyB3aWR0aD0iMSIgaGVpZ2h0PSIxIiB4bWxucz0iaHR0cDovL3d3dy53My5vcmcvMjAwMC9zdmciPjwvc3ZnPg==\" class=\"lazyload\" \/><\/a><\/p>\n<p><a href=\"http:\/\/www.triumphadonf.com\/v3\/index.php\/gamme-triumph\/speed-triple\/triumph-speed-triple-1050-2010\/\"><img decoding=\"async\" style=\"--smush-placeholder-width: 580px; --smush-placeholder-aspect-ratio: 580\/100;display: block; margin-left: auto; margin-right: auto; border: 0px initial initial;\" title=\"speed3_2010\" data-src=\"http:\/\/www.triumphadonf.com\/v3\/wp-content\/uploads\/2010\/04\/speed3_2010.jpg\" alt=\"speed3_2010\" width=\"580\" height=\"100\" src=\"data:image\/svg+xml;base64,PHN2ZyB3aWR0aD0iMSIgaGVpZ2h0PSIxIiB4bWxucz0iaHR0cDovL3d3dy53My5vcmcvMjAwMC9zdmciPjwvc3ZnPg==\" class=\"lazyload\" \/><\/a><\/p>\n<p><a href=\"http:\/\/www.triumphadonf.com\/v3\/index.php\/gamme-triumph\/speed-triple\/triumph-speed-triple-se-2010\/\"><img decoding=\"async\" style=\"--smush-placeholder-width: 580px; --smush-placeholder-aspect-ratio: 580\/100;display: block; margin-left: auto; margin-right: auto; border: 0px initial initial;\" title=\"speed3se\" data-src=\"http:\/\/www.triumphadonf.com\/v3\/wp-content\/uploads\/2010\/04\/speed3se.jpg\" alt=\"speed3se\" width=\"580\" height=\"100\" src=\"data:image\/svg+xml;base64,PHN2ZyB3aWR0aD0iMSIgaGVpZ2h0PSIxIiB4bWxucz0iaHR0cDovL3d3dy53My5vcmcvMjAwMC9zdmciPjwvc3ZnPg==\" class=\"lazyload\" \/><\/a><\/p>\n<p><a href=\"http:\/\/www.triumphadonf.com\/v3\/index.php\/gamme-triumph\/sprint\/triumph-sprint-st-2010\/\"><img decoding=\"async\" style=\"--smush-placeholder-width: 580px; --smush-placeholder-aspect-ratio: 580\/100;display: block; margin-left: auto; margin-right: auto; border: 0px initial initial;\" title=\"st_2010\" data-src=\"http:\/\/www.triumphadonf.com\/v3\/wp-content\/uploads\/2010\/04\/st_2010.jpg\" alt=\"st_2010\" width=\"580\" height=\"100\" src=\"data:image\/svg+xml;base64,PHN2ZyB3aWR0aD0iMSIgaGVpZ2h0PSIxIiB4bWxucz0iaHR0cDovL3d3dy53My5vcmcvMjAwMC9zdmciPjwvc3ZnPg==\" class=\"lazyload\" \/><\/a><\/p>\n<p><a href=\"http:\/\/www.triumphadonf.com\/v3\/index.php\/gamme-triumph\/street-triple\/triumph-street-triple-2010\/\"><img decoding=\"async\" style=\"--smush-placeholder-width: 580px; --smush-placeholder-aspect-ratio: 580\/100;display: block; margin-left: auto; margin-right: auto; border: 0px initial initial;\" title=\"street3\" data-src=\"http:\/\/www.triumphadonf.com\/v3\/wp-content\/uploads\/2010\/04\/street3.jpg\" alt=\"street3\" width=\"580\" height=\"100\" src=\"data:image\/svg+xml;base64,PHN2ZyB3aWR0aD0iMSIgaGVpZ2h0PSIxIiB4bWxucz0iaHR0cDovL3d3dy53My5vcmcvMjAwMC9zdmciPjwvc3ZnPg==\" class=\"lazyload\" \/><\/a><\/p>\n<p><a href=\"http:\/\/www.triumphadonf.com\/v3\/index.php\/gamme-triumph\/street-triple\/triumph-street-triple-r-2010\/\"><img decoding=\"async\" style=\"--smush-placeholder-width: 580px; --smush-placeholder-aspect-ratio: 580\/100;display: block; margin-left: auto; margin-right: auto; border: 0px initial initial;\" title=\"street3r\" data-src=\"http:\/\/www.triumphadonf.com\/v3\/wp-content\/uploads\/2010\/04\/street3r.jpg\" alt=\"street3r\" width=\"580\" height=\"100\" src=\"data:image\/svg+xml;base64,PHN2ZyB3aWR0aD0iMSIgaGVpZ2h0PSIxIiB4bWxucz0iaHR0cDovL3d3dy53My5vcmcvMjAwMC9zdmciPjwvc3ZnPg==\" class=\"lazyload\" \/><\/a><\/p>\n<p><a href=\"http:\/\/www.triumphadonf.com\/v3\/index.php\/gamme-triumph\/thunderbird\/triumph-thunderbird-1600-2010\/\"><img decoding=\"async\" style=\"--smush-placeholder-width: 580px; --smush-placeholder-aspect-ratio: 580\/100;display: block; margin-left: auto; margin-right: auto; border: 0px initial initial;\" title=\"tbird1600\" data-src=\"http:\/\/www.triumphadonf.com\/v3\/wp-content\/uploads\/2010\/04\/tbird1600.jpg\" alt=\"tbird1600\" width=\"580\" height=\"100\" src=\"data:image\/svg+xml;base64,PHN2ZyB3aWR0aD0iMSIgaGVpZ2h0PSIxIiB4bWxucz0iaHR0cDovL3d3dy53My5vcmcvMjAwMC9zdmciPjwvc3ZnPg==\" class=\"lazyload\" \/><\/a><\/p>\n<p><a href=\"http:\/\/www.triumphadonf.com\/v3\/index.php\/gamme-triumph\/thunderbird\/evolution-de-la-thunderbird-1600-pour-2010\/\"><img decoding=\"async\" style=\"--smush-placeholder-width: 580px; --smush-placeholder-aspect-ratio: 580\/100;display: block; margin-left: auto; margin-right: auto; border: 0px initial initial;\" title=\"tbird1700\" data-src=\"http:\/\/www.triumphadonf.com\/v3\/wp-content\/uploads\/2010\/04\/tbird1700.jpg\" alt=\"tbird1700\" width=\"580\" height=\"100\" src=\"data:image\/svg+xml;base64,PHN2ZyB3aWR0aD0iMSIgaGVpZ2h0PSIxIiB4bWxucz0iaHR0cDovL3d3dy53My5vcmcvMjAwMC9zdmciPjwvc3ZnPg==\" class=\"lazyload\" \/><\/a><\/p>\n<p><a href=\"http:\/\/www.triumphadonf.com\/v3\/index.php\/gamme-triumph\/thruxton-900\/triumph-thruxton-900-2010\/\"><img decoding=\"async\" style=\"--smush-placeholder-width: 580px; --smush-placeholder-aspect-ratio: 580\/100;display: block; margin-left: auto; margin-right: auto; border: 0px initial initial;\" title=\"thruxton900\" data-src=\"http:\/\/www.triumphadonf.com\/v3\/wp-content\/uploads\/2010\/04\/thruxton900.jpg\" alt=\"thruxton900\" width=\"580\" height=\"100\" src=\"data:image\/svg+xml;base64,PHN2ZyB3aWR0aD0iMSIgaGVpZ2h0PSIxIiB4bWxucz0iaHR0cDovL3d3dy53My5vcmcvMjAwMC9zdmciPjwvc3ZnPg==\" class=\"lazyload\" \/><\/a><\/p>\n<p><a href=\"http:\/\/www.triumphadonf.com\/v3\/index.php\/gamme-triumph\/thruxton-900\/triumph-thruxton-se-2010\/\"><img decoding=\"async\" style=\"--smush-placeholder-width: 580px; --smush-placeholder-aspect-ratio: 580\/100;display: block; margin-left: auto; margin-right: auto; border: 0px initial initial;\" title=\"thruxton900se\" data-src=\"http:\/\/www.triumphadonf.com\/v3\/wp-content\/uploads\/2010\/04\/thruxton900se.jpg\" alt=\"thruxton900se\" width=\"580\" height=\"100\" src=\"data:image\/svg+xml;base64,PHN2ZyB3aWR0aD0iMSIgaGVpZ2h0PSIxIiB4bWxucz0iaHR0cDovL3d3dy53My5vcmcvMjAwMC9zdmciPjwvc3ZnPg==\" class=\"lazyload\" \/><\/a><\/p>\n<p><a href=\"http:\/\/www.triumphadonf.com\/v3\/index.php\/gamme-triumph\/tiger\/triumph-tiger-1050-et-tigier-1050-se-2010\/\"><img decoding=\"async\" style=\"--smush-placeholder-width: 580px; --smush-placeholder-aspect-ratio: 580\/100;display: block; margin-left: auto; margin-right: auto; border: 0px initial initial;\" title=\"tiger\" data-src=\"http:\/\/www.triumphadonf.com\/v3\/wp-content\/uploads\/2010\/04\/tiger.jpg\" alt=\"tiger\" width=\"580\" height=\"100\" src=\"data:image\/svg+xml;base64,PHN2ZyB3aWR0aD0iMSIgaGVpZ2h0PSIxIiB4bWxucz0iaHR0cDovL3d3dy53My5vcmcvMjAwMC9zdmciPjwvc3ZnPg==\" class=\"lazyload\" \/><\/a><\/p>\n<p style=\"text-align: center;\"><a href=\"http:\/\/www.triumphadonf.com\/v3\/index.php\/gamme-triumph\/tiger\/triumph-tiger-1050-et-tigier-1050-se-2010\/\"><img decoding=\"async\" class=\"aligncenter size-full wp-image-3442 lazyload\" title=\"tigerSE\" data-src=\"http:\/\/www.triumphadonf.com\/v3\/wp-content\/uploads\/2010\/04\/tigerSE.jpg\" alt=\"tigerSE\" width=\"580\" height=\"100\" data-srcset=\"http:\/\/triumphadonf.com\/v3\/wp-content\/uploads\/2010\/04\/tigerSE.jpg 580w, http:\/\/triumphadonf.com\/v3\/wp-content\/uploads\/2010\/04\/tigerSE-120x20.jpg 120w\" data-sizes=\"(max-width: 580px) 100vw, 580px\" src=\"data:image\/svg+xml;base64,PHN2ZyB3aWR0aD0iMSIgaGVpZ2h0PSIxIiB4bWxucz0iaHR0cDovL3d3dy53My5vcmcvMjAwMC9zdmciPjwvc3ZnPg==\" style=\"--smush-placeholder-width: 580px; --smush-placeholder-aspect-ratio: 580\/100;\" \/><\/a><\/p>\n","protected":false},"excerpt":{"rendered":"<p>Voici la liste des mod\u00e8les destin\u00e9s au march\u00e9 fran\u00e7ais pour l&rsquo;ann\u00e9e 2010. On retrouve 22 motos diff\u00e9rentes, avec nos cat\u00e9gories habituelles \u00ab\u00a0Modern Classics\u00a0\u00bb, \u00ab\u00a0Urban Sports\u00a0\u00bb et \u00ab\u00a0Cruisers\u00a0\u00bb, avec pas moins de 7 \u00e9ditions sp\u00e9ciales (SE).<\/p>\n","protected":false},"author":2,"featured_media":0,"parent":0,"menu_order":0,"comment_status":"open","ping_status":"open","template":"","meta":{"_monsterinsights_skip_tracking":false,"_monsterinsights_sitenote_active":false,"_monsterinsights_sitenote_note":"","_monsterinsights_sitenote_category":0,"footnotes":""},"class_list":["post-3408","page","type-page","status-publish"],"jetpack_sharing_enabled":true,"_links":{"self":[{"href":"http:\/\/triumphadonf.com\/v3\/wp-json\/wp\/v2\/pages\/3408","targetHints":{"allow":["GET"]}}],"collection":[{"href":"http:\/\/triumphadonf.com\/v3\/wp-json\/wp\/v2\/pages"}],"about":[{"href":"http:\/\/triumphadonf.com\/v3\/wp-json\/wp\/v2\/types\/page"}],"author":[{"embeddable":true,"href":"http:\/\/triumphadonf.com\/v3\/wp-json\/wp\/v2\/users\/2"}],"replies":[{"embeddable":true,"href":"http:\/\/triumphadonf.com\/v3\/wp-json\/wp\/v2\/comments?post=3408"}],"version-history":[{"count":0,"href":"http:\/\/triumphadonf.com\/v3\/wp-json\/wp\/v2\/pages\/3408\/revisions"}],"wp:attachment":[{"href":"http:\/\/triumphadonf.com\/v3\/wp-json\/wp\/v2\/media?parent=3408"}],"curies":[{"name":"wp","href":"https:\/\/api.w.org\/{rel}","templated":true}]}}