{"id":3072,"date":"2009-10-08T15:12:24","date_gmt":"2009-10-08T14:12:24","guid":{"rendered":"http:\/\/www.triumphadonf.com\/v3\/?page_id=3072"},"modified":"2009-10-08T15:37:40","modified_gmt":"2009-10-08T14:37:40","slug":"les-premieres-triumph","status":"publish","type":"page","link":"http:\/\/triumphadonf.com\/v3\/les-premieres-triumph\/","title":{"rendered":"Les premi\u00e8res Triumph"},"content":{"rendered":"<p><strong>Histoire :<\/strong> Vendant des v\u00e9los estampill\u00e9s \u00ab\u00a0Triumph\u00a0\u00bb depuis 1885, Siegfried Bettman et Mauritz Schulte d\u00e9cident de passer \u00e0 la vitesse sup\u00e9rieure. Les moteurs \u00e0 combustion interne commen\u00e7ant \u00e0 avoir un impact important dans la\u00a0soci\u00e9t\u00e9, la production de motocyclette s\u2019annon\u00e7ait comme la prochaine \u00e9tape pour l&rsquo;entreprise\u00a0Triumph Cycle.<\/p>\n<p>Situ\u00e9e \u00e0 conventry, l&rsquo;usine Triumph sort alors a premi\u00e8re moto en 1902. Elle avait un moteur belge Minerva de 2 chevaux accroch\u00e9 sous le tube avant d&rsquo;une robuste bicyclette de route qui entra\u00eenait directement la roue arri\u00e8re par une courroie. On l&rsquo;appelle \u00ab\u00a0<strong>mod\u00e8le N\u00b01<\/strong>\u00a0\u00bb :<\/p>\n<p>[singlepic id=632 w=320 h=240 float=]<\/p>\n<p>En 1904, ce mod\u00e8le adopte un moteur toujours belge, un Fafnir de 3 chevaux, qui est cette fois-ci mont\u00e9 verticalement.<\/p>\n<p>[singlepic id=633 w=320 h=240 float=]<\/p>\n<p>Puis apr\u00e8s avoir utilis\u00e9 pendant une courte p\u00e9riode des moteurs anglais, Triumph commence \u00e0 fabriquer son propre moteur de 3 chevaux en 1905. Na\u00eet alors la premi\u00e8re vraie moto 100% Triumph, le \u00ab\u00a0<strong>Mod\u00e8le 3HP<\/strong>\u00ab\u00a0.\u00a0 Pr\u00e9sentant un moteur monocylindrique \u00e0 soupapes lat\u00e9rales 363cc, il a \u00e9t\u00e9 \u00e9tabli que le Mod\u00e8le 3HP avait une vitesse de pointe d\u2019environ 72 km\/h !<\/p>\n<p>Cette machine fut enrichie l&rsquo;ann\u00e9e suivante par la c\u00e9l\u00e8bre fourche avant pivotante articul\u00e9e au bas de la t\u00eate de fourche et agissant contre un ressort en haut. Pas forc\u00e9ment \u00e9fficace et surtout dangereuse en cas de casse du ressort, cette suspension avant fut tout de m\u00eame utilis\u00e9e jusqu&rsquo;au d\u00e9but des ann\u00e9es 1920.<\/p>\n<p>[singlepic id=634 w=320 h=240 float=]<\/p>\n<p>Triumph se contenta ensuite d&rsquo;am\u00e9liorer sans cesse ce mod\u00e8le de base : meilleurs mat\u00e9riaux, optimisation des proc\u00e9d\u00e9s de fabrication, r\u00e9duction de l&rsquo;usure, augmentation du rendement&#8230;<\/p>\n<p>La premi\u00e8re Triumph atteignit ainsi progressivement 3,5 chevaux, mais le mod\u00e8le de 1914 \u00e9tait d\u00e9pass\u00e9 et ressemblait trop \u00e0 celui de 1905. La 1\u00e8re guerre mondiale a alors conduit Triumph \u00e0 produire 30 000 mod\u00e8le H pour fournir l&rsquo;arm\u00e9e anglaise&#8230;<\/p>\n<p><strong>Photos :<\/strong> retrouvez ci-dessous une galerie avec des images de ces fameuses premi\u00e8res Triumph. Cliquez sur les photos pour les voir en grand et lire les infos que j&rsquo;ai \u00e9ventuellement rajout\u00e9e (quand je les avais !)<\/p>\n<p>[nggallery id=53]<\/p>\n<p><strong>Liens : <\/strong><a href=\"http:\/\/www.triumphadonf.com\/v3\/index.php\/historique\/\" target=\"_blank\">Retrouvez l&rsquo;historique Triumph sur le site&#8230;<\/a><\/p>\n<p>Un historique sympa sur le site officiel Triumph (<a href=\"http:\/\/www.triumph.co.uk\/france\/1412.aspx\" target=\"_blank\">http:\/\/www.triumph.co.uk\/france\/1412.aspx<\/a>), et un autre ici (<a href=\"http:\/\/www.motos-anglaises.com\/triumph\/historique\/1886-1920.htm\" target=\"_blank\">http:\/\/www.motos-anglaises.com\/triumph\/historique\/1886-1920.htm<\/a>) un poil pomp\u00e9 sur les 2 pr\u00e9c\u00e9dents, mais c&rsquo;est pas grave on l&rsquo;a tous fait !<\/p>\n<p>Bonne lecture !<\/p>\n<p><strong style=\"outline-style: none; outline-width: initial; outline-color: initial; padding: 0px; margin: 0px;\"><em style=\"outline-style: none; outline-width: initial; outline-color: initial; padding: 0px; margin: 0px;\">Si vous souhaitez ajouter des images ou des informations sur cette page, n\u2019h\u00e9sitez pas \u00e0 m\u2019envoyer un email (<\/em><\/strong><a style=\"outline-style: none; outline-width: initial; outline-color: initial; color: #3173a3; padding: 0px; margin: 0px;\" href=\"mailto:webmaster@triumphadonf.com\" target=\"_blank\"><strong style=\"outline-style: none; outline-width: initial; outline-color: initial; padding: 0px; margin: 0px;\"><em style=\"outline-style: none; outline-width: initial; outline-color: initial; padding: 0px; margin: 0px;\">webmaster@triumphadonf.com<\/em><\/strong><\/a><strong style=\"outline-style: none; outline-width: initial; outline-color: initial; padding: 0px; margin: 0px;\"><em style=\"outline-style: none; outline-width: initial; outline-color: initial; padding: 0px; margin: 0px;\">) ou \u00e0 laisser un commentaire ci-dessous.<\/em><\/strong><\/p>\n","protected":false},"excerpt":{"rendered":"<p>Histoire : Vendant des v\u00e9los estampill\u00e9s \u00ab\u00a0Triumph\u00a0\u00bb depuis 1885, Siegfried Bettman et Mauritz Schulte d\u00e9cident de passer \u00e0 la vitesse sup\u00e9rieure. Les moteurs \u00e0 combustion interne commen\u00e7ant \u00e0 avoir un impact important dans la\u00a0soci\u00e9t\u00e9, la production de motocyclette s\u2019annon\u00e7ait comme la prochaine \u00e9tape pour l&rsquo;entreprise\u00a0Triumph Cycle. Situ\u00e9e \u00e0 conventry, l&rsquo;usine Triumph sort alors a premi\u00e8re [&hellip;]<\/p>\n","protected":false},"author":2,"featured_media":0,"parent":0,"menu_order":0,"comment_status":"open","ping_status":"open","template":"","meta":{"_monsterinsights_skip_tracking":false,"_monsterinsights_sitenote_active":false,"_monsterinsights_sitenote_note":"","_monsterinsights_sitenote_category":0,"footnotes":""},"class_list":["post-3072","page","type-page","status-publish"],"jetpack_sharing_enabled":true,"_links":{"self":[{"href":"http:\/\/triumphadonf.com\/v3\/wp-json\/wp\/v2\/pages\/3072","targetHints":{"allow":["GET"]}}],"collection":[{"href":"http:\/\/triumphadonf.com\/v3\/wp-json\/wp\/v2\/pages"}],"about":[{"href":"http:\/\/triumphadonf.com\/v3\/wp-json\/wp\/v2\/types\/page"}],"author":[{"embeddable":true,"href":"http:\/\/triumphadonf.com\/v3\/wp-json\/wp\/v2\/users\/2"}],"replies":[{"embeddable":true,"href":"http:\/\/triumphadonf.com\/v3\/wp-json\/wp\/v2\/comments?post=3072"}],"version-history":[{"count":0,"href":"http:\/\/triumphadonf.com\/v3\/wp-json\/wp\/v2\/pages\/3072\/revisions"}],"wp:attachment":[{"href":"http:\/\/triumphadonf.com\/v3\/wp-json\/wp\/v2\/media?parent=3072"}],"curies":[{"name":"wp","href":"https:\/\/api.w.org\/{rel}","templated":true}]}}