{"id":3016,"date":"2009-10-07T20:34:27","date_gmt":"2009-10-07T19:34:27","guid":{"rendered":"http:\/\/www.triumphadonf.com\/v3\/?page_id=3016"},"modified":"2009-10-07T21:15:03","modified_gmt":"2009-10-07T20:15:03","slug":"triumph-daytona-500-t100r","status":"publish","type":"page","link":"http:\/\/triumphadonf.com\/v3\/triumph-daytona-500-t100r\/","title":{"rendered":"Triumph Daytona 500 (T100R)"},"content":{"rendered":"<p style=\"margin-top: 5px; margin-right: 0px; margin-bottom: 15px; margin-left: 0px; text-align: justify; padding: 0px;\"><strong>P\u00e9riode de fabrication : <\/strong>1970 &#8211; 1973<\/p>\n<p style=\"margin-top: 5px; margin-right: 0px; margin-bottom: 15px; margin-left: 0px; text-align: justify; padding: 0px;\"><strong>Historique : <\/strong>Presque identique \u00e0 la T100T, cette moto est la derni\u00e8re 500 cm<sup>3<\/sup> de la gamme et s\u00e9duit surtout par son moteur sportif et tr\u00e8s \u00e0 l&rsquo;aise \u00e0 haut r\u00e9gime ainsi que par sa l\u00e9g\u00e9ret\u00e9.<\/p>\n<p style=\"margin-top: 5px; margin-right: 0px; margin-bottom: 15px; margin-left: 0px; text-align: justify; padding: 0px;\">Elle s&rsquo;est aussi appel\u00e9e \u00ab\u00a0Senior TT Grand Prix\u00a0\u00bb, et \u00e7a comme nom, \u00e7a en jette un max !<\/p>\n<p style=\"margin-top: 5px; margin-right: 0px; margin-bottom: 15px; margin-left: 0px; text-align: justify; padding: 0px;\"><strong>Photos :<\/strong> En provenance de l&rsquo;excellent <a href=\"http:\/\/triumphmotorcycles.typepad.com\/\" target=\"_blank\">Wayne&rsquo;s Triumph Motorcycles<\/a><\/p>\n<p style=\"margin-top: 5px; margin-right: 0px; margin-bottom: 15px; margin-left: 0px; text-align: justify; padding: 0px;\">[nggallery id=45]<\/p>\n<p style=\"margin-top: 5px; margin-right: 0px; margin-bottom: 15px; margin-left: 0px; text-align: justify; padding: 0px;\"><strong><span style=\"font-weight: normal;\"><strong>Caract\u00e9ristiques Techniques : <\/strong> <\/span><\/strong><\/p>\n<p style=\"margin-top: 5px; margin-right: 0px; margin-bottom: 15px; margin-left: 0px; text-align: justify; padding: 0px;\"><em>&#8211; Moteur : <\/em>bicylindre, 4 temps refroidi par air<br \/>\n<em>&#8211; Cylindr\u00e9e : <\/em>490 cm<sup>3<\/sup><br \/>\n<em>&#8211; Al\u00e9sage x Course : <\/em>69 x 65.5 mm<br \/>\n<em>&#8211; Puissance : <\/em>36 ch \u00e0 7200 tr\/min<br \/>\n<em>&#8211; Poids : <\/em>161 Kg \u00e0 sec<br \/>\n<em>&#8211; Vitesse : <\/em>environ 170 Km\/h<\/p>\n<p style=\"margin-top: 5px; margin-right: 0px; margin-bottom: 15px; margin-left: 0px; text-align: justify; padding: 0px;\"><strong>Autre : <\/strong>bo\u00eete 4 rapports<\/p>\n<p style=\"margin-top: 5px; margin-right: 0px; margin-bottom: 15px; margin-left: 0px; text-align: justify; padding: 0px;\"><object classid=\"clsid:d27cdb6e-ae6d-11cf-96b8-444553540000\" width=\"425\" height=\"344\" codebase=\"http:\/\/download.macromedia.com\/pub\/shockwave\/cabs\/flash\/swflash.cab#version=6,0,40,0\"><param name=\"allowFullScreen\" value=\"true\" \/><param name=\"allowscriptaccess\" value=\"always\" \/><param name=\"src\" value=\"http:\/\/www.youtube.com\/v\/U2FiBB9n_0s&amp;hl=fr&amp;fs=1&amp;color1=0x3a3a3a&amp;color2=0x999999\" \/><param name=\"allowfullscreen\" value=\"true\" \/><\/object><\/p>\n<p style=\"margin-top: 5px; margin-right: 0px; margin-bottom: 15px; margin-left: 0px; text-align: justify; padding: 0px;\"><strong style=\"outline-style: none; outline-width: initial; outline-color: initial; padding: 0px; margin: 0px;\"><em style=\"outline-style: none; outline-width: initial; outline-color: initial; padding: 0px; margin: 0px;\">Si vous souhaitez ajouter des images ou des informations sur cette page, n\u2019h\u00e9sitez pas \u00e0 m\u2019envoyer un email (<\/em><\/strong><a style=\"outline-style: none; outline-width: initial; outline-color: initial; color: #3173a3; padding: 0px; margin: 0px;\" href=\"mailto:webmaster@triumphadonf.com\" target=\"_blank\"><strong style=\"outline-style: none; outline-width: initial; outline-color: initial; padding: 0px; margin: 0px;\"><em style=\"outline-style: none; outline-width: initial; outline-color: initial; padding: 0px; margin: 0px;\">webmaster@triumphadonf.com<\/em><\/strong><\/a><strong style=\"outline-style: none; outline-width: initial; outline-color: initial; padding: 0px; margin: 0px;\"><em style=\"outline-style: none; outline-width: initial; outline-color: initial; padding: 0px; margin: 0px;\">) ou \u00e0 laisser un commentaire ci-dessous.<\/em><\/strong><\/p>\n","protected":false},"excerpt":{"rendered":"<p>P\u00e9riode de fabrication : 1970 &#8211; 1973 Historique : Presque identique \u00e0 la T100T, cette moto est la derni\u00e8re 500 cm3 de la gamme et s\u00e9duit surtout par son moteur sportif et tr\u00e8s \u00e0 l&rsquo;aise \u00e0 haut r\u00e9gime ainsi que par sa l\u00e9g\u00e9ret\u00e9. Elle s&rsquo;est aussi appel\u00e9e \u00ab\u00a0Senior TT Grand Prix\u00a0\u00bb, et \u00e7a comme nom, [&hellip;]<\/p>\n","protected":false},"author":2,"featured_media":0,"parent":0,"menu_order":0,"comment_status":"open","ping_status":"open","template":"","meta":{"_monsterinsights_skip_tracking":false,"_monsterinsights_sitenote_active":false,"_monsterinsights_sitenote_note":"","_monsterinsights_sitenote_category":0,"footnotes":""},"class_list":["post-3016","page","type-page","status-publish"],"jetpack_sharing_enabled":true,"_links":{"self":[{"href":"http:\/\/triumphadonf.com\/v3\/wp-json\/wp\/v2\/pages\/3016","targetHints":{"allow":["GET"]}}],"collection":[{"href":"http:\/\/triumphadonf.com\/v3\/wp-json\/wp\/v2\/pages"}],"about":[{"href":"http:\/\/triumphadonf.com\/v3\/wp-json\/wp\/v2\/types\/page"}],"author":[{"embeddable":true,"href":"http:\/\/triumphadonf.com\/v3\/wp-json\/wp\/v2\/users\/2"}],"replies":[{"embeddable":true,"href":"http:\/\/triumphadonf.com\/v3\/wp-json\/wp\/v2\/comments?post=3016"}],"version-history":[{"count":0,"href":"http:\/\/triumphadonf.com\/v3\/wp-json\/wp\/v2\/pages\/3016\/revisions"}],"wp:attachment":[{"href":"http:\/\/triumphadonf.com\/v3\/wp-json\/wp\/v2\/media?parent=3016"}],"curies":[{"name":"wp","href":"https:\/\/api.w.org\/{rel}","templated":true}]}}