{"id":2959,"date":"2009-10-05T17:34:33","date_gmt":"2009-10-05T16:34:33","guid":{"rendered":"http:\/\/www.triumphadonf.com\/v3\/?page_id=2959"},"modified":"2020-05-03T22:21:38","modified_gmt":"2020-05-03T20:21:38","slug":"triumph-bonneville-royale-750","status":"publish","type":"page","link":"http:\/\/triumphadonf.com\/v3\/triumph-bonneville-royale-750\/","title":{"rendered":"Triumph Bonneville Royale 750"},"content":{"rendered":"<p style=\"text-align: justify; padding: 0px; margin: 5px 0px 15px 0px;\"><strong>P\u00e9riode de fabrication : <\/strong>1981<\/p>\n<p style=\"text-align: justify; padding: 0px; margin: 5px 0px 15px 0px;\"><strong>Historique : <\/strong>Cette version \u00ab\u00a0Royal\u00a0\u00bb de la Bonneville est lanc\u00e9e \u00e0 l&rsquo;occasion du mariage du prince Charles et de Lady Diana Spencer le 29 juillet 1981.<br \/>Toujours con\u00e7ue \u00e0 partir de la T140V, elle ne rencontra que peu de succ\u00e8s, c&rsquo;est donc une s\u00e9rie tr\u00e8s limit\u00e9e&#8230;<\/p>\n<p style=\"text-align: justify; padding: 0px; margin: 5px 0px 15px 0px;\"><strong>Photos :<\/strong><\/p>\n<p style=\"text-align: justify; padding: 0px; margin: 5px 0px 15px 0px;\"><strong>[nggallery id=37]<\/strong><\/p>\n<p style=\"text-align: justify; padding: 0px; margin: 5px 0px 15px 0px;\">\u00a0<\/p>\n<p style=\"text-align: justify; padding: 0px; margin: 5px 0px 15px 0px;\"><strong>Caract\u00e9ristiques Techniques : <\/strong><\/p>\n<p style=\"text-align: justify; padding: 0px; margin: 5px 0px 15px 0px;\"><em>&#8211; Moteur : <\/em>bicylindre, 4 temps refroidi par air<br \/><em>&#8211; Cylindr\u00e9e : <\/em>744 cm<sup>3<\/sup><br \/><em>&#8211; Al\u00e9sage x Course : <\/em>76 x 82 mm<br \/><em>&#8211; Puissance : <\/em>53 ch \u00e0 6500 tr\/min<br \/><em>&#8211; Poids : <\/em>196 Kg \u00e0 sec<br \/><em>&#8211; Vitesse : <\/em>178 Km\/h<\/p>\n<p style=\"text-align: justify; padding: 0px; margin: 5px 0px 15px 0px;\"><strong>Autre : <\/strong>Bo\u00eete 5 rapports, nombreux \u00e9l\u00e9ments chrom\u00e9s ou polis, amortisseurs Marzocchi, roues en fonte d&rsquo;alliage l\u00e9ger et frein avant \u00e0 double disque.<\/p>\n<p>\u00a0<\/p>\n<p style=\"text-align: justify; padding: 0px; margin: 5px 0px 15px 0px;\"><strong><em>Si vous souhaitez ajouter des images ou des informations sur cette page, n\u2019h\u00e9sitez pas \u00e0 m\u2019envoyer un email (<\/em><\/strong><a style=\"outline-style: none; outline-width: initial; outline-color: initial; color: #3173a3; padding: 0px; margin: 0px;\" href=\"mailto:webmaster@triumphadonf.com\" target=\"_blank\" rel=\"noopener noreferrer\"><strong><em>webmaster@triumphadonf.com<\/em><\/strong><\/a><strong><em>) ou \u00e0 laisser un commentaire ci-dessous.<\/em><\/strong><\/p>\n\n\n<figure class=\"wp-block-gallery columns-3 is-cropped wp-block-gallery-1 is-layout-flex wp-block-gallery-is-layout-flex\"><ul class=\"blocks-gallery-grid\"><li class=\"blocks-gallery-item\"><figure><img decoding=\"async\" width=\"1024\" height=\"720\" data-src=\"https:\/\/triumphadonf.com\/v3\/wp-content\/uploads\/2020\/05\/1981-royal-wedding-1-1024x720.jpg\" alt=\"\" data-id=\"19516\" data-full-url=\"https:\/\/triumphadonf.com\/v3\/wp-content\/uploads\/2020\/05\/1981-royal-wedding-1.jpg\" data-link=\"https:\/\/triumphadonf.com\/v3\/triumph-bonneville-royale-750\/attachment\/1981-royal-wedding-1\/\" class=\"wp-image-19516 lazyload\" data-srcset=\"http:\/\/triumphadonf.com\/v3\/wp-content\/uploads\/2020\/05\/1981-royal-wedding-1-1024x720.jpg 1024w, http:\/\/triumphadonf.com\/v3\/wp-content\/uploads\/2020\/05\/1981-royal-wedding-1-300x211.jpg 300w, http:\/\/triumphadonf.com\/v3\/wp-content\/uploads\/2020\/05\/1981-royal-wedding-1-768x540.jpg 768w, http:\/\/triumphadonf.com\/v3\/wp-content\/uploads\/2020\/05\/1981-royal-wedding-1-696x490.jpg 696w, http:\/\/triumphadonf.com\/v3\/wp-content\/uploads\/2020\/05\/1981-royal-wedding-1-1068x751.jpg 1068w, http:\/\/triumphadonf.com\/v3\/wp-content\/uploads\/2020\/05\/1981-royal-wedding-1-597x420.jpg 597w, http:\/\/triumphadonf.com\/v3\/wp-content\/uploads\/2020\/05\/1981-royal-wedding-1-100x70.jpg 100w, http:\/\/triumphadonf.com\/v3\/wp-content\/uploads\/2020\/05\/1981-royal-wedding-1.jpg 1200w\" data-sizes=\"(max-width: 1024px) 100vw, 1024px\" src=\"data:image\/svg+xml;base64,PHN2ZyB3aWR0aD0iMSIgaGVpZ2h0PSIxIiB4bWxucz0iaHR0cDovL3d3dy53My5vcmcvMjAwMC9zdmciPjwvc3ZnPg==\" style=\"--smush-placeholder-width: 1024px; --smush-placeholder-aspect-ratio: 1024\/720;\" \/><\/figure><\/li><li class=\"blocks-gallery-item\"><figure><img decoding=\"async\" width=\"498\" height=\"332\" data-src=\"https:\/\/triumphadonf.com\/v3\/wp-content\/uploads\/2020\/05\/RoyalWedding81-1.jpg\" alt=\"\" data-id=\"19517\" data-full-url=\"https:\/\/triumphadonf.com\/v3\/wp-content\/uploads\/2020\/05\/RoyalWedding81-1.jpg\" data-link=\"https:\/\/triumphadonf.com\/v3\/triumph-bonneville-royale-750\/attachment\/royalwedding81-1\/\" class=\"wp-image-19517 lazyload\" data-srcset=\"http:\/\/triumphadonf.com\/v3\/wp-content\/uploads\/2020\/05\/RoyalWedding81-1.jpg 498w, http:\/\/triumphadonf.com\/v3\/wp-content\/uploads\/2020\/05\/RoyalWedding81-1-300x200.jpg 300w\" data-sizes=\"(max-width: 498px) 100vw, 498px\" src=\"data:image\/svg+xml;base64,PHN2ZyB3aWR0aD0iMSIgaGVpZ2h0PSIxIiB4bWxucz0iaHR0cDovL3d3dy53My5vcmcvMjAwMC9zdmciPjwvc3ZnPg==\" style=\"--smush-placeholder-width: 498px; --smush-placeholder-aspect-ratio: 498\/332;\" \/><\/figure><\/li><li class=\"blocks-gallery-item\"><figure><img decoding=\"async\" width=\"501\" height=\"376\" data-src=\"https:\/\/triumphadonf.com\/v3\/wp-content\/uploads\/2020\/05\/RoyalWedding81de-1.jpg\" alt=\"\" data-id=\"19518\" data-full-url=\"https:\/\/triumphadonf.com\/v3\/wp-content\/uploads\/2020\/05\/RoyalWedding81de-1.jpg\" data-link=\"https:\/\/triumphadonf.com\/v3\/triumph-bonneville-royale-750\/attachment\/royalwedding81de-1\/\" class=\"wp-image-19518 lazyload\" data-srcset=\"http:\/\/triumphadonf.com\/v3\/wp-content\/uploads\/2020\/05\/RoyalWedding81de-1.jpg 501w, http:\/\/triumphadonf.com\/v3\/wp-content\/uploads\/2020\/05\/RoyalWedding81de-1-300x225.jpg 300w, http:\/\/triumphadonf.com\/v3\/wp-content\/uploads\/2020\/05\/RoyalWedding81de-1-80x60.jpg 80w, http:\/\/triumphadonf.com\/v3\/wp-content\/uploads\/2020\/05\/RoyalWedding81de-1-265x198.jpg 265w\" data-sizes=\"(max-width: 501px) 100vw, 501px\" src=\"data:image\/svg+xml;base64,PHN2ZyB3aWR0aD0iMSIgaGVpZ2h0PSIxIiB4bWxucz0iaHR0cDovL3d3dy53My5vcmcvMjAwMC9zdmciPjwvc3ZnPg==\" style=\"--smush-placeholder-width: 501px; --smush-placeholder-aspect-ratio: 501\/376;\" \/><\/figure><\/li><li class=\"blocks-gallery-item\"><figure><img decoding=\"async\" width=\"501\" height=\"376\" data-src=\"https:\/\/triumphadonf.com\/v3\/wp-content\/uploads\/2020\/05\/RoyalWedding81def-1.jpg\" alt=\"\" data-id=\"19519\" data-full-url=\"https:\/\/triumphadonf.com\/v3\/wp-content\/uploads\/2020\/05\/RoyalWedding81def-1.jpg\" data-link=\"https:\/\/triumphadonf.com\/v3\/triumph-bonneville-royale-750\/attachment\/royalwedding81def-1\/\" class=\"wp-image-19519 lazyload\" data-srcset=\"http:\/\/triumphadonf.com\/v3\/wp-content\/uploads\/2020\/05\/RoyalWedding81def-1.jpg 501w, http:\/\/triumphadonf.com\/v3\/wp-content\/uploads\/2020\/05\/RoyalWedding81def-1-300x225.jpg 300w, http:\/\/triumphadonf.com\/v3\/wp-content\/uploads\/2020\/05\/RoyalWedding81def-1-80x60.jpg 80w, http:\/\/triumphadonf.com\/v3\/wp-content\/uploads\/2020\/05\/RoyalWedding81def-1-265x198.jpg 265w\" data-sizes=\"(max-width: 501px) 100vw, 501px\" src=\"data:image\/svg+xml;base64,PHN2ZyB3aWR0aD0iMSIgaGVpZ2h0PSIxIiB4bWxucz0iaHR0cDovL3d3dy53My5vcmcvMjAwMC9zdmciPjwvc3ZnPg==\" style=\"--smush-placeholder-width: 501px; --smush-placeholder-aspect-ratio: 501\/376;\" \/><\/figure><\/li><li class=\"blocks-gallery-item\"><figure><img decoding=\"async\" width=\"501\" height=\"376\" data-src=\"https:\/\/triumphadonf.com\/v3\/wp-content\/uploads\/2020\/05\/Sans-titre-1-1.jpg\" alt=\"\" data-id=\"19520\" data-full-url=\"https:\/\/triumphadonf.com\/v3\/wp-content\/uploads\/2020\/05\/Sans-titre-1-1.jpg\" data-link=\"https:\/\/triumphadonf.com\/v3\/triumph-bonneville-royale-750\/attachment\/sans-titre-1-1\/\" class=\"wp-image-19520 lazyload\" data-srcset=\"http:\/\/triumphadonf.com\/v3\/wp-content\/uploads\/2020\/05\/Sans-titre-1-1.jpg 501w, http:\/\/triumphadonf.com\/v3\/wp-content\/uploads\/2020\/05\/Sans-titre-1-1-300x225.jpg 300w, http:\/\/triumphadonf.com\/v3\/wp-content\/uploads\/2020\/05\/Sans-titre-1-1-80x60.jpg 80w, http:\/\/triumphadonf.com\/v3\/wp-content\/uploads\/2020\/05\/Sans-titre-1-1-265x198.jpg 265w\" data-sizes=\"(max-width: 501px) 100vw, 501px\" src=\"data:image\/svg+xml;base64,PHN2ZyB3aWR0aD0iMSIgaGVpZ2h0PSIxIiB4bWxucz0iaHR0cDovL3d3dy53My5vcmcvMjAwMC9zdmciPjwvc3ZnPg==\" style=\"--smush-placeholder-width: 501px; --smush-placeholder-aspect-ratio: 501\/376;\" \/><\/figure><\/li><li class=\"blocks-gallery-item\"><figure><img decoding=\"async\" width=\"300\" height=\"225\" data-src=\"https:\/\/triumphadonf.com\/v3\/wp-content\/uploads\/2020\/05\/size_5_A_l_occasion_du_mariage_de_Lady_Diana_et_du_Prince_Charles_Triumph_a_sorti_une_s_rie_sp_ciale_de_Bonnevilles_T_140-1.jpg\" alt=\"\" data-id=\"19521\" data-full-url=\"https:\/\/triumphadonf.com\/v3\/wp-content\/uploads\/2020\/05\/size_5_A_l_occasion_du_mariage_de_Lady_Diana_et_du_Prince_Charles_Triumph_a_sorti_une_s_rie_sp_ciale_de_Bonnevilles_T_140-1.jpg\" data-link=\"https:\/\/triumphadonf.com\/v3\/triumph-bonneville-royale-750\/attachment\/size_5_a_l_occasion_du_mariage_de_lady_diana_et_du_prince_charles_triumph_a_sorti_une_s_rie_sp_ciale_de_bonnevilles_t_140-1\/\" class=\"wp-image-19521 lazyload\" data-srcset=\"http:\/\/triumphadonf.com\/v3\/wp-content\/uploads\/2020\/05\/size_5_A_l_occasion_du_mariage_de_Lady_Diana_et_du_Prince_Charles_Triumph_a_sorti_une_s_rie_sp_ciale_de_Bonnevilles_T_140-1.jpg 300w, http:\/\/triumphadonf.com\/v3\/wp-content\/uploads\/2020\/05\/size_5_A_l_occasion_du_mariage_de_Lady_Diana_et_du_Prince_Charles_Triumph_a_sorti_une_s_rie_sp_ciale_de_Bonnevilles_T_140-1-80x60.jpg 80w, http:\/\/triumphadonf.com\/v3\/wp-content\/uploads\/2020\/05\/size_5_A_l_occasion_du_mariage_de_Lady_Diana_et_du_Prince_Charles_Triumph_a_sorti_une_s_rie_sp_ciale_de_Bonnevilles_T_140-1-265x198.jpg 265w\" data-sizes=\"(max-width: 300px) 100vw, 300px\" src=\"data:image\/svg+xml;base64,PHN2ZyB3aWR0aD0iMSIgaGVpZ2h0PSIxIiB4bWxucz0iaHR0cDovL3d3dy53My5vcmcvMjAwMC9zdmciPjwvc3ZnPg==\" style=\"--smush-placeholder-width: 300px; --smush-placeholder-aspect-ratio: 300\/225;\" \/><\/figure><\/li><li class=\"blocks-gallery-item\"><figure><img decoding=\"async\" width=\"300\" height=\"225\" data-src=\"https:\/\/triumphadonf.com\/v3\/wp-content\/uploads\/2020\/05\/size_5_Plaque_comm_morative_sur_la_T_140_Bonneville_de_1981-1.jpg\" alt=\"\" data-id=\"19522\" data-full-url=\"https:\/\/triumphadonf.com\/v3\/wp-content\/uploads\/2020\/05\/size_5_Plaque_comm_morative_sur_la_T_140_Bonneville_de_1981-1.jpg\" data-link=\"https:\/\/triumphadonf.com\/v3\/triumph-bonneville-royale-750\/attachment\/size_5_plaque_comm_morative_sur_la_t_140_bonneville_de_1981-1\/\" class=\"wp-image-19522 lazyload\" data-srcset=\"http:\/\/triumphadonf.com\/v3\/wp-content\/uploads\/2020\/05\/size_5_Plaque_comm_morative_sur_la_T_140_Bonneville_de_1981-1.jpg 300w, http:\/\/triumphadonf.com\/v3\/wp-content\/uploads\/2020\/05\/size_5_Plaque_comm_morative_sur_la_T_140_Bonneville_de_1981-1-80x60.jpg 80w, http:\/\/triumphadonf.com\/v3\/wp-content\/uploads\/2020\/05\/size_5_Plaque_comm_morative_sur_la_T_140_Bonneville_de_1981-1-265x198.jpg 265w\" data-sizes=\"(max-width: 300px) 100vw, 300px\" src=\"data:image\/svg+xml;base64,PHN2ZyB3aWR0aD0iMSIgaGVpZ2h0PSIxIiB4bWxucz0iaHR0cDovL3d3dy53My5vcmcvMjAwMC9zdmciPjwvc3ZnPg==\" style=\"--smush-placeholder-width: 300px; --smush-placeholder-aspect-ratio: 300\/225;\" \/><\/figure><\/li><\/ul><\/figure>\n","protected":false},"excerpt":{"rendered":"<p>P\u00e9riode de fabrication : 1981 Historique : Cette version \u00ab\u00a0Royal\u00a0\u00bb de la Bonneville est lanc\u00e9e \u00e0 l&rsquo;occasion du mariage du prince Charles et de Lady Diana Spencer le 29 juillet 1981.Toujours con\u00e7ue \u00e0 partir de la T140V, elle ne rencontra que peu de succ\u00e8s, c&rsquo;est donc une s\u00e9rie tr\u00e8s limit\u00e9e&#8230; Photos : [nggallery id=37] \u00a0 [&hellip;]<\/p>\n","protected":false},"author":2,"featured_media":19508,"parent":0,"menu_order":0,"comment_status":"open","ping_status":"open","template":"","meta":{"_monsterinsights_skip_tracking":false,"_monsterinsights_sitenote_active":false,"_monsterinsights_sitenote_note":"","_monsterinsights_sitenote_category":0,"footnotes":""},"class_list":["post-2959","page","type-page","status-publish","has-post-thumbnail"],"jetpack_sharing_enabled":true,"_links":{"self":[{"href":"http:\/\/triumphadonf.com\/v3\/wp-json\/wp\/v2\/pages\/2959","targetHints":{"allow":["GET"]}}],"collection":[{"href":"http:\/\/triumphadonf.com\/v3\/wp-json\/wp\/v2\/pages"}],"about":[{"href":"http:\/\/triumphadonf.com\/v3\/wp-json\/wp\/v2\/types\/page"}],"author":[{"embeddable":true,"href":"http:\/\/triumphadonf.com\/v3\/wp-json\/wp\/v2\/users\/2"}],"replies":[{"embeddable":true,"href":"http:\/\/triumphadonf.com\/v3\/wp-json\/wp\/v2\/comments?post=2959"}],"version-history":[{"count":2,"href":"http:\/\/triumphadonf.com\/v3\/wp-json\/wp\/v2\/pages\/2959\/revisions"}],"predecessor-version":[{"id":19523,"href":"http:\/\/triumphadonf.com\/v3\/wp-json\/wp\/v2\/pages\/2959\/revisions\/19523"}],"wp:featuredmedia":[{"embeddable":true,"href":"http:\/\/triumphadonf.com\/v3\/wp-json\/wp\/v2\/media\/19508"}],"wp:attachment":[{"href":"http:\/\/triumphadonf.com\/v3\/wp-json\/wp\/v2\/media?parent=2959"}],"curies":[{"name":"wp","href":"https:\/\/api.w.org\/{rel}","templated":true}]}}