{"id":2920,"date":"2009-10-04T19:44:17","date_gmt":"2009-10-04T18:44:17","guid":{"rendered":"http:\/\/www.triumphadonf.com\/v3\/?page_id=2920"},"modified":"2012-05-17T08:53:40","modified_gmt":"2012-05-17T07:53:40","slug":"triumph-speed-twin-5ta","status":"publish","type":"page","link":"http:\/\/triumphadonf.com\/v3\/triumph-speed-twin-5ta\/","title":{"rendered":"Triumph Speed Twin (5TA)"},"content":{"rendered":"<p style=\"margin-top: 5px; margin-right: 0px; margin-bottom: 15px; margin-left: 0px; text-align: justify; padding: 0px;\"><a href=\"http:\/\/www.triumphadonf.com\/v3\/index.php\/triumph-speed-twin-5ta\/attachment\/olympus-digital-camera-3\/\" rel=\"attachment wp-att-11312\"><img decoding=\"async\" class=\"aligncenter size-medium wp-image-11312 lazyload\" title=\"Triumph 5TA\" data-src=\"http:\/\/www.triumphadonf.com\/v3\/wp-content\/uploads\/2009\/10\/Triumph_5ta_2-645x483.jpg\" alt=\"\" width=\"645\" height=\"483\" src=\"data:image\/svg+xml;base64,PHN2ZyB3aWR0aD0iMSIgaGVpZ2h0PSIxIiB4bWxucz0iaHR0cDovL3d3dy53My5vcmcvMjAwMC9zdmciPjwvc3ZnPg==\" style=\"--smush-placeholder-width: 645px; --smush-placeholder-aspect-ratio: 645\/483;\" \/><\/a><\/p>\n<p style=\"margin-top: 5px; margin-right: 0px; margin-bottom: 15px; margin-left: 0px; text-align: justify; padding: 0px;\"><strong>P\u00e9riode de fabrication : <\/strong>1958 &#8211; 1966<\/p>\n<p style=\"margin-top: 5px; margin-right: 0px; margin-bottom: 15px; margin-left: 0px; text-align: justify; padding: 0px;\"><strong>Historique : <\/strong>Cette 5TA inaugure une nouvelle s\u00e9rie de moteurs, version plus puissante de celui de la 3TA.<\/p>\n<p style=\"margin-top: 5px; margin-right: 0px; margin-bottom: 15px; margin-left: 0px; text-align: justify; padding: 0px;\">L&rsquo;augmentation de la cylindr\u00e9e s&rsquo;est faite en faisant passer l&rsquo;al\u00e9sage de 58,5 \u00e0 69 mm.<\/p>\n<p style=\"margin-top: 5px; margin-right: 0px; margin-bottom: 15px; margin-left: 0px; text-align: justify; padding: 0px;\">De plus, ce moteur dispose d&rsquo;une aisance \u00e0 haut r\u00e9gime et d&rsquo;un bon rapport poids\/puissance, ce qui fera de cette moto un succ\u00e8s des ann\u00e9es 60. Par rapport \u00e0 la Speed Twin qui s\u00e9vit depuis 1938, celle-ci adopte la fameuse nacelle qui va se\u00a0r\u00e9pandre\u00a0sur toutes les motos.<\/p>\n<p style=\"margin-top: 5px; margin-right: 0px; margin-bottom: 15px; margin-left: 0px; text-align: justify; padding: 0px;\">Comme vous pouvez le voir, cette moto a \u00e9t\u00e9 la monture de la police de Liverpool dans les ann\u00e9es 60.<\/p>\n<p style=\"margin-top: 5px; margin-right: 0px; margin-bottom: 15px; margin-left: 0px; text-align: justify; padding: 0px;\"><strong>Photos :<\/strong><\/p>\n<div id='gallery-1' class='gallery galleryid-2920 gallery-columns-4 gallery-size-thumbnail'><figure class='gallery-item'>\n\t\t\t<div class='gallery-icon landscape'>\n\t\t\t\t<a href='http:\/\/triumphadonf.com\/v3\/triumph-speed-twin-5ta\/attachment\/10433\/'><img decoding=\"async\" width=\"120\" height=\"90\" data-src=\"http:\/\/triumphadonf.com\/v3\/wp-content\/uploads\/2009\/10\/10433-120x90.jpg\" class=\"attachment-thumbnail size-thumbnail lazyload\" alt=\"\" data-srcset=\"http:\/\/triumphadonf.com\/v3\/wp-content\/uploads\/2009\/10\/10433-120x90.jpg 120w, http:\/\/triumphadonf.com\/v3\/wp-content\/uploads\/2009\/10\/10433.jpg 400w\" data-sizes=\"(max-width: 120px) 100vw, 120px\" src=\"data:image\/svg+xml;base64,PHN2ZyB3aWR0aD0iMSIgaGVpZ2h0PSIxIiB4bWxucz0iaHR0cDovL3d3dy53My5vcmcvMjAwMC9zdmciPjwvc3ZnPg==\" style=\"--smush-placeholder-width: 120px; --smush-placeholder-aspect-ratio: 120\/90;\" \/><\/a>\n\t\t\t<\/div><\/figure><figure class='gallery-item'>\n\t\t\t<div class='gallery-icon portrait'>\n\t\t\t\t<a href='http:\/\/triumphadonf.com\/v3\/triumph-speed-twin-5ta\/attachment\/1570046649_38f613e3d8_b\/'><img decoding=\"async\" width=\"80\" height=\"120\" data-src=\"http:\/\/triumphadonf.com\/v3\/wp-content\/uploads\/2009\/10\/1570046649_38f613e3d8_b-80x120.jpg\" class=\"attachment-thumbnail size-thumbnail lazyload\" alt=\"\" data-srcset=\"http:\/\/triumphadonf.com\/v3\/wp-content\/uploads\/2009\/10\/1570046649_38f613e3d8_b-80x120.jpg 80w, http:\/\/triumphadonf.com\/v3\/wp-content\/uploads\/2009\/10\/1570046649_38f613e3d8_b-666x1000.jpg 666w, http:\/\/triumphadonf.com\/v3\/wp-content\/uploads\/2009\/10\/1570046649_38f613e3d8_b.jpg 683w\" data-sizes=\"(max-width: 80px) 100vw, 80px\" src=\"data:image\/svg+xml;base64,PHN2ZyB3aWR0aD0iMSIgaGVpZ2h0PSIxIiB4bWxucz0iaHR0cDovL3d3dy53My5vcmcvMjAwMC9zdmciPjwvc3ZnPg==\" style=\"--smush-placeholder-width: 80px; --smush-placeholder-aspect-ratio: 80\/120;\" \/><\/a>\n\t\t\t<\/div><\/figure><figure class='gallery-item'>\n\t\t\t<div class='gallery-icon landscape'>\n\t\t\t\t<a href='http:\/\/triumphadonf.com\/v3\/triumph-speed-twin-5ta\/attachment\/1570946636_0e524cd9cc_b\/'><img decoding=\"async\" width=\"120\" height=\"80\" data-src=\"http:\/\/triumphadonf.com\/v3\/wp-content\/uploads\/2009\/10\/1570946636_0e524cd9cc_b-120x80.jpg\" class=\"attachment-thumbnail size-thumbnail lazyload\" alt=\"\" data-srcset=\"http:\/\/triumphadonf.com\/v3\/wp-content\/uploads\/2009\/10\/1570946636_0e524cd9cc_b-120x80.jpg 120w, http:\/\/triumphadonf.com\/v3\/wp-content\/uploads\/2009\/10\/1570946636_0e524cd9cc_b.jpg 1024w\" data-sizes=\"(max-width: 120px) 100vw, 120px\" src=\"data:image\/svg+xml;base64,PHN2ZyB3aWR0aD0iMSIgaGVpZ2h0PSIxIiB4bWxucz0iaHR0cDovL3d3dy53My5vcmcvMjAwMC9zdmciPjwvc3ZnPg==\" style=\"--smush-placeholder-width: 120px; --smush-placeholder-aspect-ratio: 120\/80;\" \/><\/a>\n\t\t\t<\/div><\/figure><figure class='gallery-item'>\n\t\t\t<div class='gallery-icon landscape'>\n\t\t\t\t<a href='http:\/\/triumphadonf.com\/v3\/triumph-speed-twin-5ta\/attachment\/1570949118_b2f2c11962_b\/'><img decoding=\"async\" width=\"120\" height=\"80\" data-src=\"http:\/\/triumphadonf.com\/v3\/wp-content\/uploads\/2009\/10\/1570949118_b2f2c11962_b-120x80.jpg\" class=\"attachment-thumbnail size-thumbnail lazyload\" alt=\"\" data-srcset=\"http:\/\/triumphadonf.com\/v3\/wp-content\/uploads\/2009\/10\/1570949118_b2f2c11962_b-120x80.jpg 120w, http:\/\/triumphadonf.com\/v3\/wp-content\/uploads\/2009\/10\/1570949118_b2f2c11962_b.jpg 1024w\" data-sizes=\"(max-width: 120px) 100vw, 120px\" src=\"data:image\/svg+xml;base64,PHN2ZyB3aWR0aD0iMSIgaGVpZ2h0PSIxIiB4bWxucz0iaHR0cDovL3d3dy53My5vcmcvMjAwMC9zdmciPjwvc3ZnPg==\" style=\"--smush-placeholder-width: 120px; --smush-placeholder-aspect-ratio: 120\/80;\" \/><\/a>\n\t\t\t<\/div><\/figure><figure class='gallery-item'>\n\t\t\t<div class='gallery-icon landscape'>\n\t\t\t\t<a href='http:\/\/triumphadonf.com\/v3\/triumph-speed-twin-5ta\/attachment\/1964-5ta\/'><img decoding=\"async\" width=\"120\" height=\"90\" data-src=\"http:\/\/triumphadonf.com\/v3\/wp-content\/uploads\/2009\/10\/1964-5ta-120x90.jpg\" class=\"attachment-thumbnail size-thumbnail lazyload\" alt=\"\" data-srcset=\"http:\/\/triumphadonf.com\/v3\/wp-content\/uploads\/2009\/10\/1964-5ta-120x90.jpg 120w, http:\/\/triumphadonf.com\/v3\/wp-content\/uploads\/2009\/10\/1964-5ta.jpg 400w\" data-sizes=\"(max-width: 120px) 100vw, 120px\" src=\"data:image\/svg+xml;base64,PHN2ZyB3aWR0aD0iMSIgaGVpZ2h0PSIxIiB4bWxucz0iaHR0cDovL3d3dy53My5vcmcvMjAwMC9zdmciPjwvc3ZnPg==\" style=\"--smush-placeholder-width: 120px; --smush-placeholder-aspect-ratio: 120\/90;\" \/><\/a>\n\t\t\t<\/div><\/figure><figure class='gallery-item'>\n\t\t\t<div class='gallery-icon landscape'>\n\t\t\t\t<a href='http:\/\/triumphadonf.com\/v3\/triumph-speed-twin-5ta\/attachment\/olympus-digital-camera-2\/'><img decoding=\"async\" width=\"120\" height=\"90\" data-src=\"http:\/\/triumphadonf.com\/v3\/wp-content\/uploads\/2009\/10\/Triumph_5ta_1-120x90.jpg\" class=\"attachment-thumbnail size-thumbnail lazyload\" alt=\"\" data-srcset=\"http:\/\/triumphadonf.com\/v3\/wp-content\/uploads\/2009\/10\/Triumph_5ta_1-120x90.jpg 120w, http:\/\/triumphadonf.com\/v3\/wp-content\/uploads\/2009\/10\/Triumph_5ta_1.jpg 1024w\" data-sizes=\"(max-width: 120px) 100vw, 120px\" src=\"data:image\/svg+xml;base64,PHN2ZyB3aWR0aD0iMSIgaGVpZ2h0PSIxIiB4bWxucz0iaHR0cDovL3d3dy53My5vcmcvMjAwMC9zdmciPjwvc3ZnPg==\" style=\"--smush-placeholder-width: 120px; --smush-placeholder-aspect-ratio: 120\/90;\" \/><\/a>\n\t\t\t<\/div><\/figure><figure class='gallery-item'>\n\t\t\t<div class='gallery-icon landscape'>\n\t\t\t\t<a href='http:\/\/triumphadonf.com\/v3\/triumph-speed-twin-5ta\/attachment\/olympus-digital-camera-3\/'><img decoding=\"async\" width=\"120\" height=\"90\" data-src=\"http:\/\/triumphadonf.com\/v3\/wp-content\/uploads\/2009\/10\/Triumph_5ta_2-120x90.jpg\" class=\"attachment-thumbnail size-thumbnail lazyload\" alt=\"\" data-srcset=\"http:\/\/triumphadonf.com\/v3\/wp-content\/uploads\/2009\/10\/Triumph_5ta_2-120x90.jpg 120w, http:\/\/triumphadonf.com\/v3\/wp-content\/uploads\/2009\/10\/Triumph_5ta_2.jpg 1024w\" data-sizes=\"(max-width: 120px) 100vw, 120px\" src=\"data:image\/svg+xml;base64,PHN2ZyB3aWR0aD0iMSIgaGVpZ2h0PSIxIiB4bWxucz0iaHR0cDovL3d3dy53My5vcmcvMjAwMC9zdmciPjwvc3ZnPg==\" style=\"--smush-placeholder-width: 120px; --smush-placeholder-aspect-ratio: 120\/90;\" \/><\/a>\n\t\t\t<\/div><\/figure><figure class='gallery-item'>\n\t\t\t<div class='gallery-icon landscape'>\n\t\t\t\t<a href='http:\/\/triumphadonf.com\/v3\/triumph-speed-twin-5ta\/attachment\/triumph_1959_5ta_speedtwin_500cc_b\/'><img decoding=\"async\" width=\"120\" height=\"90\" data-src=\"http:\/\/triumphadonf.com\/v3\/wp-content\/uploads\/2009\/10\/triumph_1959_5ta_speedtwin_500cc_b-120x90.jpg\" class=\"attachment-thumbnail size-thumbnail lazyload\" alt=\"\" data-srcset=\"http:\/\/triumphadonf.com\/v3\/wp-content\/uploads\/2009\/10\/triumph_1959_5ta_speedtwin_500cc_b-120x90.jpg 120w, http:\/\/triumphadonf.com\/v3\/wp-content\/uploads\/2009\/10\/triumph_1959_5ta_speedtwin_500cc_b.jpg 640w\" data-sizes=\"(max-width: 120px) 100vw, 120px\" src=\"data:image\/svg+xml;base64,PHN2ZyB3aWR0aD0iMSIgaGVpZ2h0PSIxIiB4bWxucz0iaHR0cDovL3d3dy53My5vcmcvMjAwMC9zdmciPjwvc3ZnPg==\" style=\"--smush-placeholder-width: 120px; --smush-placeholder-aspect-ratio: 120\/90;\" \/><\/a>\n\t\t\t<\/div><\/figure><figure class='gallery-item'>\n\t\t\t<div class='gallery-icon landscape'>\n\t\t\t\t<a href='http:\/\/triumphadonf.com\/v3\/triumph-speed-twin-5ta\/attachment\/triumph_5ta\/'><img decoding=\"async\" width=\"120\" height=\"90\" data-src=\"http:\/\/triumphadonf.com\/v3\/wp-content\/uploads\/2009\/10\/triumph_5TA-120x90.jpg\" class=\"attachment-thumbnail size-thumbnail lazyload\" alt=\"\" data-srcset=\"http:\/\/triumphadonf.com\/v3\/wp-content\/uploads\/2009\/10\/triumph_5TA-120x90.jpg 120w, http:\/\/triumphadonf.com\/v3\/wp-content\/uploads\/2009\/10\/triumph_5TA.jpg 800w\" data-sizes=\"(max-width: 120px) 100vw, 120px\" src=\"data:image\/svg+xml;base64,PHN2ZyB3aWR0aD0iMSIgaGVpZ2h0PSIxIiB4bWxucz0iaHR0cDovL3d3dy53My5vcmcvMjAwMC9zdmciPjwvc3ZnPg==\" style=\"--smush-placeholder-width: 120px; --smush-placeholder-aspect-ratio: 120\/90;\" \/><\/a>\n\t\t\t<\/div><\/figure><figure class='gallery-item'>\n\t\t\t<div class='gallery-icon landscape'>\n\t\t\t\t<a href='http:\/\/triumphadonf.com\/v3\/triumph-speed-twin-5ta\/attachment\/triumph-5ta-59-1\/'><img decoding=\"async\" width=\"120\" height=\"90\" data-src=\"http:\/\/triumphadonf.com\/v3\/wp-content\/uploads\/2009\/10\/Triumph-5TA-59-1-120x90.jpg\" class=\"attachment-thumbnail size-thumbnail lazyload\" alt=\"\" data-srcset=\"http:\/\/triumphadonf.com\/v3\/wp-content\/uploads\/2009\/10\/Triumph-5TA-59-1-120x90.jpg 120w, http:\/\/triumphadonf.com\/v3\/wp-content\/uploads\/2009\/10\/Triumph-5TA-59-1.jpg 720w\" data-sizes=\"(max-width: 120px) 100vw, 120px\" src=\"data:image\/svg+xml;base64,PHN2ZyB3aWR0aD0iMSIgaGVpZ2h0PSIxIiB4bWxucz0iaHR0cDovL3d3dy53My5vcmcvMjAwMC9zdmciPjwvc3ZnPg==\" style=\"--smush-placeholder-width: 120px; --smush-placeholder-aspect-ratio: 120\/90;\" \/><\/a>\n\t\t\t<\/div><\/figure><figure class='gallery-item'>\n\t\t\t<div class='gallery-icon landscape'>\n\t\t\t\t<a href='http:\/\/triumphadonf.com\/v3\/triumph-speed-twin-5ta\/attachment\/triumph-5ta-592-2\/'><img decoding=\"async\" width=\"120\" height=\"90\" data-src=\"http:\/\/triumphadonf.com\/v3\/wp-content\/uploads\/2009\/10\/Triumph-5TA-592-2-120x90.jpg\" class=\"attachment-thumbnail size-thumbnail lazyload\" alt=\"\" data-srcset=\"http:\/\/triumphadonf.com\/v3\/wp-content\/uploads\/2009\/10\/Triumph-5TA-592-2-120x90.jpg 120w, http:\/\/triumphadonf.com\/v3\/wp-content\/uploads\/2009\/10\/Triumph-5TA-592-2.jpg 600w\" data-sizes=\"(max-width: 120px) 100vw, 120px\" src=\"data:image\/svg+xml;base64,PHN2ZyB3aWR0aD0iMSIgaGVpZ2h0PSIxIiB4bWxucz0iaHR0cDovL3d3dy53My5vcmcvMjAwMC9zdmciPjwvc3ZnPg==\" style=\"--smush-placeholder-width: 120px; --smush-placeholder-aspect-ratio: 120\/90;\" \/><\/a>\n\t\t\t<\/div><\/figure>\n\t\t<\/div>\n\n<p style=\"margin-top: 5px; margin-right: 0px; margin-bottom: 15px; margin-left: 0px; text-align: justify; padding: 0px;\"><strong>Caract\u00e9ristiques Techniques : <\/strong><br \/>\n<em>&#8211; Moteur : <\/em>bicylindre, 4 temps, refroidi par air<br \/>\n<em>&#8211; Cylindr\u00e9e : <\/em>489 cm<sup>3<\/sup><br \/>\n<em>&#8211; Al\u00e9sage x Course : <\/em>69 x 65,5 mm<br \/>\n<em>&#8211; Puissance : <\/em>27 ch. \u00e0 6500 tr\/min<br \/>\n<em>&#8211; Poids : <\/em>154 kg \u00e0 sec<br \/>\n<em>&#8211; Vitesse : <\/em>137 km\/h<\/p>\n<p style=\"margin-top: 5px; margin-right: 0px; margin-bottom: 15px; margin-left: 0px; text-align: justify; padding: 0px;\"><strong>Autre : <\/strong>bo\u00eete 4 rapports<\/p>\n<p style=\"margin-top: 5px; margin-right: 0px; margin-bottom: 15px; margin-left: 0px; text-align: justify; padding: 0px;\"><object width=\"425\" height=\"344\" classid=\"clsid:d27cdb6e-ae6d-11cf-96b8-444553540000\" codebase=\"http:\/\/download.macromedia.com\/pub\/shockwave\/cabs\/flash\/swflash.cab#version=6,0,40,0\"><param name=\"allowFullScreen\" value=\"true\" \/><param name=\"allowscriptaccess\" value=\"always\" \/><param name=\"src\" value=\"http:\/\/www.youtube.com\/v\/d_GwLXFWTXM&amp;hl=fr&amp;fs=1&amp;color1=0x3a3a3a&amp;color2=0x999999\" \/><param name=\"allowfullscreen\" value=\"true\" \/><\/object><\/p>\n<p style=\"margin-top: 5px; margin-right: 0px; margin-bottom: 15px; margin-left: 0px; text-align: justify; padding: 0px;\"><strong><em>Si vous souhaitez ajouter des images ou des informations sur cette page, n\u2019h\u00e9sitez pas \u00e0 m\u2019envoyer un email (<\/em><\/strong><a style=\"outline-style: none; outline-width: initial; outline-color: initial; color: #3173a3; padding: 0px; margin: 0px;\" href=\"mailto:webmaster@triumphadonf.com\" target=\"_blank\"><strong><em>webmaster@triumphadonf.com<\/em><\/strong><\/a><strong><em>) ou \u00e0 laisser un commentaire ci-dessous.<\/em><\/strong><\/p>\n<div><\/div>\n","protected":false},"excerpt":{"rendered":"<p>P\u00e9riode de fabrication : 1958 &#8211; 1966 Historique : Cette 5TA inaugure une nouvelle s\u00e9rie de moteurs, version plus puissante de celui de la 3TA. L&rsquo;augmentation de la cylindr\u00e9e s&rsquo;est faite en faisant passer l&rsquo;al\u00e9sage de 58,5 \u00e0 69 mm. De plus, ce moteur dispose d&rsquo;une aisance \u00e0 haut r\u00e9gime et d&rsquo;un bon rapport poids\/puissance, [&hellip;]<\/p>\n","protected":false},"author":2,"featured_media":11311,"parent":0,"menu_order":0,"comment_status":"open","ping_status":"open","template":"","meta":{"_monsterinsights_skip_tracking":false,"_monsterinsights_sitenote_active":false,"_monsterinsights_sitenote_note":"","_monsterinsights_sitenote_category":0,"footnotes":""},"class_list":["post-2920","page","type-page","status-publish","has-post-thumbnail"],"jetpack_sharing_enabled":true,"_links":{"self":[{"href":"http:\/\/triumphadonf.com\/v3\/wp-json\/wp\/v2\/pages\/2920","targetHints":{"allow":["GET"]}}],"collection":[{"href":"http:\/\/triumphadonf.com\/v3\/wp-json\/wp\/v2\/pages"}],"about":[{"href":"http:\/\/triumphadonf.com\/v3\/wp-json\/wp\/v2\/types\/page"}],"author":[{"embeddable":true,"href":"http:\/\/triumphadonf.com\/v3\/wp-json\/wp\/v2\/users\/2"}],"replies":[{"embeddable":true,"href":"http:\/\/triumphadonf.com\/v3\/wp-json\/wp\/v2\/comments?post=2920"}],"version-history":[{"count":0,"href":"http:\/\/triumphadonf.com\/v3\/wp-json\/wp\/v2\/pages\/2920\/revisions"}],"wp:featuredmedia":[{"embeddable":true,"href":"http:\/\/triumphadonf.com\/v3\/wp-json\/wp\/v2\/media\/11311"}],"wp:attachment":[{"href":"http:\/\/triumphadonf.com\/v3\/wp-json\/wp\/v2\/media?parent=2920"}],"curies":[{"name":"wp","href":"https:\/\/api.w.org\/{rel}","templated":true}]}}