{"id":2904,"date":"2009-10-04T15:03:59","date_gmt":"2009-10-04T14:03:59","guid":{"rendered":"http:\/\/www.triumphadonf.com\/v3\/?page_id=2904"},"modified":"2012-06-14T16:04:18","modified_gmt":"2012-06-14T15:04:18","slug":"triumph-trophy-500-tr5","status":"publish","type":"page","link":"http:\/\/triumphadonf.com\/v3\/triumph-trophy-500-tr5\/","title":{"rendered":"Triumph Trophy 500 (TR5)"},"content":{"rendered":"<p style=\"margin-top: 5px; margin-right: 0px; margin-bottom: 15px; margin-left: 0px; text-align: justify; padding: 0px;\"><a href=\"http:\/\/www.triumphadonf.com\/v3\/index.php\/triumph-trophy-500-tr5\/attachment\/triumph-trophy-500-tr5-01\/\" rel=\"attachment wp-att-11514\"><img decoding=\"async\" class=\"aligncenter size-medium wp-image-11514 lazyload\" title=\"triumph-trophy-500-TR5-01\" data-src=\"http:\/\/www.triumphadonf.com\/v3\/wp-content\/uploads\/2009\/10\/triumph-trophy-500-TR5-01-645x483.jpg\" alt=\"\" width=\"645\" height=\"483\" src=\"data:image\/svg+xml;base64,PHN2ZyB3aWR0aD0iMSIgaGVpZ2h0PSIxIiB4bWxucz0iaHR0cDovL3d3dy53My5vcmcvMjAwMC9zdmciPjwvc3ZnPg==\" style=\"--smush-placeholder-width: 645px; --smush-placeholder-aspect-ratio: 645\/483;\" \/><\/a><\/p>\n<p style=\"margin-top: 5px; margin-right: 0px; margin-bottom: 15px; margin-left: 0px; text-align: justify; padding: 0px;\"><strong>P\u00e9riode de fabrication : <\/strong>1948 &#8211; 1958<\/p>\n<p style=\"margin-top: 5px; margin-right: 0px; margin-bottom: 15px; margin-left: 0px; text-align: justify; padding: 0px;\"><strong>Historique : <\/strong>Comme d&rsquo;autres mod\u00e8les Trophy de Triumph, ce mod\u00e8le est d&rsquo;abord destin\u00e9 \u00e0 la comp\u00e9tition, et c&rsquo;est dans ce domaine qu&rsquo;elle d\u00e9bute sa carri\u00e8re, avec une victoire constructeur en 1948 lors des Six jours internationaux d&rsquo;Italie.<br \/>\nCelle-ci sera lanc\u00e9e l&rsquo;ann\u00e9e suivante, dans une version plus courte et l\u00e9g\u00e8re. Ce sera la moto de tous les jours, autant pour aller au travail que pour aller se d\u00e9fouler dans les petits sentiers.<\/p>\n<p style=\"margin-top: 5px; margin-right: 0px; margin-bottom: 15px; margin-left: 0px; text-align: justify; padding: 0px;\"><strong>Photos :<\/strong><\/p>\n<p style=\"margin-top: 5px; margin-right: 0px; margin-bottom: 15px; margin-left: 0px; text-align: justify; padding: 0px;\"><strong><div id='gallery-1' class='gallery galleryid-2904 gallery-columns-4 gallery-size-thumbnail'><figure class='gallery-item'>\n\t\t\t<div class='gallery-icon landscape'>\n\t\t\t\t<a href='http:\/\/triumphadonf.com\/v3\/triumph-trophy-500-tr5\/attachment\/triumph-trophy-500-tr5-01\/'><img decoding=\"async\" width=\"120\" height=\"90\" data-src=\"http:\/\/triumphadonf.com\/v3\/wp-content\/uploads\/2009\/10\/triumph-trophy-500-TR5-01-120x90.jpg\" class=\"attachment-thumbnail size-thumbnail lazyload\" alt=\"\" data-srcset=\"http:\/\/triumphadonf.com\/v3\/wp-content\/uploads\/2009\/10\/triumph-trophy-500-TR5-01-120x90.jpg 120w, http:\/\/triumphadonf.com\/v3\/wp-content\/uploads\/2009\/10\/triumph-trophy-500-TR5-01.jpg 1024w\" data-sizes=\"(max-width: 120px) 100vw, 120px\" src=\"data:image\/svg+xml;base64,PHN2ZyB3aWR0aD0iMSIgaGVpZ2h0PSIxIiB4bWxucz0iaHR0cDovL3d3dy53My5vcmcvMjAwMC9zdmciPjwvc3ZnPg==\" style=\"--smush-placeholder-width: 120px; --smush-placeholder-aspect-ratio: 120\/90;\" \/><\/a>\n\t\t\t<\/div><\/figure><figure class='gallery-item'>\n\t\t\t<div class='gallery-icon landscape'>\n\t\t\t\t<a href='http:\/\/triumphadonf.com\/v3\/triumph-trophy-500-tr5\/attachment\/triumph-trophy-500-tr5-02\/'><img decoding=\"async\" width=\"120\" height=\"90\" data-src=\"http:\/\/triumphadonf.com\/v3\/wp-content\/uploads\/2009\/10\/triumph-trophy-500-TR5-02-120x90.jpg\" class=\"attachment-thumbnail size-thumbnail lazyload\" alt=\"\" data-srcset=\"http:\/\/triumphadonf.com\/v3\/wp-content\/uploads\/2009\/10\/triumph-trophy-500-TR5-02-120x90.jpg 120w, http:\/\/triumphadonf.com\/v3\/wp-content\/uploads\/2009\/10\/triumph-trophy-500-TR5-02.jpg 1024w\" data-sizes=\"(max-width: 120px) 100vw, 120px\" src=\"data:image\/svg+xml;base64,PHN2ZyB3aWR0aD0iMSIgaGVpZ2h0PSIxIiB4bWxucz0iaHR0cDovL3d3dy53My5vcmcvMjAwMC9zdmciPjwvc3ZnPg==\" style=\"--smush-placeholder-width: 120px; --smush-placeholder-aspect-ratio: 120\/90;\" \/><\/a>\n\t\t\t<\/div><\/figure><figure class='gallery-item'>\n\t\t\t<div class='gallery-icon portrait'>\n\t\t\t\t<a href='http:\/\/triumphadonf.com\/v3\/triumph-trophy-500-tr5\/attachment\/triumph-trophy-500-tr5-03\/'><img decoding=\"async\" width=\"80\" height=\"120\" data-src=\"http:\/\/triumphadonf.com\/v3\/wp-content\/uploads\/2009\/10\/triumph-trophy-500-TR5-03-80x120.jpg\" class=\"attachment-thumbnail size-thumbnail lazyload\" alt=\"\" data-srcset=\"http:\/\/triumphadonf.com\/v3\/wp-content\/uploads\/2009\/10\/triumph-trophy-500-TR5-03-80x120.jpg 80w, http:\/\/triumphadonf.com\/v3\/wp-content\/uploads\/2009\/10\/triumph-trophy-500-TR5-03-668x1000.jpg 668w, http:\/\/triumphadonf.com\/v3\/wp-content\/uploads\/2009\/10\/triumph-trophy-500-TR5-03.jpg 685w\" data-sizes=\"(max-width: 80px) 100vw, 80px\" src=\"data:image\/svg+xml;base64,PHN2ZyB3aWR0aD0iMSIgaGVpZ2h0PSIxIiB4bWxucz0iaHR0cDovL3d3dy53My5vcmcvMjAwMC9zdmciPjwvc3ZnPg==\" style=\"--smush-placeholder-width: 80px; --smush-placeholder-aspect-ratio: 80\/120;\" \/><\/a>\n\t\t\t<\/div><\/figure><figure class='gallery-item'>\n\t\t\t<div class='gallery-icon landscape'>\n\t\t\t\t<a href='http:\/\/triumphadonf.com\/v3\/triumph-trophy-500-tr5\/attachment\/triumph-trophy-500-tr5-04\/'><img decoding=\"async\" width=\"120\" height=\"79\" data-src=\"http:\/\/triumphadonf.com\/v3\/wp-content\/uploads\/2009\/10\/triumph-trophy-500-TR5-04-120x79.jpg\" class=\"attachment-thumbnail size-thumbnail lazyload\" alt=\"\" data-srcset=\"http:\/\/triumphadonf.com\/v3\/wp-content\/uploads\/2009\/10\/triumph-trophy-500-TR5-04-120x79.jpg 120w, http:\/\/triumphadonf.com\/v3\/wp-content\/uploads\/2009\/10\/triumph-trophy-500-TR5-04-100x65.jpg 100w, http:\/\/triumphadonf.com\/v3\/wp-content\/uploads\/2009\/10\/triumph-trophy-500-TR5-04-745x483.jpg 745w, http:\/\/triumphadonf.com\/v3\/wp-content\/uploads\/2009\/10\/triumph-trophy-500-TR5-04.jpg 1024w\" data-sizes=\"(max-width: 120px) 100vw, 120px\" src=\"data:image\/svg+xml;base64,PHN2ZyB3aWR0aD0iMSIgaGVpZ2h0PSIxIiB4bWxucz0iaHR0cDovL3d3dy53My5vcmcvMjAwMC9zdmciPjwvc3ZnPg==\" style=\"--smush-placeholder-width: 120px; --smush-placeholder-aspect-ratio: 120\/79;\" \/><\/a>\n\t\t\t<\/div><\/figure><figure class='gallery-item'>\n\t\t\t<div class='gallery-icon landscape'>\n\t\t\t\t<a href='http:\/\/triumphadonf.com\/v3\/triumph-trophy-500-tr5\/attachment\/triumph-trophy-500-tr5-05\/'><img decoding=\"async\" width=\"120\" height=\"101\" data-src=\"http:\/\/triumphadonf.com\/v3\/wp-content\/uploads\/2009\/10\/triumph-trophy-500-TR5-05-120x101.jpg\" class=\"attachment-thumbnail size-thumbnail lazyload\" alt=\"\" data-srcset=\"http:\/\/triumphadonf.com\/v3\/wp-content\/uploads\/2009\/10\/triumph-trophy-500-TR5-05-120x101.jpg 120w, http:\/\/triumphadonf.com\/v3\/wp-content\/uploads\/2009\/10\/triumph-trophy-500-TR5-05.jpg 831w\" data-sizes=\"(max-width: 120px) 100vw, 120px\" src=\"data:image\/svg+xml;base64,PHN2ZyB3aWR0aD0iMSIgaGVpZ2h0PSIxIiB4bWxucz0iaHR0cDovL3d3dy53My5vcmcvMjAwMC9zdmciPjwvc3ZnPg==\" style=\"--smush-placeholder-width: 120px; --smush-placeholder-aspect-ratio: 120\/101;\" \/><\/a>\n\t\t\t<\/div><\/figure><figure class='gallery-item'>\n\t\t\t<div class='gallery-icon landscape'>\n\t\t\t\t<a href='http:\/\/triumphadonf.com\/v3\/triumph-trophy-500-tr5\/attachment\/triumph-trophy-500-tr5-06\/'><img decoding=\"async\" width=\"120\" height=\"80\" data-src=\"http:\/\/triumphadonf.com\/v3\/wp-content\/uploads\/2009\/10\/triumph-trophy-500-TR5-06-120x80.jpg\" class=\"attachment-thumbnail size-thumbnail lazyload\" alt=\"\" data-srcset=\"http:\/\/triumphadonf.com\/v3\/wp-content\/uploads\/2009\/10\/triumph-trophy-500-TR5-06-120x80.jpg 120w, http:\/\/triumphadonf.com\/v3\/wp-content\/uploads\/2009\/10\/triumph-trophy-500-TR5-06.jpg 1280w\" data-sizes=\"(max-width: 120px) 100vw, 120px\" src=\"data:image\/svg+xml;base64,PHN2ZyB3aWR0aD0iMSIgaGVpZ2h0PSIxIiB4bWxucz0iaHR0cDovL3d3dy53My5vcmcvMjAwMC9zdmciPjwvc3ZnPg==\" style=\"--smush-placeholder-width: 120px; --smush-placeholder-aspect-ratio: 120\/80;\" \/><\/a>\n\t\t\t<\/div><\/figure><figure class='gallery-item'>\n\t\t\t<div class='gallery-icon landscape'>\n\t\t\t\t<a href='http:\/\/triumphadonf.com\/v3\/triumph-trophy-500-tr5\/attachment\/triumph-trophy-500-tr5-07\/'><img decoding=\"async\" width=\"120\" height=\"80\" data-src=\"http:\/\/triumphadonf.com\/v3\/wp-content\/uploads\/2009\/10\/triumph-trophy-500-TR5-07-120x80.jpg\" class=\"attachment-thumbnail size-thumbnail lazyload\" alt=\"\" data-srcset=\"http:\/\/triumphadonf.com\/v3\/wp-content\/uploads\/2009\/10\/triumph-trophy-500-TR5-07-120x80.jpg 120w, http:\/\/triumphadonf.com\/v3\/wp-content\/uploads\/2009\/10\/triumph-trophy-500-TR5-07.jpg 1280w\" data-sizes=\"(max-width: 120px) 100vw, 120px\" src=\"data:image\/svg+xml;base64,PHN2ZyB3aWR0aD0iMSIgaGVpZ2h0PSIxIiB4bWxucz0iaHR0cDovL3d3dy53My5vcmcvMjAwMC9zdmciPjwvc3ZnPg==\" style=\"--smush-placeholder-width: 120px; --smush-placeholder-aspect-ratio: 120\/80;\" \/><\/a>\n\t\t\t<\/div><\/figure><figure class='gallery-item'>\n\t\t\t<div class='gallery-icon portrait'>\n\t\t\t\t<a href='http:\/\/triumphadonf.com\/v3\/triumph-trophy-500-tr5\/attachment\/triumph-trophy-500-tr5-08\/'><img decoding=\"async\" width=\"80\" height=\"120\" data-src=\"http:\/\/triumphadonf.com\/v3\/wp-content\/uploads\/2009\/10\/triumph-trophy-500-TR5-08-80x120.jpg\" class=\"attachment-thumbnail size-thumbnail lazyload\" alt=\"\" data-srcset=\"http:\/\/triumphadonf.com\/v3\/wp-content\/uploads\/2009\/10\/triumph-trophy-500-TR5-08-80x120.jpg 80w, http:\/\/triumphadonf.com\/v3\/wp-content\/uploads\/2009\/10\/triumph-trophy-500-TR5-08-668x1000.jpg 668w, http:\/\/triumphadonf.com\/v3\/wp-content\/uploads\/2009\/10\/triumph-trophy-500-TR5-08-684x1024.jpg 684w, http:\/\/triumphadonf.com\/v3\/wp-content\/uploads\/2009\/10\/triumph-trophy-500-TR5-08.jpg 856w\" data-sizes=\"(max-width: 80px) 100vw, 80px\" src=\"data:image\/svg+xml;base64,PHN2ZyB3aWR0aD0iMSIgaGVpZ2h0PSIxIiB4bWxucz0iaHR0cDovL3d3dy53My5vcmcvMjAwMC9zdmciPjwvc3ZnPg==\" style=\"--smush-placeholder-width: 80px; --smush-placeholder-aspect-ratio: 80\/120;\" \/><\/a>\n\t\t\t<\/div><\/figure>\n\t\t<\/div>\n<\/p>\n<p><\/strong><\/p>\n<p style=\"margin-top: 5px; margin-right: 0px; margin-bottom: 15px; margin-left: 0px; text-align: justify; padding: 0px;\"><strong><span style=\"font-weight: normal;\"><strong>Caract\u00e9ristiques Techniques : <\/strong> <\/span><\/strong><\/p>\n<p style=\"margin-top: 5px; margin-right: 0px; margin-bottom: 15px; margin-left: 0px; text-align: justify; padding: 0px;\"><em>&#8211; Moteur : <\/em>bicylindre, 4 temps, refroidi par air<br \/>\n<em>&#8211; Cylindr\u00e9e : <\/em>498 cm<sup>3<\/sup><br \/>\n<em>&#8211; Al\u00e9sage x Course : <\/em>63 x 80 mm<br \/>\n<em>&#8211; Puissance : <\/em>25 ch. \u00e0 6000 tr\/min<br \/>\n<em>&#8211; Poids : <\/em>134 kg<br \/>\n<em>&#8211; Vitesse : <\/em>145 km\/h<\/p>\n<p style=\"margin-top: 5px; margin-right: 0px; margin-bottom: 15px; margin-left: 0px; text-align: justify; padding: 0px;\"><strong>Autre : <\/strong>Bo\u00eete 4 rapports<\/p>\n<p><strong><em>Si vous souhaitez ajouter des images ou des informations sur cette page, n\u2019h\u00e9sitez pas \u00e0 m\u2019envoyer un email (<\/em><\/strong><a style=\"outline-style: none; outline-width: initial; outline-color: initial; color: #3173a3; padding: 0px; margin: 0px;\" href=\"mailto:webmaster@triumphadonf.com\" target=\"_blank\"><strong><em>webmaster@triumphadonf.com<\/em><\/strong><\/a><strong><em>) ou \u00e0 laisser un commentaire ci-dessous.<\/em><\/strong><\/p>\n","protected":false},"excerpt":{"rendered":"<p>P\u00e9riode de fabrication : 1948 &#8211; 1958 Historique : Comme d&rsquo;autres mod\u00e8les Trophy de Triumph, ce mod\u00e8le est d&rsquo;abord destin\u00e9 \u00e0 la comp\u00e9tition, et c&rsquo;est dans ce domaine qu&rsquo;elle d\u00e9bute sa carri\u00e8re, avec une victoire constructeur en 1948 lors des Six jours internationaux d&rsquo;Italie. Celle-ci sera lanc\u00e9e l&rsquo;ann\u00e9e suivante, dans une version plus courte et [&hellip;]<\/p>\n","protected":false},"author":2,"featured_media":11514,"parent":0,"menu_order":0,"comment_status":"open","ping_status":"open","template":"","meta":{"_monsterinsights_skip_tracking":false,"_monsterinsights_sitenote_active":false,"_monsterinsights_sitenote_note":"","_monsterinsights_sitenote_category":0,"footnotes":""},"class_list":["post-2904","page","type-page","status-publish","has-post-thumbnail"],"jetpack_sharing_enabled":true,"_links":{"self":[{"href":"http:\/\/triumphadonf.com\/v3\/wp-json\/wp\/v2\/pages\/2904","targetHints":{"allow":["GET"]}}],"collection":[{"href":"http:\/\/triumphadonf.com\/v3\/wp-json\/wp\/v2\/pages"}],"about":[{"href":"http:\/\/triumphadonf.com\/v3\/wp-json\/wp\/v2\/types\/page"}],"author":[{"embeddable":true,"href":"http:\/\/triumphadonf.com\/v3\/wp-json\/wp\/v2\/users\/2"}],"replies":[{"embeddable":true,"href":"http:\/\/triumphadonf.com\/v3\/wp-json\/wp\/v2\/comments?post=2904"}],"version-history":[{"count":0,"href":"http:\/\/triumphadonf.com\/v3\/wp-json\/wp\/v2\/pages\/2904\/revisions"}],"wp:featuredmedia":[{"embeddable":true,"href":"http:\/\/triumphadonf.com\/v3\/wp-json\/wp\/v2\/media\/11514"}],"wp:attachment":[{"href":"http:\/\/triumphadonf.com\/v3\/wp-json\/wp\/v2\/media?parent=2904"}],"curies":[{"name":"wp","href":"https:\/\/api.w.org\/{rel}","templated":true}]}}