{"id":2851,"date":"2009-10-04T07:03:05","date_gmt":"2009-10-04T06:03:05","guid":{"rendered":"http:\/\/www.triumphadonf.com\/v3\/?page_id=2851"},"modified":"2012-02-21T23:38:47","modified_gmt":"2012-02-21T22:38:47","slug":"triumph_scooter_tigress","status":"publish","type":"page","link":"http:\/\/triumphadonf.com\/v3\/triumph_scooter_tigress\/","title":{"rendered":"Triumph Scooter Tigress"},"content":{"rendered":"<p style=\"margin-top: 5px; margin-right: 0px; margin-bottom: 15px; margin-left: 0px; text-align: justify; padding: 0px;\"><a href=\"http:\/\/www.triumphadonf.com\/v3\/wp-content\/uploads\/2009\/10\/triumph_scooter_tigress_11.jpg\"><img decoding=\"async\" class=\"aligncenter size-medium wp-image-10341 lazyload\" title=\"triumph_scooter_tigress_11\" data-src=\"http:\/\/www.triumphadonf.com\/v3\/wp-content\/uploads\/2009\/10\/triumph_scooter_tigress_11-645x574.jpg\" alt=\"\" width=\"645\" height=\"574\" src=\"data:image\/svg+xml;base64,PHN2ZyB3aWR0aD0iMSIgaGVpZ2h0PSIxIiB4bWxucz0iaHR0cDovL3d3dy53My5vcmcvMjAwMC9zdmciPjwvc3ZnPg==\" style=\"--smush-placeholder-width: 645px; --smush-placeholder-aspect-ratio: 645\/574;\" \/><\/a><\/p>\n<p style=\"margin-top: 5px; margin-right: 0px; margin-bottom: 15px; margin-left: 0px; text-align: justify; padding: 0px;\"><strong>P\u00e9riode de fabrication : <\/strong>1959 &#8211; 1964<\/p>\n<p style=\"margin-top: 5px; margin-right: 0px; margin-bottom: 15px; margin-left: 0px; text-align: justify; padding: 0px;\"><strong>Historique : <\/strong>R\u00e9f\u00e9renc\u00e9 TW2 ou TW2S, ce scooter est une v\u00e9ritable curiosit\u00e9 dans toute la production Triumph. Il n&rsquo;a pas eu un grand succ\u00e8s mais \u00e9tait l\u00e0 pour r\u00e9pondre \u00e0 la forte demande cette \u00e9poque.<\/p>\n<p style=\"margin-top: 5px; margin-right: 0px; margin-bottom: 15px; margin-left: 0px; text-align: justify; padding: 0px;\">Ce Scooter a aussi \u00e9t\u00e9 vendu par la marque BSA, le BSA Sunbeam.<\/p>\n<p style=\"margin-top: 5px; margin-right: 0px; margin-bottom: 15px; margin-left: 0px; text-align: justify; padding: 0px;\"><strong>Photos :<\/strong><\/p>\n<p style=\"margin-top: 5px; margin-right: 0px; margin-bottom: 15px; margin-left: 0px; text-align: justify; padding: 0px;\"><strong><div id='gallery-1' class='gallery galleryid-2851 gallery-columns-4 gallery-size-thumbnail'><figure class='gallery-item'>\n\t\t\t<div class='gallery-icon landscape'>\n\t\t\t\t<a href='http:\/\/triumphadonf.com\/v3\/triumph_scooter_tigress\/attachment\/triumph_1964_tigress_175cc\/'><img decoding=\"async\" width=\"120\" height=\"90\" data-src=\"http:\/\/triumphadonf.com\/v3\/wp-content\/uploads\/2009\/10\/triumph_1964_tigress_175cc-120x90.jpg\" class=\"attachment-thumbnail size-thumbnail lazyload\" alt=\"\" data-srcset=\"http:\/\/triumphadonf.com\/v3\/wp-content\/uploads\/2009\/10\/triumph_1964_tigress_175cc-120x90.jpg 120w, http:\/\/triumphadonf.com\/v3\/wp-content\/uploads\/2009\/10\/triumph_1964_tigress_175cc.jpg 320w\" data-sizes=\"(max-width: 120px) 100vw, 120px\" src=\"data:image\/svg+xml;base64,PHN2ZyB3aWR0aD0iMSIgaGVpZ2h0PSIxIiB4bWxucz0iaHR0cDovL3d3dy53My5vcmcvMjAwMC9zdmciPjwvc3ZnPg==\" style=\"--smush-placeholder-width: 120px; --smush-placeholder-aspect-ratio: 120\/90;\" \/><\/a>\n\t\t\t<\/div><\/figure><figure class='gallery-item'>\n\t\t\t<div class='gallery-icon landscape'>\n\t\t\t\t<a href='http:\/\/triumphadonf.com\/v3\/triumph_scooter_tigress\/attachment\/triumph_scooter_tigress_01\/'><img decoding=\"async\" width=\"120\" height=\"79\" data-src=\"http:\/\/triumphadonf.com\/v3\/wp-content\/uploads\/2009\/10\/triumph_scooter_tigress_01-120x79.jpg\" class=\"attachment-thumbnail size-thumbnail lazyload\" alt=\"\" data-srcset=\"http:\/\/triumphadonf.com\/v3\/wp-content\/uploads\/2009\/10\/triumph_scooter_tigress_01-120x79.jpg 120w, http:\/\/triumphadonf.com\/v3\/wp-content\/uploads\/2009\/10\/triumph_scooter_tigress_01-100x65.jpg 100w, http:\/\/triumphadonf.com\/v3\/wp-content\/uploads\/2009\/10\/triumph_scooter_tigress_01-745x483.jpg 745w, http:\/\/triumphadonf.com\/v3\/wp-content\/uploads\/2009\/10\/triumph_scooter_tigress_01.jpg 800w\" data-sizes=\"(max-width: 120px) 100vw, 120px\" src=\"data:image\/svg+xml;base64,PHN2ZyB3aWR0aD0iMSIgaGVpZ2h0PSIxIiB4bWxucz0iaHR0cDovL3d3dy53My5vcmcvMjAwMC9zdmciPjwvc3ZnPg==\" style=\"--smush-placeholder-width: 120px; --smush-placeholder-aspect-ratio: 120\/79;\" \/><\/a>\n\t\t\t<\/div><\/figure><figure class='gallery-item'>\n\t\t\t<div class='gallery-icon landscape'>\n\t\t\t\t<a href='http:\/\/triumphadonf.com\/v3\/triumph_scooter_tigress\/attachment\/triumph_scooter_tigress_02\/'><img decoding=\"async\" width=\"120\" height=\"90\" data-src=\"http:\/\/triumphadonf.com\/v3\/wp-content\/uploads\/2009\/10\/triumph_scooter_tigress_02-120x90.jpg\" class=\"attachment-thumbnail size-thumbnail lazyload\" alt=\"\" data-srcset=\"http:\/\/triumphadonf.com\/v3\/wp-content\/uploads\/2009\/10\/triumph_scooter_tigress_02-120x90.jpg 120w, http:\/\/triumphadonf.com\/v3\/wp-content\/uploads\/2009\/10\/triumph_scooter_tigress_02.jpg 1024w\" data-sizes=\"(max-width: 120px) 100vw, 120px\" src=\"data:image\/svg+xml;base64,PHN2ZyB3aWR0aD0iMSIgaGVpZ2h0PSIxIiB4bWxucz0iaHR0cDovL3d3dy53My5vcmcvMjAwMC9zdmciPjwvc3ZnPg==\" style=\"--smush-placeholder-width: 120px; --smush-placeholder-aspect-ratio: 120\/90;\" \/><\/a>\n\t\t\t<\/div><\/figure><figure class='gallery-item'>\n\t\t\t<div class='gallery-icon landscape'>\n\t\t\t\t<a href='http:\/\/triumphadonf.com\/v3\/triumph_scooter_tigress\/attachment\/triumph_scooter_tigress_03\/'><img decoding=\"async\" width=\"120\" height=\"80\" data-src=\"http:\/\/triumphadonf.com\/v3\/wp-content\/uploads\/2009\/10\/triumph_scooter_tigress_03-120x80.jpg\" class=\"attachment-thumbnail size-thumbnail lazyload\" alt=\"\" data-srcset=\"http:\/\/triumphadonf.com\/v3\/wp-content\/uploads\/2009\/10\/triumph_scooter_tigress_03-120x80.jpg 120w, http:\/\/triumphadonf.com\/v3\/wp-content\/uploads\/2009\/10\/triumph_scooter_tigress_03.jpg 1024w\" data-sizes=\"(max-width: 120px) 100vw, 120px\" src=\"data:image\/svg+xml;base64,PHN2ZyB3aWR0aD0iMSIgaGVpZ2h0PSIxIiB4bWxucz0iaHR0cDovL3d3dy53My5vcmcvMjAwMC9zdmciPjwvc3ZnPg==\" style=\"--smush-placeholder-width: 120px; --smush-placeholder-aspect-ratio: 120\/80;\" \/><\/a>\n\t\t\t<\/div><\/figure><figure class='gallery-item'>\n\t\t\t<div class='gallery-icon portrait'>\n\t\t\t\t<a href='http:\/\/triumphadonf.com\/v3\/triumph_scooter_tigress\/attachment\/triumph_scooter_tigress_04\/'><img decoding=\"async\" width=\"89\" height=\"120\" data-src=\"http:\/\/triumphadonf.com\/v3\/wp-content\/uploads\/2009\/10\/triumph_scooter_tigress_04-89x120.jpg\" class=\"attachment-thumbnail size-thumbnail lazyload\" alt=\"\" data-srcset=\"http:\/\/triumphadonf.com\/v3\/wp-content\/uploads\/2009\/10\/triumph_scooter_tigress_04-89x120.jpg 89w, http:\/\/triumphadonf.com\/v3\/wp-content\/uploads\/2009\/10\/triumph_scooter_tigress_04-743x1000.jpg 743w, http:\/\/triumphadonf.com\/v3\/wp-content\/uploads\/2009\/10\/triumph_scooter_tigress_04.jpg 761w\" data-sizes=\"(max-width: 89px) 100vw, 89px\" src=\"data:image\/svg+xml;base64,PHN2ZyB3aWR0aD0iMSIgaGVpZ2h0PSIxIiB4bWxucz0iaHR0cDovL3d3dy53My5vcmcvMjAwMC9zdmciPjwvc3ZnPg==\" style=\"--smush-placeholder-width: 89px; --smush-placeholder-aspect-ratio: 89\/120;\" \/><\/a>\n\t\t\t<\/div><\/figure><figure class='gallery-item'>\n\t\t\t<div class='gallery-icon portrait'>\n\t\t\t\t<a href='http:\/\/triumphadonf.com\/v3\/triumph_scooter_tigress\/attachment\/triumph_scooter_tigress_05\/'><img decoding=\"async\" width=\"87\" height=\"120\" data-src=\"http:\/\/triumphadonf.com\/v3\/wp-content\/uploads\/2009\/10\/triumph_scooter_tigress_05-87x120.jpg\" class=\"attachment-thumbnail size-thumbnail lazyload\" alt=\"\" data-srcset=\"http:\/\/triumphadonf.com\/v3\/wp-content\/uploads\/2009\/10\/triumph_scooter_tigress_05-87x120.jpg 87w, http:\/\/triumphadonf.com\/v3\/wp-content\/uploads\/2009\/10\/triumph_scooter_tigress_05-731x1000.jpg 731w, http:\/\/triumphadonf.com\/v3\/wp-content\/uploads\/2009\/10\/triumph_scooter_tigress_05.jpg 749w\" data-sizes=\"(max-width: 87px) 100vw, 87px\" src=\"data:image\/svg+xml;base64,PHN2ZyB3aWR0aD0iMSIgaGVpZ2h0PSIxIiB4bWxucz0iaHR0cDovL3d3dy53My5vcmcvMjAwMC9zdmciPjwvc3ZnPg==\" style=\"--smush-placeholder-width: 87px; --smush-placeholder-aspect-ratio: 87\/120;\" \/><\/a>\n\t\t\t<\/div><\/figure><figure class='gallery-item'>\n\t\t\t<div class='gallery-icon portrait'>\n\t\t\t\t<a href='http:\/\/triumphadonf.com\/v3\/triumph_scooter_tigress\/attachment\/triumph_scooter_tigress_06\/'><img decoding=\"async\" width=\"90\" height=\"120\" data-src=\"http:\/\/triumphadonf.com\/v3\/wp-content\/uploads\/2009\/10\/triumph_scooter_tigress_06-90x120.jpg\" class=\"attachment-thumbnail size-thumbnail lazyload\" alt=\"\" data-srcset=\"http:\/\/triumphadonf.com\/v3\/wp-content\/uploads\/2009\/10\/triumph_scooter_tigress_06-90x120.jpg 90w, http:\/\/triumphadonf.com\/v3\/wp-content\/uploads\/2009\/10\/triumph_scooter_tigress_06.jpg 376w\" data-sizes=\"(max-width: 90px) 100vw, 90px\" src=\"data:image\/svg+xml;base64,PHN2ZyB3aWR0aD0iMSIgaGVpZ2h0PSIxIiB4bWxucz0iaHR0cDovL3d3dy53My5vcmcvMjAwMC9zdmciPjwvc3ZnPg==\" style=\"--smush-placeholder-width: 90px; --smush-placeholder-aspect-ratio: 90\/120;\" \/><\/a>\n\t\t\t<\/div><\/figure><figure class='gallery-item'>\n\t\t\t<div class='gallery-icon landscape'>\n\t\t\t\t<a href='http:\/\/triumphadonf.com\/v3\/triumph_scooter_tigress\/attachment\/triumph_scooter_tigress_07\/'><img decoding=\"async\" width=\"120\" height=\"88\" data-src=\"http:\/\/triumphadonf.com\/v3\/wp-content\/uploads\/2009\/10\/triumph_scooter_tigress_07-120x88.jpg\" class=\"attachment-thumbnail size-thumbnail lazyload\" alt=\"\" data-srcset=\"http:\/\/triumphadonf.com\/v3\/wp-content\/uploads\/2009\/10\/triumph_scooter_tigress_07-120x88.jpg 120w, http:\/\/triumphadonf.com\/v3\/wp-content\/uploads\/2009\/10\/triumph_scooter_tigress_07-326x235.jpg 326w, http:\/\/triumphadonf.com\/v3\/wp-content\/uploads\/2009\/10\/triumph_scooter_tigress_07.jpg 690w\" data-sizes=\"(max-width: 120px) 100vw, 120px\" src=\"data:image\/svg+xml;base64,PHN2ZyB3aWR0aD0iMSIgaGVpZ2h0PSIxIiB4bWxucz0iaHR0cDovL3d3dy53My5vcmcvMjAwMC9zdmciPjwvc3ZnPg==\" style=\"--smush-placeholder-width: 120px; --smush-placeholder-aspect-ratio: 120\/88;\" \/><\/a>\n\t\t\t<\/div><\/figure><figure class='gallery-item'>\n\t\t\t<div class='gallery-icon portrait'>\n\t\t\t\t<a href='http:\/\/triumphadonf.com\/v3\/triumph_scooter_tigress\/attachment\/triumph_scooter_tigress_08\/'><img decoding=\"async\" width=\"87\" height=\"120\" data-src=\"http:\/\/triumphadonf.com\/v3\/wp-content\/uploads\/2009\/10\/triumph_scooter_tigress_08-87x120.jpg\" class=\"attachment-thumbnail size-thumbnail lazyload\" alt=\"\" data-srcset=\"http:\/\/triumphadonf.com\/v3\/wp-content\/uploads\/2009\/10\/triumph_scooter_tigress_08-87x120.jpg 87w, http:\/\/triumphadonf.com\/v3\/wp-content\/uploads\/2009\/10\/triumph_scooter_tigress_08.jpg 362w\" data-sizes=\"(max-width: 87px) 100vw, 87px\" src=\"data:image\/svg+xml;base64,PHN2ZyB3aWR0aD0iMSIgaGVpZ2h0PSIxIiB4bWxucz0iaHR0cDovL3d3dy53My5vcmcvMjAwMC9zdmciPjwvc3ZnPg==\" style=\"--smush-placeholder-width: 87px; --smush-placeholder-aspect-ratio: 87\/120;\" \/><\/a>\n\t\t\t<\/div><\/figure><figure class='gallery-item'>\n\t\t\t<div class='gallery-icon landscape'>\n\t\t\t\t<a href='http:\/\/triumphadonf.com\/v3\/triumph_scooter_tigress\/attachment\/triumph_scooter_tigress_09\/'><img decoding=\"async\" width=\"120\" height=\"120\" data-src=\"http:\/\/triumphadonf.com\/v3\/wp-content\/uploads\/2009\/10\/triumph_scooter_tigress_09-120x120.jpg\" class=\"attachment-thumbnail size-thumbnail lazyload\" alt=\"\" data-srcset=\"http:\/\/triumphadonf.com\/v3\/wp-content\/uploads\/2009\/10\/triumph_scooter_tigress_09-120x120.jpg 120w, http:\/\/triumphadonf.com\/v3\/wp-content\/uploads\/2009\/10\/triumph_scooter_tigress_09-210x210.jpg 210w, http:\/\/triumphadonf.com\/v3\/wp-content\/uploads\/2009\/10\/triumph_scooter_tigress_09.jpg 396w\" data-sizes=\"(max-width: 120px) 100vw, 120px\" src=\"data:image\/svg+xml;base64,PHN2ZyB3aWR0aD0iMSIgaGVpZ2h0PSIxIiB4bWxucz0iaHR0cDovL3d3dy53My5vcmcvMjAwMC9zdmciPjwvc3ZnPg==\" style=\"--smush-placeholder-width: 120px; --smush-placeholder-aspect-ratio: 120\/120;\" \/><\/a>\n\t\t\t<\/div><\/figure><figure class='gallery-item'>\n\t\t\t<div class='gallery-icon portrait'>\n\t\t\t\t<a href='http:\/\/triumphadonf.com\/v3\/triumph_scooter_tigress\/attachment\/triumph_scooter_tigress_10\/'><img decoding=\"async\" width=\"83\" height=\"120\" data-src=\"http:\/\/triumphadonf.com\/v3\/wp-content\/uploads\/2009\/10\/triumph_scooter_tigress_10-83x120.jpg\" class=\"attachment-thumbnail size-thumbnail lazyload\" alt=\"\" data-srcset=\"http:\/\/triumphadonf.com\/v3\/wp-content\/uploads\/2009\/10\/triumph_scooter_tigress_10-83x120.jpg 83w, http:\/\/triumphadonf.com\/v3\/wp-content\/uploads\/2009\/10\/triumph_scooter_tigress_10-694x1000.jpg 694w, http:\/\/triumphadonf.com\/v3\/wp-content\/uploads\/2009\/10\/triumph_scooter_tigress_10-711x1024.jpg 711w, http:\/\/triumphadonf.com\/v3\/wp-content\/uploads\/2009\/10\/triumph_scooter_tigress_10.jpg 997w\" data-sizes=\"(max-width: 83px) 100vw, 83px\" src=\"data:image\/svg+xml;base64,PHN2ZyB3aWR0aD0iMSIgaGVpZ2h0PSIxIiB4bWxucz0iaHR0cDovL3d3dy53My5vcmcvMjAwMC9zdmciPjwvc3ZnPg==\" style=\"--smush-placeholder-width: 83px; --smush-placeholder-aspect-ratio: 83\/120;\" \/><\/a>\n\t\t\t<\/div><\/figure><figure class='gallery-item'>\n\t\t\t<div class='gallery-icon landscape'>\n\t\t\t\t<a href='http:\/\/triumphadonf.com\/v3\/triumph_scooter_tigress\/attachment\/triumph_scooter_tigress_11\/'><img decoding=\"async\" width=\"120\" height=\"106\" data-src=\"http:\/\/triumphadonf.com\/v3\/wp-content\/uploads\/2009\/10\/triumph_scooter_tigress_11-120x106.jpg\" class=\"attachment-thumbnail size-thumbnail lazyload\" alt=\"\" data-srcset=\"http:\/\/triumphadonf.com\/v3\/wp-content\/uploads\/2009\/10\/triumph_scooter_tigress_11-120x106.jpg 120w, http:\/\/triumphadonf.com\/v3\/wp-content\/uploads\/2009\/10\/triumph_scooter_tigress_11-1122x1000.jpg 1122w, http:\/\/triumphadonf.com\/v3\/wp-content\/uploads\/2009\/10\/triumph_scooter_tigress_11-1149x1024.jpg 1149w, http:\/\/triumphadonf.com\/v3\/wp-content\/uploads\/2009\/10\/triumph_scooter_tigress_11.jpg 1249w\" data-sizes=\"(max-width: 120px) 100vw, 120px\" src=\"data:image\/svg+xml;base64,PHN2ZyB3aWR0aD0iMSIgaGVpZ2h0PSIxIiB4bWxucz0iaHR0cDovL3d3dy53My5vcmcvMjAwMC9zdmciPjwvc3ZnPg==\" style=\"--smush-placeholder-width: 120px; --smush-placeholder-aspect-ratio: 120\/106;\" \/><\/a>\n\t\t\t<\/div><\/figure>\n\t\t<\/div>\n<\/p>\n<p><\/strong><\/p>\n<p><a href=\"http:\/\/www.triumphadonf.com\/v3\/wp-content\/uploads\/2009\/10\/triumph_scooter_tigress_01.jpg\"><br \/>\n<\/a><\/p>\n<p style=\"margin-top: 5px; margin-right: 0px; margin-bottom: 15px; margin-left: 0px; text-align: justify; padding: 0px;\"><strong>Caract\u00e9ristiques Techniques : <\/strong><br \/>\n<em>&#8211; Moteur : <\/em>monocylindre 2 temps de 172 cm<sup>3<\/sup> ou twin 4 temps de 249 cm<sup>3<\/sup><br \/>\n<em>&#8211; Cylindr\u00e9e : <\/em><br \/>\n<em>&#8211; Al\u00e9sage x Course : <\/em><br \/>\n<em>&#8211; Puissance : <\/em><br \/>\n<em>&#8211; Poids : <\/em><br \/>\n<em>&#8211; Vitesse :<\/em><\/p>\n<p style=\"margin-top: 5px; margin-right: 0px; margin-bottom: 15px; margin-left: 0px; text-align: justify; padding: 0px;\"><strong>Autre :<\/strong><\/p>\n<p style=\"margin-top: 5px; margin-right: 0px; margin-bottom: 15px; margin-left: 0px; text-align: justify; padding: 0px;\"><object width=\"425\" height=\"344\" classid=\"clsid:d27cdb6e-ae6d-11cf-96b8-444553540000\" codebase=\"http:\/\/download.macromedia.com\/pub\/shockwave\/cabs\/flash\/swflash.cab#version=6,0,40,0\"><param name=\"allowFullScreen\" value=\"true\" \/><param name=\"allowscriptaccess\" value=\"always\" \/><param name=\"src\" value=\"http:\/\/www.youtube.com\/v\/hl8w-3FDsTg&amp;hl=fr&amp;fs=1&amp;color1=0x3a3a3a&amp;color2=0x999999\" \/><param name=\"allowfullscreen\" value=\"true\" \/><\/object><\/p>\n<p style=\"margin-top: 5px; margin-right: 0px; margin-bottom: 15px; margin-left: 0px; text-align: justify; padding: 0px;\"><strong><em>Si vous souhaitez ajouter des images ou des informations sur cette page, n\u2019h\u00e9sitez pas \u00e0 m&rsquo;envoyer un email (<\/em><\/strong><a style=\"outline-style: none; outline-width: initial; outline-color: initial; color: #3173a3; padding: 0px; margin: 0px;\" href=\"mailto:webmaster@triumphadonf.com\" target=\"_blank\"><strong><em>webmaster@triumphadonf.com<\/em><\/strong><\/a><strong><em>) ou \u00e0 laisser un commentaire ci-dessous.<\/em><\/strong><\/p>\n","protected":false},"excerpt":{"rendered":"<p>P\u00e9riode de fabrication : 1959 &#8211; 1964 Historique : R\u00e9f\u00e9renc\u00e9 TW2 ou TW2S, ce scooter est une v\u00e9ritable curiosit\u00e9 dans toute la production Triumph. Il n&rsquo;a pas eu un grand succ\u00e8s mais \u00e9tait l\u00e0 pour r\u00e9pondre \u00e0 la forte demande cette \u00e9poque. Ce Scooter a aussi \u00e9t\u00e9 vendu par la marque BSA, le BSA Sunbeam. [&hellip;]<\/p>\n","protected":false},"author":2,"featured_media":10331,"parent":0,"menu_order":0,"comment_status":"open","ping_status":"open","template":"","meta":{"_monsterinsights_skip_tracking":false,"_monsterinsights_sitenote_active":false,"_monsterinsights_sitenote_note":"","_monsterinsights_sitenote_category":0,"footnotes":""},"class_list":["post-2851","page","type-page","status-publish","has-post-thumbnail"],"jetpack_sharing_enabled":true,"_links":{"self":[{"href":"http:\/\/triumphadonf.com\/v3\/wp-json\/wp\/v2\/pages\/2851","targetHints":{"allow":["GET"]}}],"collection":[{"href":"http:\/\/triumphadonf.com\/v3\/wp-json\/wp\/v2\/pages"}],"about":[{"href":"http:\/\/triumphadonf.com\/v3\/wp-json\/wp\/v2\/types\/page"}],"author":[{"embeddable":true,"href":"http:\/\/triumphadonf.com\/v3\/wp-json\/wp\/v2\/users\/2"}],"replies":[{"embeddable":true,"href":"http:\/\/triumphadonf.com\/v3\/wp-json\/wp\/v2\/comments?post=2851"}],"version-history":[{"count":0,"href":"http:\/\/triumphadonf.com\/v3\/wp-json\/wp\/v2\/pages\/2851\/revisions"}],"wp:featuredmedia":[{"embeddable":true,"href":"http:\/\/triumphadonf.com\/v3\/wp-json\/wp\/v2\/media\/10331"}],"wp:attachment":[{"href":"http:\/\/triumphadonf.com\/v3\/wp-json\/wp\/v2\/media?parent=2851"}],"curies":[{"name":"wp","href":"https:\/\/api.w.org\/{rel}","templated":true}]}}