{"id":2819,"date":"2009-10-03T22:01:29","date_gmt":"2009-10-03T21:01:29","guid":{"rendered":"http:\/\/www.triumphadonf.com\/v3\/?page_id=2819"},"modified":"2012-06-14T16:06:03","modified_gmt":"2012-06-14T15:06:03","slug":"triumph-speed-twin-500-5t","status":"publish","type":"page","link":"http:\/\/triumphadonf.com\/v3\/triumph-speed-twin-500-5t\/","title":{"rendered":"Triumph Speed Twin 500 (5T)"},"content":{"rendered":"<p style=\"margin-top: 5px; margin-right: 0px; margin-bottom: 15px; margin-left: 0px; text-align: justify; padding: 0px;\"><strong><a href=\"http:\/\/www.triumphadonf.com\/v3\/index.php\/triumph-speed-twin-500-5t\/attachment\/triumph_speed_twin\/\" rel=\"attachment wp-att-11342\"><img decoding=\"async\" class=\"aligncenter size-medium wp-image-11342 lazyload\" title=\"triumph_speed_twin\" data-src=\"http:\/\/www.triumphadonf.com\/v3\/wp-content\/uploads\/2009\/10\/triumph_speed_twin-645x369.jpg\" alt=\"\" width=\"645\" height=\"369\" src=\"data:image\/svg+xml;base64,PHN2ZyB3aWR0aD0iMSIgaGVpZ2h0PSIxIiB4bWxucz0iaHR0cDovL3d3dy53My5vcmcvMjAwMC9zdmciPjwvc3ZnPg==\" style=\"--smush-placeholder-width: 645px; --smush-placeholder-aspect-ratio: 645\/369;\" \/><\/a><\/strong><\/p>\n<p style=\"margin-top: 5px; margin-right: 0px; margin-bottom: 15px; margin-left: 0px; text-align: justify; padding: 0px;\"><strong>P\u00e9riode de fabrication : <\/strong>1946 &#8211; 1958<\/p>\n<p style=\"margin-top: 5px; margin-right: 0px; margin-bottom: 15px; margin-left: 0px; text-align: justify; padding: 0px;\"><strong>Historique : <\/strong>C&rsquo;est la fourche t\u00e9lescopique qui diff\u00e9rentie ce mod\u00e8le de la Speed Twin d&rsquo;avant-guerre, sinon, on a toujours le fameux bicylindre sur lequel la marque s&rsquo;appuiera pendant de nombreuses ann\u00e9es.<\/p>\n<p style=\"margin-top: 5px; margin-right: 0px; margin-bottom: 15px; margin-left: 0px; text-align: justify; padding: 0px;\">Le moteur passe tout de m\u00eame \u00e0 28 chevaux, avec un allumage par\u00a0magn\u00e9to\u00a0et un g\u00e9n\u00e9rateur s\u00e9par\u00e9 \u00e0 la place du d\u00e9marreur &#8211; g\u00e9n\u00e9rateur mont\u00e9 sur le\u00a0vilebrequin.<\/p>\n<p style=\"margin-top: 5px; margin-right: 0px; margin-bottom: 15px; margin-left: 0px; text-align: justify; padding: 0px;\"><strong>Photos :<\/strong><\/p>\n<div id='gallery-1' class='gallery galleryid-2819 gallery-columns-4 gallery-size-thumbnail'><figure class='gallery-item'>\n\t\t\t<div class='gallery-icon landscape'>\n\t\t\t\t<a href='http:\/\/triumphadonf.com\/v3\/triumph-speed-twin-500-5t\/attachment\/1024px-triumph_5t_speed_twin\/'><img decoding=\"async\" width=\"120\" height=\"90\" data-src=\"http:\/\/triumphadonf.com\/v3\/wp-content\/uploads\/2009\/10\/1024px-Triumph_5T_Speed_Twin-120x90.jpg\" class=\"attachment-thumbnail size-thumbnail lazyload\" alt=\"\" data-srcset=\"http:\/\/triumphadonf.com\/v3\/wp-content\/uploads\/2009\/10\/1024px-Triumph_5T_Speed_Twin-120x90.jpg 120w, http:\/\/triumphadonf.com\/v3\/wp-content\/uploads\/2009\/10\/1024px-Triumph_5T_Speed_Twin.jpg 1024w\" data-sizes=\"(max-width: 120px) 100vw, 120px\" src=\"data:image\/svg+xml;base64,PHN2ZyB3aWR0aD0iMSIgaGVpZ2h0PSIxIiB4bWxucz0iaHR0cDovL3d3dy53My5vcmcvMjAwMC9zdmciPjwvc3ZnPg==\" style=\"--smush-placeholder-width: 120px; --smush-placeholder-aspect-ratio: 120\/90;\" \/><\/a>\n\t\t\t<\/div><\/figure><figure class='gallery-item'>\n\t\t\t<div class='gallery-icon landscape'>\n\t\t\t\t<a href='http:\/\/triumphadonf.com\/v3\/triumph-speed-twin-500-5t\/attachment\/1948_speed_twin\/'><img decoding=\"async\" width=\"120\" height=\"60\" data-src=\"http:\/\/triumphadonf.com\/v3\/wp-content\/uploads\/2009\/10\/1948_speed_twin-120x60.jpg\" class=\"attachment-thumbnail size-thumbnail lazyload\" alt=\"\" data-srcset=\"http:\/\/triumphadonf.com\/v3\/wp-content\/uploads\/2009\/10\/1948_speed_twin-120x60.jpg 120w, http:\/\/triumphadonf.com\/v3\/wp-content\/uploads\/2009\/10\/1948_speed_twin-326x159.jpg 326w, http:\/\/triumphadonf.com\/v3\/wp-content\/uploads\/2009\/10\/1948_speed_twin.jpg 491w\" data-sizes=\"(max-width: 120px) 100vw, 120px\" src=\"data:image\/svg+xml;base64,PHN2ZyB3aWR0aD0iMSIgaGVpZ2h0PSIxIiB4bWxucz0iaHR0cDovL3d3dy53My5vcmcvMjAwMC9zdmciPjwvc3ZnPg==\" style=\"--smush-placeholder-width: 120px; --smush-placeholder-aspect-ratio: 120\/60;\" \/><\/a>\n\t\t\t<\/div><\/figure><figure class='gallery-item'>\n\t\t\t<div class='gallery-icon landscape'>\n\t\t\t\t<a href='http:\/\/triumphadonf.com\/v3\/triumph-speed-twin-500-5t\/attachment\/1949-triumph-speed-twin-5t\/'><img decoding=\"async\" width=\"120\" height=\"90\" data-src=\"http:\/\/triumphadonf.com\/v3\/wp-content\/uploads\/2009\/10\/1949-Triumph-Speed-Twin-5T-120x90.jpg\" class=\"attachment-thumbnail size-thumbnail lazyload\" alt=\"\" data-srcset=\"http:\/\/triumphadonf.com\/v3\/wp-content\/uploads\/2009\/10\/1949-Triumph-Speed-Twin-5T-120x90.jpg 120w, http:\/\/triumphadonf.com\/v3\/wp-content\/uploads\/2009\/10\/1949-Triumph-Speed-Twin-5T.jpg 720w\" data-sizes=\"(max-width: 120px) 100vw, 120px\" src=\"data:image\/svg+xml;base64,PHN2ZyB3aWR0aD0iMSIgaGVpZ2h0PSIxIiB4bWxucz0iaHR0cDovL3d3dy53My5vcmcvMjAwMC9zdmciPjwvc3ZnPg==\" style=\"--smush-placeholder-width: 120px; --smush-placeholder-aspect-ratio: 120\/90;\" \/><\/a>\n\t\t\t<\/div><\/figure><figure class='gallery-item'>\n\t\t\t<div class='gallery-icon landscape'>\n\t\t\t\t<a href='http:\/\/triumphadonf.com\/v3\/triumph-speed-twin-500-5t\/attachment\/speed-twin\/'><img decoding=\"async\" width=\"120\" height=\"96\" data-src=\"http:\/\/triumphadonf.com\/v3\/wp-content\/uploads\/2009\/10\/speed-twin-120x96.jpg\" class=\"attachment-thumbnail size-thumbnail lazyload\" alt=\"\" data-srcset=\"http:\/\/triumphadonf.com\/v3\/wp-content\/uploads\/2009\/10\/speed-twin-120x96.jpg 120w, http:\/\/triumphadonf.com\/v3\/wp-content\/uploads\/2009\/10\/speed-twin.jpg 1080w\" data-sizes=\"(max-width: 120px) 100vw, 120px\" src=\"data:image\/svg+xml;base64,PHN2ZyB3aWR0aD0iMSIgaGVpZ2h0PSIxIiB4bWxucz0iaHR0cDovL3d3dy53My5vcmcvMjAwMC9zdmciPjwvc3ZnPg==\" style=\"--smush-placeholder-width: 120px; --smush-placeholder-aspect-ratio: 120\/96;\" \/><\/a>\n\t\t\t<\/div><\/figure><figure class='gallery-item'>\n\t\t\t<div class='gallery-icon landscape'>\n\t\t\t\t<a href='http:\/\/triumphadonf.com\/v3\/triumph-speed-twin-500-5t\/attachment\/triumph-1950-5t-speed-twin\/'><img decoding=\"async\" width=\"120\" height=\"79\" data-src=\"http:\/\/triumphadonf.com\/v3\/wp-content\/uploads\/2009\/10\/Triumph-1950-5T-Speed-twin-120x79.jpg\" class=\"attachment-thumbnail size-thumbnail lazyload\" alt=\"\" data-srcset=\"http:\/\/triumphadonf.com\/v3\/wp-content\/uploads\/2009\/10\/Triumph-1950-5T-Speed-twin-120x79.jpg 120w, http:\/\/triumphadonf.com\/v3\/wp-content\/uploads\/2009\/10\/Triumph-1950-5T-Speed-twin-100x65.jpg 100w, http:\/\/triumphadonf.com\/v3\/wp-content\/uploads\/2009\/10\/Triumph-1950-5T-Speed-twin-745x483.jpg 745w, http:\/\/triumphadonf.com\/v3\/wp-content\/uploads\/2009\/10\/Triumph-1950-5T-Speed-twin.jpg 1024w\" data-sizes=\"(max-width: 120px) 100vw, 120px\" src=\"data:image\/svg+xml;base64,PHN2ZyB3aWR0aD0iMSIgaGVpZ2h0PSIxIiB4bWxucz0iaHR0cDovL3d3dy53My5vcmcvMjAwMC9zdmciPjwvc3ZnPg==\" style=\"--smush-placeholder-width: 120px; --smush-placeholder-aspect-ratio: 120\/79;\" \/><\/a>\n\t\t\t<\/div><\/figure><figure class='gallery-item'>\n\t\t\t<div class='gallery-icon landscape'>\n\t\t\t\t<a href='http:\/\/triumphadonf.com\/v3\/triumph-speed-twin-500-5t\/attachment\/triumph-speed-twin-5t\/'><img decoding=\"async\" width=\"120\" height=\"90\" data-src=\"http:\/\/triumphadonf.com\/v3\/wp-content\/uploads\/2009\/10\/Triumph-Speed-Twin-5T-120x90.jpg\" class=\"attachment-thumbnail size-thumbnail lazyload\" alt=\"\" data-srcset=\"http:\/\/triumphadonf.com\/v3\/wp-content\/uploads\/2009\/10\/Triumph-Speed-Twin-5T-120x90.jpg 120w, http:\/\/triumphadonf.com\/v3\/wp-content\/uploads\/2009\/10\/Triumph-Speed-Twin-5T.jpg 1024w\" data-sizes=\"(max-width: 120px) 100vw, 120px\" src=\"data:image\/svg+xml;base64,PHN2ZyB3aWR0aD0iMSIgaGVpZ2h0PSIxIiB4bWxucz0iaHR0cDovL3d3dy53My5vcmcvMjAwMC9zdmciPjwvc3ZnPg==\" style=\"--smush-placeholder-width: 120px; --smush-placeholder-aspect-ratio: 120\/90;\" \/><\/a>\n\t\t\t<\/div><\/figure><figure class='gallery-item'>\n\t\t\t<div class='gallery-icon landscape'>\n\t\t\t\t<a href='http:\/\/triumphadonf.com\/v3\/triumph-speed-twin-500-5t\/attachment\/triumph-speed-twin-5t_2\/'><img decoding=\"async\" width=\"120\" height=\"90\" data-src=\"http:\/\/triumphadonf.com\/v3\/wp-content\/uploads\/2009\/10\/Triumph-Speed-Twin-5T_2-120x90.jpg\" class=\"attachment-thumbnail size-thumbnail lazyload\" alt=\"\" data-srcset=\"http:\/\/triumphadonf.com\/v3\/wp-content\/uploads\/2009\/10\/Triumph-Speed-Twin-5T_2-120x90.jpg 120w, http:\/\/triumphadonf.com\/v3\/wp-content\/uploads\/2009\/10\/Triumph-Speed-Twin-5T_2.jpg 1024w\" data-sizes=\"(max-width: 120px) 100vw, 120px\" src=\"data:image\/svg+xml;base64,PHN2ZyB3aWR0aD0iMSIgaGVpZ2h0PSIxIiB4bWxucz0iaHR0cDovL3d3dy53My5vcmcvMjAwMC9zdmciPjwvc3ZnPg==\" style=\"--smush-placeholder-width: 120px; --smush-placeholder-aspect-ratio: 120\/90;\" \/><\/a>\n\t\t\t<\/div><\/figure><figure class='gallery-item'>\n\t\t\t<div class='gallery-icon landscape'>\n\t\t\t\t<a href='http:\/\/triumphadonf.com\/v3\/triumph-speed-twin-500-5t\/attachment\/triumph-speed-twin-5t_3\/'><img decoding=\"async\" width=\"120\" height=\"90\" data-src=\"http:\/\/triumphadonf.com\/v3\/wp-content\/uploads\/2009\/10\/Triumph-Speed-Twin-5T_3-120x90.jpg\" class=\"attachment-thumbnail size-thumbnail lazyload\" alt=\"\" data-srcset=\"http:\/\/triumphadonf.com\/v3\/wp-content\/uploads\/2009\/10\/Triumph-Speed-Twin-5T_3-120x90.jpg 120w, http:\/\/triumphadonf.com\/v3\/wp-content\/uploads\/2009\/10\/Triumph-Speed-Twin-5T_3.jpg 1024w\" data-sizes=\"(max-width: 120px) 100vw, 120px\" src=\"data:image\/svg+xml;base64,PHN2ZyB3aWR0aD0iMSIgaGVpZ2h0PSIxIiB4bWxucz0iaHR0cDovL3d3dy53My5vcmcvMjAwMC9zdmciPjwvc3ZnPg==\" style=\"--smush-placeholder-width: 120px; --smush-placeholder-aspect-ratio: 120\/90;\" \/><\/a>\n\t\t\t<\/div><\/figure><figure class='gallery-item'>\n\t\t\t<div class='gallery-icon landscape'>\n\t\t\t\t<a href='http:\/\/triumphadonf.com\/v3\/triumph-speed-twin-500-5t\/attachment\/triumph-speed-twin-5t_4\/'><img decoding=\"async\" width=\"120\" height=\"75\" data-src=\"http:\/\/triumphadonf.com\/v3\/wp-content\/uploads\/2009\/10\/Triumph-Speed-Twin-5T_4-120x75.jpg\" class=\"attachment-thumbnail size-thumbnail lazyload\" alt=\"\" data-srcset=\"http:\/\/triumphadonf.com\/v3\/wp-content\/uploads\/2009\/10\/Triumph-Speed-Twin-5T_4-120x75.jpg 120w, http:\/\/triumphadonf.com\/v3\/wp-content\/uploads\/2009\/10\/Triumph-Speed-Twin-5T_4.jpg 450w\" data-sizes=\"(max-width: 120px) 100vw, 120px\" src=\"data:image\/svg+xml;base64,PHN2ZyB3aWR0aD0iMSIgaGVpZ2h0PSIxIiB4bWxucz0iaHR0cDovL3d3dy53My5vcmcvMjAwMC9zdmciPjwvc3ZnPg==\" style=\"--smush-placeholder-width: 120px; --smush-placeholder-aspect-ratio: 120\/75;\" \/><\/a>\n\t\t\t<\/div><\/figure><figure class='gallery-item'>\n\t\t\t<div class='gallery-icon landscape'>\n\t\t\t\t<a href='http:\/\/triumphadonf.com\/v3\/triumph-speed-twin-500-5t\/attachment\/triumph-speed-twin-5t_5\/'><img decoding=\"async\" width=\"120\" height=\"90\" data-src=\"http:\/\/triumphadonf.com\/v3\/wp-content\/uploads\/2009\/10\/Triumph-Speed-Twin-5T_5-120x90.jpg\" class=\"attachment-thumbnail size-thumbnail lazyload\" alt=\"\" data-srcset=\"http:\/\/triumphadonf.com\/v3\/wp-content\/uploads\/2009\/10\/Triumph-Speed-Twin-5T_5-120x90.jpg 120w, http:\/\/triumphadonf.com\/v3\/wp-content\/uploads\/2009\/10\/Triumph-Speed-Twin-5T_5.jpg 450w\" data-sizes=\"(max-width: 120px) 100vw, 120px\" src=\"data:image\/svg+xml;base64,PHN2ZyB3aWR0aD0iMSIgaGVpZ2h0PSIxIiB4bWxucz0iaHR0cDovL3d3dy53My5vcmcvMjAwMC9zdmciPjwvc3ZnPg==\" style=\"--smush-placeholder-width: 120px; --smush-placeholder-aspect-ratio: 120\/90;\" \/><\/a>\n\t\t\t<\/div><\/figure><figure class='gallery-item'>\n\t\t\t<div class='gallery-icon landscape'>\n\t\t\t\t<a href='http:\/\/triumphadonf.com\/v3\/triumph-speed-twin-500-5t\/attachment\/triumph-speed-twin-5t_6\/'><img decoding=\"async\" width=\"120\" height=\"90\" data-src=\"http:\/\/triumphadonf.com\/v3\/wp-content\/uploads\/2009\/10\/Triumph-Speed-Twin-5T_6-120x90.jpg\" class=\"attachment-thumbnail size-thumbnail lazyload\" alt=\"\" data-srcset=\"http:\/\/triumphadonf.com\/v3\/wp-content\/uploads\/2009\/10\/Triumph-Speed-Twin-5T_6-120x90.jpg 120w, http:\/\/triumphadonf.com\/v3\/wp-content\/uploads\/2009\/10\/Triumph-Speed-Twin-5T_6.jpg 800w\" data-sizes=\"(max-width: 120px) 100vw, 120px\" src=\"data:image\/svg+xml;base64,PHN2ZyB3aWR0aD0iMSIgaGVpZ2h0PSIxIiB4bWxucz0iaHR0cDovL3d3dy53My5vcmcvMjAwMC9zdmciPjwvc3ZnPg==\" style=\"--smush-placeholder-width: 120px; --smush-placeholder-aspect-ratio: 120\/90;\" \/><\/a>\n\t\t\t<\/div><\/figure><figure class='gallery-item'>\n\t\t\t<div class='gallery-icon landscape'>\n\t\t\t\t<a href='http:\/\/triumphadonf.com\/v3\/triumph-speed-twin-500-5t\/attachment\/triumph_speed_twin\/'><img decoding=\"async\" width=\"120\" height=\"68\" data-src=\"http:\/\/triumphadonf.com\/v3\/wp-content\/uploads\/2009\/10\/triumph_speed_twin-120x68.jpg\" class=\"attachment-thumbnail size-thumbnail lazyload\" alt=\"\" data-srcset=\"http:\/\/triumphadonf.com\/v3\/wp-content\/uploads\/2009\/10\/triumph_speed_twin-120x68.jpg 120w, http:\/\/triumphadonf.com\/v3\/wp-content\/uploads\/2009\/10\/triumph_speed_twin.jpg 1024w\" data-sizes=\"(max-width: 120px) 100vw, 120px\" src=\"data:image\/svg+xml;base64,PHN2ZyB3aWR0aD0iMSIgaGVpZ2h0PSIxIiB4bWxucz0iaHR0cDovL3d3dy53My5vcmcvMjAwMC9zdmciPjwvc3ZnPg==\" style=\"--smush-placeholder-width: 120px; --smush-placeholder-aspect-ratio: 120\/68;\" \/><\/a>\n\t\t\t<\/div><\/figure><figure class='gallery-item'>\n\t\t\t<div class='gallery-icon landscape'>\n\t\t\t\t<a href='http:\/\/triumphadonf.com\/v3\/triumph-speed-twin-500-5t\/attachment\/triumph-5t-speed-twin-4-1-8355\/'><img decoding=\"async\" width=\"120\" height=\"90\" data-src=\"http:\/\/triumphadonf.com\/v3\/wp-content\/uploads\/2009\/10\/triumph-5t-speed-twin-4-1-8355-120x90.jpg\" class=\"attachment-thumbnail size-thumbnail lazyload\" alt=\"\" data-srcset=\"http:\/\/triumphadonf.com\/v3\/wp-content\/uploads\/2009\/10\/triumph-5t-speed-twin-4-1-8355-120x90.jpg 120w, http:\/\/triumphadonf.com\/v3\/wp-content\/uploads\/2009\/10\/triumph-5t-speed-twin-4-1-8355.jpg 1024w\" data-sizes=\"(max-width: 120px) 100vw, 120px\" src=\"data:image\/svg+xml;base64,PHN2ZyB3aWR0aD0iMSIgaGVpZ2h0PSIxIiB4bWxucz0iaHR0cDovL3d3dy53My5vcmcvMjAwMC9zdmciPjwvc3ZnPg==\" style=\"--smush-placeholder-width: 120px; --smush-placeholder-aspect-ratio: 120\/90;\" \/><\/a>\n\t\t\t<\/div><\/figure>\n\t\t<\/div>\n\n<p style=\"margin-top: 5px; margin-right: 0px; margin-bottom: 15px; margin-left: 0px; text-align: justify; padding: 0px;\"><strong>Caract\u00e9ristiques Techniques : <\/strong><\/p>\n<p style=\"margin-top: 5px; margin-right: 0px; margin-bottom: 15px; margin-left: 0px; text-align: justify; padding: 0px;\"><em>&#8211; Moteur : <\/em>bicylindre, 4 temps, refroidi par air<br \/>\n<em>&#8211; Cylindr\u00e9e : <\/em>498 cm<sup>3<\/sup><br \/>\n<em>&#8211; Al\u00e9sage x Course : <\/em>63 x 80 mm<br \/>\n<em>&#8211; Puissance : <\/em>28 ch. \u00e0 6000 tr\/min<br \/>\n<em>&#8211; Poids : <\/em>165 kg \u00e0 sec, puis 172 en 1955<br \/>\n<em>&#8211; Vitesse : <\/em>142 km\/h<\/p>\n<p style=\"margin-top: 5px; margin-right: 0px; margin-bottom: 15px; margin-left: 0px; text-align: justify; padding: 0px;\"><strong>Autre : <\/strong>bo\u00eete 4 rapports, transmission secondaire par cha\u00eene, d\u00e9marrage kick, freins avant et arri\u00e8re \u00e0 tambour.<\/p>\n<p><object width=\"425\" height=\"344\" classid=\"clsid:d27cdb6e-ae6d-11cf-96b8-444553540000\" codebase=\"http:\/\/download.macromedia.com\/pub\/shockwave\/cabs\/flash\/swflash.cab#version=6,0,40,0\"><param name=\"allowFullScreen\" value=\"true\" \/><param name=\"allowscriptaccess\" value=\"always\" \/><param name=\"src\" value=\"http:\/\/www.youtube.com\/v\/PnKdxVUfj-g&amp;hl=fr&amp;fs=1&amp;color1=0x3a3a3a&amp;color2=0x999999\" \/><param name=\"allowfullscreen\" value=\"true\" \/><\/object><\/p>\n<p style=\"margin-top: 5px; margin-right: 0px; margin-bottom: 15px; margin-left: 0px; text-align: justify; padding: 0px;\"><strong><em>Si vous souhaitez ajouter des images ou des informations sur cette page, n\u2019h\u00e9sitez pas \u00e0 me mailer (<\/em><\/strong><a style=\"outline-style: none; outline-width: initial; outline-color: initial; color: #3173a3; padding: 0px; margin: 0px;\" href=\"mailto:webmaster@triumphadonf.com\" target=\"_blank\"><strong><em>webmaster@triumphadonf.com<\/em><\/strong><\/a><strong><em>) ou \u00e0 laisser un commentaire ci-dessous.<\/em><\/strong><\/p>\n<div><\/div>\n","protected":false},"excerpt":{"rendered":"<p>P\u00e9riode de fabrication : 1946 &#8211; 1958 Historique : C&rsquo;est la fourche t\u00e9lescopique qui diff\u00e9rentie ce mod\u00e8le de la Speed Twin d&rsquo;avant-guerre, sinon, on a toujours le fameux bicylindre sur lequel la marque s&rsquo;appuiera pendant de nombreuses ann\u00e9es. Le moteur passe tout de m\u00eame \u00e0 28 chevaux, avec un allumage par\u00a0magn\u00e9to\u00a0et un g\u00e9n\u00e9rateur s\u00e9par\u00e9 \u00e0 [&hellip;]<\/p>\n","protected":false},"author":2,"featured_media":11342,"parent":0,"menu_order":0,"comment_status":"open","ping_status":"open","template":"","meta":{"_monsterinsights_skip_tracking":false,"_monsterinsights_sitenote_active":false,"_monsterinsights_sitenote_note":"","_monsterinsights_sitenote_category":0,"footnotes":""},"class_list":["post-2819","page","type-page","status-publish","has-post-thumbnail"],"jetpack_sharing_enabled":true,"_links":{"self":[{"href":"http:\/\/triumphadonf.com\/v3\/wp-json\/wp\/v2\/pages\/2819","targetHints":{"allow":["GET"]}}],"collection":[{"href":"http:\/\/triumphadonf.com\/v3\/wp-json\/wp\/v2\/pages"}],"about":[{"href":"http:\/\/triumphadonf.com\/v3\/wp-json\/wp\/v2\/types\/page"}],"author":[{"embeddable":true,"href":"http:\/\/triumphadonf.com\/v3\/wp-json\/wp\/v2\/users\/2"}],"replies":[{"embeddable":true,"href":"http:\/\/triumphadonf.com\/v3\/wp-json\/wp\/v2\/comments?post=2819"}],"version-history":[{"count":0,"href":"http:\/\/triumphadonf.com\/v3\/wp-json\/wp\/v2\/pages\/2819\/revisions"}],"wp:featuredmedia":[{"embeddable":true,"href":"http:\/\/triumphadonf.com\/v3\/wp-json\/wp\/v2\/media\/11342"}],"wp:attachment":[{"href":"http:\/\/triumphadonf.com\/v3\/wp-json\/wp\/v2\/media?parent=2819"}],"curies":[{"name":"wp","href":"https:\/\/api.w.org\/{rel}","templated":true}]}}