{"id":2812,"date":"2009-10-03T21:38:42","date_gmt":"2009-10-03T20:38:42","guid":{"rendered":"http:\/\/www.triumphadonf.com\/v3\/?page_id=2812"},"modified":"2020-05-04T13:46:17","modified_gmt":"2020-05-04T11:46:17","slug":"triumph-3t-de-luxe","status":"publish","type":"page","link":"http:\/\/triumphadonf.com\/v3\/triumph-3t-de-luxe\/","title":{"rendered":"Triumph 3T De Luxe"},"content":{"rendered":"<p style=\"text-align: justify; padding: 0px; margin: 5px 0px 15px 0px;\"><a href=\"http:\/\/www.triumphadonf.com\/v3\/wp-content\/uploads\/2009\/10\/Triumph_1948_3T_Deluxe.jpg\"><img decoding=\"async\" class=\"aligncenter size-medium wp-image-10519 lazyload\" title=\"Triumph_1948_3T_Deluxe\" data-src=\"http:\/\/www.triumphadonf.com\/v3\/wp-content\/uploads\/2009\/10\/Triumph_1948_3T_Deluxe-645x646.jpg\" alt=\"\" width=\"645\" height=\"646\" src=\"data:image\/svg+xml;base64,PHN2ZyB3aWR0aD0iMSIgaGVpZ2h0PSIxIiB4bWxucz0iaHR0cDovL3d3dy53My5vcmcvMjAwMC9zdmciPjwvc3ZnPg==\" style=\"--smush-placeholder-width: 645px; --smush-placeholder-aspect-ratio: 645\/646;\" \/><\/a><\/p>\n<p style=\"text-align: justify; padding: 0px; margin: 5px 0px 15px 0px;\"><strong>P\u00e9riode de fabrication : <\/strong>1946 &#8211; 1951<\/p>\n<p style=\"text-align: justify; padding: 0px; margin: 5px 0px 15px 0px;\"><strong>Historique : <\/strong>Cette Triumph 3T est pr\u00eate avant la Seconde Guerre Mondiale, mais son lancement sera retard\u00e9 car il faut produire des motos pour l&rsquo;arm\u00e9e. Elle constituera, avec la Speed Twin 5T, la Tiger 100 et la 3H la gamme Triumph au d\u00e9but de l&rsquo;apr\u00e8s-guerre, en 1945. Sa nervosit\u00e9, sa l\u00e9g\u00e8ret\u00e9 et son prix raisonnable lui assure rapidement une bonne popularit\u00e9.<\/p>\n<p style=\"text-align: justify; padding: 0px; margin: 5px 0px 15px 0px;\"><strong>Photos :<\/strong><\/p>\n<div id='gallery-1' class='gallery galleryid-2812 gallery-columns-4 gallery-size-thumbnail'><figure class='gallery-item'>\n\t\t\t<div class='gallery-icon landscape'>\n\t\t\t\t<a href='http:\/\/triumphadonf.com\/v3\/triumph-3t-de-luxe\/attachment\/1946-triumph-3t-de-luxe\/'><img decoding=\"async\" width=\"120\" height=\"70\" data-src=\"http:\/\/triumphadonf.com\/v3\/wp-content\/uploads\/2009\/10\/1946-triumph-3T-De-Luxe-120x70.jpg\" class=\"attachment-thumbnail size-thumbnail lazyload\" alt=\"\" data-srcset=\"http:\/\/triumphadonf.com\/v3\/wp-content\/uploads\/2009\/10\/1946-triumph-3T-De-Luxe-120x70.jpg 120w, http:\/\/triumphadonf.com\/v3\/wp-content\/uploads\/2009\/10\/1946-triumph-3T-De-Luxe.jpg 540w\" data-sizes=\"(max-width: 120px) 100vw, 120px\" src=\"data:image\/svg+xml;base64,PHN2ZyB3aWR0aD0iMSIgaGVpZ2h0PSIxIiB4bWxucz0iaHR0cDovL3d3dy53My5vcmcvMjAwMC9zdmciPjwvc3ZnPg==\" style=\"--smush-placeholder-width: 120px; --smush-placeholder-aspect-ratio: 120\/70;\" \/><\/a>\n\t\t\t<\/div><\/figure><figure class='gallery-item'>\n\t\t\t<div class='gallery-icon landscape'>\n\t\t\t\t<a href='http:\/\/triumphadonf.com\/v3\/triumph-3t-de-luxe\/attachment\/3tdeluxe_01\/'><img decoding=\"async\" width=\"120\" height=\"78\" data-src=\"http:\/\/triumphadonf.com\/v3\/wp-content\/uploads\/2009\/10\/3tdeluxe_01-120x78.jpg\" class=\"attachment-thumbnail size-thumbnail lazyload\" alt=\"\" data-srcset=\"http:\/\/triumphadonf.com\/v3\/wp-content\/uploads\/2009\/10\/3tdeluxe_01-120x78.jpg 120w, http:\/\/triumphadonf.com\/v3\/wp-content\/uploads\/2009\/10\/3tdeluxe_01-100x65.jpg 100w, http:\/\/triumphadonf.com\/v3\/wp-content\/uploads\/2009\/10\/3tdeluxe_01.jpg 591w\" data-sizes=\"(max-width: 120px) 100vw, 120px\" src=\"data:image\/svg+xml;base64,PHN2ZyB3aWR0aD0iMSIgaGVpZ2h0PSIxIiB4bWxucz0iaHR0cDovL3d3dy53My5vcmcvMjAwMC9zdmciPjwvc3ZnPg==\" style=\"--smush-placeholder-width: 120px; --smush-placeholder-aspect-ratio: 120\/78;\" \/><\/a>\n\t\t\t<\/div><\/figure><figure class='gallery-item'>\n\t\t\t<div class='gallery-icon landscape'>\n\t\t\t\t<a href='http:\/\/triumphadonf.com\/v3\/triumph-3t-de-luxe\/attachment\/motobi_1\/'><img decoding=\"async\" width=\"120\" height=\"90\" data-src=\"http:\/\/triumphadonf.com\/v3\/wp-content\/uploads\/2009\/10\/motobi_1-120x90.jpg\" class=\"attachment-thumbnail size-thumbnail lazyload\" alt=\"\" data-srcset=\"http:\/\/triumphadonf.com\/v3\/wp-content\/uploads\/2009\/10\/motobi_1-120x90.jpg 120w, http:\/\/triumphadonf.com\/v3\/wp-content\/uploads\/2009\/10\/motobi_1.jpg 740w\" data-sizes=\"(max-width: 120px) 100vw, 120px\" src=\"data:image\/svg+xml;base64,PHN2ZyB3aWR0aD0iMSIgaGVpZ2h0PSIxIiB4bWxucz0iaHR0cDovL3d3dy53My5vcmcvMjAwMC9zdmciPjwvc3ZnPg==\" style=\"--smush-placeholder-width: 120px; --smush-placeholder-aspect-ratio: 120\/90;\" \/><\/a>\n\t\t\t<\/div><\/figure><figure class='gallery-item'>\n\t\t\t<div class='gallery-icon portrait'>\n\t\t\t\t<a href='http:\/\/triumphadonf.com\/v3\/triumph-3t-de-luxe\/attachment\/triumph_1948_3t_deluxe\/'><img decoding=\"async\" width=\"120\" height=\"120\" data-src=\"http:\/\/triumphadonf.com\/v3\/wp-content\/uploads\/2009\/10\/Triumph_1948_3T_Deluxe-120x120.jpg\" class=\"attachment-thumbnail size-thumbnail lazyload\" alt=\"\" data-srcset=\"http:\/\/triumphadonf.com\/v3\/wp-content\/uploads\/2009\/10\/Triumph_1948_3T_Deluxe-120x120.jpg 120w, http:\/\/triumphadonf.com\/v3\/wp-content\/uploads\/2009\/10\/Triumph_1948_3T_Deluxe-210x210.jpg 210w, http:\/\/triumphadonf.com\/v3\/wp-content\/uploads\/2009\/10\/Triumph_1948_3T_Deluxe.jpg 800w\" data-sizes=\"(max-width: 120px) 100vw, 120px\" src=\"data:image\/svg+xml;base64,PHN2ZyB3aWR0aD0iMSIgaGVpZ2h0PSIxIiB4bWxucz0iaHR0cDovL3d3dy53My5vcmcvMjAwMC9zdmciPjwvc3ZnPg==\" style=\"--smush-placeholder-width: 120px; --smush-placeholder-aspect-ratio: 120\/120;\" \/><\/a>\n\t\t\t<\/div><\/figure><figure class='gallery-item'>\n\t\t\t<div class='gallery-icon portrait'>\n\t\t\t\t<a href='http:\/\/triumphadonf.com\/v3\/triumph-3t-de-luxe\/attachment\/triumph_1948_3t_deluxe_advert_2\/'><img decoding=\"async\" width=\"91\" height=\"120\" data-src=\"http:\/\/triumphadonf.com\/v3\/wp-content\/uploads\/2009\/10\/Triumph_1948_3T_Deluxe_advert_2-91x120.jpg\" class=\"attachment-thumbnail size-thumbnail lazyload\" alt=\"\" data-srcset=\"http:\/\/triumphadonf.com\/v3\/wp-content\/uploads\/2009\/10\/Triumph_1948_3T_Deluxe_advert_2-91x120.jpg 91w, http:\/\/triumphadonf.com\/v3\/wp-content\/uploads\/2009\/10\/Triumph_1948_3T_Deluxe_advert_2.jpg 640w\" data-sizes=\"(max-width: 91px) 100vw, 91px\" src=\"data:image\/svg+xml;base64,PHN2ZyB3aWR0aD0iMSIgaGVpZ2h0PSIxIiB4bWxucz0iaHR0cDovL3d3dy53My5vcmcvMjAwMC9zdmciPjwvc3ZnPg==\" style=\"--smush-placeholder-width: 91px; --smush-placeholder-aspect-ratio: 91\/120;\" \/><\/a>\n\t\t\t<\/div><\/figure><figure class='gallery-item'>\n\t\t\t<div class='gallery-icon portrait'>\n\t\t\t\t<a href='http:\/\/triumphadonf.com\/v3\/triumph-3t-de-luxe\/attachment\/triumph_1948_spring_wheel\/'><img decoding=\"async\" width=\"82\" height=\"120\" data-src=\"http:\/\/triumphadonf.com\/v3\/wp-content\/uploads\/2009\/10\/Triumph_1948_Spring_Wheel-82x120.jpg\" class=\"attachment-thumbnail size-thumbnail lazyload\" alt=\"\" data-srcset=\"http:\/\/triumphadonf.com\/v3\/wp-content\/uploads\/2009\/10\/Triumph_1948_Spring_Wheel-82x120.jpg 82w, http:\/\/triumphadonf.com\/v3\/wp-content\/uploads\/2009\/10\/Triumph_1948_Spring_Wheel.jpg 560w\" data-sizes=\"(max-width: 82px) 100vw, 82px\" src=\"data:image\/svg+xml;base64,PHN2ZyB3aWR0aD0iMSIgaGVpZ2h0PSIxIiB4bWxucz0iaHR0cDovL3d3dy53My5vcmcvMjAwMC9zdmciPjwvc3ZnPg==\" style=\"--smush-placeholder-width: 82px; --smush-placeholder-aspect-ratio: 82\/120;\" \/><\/a>\n\t\t\t<\/div><\/figure><figure class='gallery-item'>\n\t\t\t<div class='gallery-icon landscape'>\n\t\t\t\t<a href='http:\/\/triumphadonf.com\/v3\/triumph-3t-de-luxe\/attachment\/triumph_1948-09\/'><img decoding=\"async\" width=\"120\" height=\"89\" data-src=\"http:\/\/triumphadonf.com\/v3\/wp-content\/uploads\/2009\/10\/Triumph_1948-09-120x89.jpg\" class=\"attachment-thumbnail size-thumbnail lazyload\" alt=\"\" data-srcset=\"http:\/\/triumphadonf.com\/v3\/wp-content\/uploads\/2009\/10\/Triumph_1948-09-120x89.jpg 120w, http:\/\/triumphadonf.com\/v3\/wp-content\/uploads\/2009\/10\/Triumph_1948-09.jpg 780w\" data-sizes=\"(max-width: 120px) 100vw, 120px\" src=\"data:image\/svg+xml;base64,PHN2ZyB3aWR0aD0iMSIgaGVpZ2h0PSIxIiB4bWxucz0iaHR0cDovL3d3dy53My5vcmcvMjAwMC9zdmciPjwvc3ZnPg==\" style=\"--smush-placeholder-width: 120px; --smush-placeholder-aspect-ratio: 120\/89;\" \/><\/a>\n\t\t\t<\/div><\/figure><figure class='gallery-item'>\n\t\t\t<div class='gallery-icon portrait'>\n\t\t\t\t<a href='http:\/\/triumphadonf.com\/v3\/triumph-3t-de-luxe\/attachment\/triumph_1949_shell_advert\/'><img decoding=\"async\" width=\"83\" height=\"120\" data-src=\"http:\/\/triumphadonf.com\/v3\/wp-content\/uploads\/2009\/10\/Triumph_1949_Shell_advert-83x120.jpg\" class=\"attachment-thumbnail size-thumbnail lazyload\" alt=\"\" data-srcset=\"http:\/\/triumphadonf.com\/v3\/wp-content\/uploads\/2009\/10\/Triumph_1949_Shell_advert-83x120.jpg 83w, http:\/\/triumphadonf.com\/v3\/wp-content\/uploads\/2009\/10\/Triumph_1949_Shell_advert.jpg 600w\" data-sizes=\"(max-width: 83px) 100vw, 83px\" src=\"data:image\/svg+xml;base64,PHN2ZyB3aWR0aD0iMSIgaGVpZ2h0PSIxIiB4bWxucz0iaHR0cDovL3d3dy53My5vcmcvMjAwMC9zdmciPjwvc3ZnPg==\" style=\"--smush-placeholder-width: 83px; --smush-placeholder-aspect-ratio: 83\/120;\" \/><\/a>\n\t\t\t<\/div><\/figure><figure class='gallery-item'>\n\t\t\t<div class='gallery-icon landscape'>\n\t\t\t\t<a href='http:\/\/triumphadonf.com\/v3\/triumph-3t-de-luxe\/attachment\/triumph_3t\/'><img decoding=\"async\" width=\"120\" height=\"90\" data-src=\"http:\/\/triumphadonf.com\/v3\/wp-content\/uploads\/2009\/10\/triumph_3t-120x90.jpg\" class=\"attachment-thumbnail size-thumbnail lazyload\" alt=\"\" data-srcset=\"http:\/\/triumphadonf.com\/v3\/wp-content\/uploads\/2009\/10\/triumph_3t-120x90.jpg 120w, http:\/\/triumphadonf.com\/v3\/wp-content\/uploads\/2009\/10\/triumph_3t.jpg 500w\" data-sizes=\"(max-width: 120px) 100vw, 120px\" src=\"data:image\/svg+xml;base64,PHN2ZyB3aWR0aD0iMSIgaGVpZ2h0PSIxIiB4bWxucz0iaHR0cDovL3d3dy53My5vcmcvMjAwMC9zdmciPjwvc3ZnPg==\" style=\"--smush-placeholder-width: 120px; --smush-placeholder-aspect-ratio: 120\/90;\" \/><\/a>\n\t\t\t<\/div><\/figure><figure class='gallery-item'>\n\t\t\t<div class='gallery-icon landscape'>\n\t\t\t\t<a href='http:\/\/triumphadonf.com\/v3\/triumph-3t-de-luxe\/attachment\/triumph-3t-de-luxe-2\/'><img decoding=\"async\" width=\"120\" height=\"90\" data-src=\"http:\/\/triumphadonf.com\/v3\/wp-content\/uploads\/2009\/10\/triumph-3t-de-luxe-120x90.jpeg\" class=\"attachment-thumbnail size-thumbnail lazyload\" alt=\"\" data-srcset=\"http:\/\/triumphadonf.com\/v3\/wp-content\/uploads\/2009\/10\/triumph-3t-de-luxe-120x90.jpeg 120w, http:\/\/triumphadonf.com\/v3\/wp-content\/uploads\/2009\/10\/triumph-3t-de-luxe.jpeg 900w\" data-sizes=\"(max-width: 120px) 100vw, 120px\" src=\"data:image\/svg+xml;base64,PHN2ZyB3aWR0aD0iMSIgaGVpZ2h0PSIxIiB4bWxucz0iaHR0cDovL3d3dy53My5vcmcvMjAwMC9zdmciPjwvc3ZnPg==\" style=\"--smush-placeholder-width: 120px; --smush-placeholder-aspect-ratio: 120\/90;\" \/><\/a>\n\t\t\t<\/div><\/figure>\n\t\t<\/div>\n\n<p style=\"text-align: justify; padding: 0px; margin: 5px 0px 15px 0px;\"><strong>Caract\u00e9ristiques Techniques : <\/strong><\/p>\n<p style=\"text-align: justify; padding: 0px; margin: 5px 0px 15px 0px;\"><em>&#8211; Moteur : <\/em>Bicylindre, 4 temps, refroidi par air.<br \/>\n<em>&#8211; Cylindr\u00e9e : <\/em>348 cm<sup>3<\/sup><br \/>\n<em>&#8211; Al\u00e9sage x Course : <\/em>55 x 73,4 mm<br \/>\n<em>&#8211; Puissance : <\/em>19 ch. \u00e0 6500 tr\/min<br \/>\n<em>&#8211; Poids : <\/em>152 kg \u00e0 sec<br \/>\n<em>&#8211; Vitesse : <\/em>120 Km\/h<\/p>\n<p style=\"text-align: justify; padding: 0px; margin: 5px 0px 15px 0px;\"><strong>Autre : <\/strong>bo\u00eete 4 rapports<\/p>\n<p><object width=\"425\" height=\"344\" classid=\"clsid:d27cdb6e-ae6d-11cf-96b8-444553540000\" codebase=\"http:\/\/download.macromedia.com\/pub\/shockwave\/cabs\/flash\/swflash.cab#version=6,0,40,0\"><param name=\"allowFullScreen\" value=\"true\" \/><param name=\"allowscriptaccess\" value=\"always\" \/><param name=\"src\" value=\"http:\/\/www.youtube.com\/v\/2eFj6Cxisr4&amp;hl=fr&amp;fs=1&amp;color1=0x3a3a3a&amp;color2=0x999999\" \/><param name=\"allowfullscreen\" value=\"true\" \/><\/object><\/p>\n<p style=\"text-align: justify; padding: 0px; margin: 5px 0px 15px 0px;\"><strong><em>Si vous souhaitez ajouter des images ou des informations sur cette page, n\u2019h\u00e9sitez pas \u00e0 me mailer (<\/em><\/strong><a style=\"outline-style: none; outline-width: initial; outline-color: initial; color: #3173a3; padding: 0px; margin: 0px;\" href=\"mailto:webmaster@triumphadonf.com\" target=\"_blank\" rel=\"noopener noreferrer\"><strong><em>webmaster@triumphadonf.com<\/em><\/strong><\/a><strong><em>) ou \u00e0 laisser un commentaire ci-dessous.<\/em><\/strong><\/p>\n","protected":false},"excerpt":{"rendered":"<p>P\u00e9riode de fabrication : 1946 &#8211; 1951 Historique : Cette Triumph 3T est pr\u00eate avant la Seconde Guerre Mondiale, mais son lancement sera retard\u00e9 car il faut produire des motos pour l&rsquo;arm\u00e9e. Elle constituera, avec la Speed Twin 5T, la Tiger 100 et la 3H la gamme Triumph au d\u00e9but de l&rsquo;apr\u00e8s-guerre, en 1945. Sa [&hellip;]<\/p>\n","protected":false},"author":2,"featured_media":10523,"parent":0,"menu_order":0,"comment_status":"open","ping_status":"open","template":"","meta":{"_monsterinsights_skip_tracking":false,"_monsterinsights_sitenote_active":false,"_monsterinsights_sitenote_note":"","_monsterinsights_sitenote_category":0,"footnotes":""},"class_list":["post-2812","page","type-page","status-publish","has-post-thumbnail"],"jetpack_sharing_enabled":true,"_links":{"self":[{"href":"http:\/\/triumphadonf.com\/v3\/wp-json\/wp\/v2\/pages\/2812","targetHints":{"allow":["GET"]}}],"collection":[{"href":"http:\/\/triumphadonf.com\/v3\/wp-json\/wp\/v2\/pages"}],"about":[{"href":"http:\/\/triumphadonf.com\/v3\/wp-json\/wp\/v2\/types\/page"}],"author":[{"embeddable":true,"href":"http:\/\/triumphadonf.com\/v3\/wp-json\/wp\/v2\/users\/2"}],"replies":[{"embeddable":true,"href":"http:\/\/triumphadonf.com\/v3\/wp-json\/wp\/v2\/comments?post=2812"}],"version-history":[{"count":1,"href":"http:\/\/triumphadonf.com\/v3\/wp-json\/wp\/v2\/pages\/2812\/revisions"}],"predecessor-version":[{"id":19560,"href":"http:\/\/triumphadonf.com\/v3\/wp-json\/wp\/v2\/pages\/2812\/revisions\/19560"}],"wp:featuredmedia":[{"embeddable":true,"href":"http:\/\/triumphadonf.com\/v3\/wp-json\/wp\/v2\/media\/10523"}],"wp:attachment":[{"href":"http:\/\/triumphadonf.com\/v3\/wp-json\/wp\/v2\/media?parent=2812"}],"curies":[{"name":"wp","href":"https:\/\/api.w.org\/{rel}","templated":true}]}}