{"id":2799,"date":"2009-10-03T19:15:54","date_gmt":"2009-10-03T18:15:54","guid":{"rendered":"http:\/\/www.triumphadonf.com\/v3\/?page_id=2799"},"modified":"2020-05-23T10:12:54","modified_gmt":"2020-05-23T08:12:54","slug":"les-anciens-modeles-triumph","status":"publish","type":"page","link":"http:\/\/triumphadonf.com\/v3\/les-anciens-modeles-triumph\/","title":{"rendered":"Les anciens mod\u00e8les Triumph : 1902 &#8211; 1982"},"content":{"rendered":"<p><a href=\"http:\/\/www.triumphadonf.com\/v3\/wp-content\/uploads\/2009\/10\/192x_logo_triumph.jpg\"><img decoding=\"async\" class=\"aligncenter size-full wp-image-10274 lazyload\" title=\"192x_logo_triumph\" data-src=\"http:\/\/www.triumphadonf.com\/v3\/wp-content\/uploads\/2009\/10\/192x_logo_triumph.jpg\" alt=\"\" width=\"407\" height=\"247\" data-srcset=\"http:\/\/triumphadonf.com\/v3\/wp-content\/uploads\/2009\/10\/192x_logo_triumph.jpg 407w, http:\/\/triumphadonf.com\/v3\/wp-content\/uploads\/2009\/10\/192x_logo_triumph-120x72.jpg 120w\" data-sizes=\"(max-width: 407px) 100vw, 407px\" src=\"data:image\/svg+xml;base64,PHN2ZyB3aWR0aD0iMSIgaGVpZ2h0PSIxIiB4bWxucz0iaHR0cDovL3d3dy53My5vcmcvMjAwMC9zdmciPjwvc3ZnPg==\" style=\"--smush-placeholder-width: 407px; --smush-placeholder-aspect-ratio: 407\/247;\" \/><\/a><\/p>\n<p>Cette liste de mod\u00e8le Triumph n&rsquo;est pas une liste exhaustive, elle contient les mod\u00e8les les plus repr\u00e9sentatifs de l&rsquo;histoire et de l&rsquo;\u00e9volution de la marque.<\/p>\n<p>R\u00e9aliser un inventaire complet de tous les anciens mod\u00e8les Triumph n\u00e9cessiterait un ou deux emplois \u00e0 plein temps ! Vous pouvez trouver <a href=\"http:\/\/www.ianchadwick.com\/motorcycles\/triumph\/models.html\" target=\"_blank\" rel=\"noopener noreferrer\"><span style=\"color: #000000;\"><span style=\"text-decoration: none;\">\u00e0 cette adresse<\/span><\/span><\/a> un tableau assez complet tentant cet inventaire (<a href=\"http:\/\/www.triumphadonf.com\/v3\/wp-content\/uploads\/2009\/10\/liste_modeles.jpg\" target=\"_blank\" rel=\"noopener noreferrer\">vous pouvez le voir aussi ici<\/a>).<\/p>\n<p><span style=\"font-weight: normal; font-size: 13px;\"><em>Les mod\u00e8les 1902 \/ 1945 sont en cours d&rsquo;actualisation&#8230;<\/em><\/span><\/p>\n<p>1902 &#8211; 1914 : <a href=\"http:\/\/www.triumphadonf.com\/v3\/index.php\/les-premieres-triumph\/\" target=\"_blank\" rel=\"noopener noreferrer\">Mod\u00e8le N\u00b01 et Mod\u00e8le 3HP<\/a><\/p>\n<p>&#8230;<\/p>\n<p>1945\u00a0&#8211;\u00a0<a href=\"http:\/\/www.triumphadonf.com\/v3\/index.php\/triumph-3t-de-luxe\/\" target=\"_blank\" rel=\"noopener noreferrer\">3T de Luxe<\/a><br \/>\n1946\u00a0&#8211;\u00a0<a href=\"http:\/\/www.triumphadonf.com\/v3\/index.php\/triumph-tiger-100-t100\/\" target=\"_blank\" rel=\"noopener noreferrer\">Tiger 100 (T100)<\/a><br \/>\n1946\u00a0&#8211;\u00a0<a href=\"http:\/\/www.triumphadonf.com\/v3\/index.php\/triumph-speed-twin-500-5t\/\" target=\"_blank\" rel=\"noopener noreferrer\">Speed Twin 500 (5T)<\/a><br \/>\n1948\u00a0&#8211;\u00a0<a href=\"http:\/\/www.triumphadonf.com\/v3\/index.php\/triumph-500-grand-pri\/\" target=\"_blank\" rel=\"noopener noreferrer\">500 Grand Prix<\/a><br \/>\n1948\u00a0&#8211;\u00a0<a href=\"http:\/\/www.triumphadonf.com\/v3\/index.php\/triumph-trophy-500-tr5\/\" target=\"_blank\" rel=\"noopener noreferrer\">Trophy 500 (TR5)<\/a><br \/>\n1949\u00a0&#8211;\u00a0<a href=\"http:\/\/www.triumphadonf.com\/v3\/index.php\/triumph-thunderbird-650-6t\/\" target=\"_blank\" rel=\"noopener noreferrer\">Thunderbird 650 (6T)<\/a><br \/>\n1953\u00a0&#8211;\u00a0<a href=\"http:\/\/www.triumphadonf.com\/v3\/index.php\/triumph-terrier-150\/\" target=\"_blank\" rel=\"noopener noreferrer\">Terrier 150 (T15)<\/a><br \/>\n1953\u00a0&#8211;\u00a0<a href=\"http:\/\/www.triumphadonf.com\/v3\/index.php\/triumph-tiger-110-t110\/\" target=\"_blank\" rel=\"noopener noreferrer\">Tiger 110 (T110)<\/a><br \/>\n1954\u00a0&#8211;\u00a0<a href=\"http:\/\/www.triumphadonf.com\/v3\/index.php\/triumph-tiger-cub-200\/\" target=\"_blank\" rel=\"noopener noreferrer\" type=\"&quot;application\/x-shockwave-flash&quot;\">Tiger Cub 200<\/a><br \/>\n<span style=\"color: #000000;\">1955 <\/span><span style=\"color: #000000;\"><a style=\"text-decoration: none;\" href=\"http:\/\/www.triumphadonf.com\/mod_anc\/2\/mod_anc.php?mod=10\">&#8211; <\/a><a href=\"http:\/\/www.triumphadonf.com\/v3\/index.php\/triumph-trophy-650-thunderbird-650-tiger-650-tr6\/\" target=\"_blank\" rel=\"noopener noreferrer\">Trophy 650 <\/a><\/span><span style=\"color: #000000;\"><a href=\"http:\/\/www.triumphadonf.com\/v3\/index.php\/triumph-trophy-650-thunderbird-650-tiger-650-tr6\/\" target=\"_blank\" rel=\"noopener noreferrer\">&#8211; Thunderbird 650<\/a><\/span><span style=\"color: #000000;\"><a href=\"http:\/\/www.triumphadonf.com\/v3\/index.php\/triumph-trophy-650-thunderbird-650-tiger-650-tr6\/\" target=\"_blank\" rel=\"noopener noreferrer\">&#8211; Tiger 650 (TR6<\/a><\/span><span style=\"color: #000000;\"><a href=\"http:\/\/www.triumphadonf.com\/v3\/index.php\/triumph-trophy-650-thunderbird-650-tiger-650-tr6\/\" target=\"_blank\" rel=\"noopener noreferrer\">)<\/a><\/span><br \/>\n1956\u00a0&#8211;\u00a0<a href=\"http:\/\/www.triumphadonf.com\/v3\/index.php\/triumph-johnny-allen\/\" target=\"_blank\" rel=\"noopener noreferrer\">Johnny Allen<\/a><br \/>\n1957\u00a0&#8211;\u00a0<a href=\"http:\/\/www.triumphadonf.com\/v3\/index.php\/triumph-twenty-one-350-3ta\/\" target=\"_blank\" rel=\"noopener noreferrer\">Twenty-One 350 (3TA)<\/a><br \/>\n1958\u00a0&#8211;\u00a0<a href=\"http:\/\/www.triumphadonf.com\/v3\/index.php\/triumph-speed-twin-5ta\/\" target=\"_blank\" rel=\"noopener noreferrer\">Speed Twin (5TA)<\/a><br \/>\n1958\u00a0&#8211;\u00a0<a href=\"http:\/\/www.triumphadonf.com\/v3\/index.php\/triumph-tiger-100-t100a\/\" target=\"_blank\" rel=\"noopener noreferrer\">Tiger 100 (T100A)<\/a><br \/>\n1959\u00a0&#8211;<a href=\"http:\/\/www.triumphadonf.com\/v3\/index.php\/triumph_scooter_tigress\/\" target=\"_blank\" rel=\"noopener noreferrer\"> Scooter Tigress (T15)<\/a><br \/>\n1959\u00a0&#8211;\u00a0<a href=\"http:\/\/www.triumphadonf.com\/v3\/index.php\/triumph-bonneville-650-t120-et-t120r\/\" target=\"_blank\" rel=\"noopener noreferrer\">Bonneville 650 (T120 et T120R)<\/a><br \/>\n1962\u00a0&#8211;\u00a0<a href=\"http:\/\/www.triumphadonf.com\/v3\/index.php\/triumph-scooter-tina\/\" target=\"_blank\" rel=\"noopener noreferrer\">Scooter Tina (T10)<\/a><span style=\"font-family: Verdana;\"><span style=\"font-size: xx-small;\"><span style=\"font-size: xx-small;\"><br \/>\n<\/span><\/span><\/span>1966\u00a0&#8211;\u00a0<a href=\"http:\/\/www.triumphadonf.com\/v3\/index.php\/triumph-daytona-500-t100t-et-t100ss\/\" target=\"_blank\" rel=\"noopener noreferrer\">Daytona 500 (T100T et T100SS)<\/a><br \/>\n1968\u00a0&#8211;\u00a0<a href=\"http:\/\/www.triumphadonf.com\/v3\/index.php\/triumph-trident-750-t150v-et-t160v\/\" target=\"_blank\" rel=\"noopener noreferrer\">Trident 750 (T150V et T160V)<\/a><br \/>\n1968\u00a0&#8211;\u00a0<a href=\"http:\/\/www.triumphadonf.com\/v3\/index.php\/triumph-trophy-tr25w\/\" target=\"_blank\" rel=\"noopener noreferrer\">Trophy TR25W<\/a><br \/>\n1970\u00a0&#8211;\u00a0<a href=\"http:\/\/www.triumphadonf.com\/v3\/index.php\/triumph-daytona-500-t100r\/\" target=\"_blank\" rel=\"noopener noreferrer\">Daytona 500 (T100R)<\/a><br \/>\n1971\u00a0&#8211;\u00a0<a href=\"http:\/\/www.triumphadonf.com\/v3\/index.php\/triumph-blazer-ss-250-t25ss\/\" target=\"_blank\" rel=\"noopener noreferrer\">Blazer SS 250 (T25SS)<\/a><br \/>\n1971\u00a0&#8211;\u00a0<a href=\"http:\/\/www.triumphadonf.com\/v3\/index.php\/triumph-blazer-trail-250-t25t\/\" target=\"_blank\" rel=\"noopener noreferrer\">Blazer Trial 250 (T25T)<\/a><br \/>\n1971\u00a0&#8211;\u00a0<a href=\"http:\/\/www.triumphadonf.com\/v3\/index.php\/triumph-bandit-350\/\" target=\"_blank\" rel=\"noopener noreferrer\">Bandit 350<\/a><br \/>\n1972\u00a0&#8211;\u00a0<a href=\"http:\/\/www.triumphadonf.com\/v3\/index.php\/triumph-hurricane-x-75\/\" target=\"_blank\" rel=\"noopener noreferrer\">Hurricane X-75<\/a><br \/>\n1973\u00a0&#8211;\u00a0<a href=\"http:\/\/www.triumphadonf.com\/v3\/index.php\/triumph-adventurer-500-ou-trophy-trail-tr5t\/\" target=\"_blank\" rel=\"noopener noreferrer\">Adventurer 500\/Trophy Trail (TR5T)<\/a><br \/>\n1973\u00a0&#8211;\u00a0<a href=\"http:\/\/www.triumphadonf.com\/v3\/index.php\/triumph-bonneville-750-t140v\/\" target=\"_blank\" rel=\"noopener noreferrer\">Bonneville 750 (T140V)<\/a><br \/>\n1973\u00a0&#8211;\u00a0<a href=\"http:\/\/www.triumphadonf.com\/v3\/index.php\/triumph-tiger-750-tr7v\/\" target=\"_blank\" rel=\"noopener noreferrer\">Tiger 750 (TR7V)<\/a><br \/>\n1977\u00a0&#8211;\u00a0<a href=\"http:\/\/www.triumphadonf.com\/v3\/index.php\/triumph-jubilee-bonneville-750\/\" target=\"_blank\" rel=\"noopener noreferrer\">Jubilee Bonneville 750<\/a><br \/>\n1980\u00a0&#8211;\u00a0<a href=\"http:\/\/www.triumphadonf.com\/v3\/index.php\/triumph-tiger-trail\/\" target=\"_blank\" rel=\"noopener noreferrer\">Tiger Trail<\/a><br \/>\n1980\u00a0&#8211;\u00a0<a href=\"http:\/\/www.triumphadonf.com\/v3\/index.php\/triumph-bonneville-special\/\" target=\"_blank\" rel=\"noopener noreferrer\">Bonneville Special<\/a><br \/>\n1981\u00a0&#8211;\u00a0<a href=\"http:\/\/www.triumphadonf.com\/v3\/index.php\/triumph-bonneville-royale-750\/\" target=\"_blank\" rel=\"noopener noreferrer\">Bonneville Royale 750<\/a><br \/>\n1982\u00a0&#8211;\u00a0<a href=\"http:\/\/www.triumphadonf.com\/v3\/index.php\/triumph-bonneville-executive\/\" target=\"_blank\" rel=\"noopener noreferrer\">Bonneville Executive<\/a><br \/>\n1982\u00a0&#8211;\u00a0<a href=\"https:\/\/triumphadonf.com\/v3\/vieilles-anglaises\/triumph-tss-1982-a-1983\/\" target=\"_blank\" rel=\"noopener noreferrer\">TSS<\/a><br \/>\n1982\u00a0&#8211;\u00a0<a href=\"http:\/\/www.triumphadonf.com\/v3\/index.php\/triumph-tsx\/\" target=\"_blank\" rel=\"noopener noreferrer\">TSX<\/a><\/p>\n<p><strong><span style=\"text-decoration: underline;\"><span style=\"color: #000000;\">Des d\u00e9buts de Triumph \u00e0 la 2e guerre mondiale<\/span><\/span><\/strong><\/p>\n<p>Premi\u00e8re Triumph 1902 avec moteur Minerva<\/p>\n<p>1904 le mod\u00e8le \u00e9tait propuls\u00e9 par un moteur Belge\u00a0 FAFNIR de 3 cv<\/p>\n<p>en 1905 la premi\u00e8re moto avec un moteur TRIUMPH voit le jour; c&rsquo;est un moteur de 3cv de conception assez simple<\/p>\n<p>En 1908\u00a0 une TRIUMPH pilot\u00e9e par JACK MARSHALL remporta le TT 1908 en \u00e9tablissant le record du tour a 68 km\/h.<\/p>\n<p>modele BABY de 1914<\/p>\n<p>La type H 550cm3 de1915<\/p>\n<p>la SD \u00e0 deux chaines de 550cm3 sortie en 1920 avec la type H et la Baby toujours en production.<\/p>\n<p>1922 sort la c\u00e9l\u00e8bre 499cm3 \u00e0 4 soupapes\u00a0 dessin\u00e9e par Harry RICARDO et surnomm\u00e9e \u00ab\u00a0Triumph riccy\u00a0\u00bb elle finit 2\u00e8 au TT de 1922 , battit des records a BROOKLAND et demeura en production jusqu\u2019en 1927\u00a0. la Baby fut port\u00e9e a 249 cm3 en 1923 et\u00a0 disparu en 1925.<\/p>\n<p>En 1925 TRIUMPH\u00a0 sortit le mod\u00e8le P de 493cm3 a soupapes lat\u00e9rales<\/p>\n<p>Des variantes au mod\u00e8le P furent ajout\u00e9s , les N et Q\u00a0. la gamme 1927 comprenait huit mod\u00e8les\u00a0; dont la rempla\u00e7ante\u00a0 de la Ricardo<\/p>\n<p>La 500 TT culbut\u00e9e<\/p>\n<p>L\u2019ann\u00e9e 1928 vit l\u2019apparition du r\u00e9servoir en selle<\/p>\n<p>Pour 1930 la gamme comprenait un petit 2 temps\u00a0; le junior ou mod\u00e8le X\u00a0; \u00a0le fleuron \u00e9tait un mod\u00e8le sport 500 culbut\u00e9\u00a0: la CTT<\/p>\n<p><span style=\"text-decoration: underline;\"><strong>Des liens de r\u00e9f\u00e9rences<\/strong><\/span><\/p>\n<p><a href=\"http:\/\/www.classicmotorcycles.org.uk\/bikemuseum\/museum_triumph.htm#T10\">http:\/\/www.classicmotorcycles.org.uk\/bikemuseum\/museum_triumph.htm#T10<\/a><\/p>\n<p><a href=\"http:\/\/www.ianchadwick.com\/motorcycles\/triumph\/models.html\">http:\/\/www.ianchadwick.com\/motorcycles\/triumph\/models.html<\/a><\/p>\n<p><a href=\"http:\/\/triumphmotorcycles.typepad.com\/my_weblog\/2009\/08\/restoration-of-a-1968-bonneville-part-2-evaluation-and-budget.html\">http:\/\/triumphmotorcycles.typepad.com\/my_weblog\/2009\/08\/restoration-of-a-1968-bonneville-part-2-evaluation-and-budget.html<\/a><\/p>\n<p><a href=\"http:\/\/www.vintagebike.co.uk\/Bike%20Directories\/Triumph%20Bikes\/Triumph%20Index.htm\">http:\/\/www.vintagebike.co.uk\/Bike%20Directories\/Triumph%20Bikes\/Triumph%20Index.htm<\/a><\/p>\n<p><a href=\"http:\/\/en.wikipedia.org\/wiki\/List_of_Triumph_motorcycles\">http:\/\/en.wikipedia.org\/wiki\/List_of_Triumph_motorcycles<\/a><\/p>\n","protected":false},"excerpt":{"rendered":"<p>Cette liste de mod\u00e8le Triumph n&rsquo;est pas une liste exhaustive, elle contient les mod\u00e8les les plus repr\u00e9sentatifs de l&rsquo;histoire et de l&rsquo;\u00e9volution de la marque. R\u00e9aliser un inventaire complet de tous les anciens mod\u00e8les Triumph n\u00e9cessiterait un ou deux emplois \u00e0 plein temps ! Vous pouvez trouver \u00e0 cette adresse un tableau assez complet tentant [&hellip;]<\/p>\n","protected":false},"author":2,"featured_media":10274,"parent":0,"menu_order":0,"comment_status":"open","ping_status":"open","template":"","meta":{"_monsterinsights_skip_tracking":false,"_monsterinsights_sitenote_active":false,"_monsterinsights_sitenote_note":"","_monsterinsights_sitenote_category":0,"footnotes":""},"class_list":["post-2799","page","type-page","status-publish","has-post-thumbnail"],"jetpack_sharing_enabled":true,"_links":{"self":[{"href":"http:\/\/triumphadonf.com\/v3\/wp-json\/wp\/v2\/pages\/2799","targetHints":{"allow":["GET"]}}],"collection":[{"href":"http:\/\/triumphadonf.com\/v3\/wp-json\/wp\/v2\/pages"}],"about":[{"href":"http:\/\/triumphadonf.com\/v3\/wp-json\/wp\/v2\/types\/page"}],"author":[{"embeddable":true,"href":"http:\/\/triumphadonf.com\/v3\/wp-json\/wp\/v2\/users\/2"}],"replies":[{"embeddable":true,"href":"http:\/\/triumphadonf.com\/v3\/wp-json\/wp\/v2\/comments?post=2799"}],"version-history":[{"count":2,"href":"http:\/\/triumphadonf.com\/v3\/wp-json\/wp\/v2\/pages\/2799\/revisions"}],"predecessor-version":[{"id":20668,"href":"http:\/\/triumphadonf.com\/v3\/wp-json\/wp\/v2\/pages\/2799\/revisions\/20668"}],"wp:featuredmedia":[{"embeddable":true,"href":"http:\/\/triumphadonf.com\/v3\/wp-json\/wp\/v2\/media\/10274"}],"wp:attachment":[{"href":"http:\/\/triumphadonf.com\/v3\/wp-json\/wp\/v2\/media?parent=2799"}],"curies":[{"name":"wp","href":"https:\/\/api.w.org\/{rel}","templated":true}]}}