{"id":10,"date":"2008-09-21T17:23:58","date_gmt":"2008-09-21T15:23:58","guid":{"rendered":"http:\/\/www.triumphadonf.com\/v3\/?page_id=10"},"modified":"2012-06-19T17:12:05","modified_gmt":"2012-06-19T16:12:05","slug":"statistiques-tad","status":"publish","type":"page","link":"http:\/\/triumphadonf.com\/v3\/statistiques-tad\/","title":{"rendered":"Statistiques TAD"},"content":{"rendered":"<p><a href=\"http:\/\/www.triumphadonf.com\/v3\/wp-content\/uploads\/2008\/09\/stats_analytics.jpg\"><img decoding=\"async\" class=\"aligncenter size-full wp-image-6862 lazyload\" title=\"stats_analytics\" data-src=\"http:\/\/www.triumphadonf.com\/v3\/wp-content\/uploads\/2008\/09\/stats_analytics.jpg\" alt=\"\" width=\"580\" height=\"95\" data-srcset=\"http:\/\/triumphadonf.com\/v3\/wp-content\/uploads\/2008\/09\/stats_analytics.jpg 580w, http:\/\/triumphadonf.com\/v3\/wp-content\/uploads\/2008\/09\/stats_analytics-120x19.jpg 120w\" data-sizes=\"(max-width: 580px) 100vw, 580px\" src=\"data:image\/svg+xml;base64,PHN2ZyB3aWR0aD0iMSIgaGVpZ2h0PSIxIiB4bWxucz0iaHR0cDovL3d3dy53My5vcmcvMjAwMC9zdmciPjwvc3ZnPg==\" style=\"--smush-placeholder-width: 580px; --smush-placeholder-aspect-ratio: 580\/95;\" \/><\/a><\/p>\n<p>Voici toutes les statistiques du site depuis les premiers mois ayant suivis sa cr\u00e9ation. Les chiffres <strong><span style=\"color: #ff9900;\">oranges<\/span><\/strong> correspondent aux records !<\/p>\n<p>&nbsp;<\/p>\n<p><strong>Pages Vues :\u00a0<span style=\"font-weight: normal;\">La Page Vue est l&rsquo;indicateur le plus utilis\u00e9 pour rendre compte du niveau d&rsquo;audience d&rsquo;un site web. Une page vue est comptabilis\u00e9e quand la page demand\u00e9e par l&rsquo;internaute est totalement charg\u00e9e par son navigateur. Ainsi, lorsqu&rsquo;un internaute impatient d\u00e9cide d&rsquo;interrompre le chargement d&rsquo;une page, m\u00eame partiellement affich\u00e9e, cela ne correspond pas \u00e0 une page vue.<\/span><\/strong><\/p>\n<p><strong>Visiteurs :\u00a0<span style=\"font-weight: normal;\">L&rsquo;individu qui consulte une ou plusieurs pages d&rsquo;un site web est appel\u00e9 visiteur.<\/span><\/strong><\/p>\n<p><strong>Visites :\u00a0<span style=\"font-weight: normal;\">Une visite correspond \u00e0 l&rsquo;ensemble des pages vues par un visiteur entre le moment o\u00f9 il se connecte \u00e0 votre site jusqu&rsquo;au moment o\u00f9 il le quitte (exactement comme la visite d&rsquo;un mus\u00e9e).<\/span><\/strong><\/p>\n<p>Voici toutes les statistiques du site depuis les premiers mois ayant suivis sa cr\u00e9ation. Les cases\u00a0<strong>oranges<\/strong> correspondent aux records !<\/p>\n<p><strong>Pages Vues : <\/strong>La Page Vue est l&rsquo;indicateur le plus utilis\u00e9 pour rendre compte du niveau d&rsquo;audience d&rsquo;un site web. Une page vue est comptabilis\u00e9e quand la page demand\u00e9e par l&rsquo;internaute est totalement charg\u00e9e par son navigateur. Ainsi, lorsqu&rsquo;un internaute impatient d\u00e9cide d&rsquo;interrompre le chargement d&rsquo;une page, m\u00eame partiellement affich\u00e9e, cela ne correspond pas \u00e0 une page vue.<\/p>\n<p><strong>Visiteurs : <\/strong>L&rsquo;individu qui consulte une ou plusieurs pages d&rsquo;un site web est appel\u00e9 visiteur.<\/p>\n<p><strong>Visites : <\/strong>Une visite correspond \u00e0 l&rsquo;ensemble des pages vues par un visiteur entre le moment o\u00f9 il se connecte \u00e0 votre site jusqu&rsquo;au moment o\u00f9 il le quitte (exactement comme la visite d&rsquo;un mus\u00e9e).<\/p>\n<table width=\"575\" border=\"1\" cellspacing=\"0\" cellpadding=\"0\">\n<tbody>\n<tr>\n<td width=\"200\"><\/td>\n<td width=\"125\"><strong>Pages vues<\/strong><\/td>\n<td width=\"125\"><strong>Visiteurs<\/strong><\/td>\n<td width=\"125\"><strong>Visites<\/strong><\/td>\n<\/tr>\n<tr>\n<td>\u203a juin 2012<\/td>\n<td>??? ???<\/td>\n<td>?? ???<\/td>\n<td>?? ???<\/td>\n<\/tr>\n<tr>\n<td>\u203a mai 2012<\/td>\n<td>892 460<\/td>\n<td>43 890<\/td>\n<td>82 916<\/td>\n<\/tr>\n<tr>\n<td>\u203a avril 2012<\/td>\n<td>901 737<\/td>\n<td>42 432<\/td>\n<td>80 513<\/td>\n<\/tr>\n<tr>\n<td>\u203a mars 2012<\/td>\n<td>765 000<\/td>\n<td>46 761<\/td>\n<td>87 422<\/td>\n<\/tr>\n<tr>\n<td>\u203a f\u00e9vrier 2012<\/td>\n<td>624 283<\/td>\n<td>33 909<\/td>\n<td>66 870<\/td>\n<\/tr>\n<tr>\n<td>\u203a janvier 2012<\/td>\n<td>732 582<\/td>\n<td>38 577<\/td>\n<td>75 079<\/td>\n<\/tr>\n<tr>\n<td>\u203a d\u00e9cembre 2011<\/td>\n<td>952 627<\/td>\n<td>39 764<\/td>\n<td>75 500<\/td>\n<\/tr>\n<tr>\n<td>\u203a novembre 2011<\/td>\n<td>1 007 803<\/td>\n<td>41 551<\/td>\n<td>79 132<\/td>\n<\/tr>\n<tr>\n<td>\u203a octobre 2011<\/td>\n<td>936 068<\/td>\n<td>42 381<\/td>\n<td>80 378<\/td>\n<\/tr>\n<tr>\n<td>\u203a septembre 2011<\/td>\n<td>895 674<\/td>\n<td>38 152<\/td>\n<td>72 085<\/td>\n<\/tr>\n<tr>\n<td>\u203a ao\u00fbt 2011<\/td>\n<td>777 922<\/td>\n<td>36 478<\/td>\n<td>67 026<\/td>\n<\/tr>\n<tr>\n<td>\u203a juillet 2011<\/td>\n<td>851 048<\/td>\n<td>33 313<\/td>\n<td>65 209<\/td>\n<\/tr>\n<tr>\n<td>\u203a juin 2011<\/td>\n<td>1 087 672<\/td>\n<td>40 350<\/td>\n<td>78 482<\/td>\n<\/tr>\n<tr>\n<td>\u203a mai 2011<\/td>\n<td><strong><span style=\"color: #ff6600;\">1 331 657<\/span><\/strong><\/td>\n<td>47 682<\/td>\n<td><strong><span style=\"color: #ff6600;\">94 726<\/span><\/strong><\/td>\n<\/tr>\n<tr>\n<td>\u203a avril 2011<\/td>\n<td>1 182 962<\/td>\n<td>49 378<\/td>\n<td>92 569<\/td>\n<\/tr>\n<tr>\n<td>\u203a mars 2011<\/td>\n<td>703 395<\/td>\n<td>42 388<\/td>\n<td>81 157<\/td>\n<\/tr>\n<tr>\n<td>\u203a f\u00e9vrier 2011<\/td>\n<td>575 432<\/td>\n<td>30 257<\/td>\n<td>62 282<\/td>\n<\/tr>\n<tr>\n<td>\u203a janvier 2011<\/td>\n<td>608 033<\/td>\n<td>29 724<\/td>\n<td>64 236<\/td>\n<\/tr>\n<tr>\n<td>\u203a d\u00e9cembre 2010<\/td>\n<td>601 968<\/td>\n<td>25 662<\/td>\n<td>57 787<\/td>\n<\/tr>\n<tr>\n<td>\u203a novembre 2010<\/td>\n<td>632 659<\/td>\n<td>35 195<\/td>\n<td>71 825<\/td>\n<\/tr>\n<tr>\n<td>\u203a octobre 2010<\/td>\n<td>778 580<\/td>\n<td>45 165<\/td>\n<td>90 222<\/td>\n<\/tr>\n<tr>\n<td>\u203a septembre 2010<\/td>\n<td>672 453<\/td>\n<td>39 199<\/td>\n<td>77 262<\/td>\n<\/tr>\n<tr>\n<td>\u203a ao\u00fbt 2010<\/td>\n<td>484 929<\/td>\n<td>30 268<\/td>\n<td>60 267<\/td>\n<\/tr>\n<tr>\n<td>\u203a juillet 2010<\/td>\n<td>435 753<\/td>\n<td>29 701<\/td>\n<td>57 747<\/td>\n<\/tr>\n<tr>\n<td>\u203a juin 2010<\/td>\n<td>495 821<\/td>\n<td>29 753<\/td>\n<td>61 174<\/td>\n<\/tr>\n<tr>\n<td>\u203a mai 2010<\/td>\n<td>600 450<\/td>\n<td>35 806<\/td>\n<td>72 625<\/td>\n<\/tr>\n<tr>\n<td>\u203a avril 2010<\/td>\n<td>552 295<\/td>\n<td>32 622<\/td>\n<td>63 345<\/td>\n<\/tr>\n<tr>\n<td>\u203a mars 2010<\/td>\n<td>525 841<\/td>\n<td>26 327<\/td>\n<td>54 753<\/td>\n<\/tr>\n<tr>\n<td>\u203a f\u00e9vrier 2010<\/td>\n<td>405 714<\/td>\n<td>20 377<\/td>\n<td>43 571<\/td>\n<\/tr>\n<tr>\n<td>\u203a janvier 2010<\/td>\n<td>485 305<\/td>\n<td>20\u00a0802<\/td>\n<td>46 450<\/td>\n<\/tr>\n<tr>\n<td>\u203a d\u00e9cembre 2009<\/td>\n<td>470 973<\/td>\n<td>20\u00a0718<\/td>\n<td>46 616<\/td>\n<\/tr>\n<tr>\n<td>\u203a novembre 2009<\/td>\n<td>520\u00a0311<\/td>\n<td>24 171<\/td>\n<td>53 197<\/td>\n<\/tr>\n<tr>\n<td>\u203a octobre 2009<\/td>\n<td>603 733<\/td>\n<td>28 297<\/td>\n<td>61 260<\/td>\n<\/tr>\n<tr>\n<td>\u203a septembre 2009<\/td>\n<td>621 165<\/td>\n<td>27 294<\/td>\n<td>58 232<\/td>\n<\/tr>\n<tr>\n<td>\u203a ao\u00fbt 2009<\/td>\n<td>573 099<\/td>\n<td>26 636<\/td>\n<td>53 949<\/td>\n<\/tr>\n<tr>\n<td>\u203a juillet 2009<\/td>\n<td>622 392<\/td>\n<td>26\u00a0478<\/td>\n<td>56 549<\/td>\n<\/tr>\n<tr>\n<td>\u203a juin 2009<\/td>\n<td>794 973<\/td>\n<td>24\u00a0307<\/td>\n<td>54 373<\/td>\n<\/tr>\n<tr>\n<td>\u203a mai 2009<\/td>\n<td>804 296<\/td>\n<td>28\u00a0002<\/td>\n<td>59 644<\/td>\n<\/tr>\n<tr>\n<td>\u203a avril 2009<\/td>\n<td>809 840<\/td>\n<td>26 710<\/td>\n<td>59 684<\/td>\n<\/tr>\n<tr>\n<td>\u203a mars 2009<\/td>\n<td>916 829<\/td>\n<td>29\u00a0939<\/td>\n<td>67 662<\/td>\n<\/tr>\n<tr>\n<td>\u203a f\u00e9vrier 2009<\/td>\n<td>828 567<\/td>\n<td>24\u00a0360<\/td>\n<td>56 042<\/td>\n<\/tr>\n<tr>\n<td>\u203a janvier 2009<\/td>\n<td>728 395<\/td>\n<td>21\u00a0481<\/td>\n<td>52 802<\/td>\n<\/tr>\n<tr>\n<td>\u203a d\u00e9cembre 2008<\/td>\n<td>726 074<\/td>\n<td>20\u00a0802<\/td>\n<td>52 122<\/td>\n<\/tr>\n<tr>\n<td>\u203a novembre 2008<\/td>\n<td>786 848<\/td>\n<td>37 073<\/td>\n<td>52 176<\/td>\n<\/tr>\n<tr>\n<td>\u203a octobre 2008<\/td>\n<td>814 206<\/td>\n<td>41 625<\/td>\n<td>57 367<\/td>\n<\/tr>\n<tr>\n<td>\u203a septembre 2008<\/td>\n<td>822 952<\/td>\n<td>46 542<\/td>\n<td>62 894<\/td>\n<\/tr>\n<tr>\n<td>\u203a ao\u00fbt 2008<\/td>\n<td>745 334<\/td>\n<td>40 295<\/td>\n<td>53 796<\/td>\n<\/tr>\n<tr>\n<td>\u203a juillet 2008<\/td>\n<td>787 841<\/td>\n<td>42 827<\/td>\n<td>57 539<\/td>\n<\/tr>\n<tr>\n<td>\u203a juin 2008<\/td>\n<td>707 125<\/td>\n<td>43 832<\/td>\n<td>58 220<\/td>\n<\/tr>\n<tr>\n<td>\u203a mai 2008<\/td>\n<td>809 018<\/td>\n<td>49 090<\/td>\n<td>64 695<\/td>\n<\/tr>\n<tr>\n<td>\u203a avril 2008<\/td>\n<td>805 666<\/td>\n<td>46 122<\/td>\n<td>60 967<\/td>\n<\/tr>\n<tr>\n<td>\u203a mars 2008<\/td>\n<td>763 605<\/td>\n<td>42 006<\/td>\n<td>56 143<\/td>\n<\/tr>\n<tr>\n<td>\u203a f\u00e9vrier 2008<\/td>\n<td>745 334<\/td>\n<td>40 295<\/td>\n<td>53 796<\/td>\n<\/tr>\n<tr>\n<td>\u203a janvier 2008<\/td>\n<td>781 755<\/td>\n<td>38 979<\/td>\n<td>53 643<\/td>\n<\/tr>\n<tr>\n<td>\u203a d\u00e9cembre 2007<\/td>\n<td>664 897<\/td>\n<td>33 109<\/td>\n<td>45 732<\/td>\n<\/tr>\n<tr>\n<td>\u203a novembre 2007<\/td>\n<td>794 539<\/td>\n<td>36 900<\/td>\n<td>51 392<\/td>\n<\/tr>\n<tr>\n<td>\u203a octobre 2007<\/td>\n<td>900 850<\/td>\n<td>47 816<\/td>\n<td>63 512<\/td>\n<\/tr>\n<tr>\n<td>\u203a septembre 2007<\/td>\n<td>881 292<\/td>\n<td>46 341<\/td>\n<td>61 490<\/td>\n<\/tr>\n<tr>\n<td>\u203a ao\u00fbt 2007<\/td>\n<td>848 537<\/td>\n<td>43 401<\/td>\n<td>57 143<\/td>\n<\/tr>\n<tr>\n<td>\u203a juillet 2007<\/td>\n<td>785 717<\/td>\n<td>45 752<\/td>\n<td>59 420<\/td>\n<\/tr>\n<tr>\n<td>\u203a juin 2007<\/td>\n<td>878 913<\/td>\n<td>50 827<\/td>\n<td>65 888<\/td>\n<\/tr>\n<tr>\n<td>\u203a mai 2007<\/td>\n<td>1 026 870<\/td>\n<td><strong><span style=\"color: #ff6600;\">58 606<\/span><\/strong><\/td>\n<td>76 258<\/td>\n<\/tr>\n<tr>\n<td>\u203a avril 2007<\/td>\n<td>939 833<\/td>\n<td>49 689<\/td>\n<td>65 503<\/td>\n<\/tr>\n<tr>\n<td>\u203a mars 2007<\/td>\n<td>996 091<\/td>\n<td>49 190<\/td>\n<td>65 767<\/td>\n<\/tr>\n<tr>\n<td>\u203a f\u00e9vrier 2007<\/td>\n<td>850 093<\/td>\n<td>45 277<\/td>\n<td>60 081<\/td>\n<\/tr>\n<tr>\n<td>\u203a janvier 2007<\/td>\n<td>854 981<\/td>\n<td>46 195<\/td>\n<td>66 337<\/td>\n<\/tr>\n<tr>\n<td>\u203a d\u00e9cembre 2006<\/td>\n<td>732 685<\/td>\n<td>39 054<\/td>\n<td>54 172<\/td>\n<\/tr>\n<tr>\n<td>\u203a novembre 2006<\/td>\n<td>780 398<\/td>\n<td>39 024<\/td>\n<td>54 950<\/td>\n<\/tr>\n<tr>\n<td>\u203a octobre 2006<\/td>\n<td>868 151<\/td>\n<td>45 442<\/td>\n<td>63 173<\/td>\n<\/tr>\n<tr>\n<td>\u203a septembre 2006<\/td>\n<td>910 439<\/td>\n<td>48 999<\/td>\n<td>66 341<\/td>\n<\/tr>\n<tr>\n<td>\u203a ao\u00fbt 2006<\/td>\n<td>787 865<\/td>\n<td>37 844<\/td>\n<td>53 304<\/td>\n<\/tr>\n<tr>\n<td>\u203a juillet 2006<\/td>\n<td>686 600<\/td>\n<td>37 244<\/td>\n<td>51 924<\/td>\n<\/tr>\n<tr>\n<td>\u203a juin 2006<\/td>\n<td>809 363<\/td>\n<td>42 785<\/td>\n<td>60 430<\/td>\n<\/tr>\n<tr>\n<td>\u203a mai 2006<\/td>\n<td>920 387<\/td>\n<td>46 757<\/td>\n<td>70 170<\/td>\n<\/tr>\n<tr>\n<td>\u203a avril 2006<\/td>\n<td>925 447<\/td>\n<td>41 982<\/td>\n<td>67 063<\/td>\n<\/tr>\n<tr>\n<td>\u203a mars 2006<\/td>\n<td>909 737<\/td>\n<td>43 692<\/td>\n<td>61 944<\/td>\n<\/tr>\n<tr>\n<td>\u203a f\u00e9vrier 2006<\/td>\n<td>688 956<\/td>\n<td>35 066<\/td>\n<td>50 858<\/td>\n<\/tr>\n<tr>\n<td>\u203a janvier 2006<\/td>\n<td>755 640<\/td>\n<td>35 772<\/td>\n<td>52 257<\/td>\n<\/tr>\n<tr>\n<td>\u203a d\u00e9cembre 2005<\/td>\n<td>694 607<\/td>\n<td>30 981<\/td>\n<td>45 731<\/td>\n<\/tr>\n<tr>\n<td>\u203a novembre 2005<\/td>\n<td>706 260<\/td>\n<td>32 451<\/td>\n<td>46 851<\/td>\n<\/tr>\n<tr>\n<td>\u203a octobre 2005<\/td>\n<td>748 431<\/td>\n<td>35 355<\/td>\n<td>50 926<\/td>\n<\/tr>\n<tr>\n<td>\u203a septembre 2005<\/td>\n<td>744 407<\/td>\n<td>34 295<\/td>\n<td>49 986<\/td>\n<\/tr>\n<tr>\n<td>\u203a ao\u00fbt 2005<\/td>\n<td>667 742<\/td>\n<td>32 225<\/td>\n<td>45 903<\/td>\n<\/tr>\n<tr>\n<td>\u203a juillet 2005<\/td>\n<td>690 075<\/td>\n<td>33 360<\/td>\n<td>47 318<\/td>\n<\/tr>\n<tr>\n<td>\u203a juin 2005<\/td>\n<td>698 262<\/td>\n<td>31 896<\/td>\n<td>45 671<\/td>\n<\/tr>\n<tr>\n<td>\u203a mai 2005<\/td>\n<td>806 916<\/td>\n<td>37 170<\/td>\n<td>52 074<\/td>\n<\/tr>\n<tr>\n<td>\u203a avril 2005<\/td>\n<td>770 728<\/td>\n<td>38 877<\/td>\n<td>53 431<\/td>\n<\/tr>\n<tr>\n<td>\u203a mars 2005<\/td>\n<td>686 032<\/td>\n<td>41 703<\/td>\n<td>56 473<\/td>\n<\/tr>\n<tr>\n<td>\u203a f\u00e9vrier 2005<\/td>\n<td>599 587<\/td>\n<td>32 760<\/td>\n<td>45 022<\/td>\n<\/tr>\n<tr>\n<td>\u203a janvier 2005<\/td>\n<td>604 647<\/td>\n<td>32 664<\/td>\n<td>45 003<\/td>\n<\/tr>\n<tr>\n<td>\u203a d\u00e9cembre 2004<\/td>\n<td>520 722<\/td>\n<td>27 505<\/td>\n<td>38 773<\/td>\n<\/tr>\n<tr>\n<td>\u203a novembre 2004<\/td>\n<td>567 234<\/td>\n<td>26 670<\/td>\n<td>38 299<\/td>\n<\/tr>\n<tr>\n<td>\u203a octobre 2004<\/td>\n<td>592 014<\/td>\n<td>26 738<\/td>\n<td>37 645<\/td>\n<\/tr>\n<tr>\n<td>\u203a septembre 2004<\/td>\n<td>628 300<\/td>\n<td>26 807<\/td>\n<td>38 140<\/td>\n<\/tr>\n<tr>\n<td>\u203a ao\u00fbt 2004<\/td>\n<td>606 679<\/td>\n<td>21 748<\/td>\n<td>31 946<\/td>\n<\/tr>\n<tr>\n<td>\u203a juillet 2004<\/td>\n<td>588 807<\/td>\n<td>21 481<\/td>\n<td>31 576<\/td>\n<\/tr>\n<tr>\n<td>\u203a juin 2004<\/td>\n<td>680 215<\/td>\n<td>23 656<\/td>\n<td>35 444<\/td>\n<\/tr>\n<tr>\n<td>\u203a mai 2004<\/td>\n<td>611 322<\/td>\n<td>24 743<\/td>\n<td>35 366<\/td>\n<\/tr>\n<tr>\n<td>\u203a avril 2004<\/td>\n<td>645 498<\/td>\n<td>24 446<\/td>\n<td>35 164<\/td>\n<\/tr>\n<tr>\n<td>\u203a mars 2004<\/td>\n<td>576 487<\/td>\n<td>22 742<\/td>\n<td>32 508<\/td>\n<\/tr>\n<tr>\n<td>\u203a f\u00e9vrier 2004<\/td>\n<td>423 439<\/td>\n<td>17 176<\/td>\n<td>24 659<\/td>\n<\/tr>\n<tr>\n<td>\u203a janvier 2004<\/td>\n<td>311 749<\/td>\n<td>15 666<\/td>\n<td>22 120<\/td>\n<\/tr>\n<tr>\n<td>\u203a d\u00e9cembre 2003<\/td>\n<td>255 732<\/td>\n<td>14 214<\/td>\n<td>20 285<\/td>\n<\/tr>\n<tr>\n<td>\u203a novembre 2003<\/td>\n<td>239 280<\/td>\n<td>14 633<\/td>\n<td>21 029<\/td>\n<\/tr>\n<tr>\n<td>\u203a octobre 2003<\/td>\n<td>312 994<\/td>\n<td>17 035<\/td>\n<td>24 383<\/td>\n<\/tr>\n<tr>\n<td>\u203a septembre 2003<\/td>\n<td>328 442<\/td>\n<td>21 813<\/td>\n<td>28 747<\/td>\n<\/tr>\n<tr>\n<td>\u203a ao\u00fbt 2003<\/td>\n<td>277 835<\/td>\n<td>17 992<\/td>\n<td>22 905<\/td>\n<\/tr>\n<tr>\n<td>\u203a juillet 2003<\/td>\n<td>295 412<\/td>\n<td>22 873<\/td>\n<td>28 490<\/td>\n<\/tr>\n<tr>\n<td>\u203a juin 2003<\/td>\n<td>257 944<\/td>\n<td>21 096<\/td>\n<td>26 062<\/td>\n<\/tr>\n<tr>\n<td>\u203a mai 2003<\/td>\n<td>277 700<\/td>\n<td>19 798<\/td>\n<td>24 719<\/td>\n<\/tr>\n<tr>\n<td>\u203a avril 2003<\/td>\n<td>193 837<\/td>\n<td>20 772<\/td>\n<td>23 945<\/td>\n<\/tr>\n<tr>\n<td>\u203a mars 2003<\/td>\n<td>296 023<\/td>\n<td>15 937<\/td>\n<td>20 700<\/td>\n<\/tr>\n<tr>\n<td>\u203a f\u00e9vrier 2003<\/td>\n<td>218 909<\/td>\n<td>12 789<\/td>\n<td>16 601<\/td>\n<\/tr>\n<tr>\n<td>\u203a janvier 2003<\/td>\n<td>239 241<\/td>\n<td>12 937<\/td>\n<td>16 682<\/td>\n<\/tr>\n<tr>\n<td>\u203a d\u00e9cembre 2002<\/td>\n<td>184 280<\/td>\n<td>9 989<\/td>\n<td>13 359<\/td>\n<\/tr>\n<tr>\n<td>\u203a novembre 2002<\/td>\n<td>196 244<\/td>\n<td>10 499<\/td>\n<td>13 594<\/td>\n<\/tr>\n<tr>\n<td>\u203a octobre 2002<\/td>\n<td>189 126<\/td>\n<td>11 094<\/td>\n<td>13 864<\/td>\n<\/tr>\n<tr>\n<td>\u203a septembre 2002<\/td>\n<td>148 828<\/td>\n<td>9 035<\/td>\n<td>11 233<\/td>\n<\/tr>\n<tr>\n<td>\u203a ao\u00fbt 2002<\/td>\n<td>71 586<\/td>\n<td>6 450<\/td>\n<td>7 719<\/td>\n<\/tr>\n<tr>\n<td>\u203a juillet 2002<\/td>\n<td>64 388<\/td>\n<td>5 106<\/td>\n<td>6 181<\/td>\n<\/tr>\n<tr>\n<td>\u203a juin 2002<\/td>\n<td>51 928<\/td>\n<td>5 278<\/td>\n<td>6 141<\/td>\n<\/tr>\n<tr>\n<td>\u203a mai 2002<\/td>\n<td>50 993<\/td>\n<td>6 357<\/td>\n<td>7 277<\/td>\n<\/tr>\n<tr>\n<td>\u203a avril 2002<\/td>\n<td>49 897<\/td>\n<td>5 802<\/td>\n<td>6 456<\/td>\n<\/tr>\n<tr>\n<td>\u203a mars 2002<\/td>\n<td>26 958<\/td>\n<td>5 522<\/td>\n<td>5 998<\/td>\n<\/tr>\n<tr>\n<td>\u203a f\u00e9vrier 2002<\/td>\n<td>8 846<\/td>\n<td>4 621<\/td>\n<td>4 997<\/td>\n<\/tr>\n<tr>\n<td>\u203a janvier 2002<\/td>\n<td>6 905<\/td>\n<td>3 955<\/td>\n<td>4 206<\/td>\n<\/tr>\n<tr>\n<td>\u203a d\u00e9cembre 2001<\/td>\n<td>4 809<\/td>\n<td>2 812<\/td>\n<td>3 018<\/td>\n<\/tr>\n<tr>\n<td>\u203a novembre 2001<\/td>\n<td>4 928<\/td>\n<td>3 082<\/td>\n<td>3 259<\/td>\n<\/tr>\n<tr>\n<td>\u203a octobre 2001<\/td>\n<td>11 272<\/td>\n<td>3 591<\/td>\n<td>3 887<\/td>\n<\/tr>\n<tr>\n<td>\u203a septembre 2001<\/td>\n<td>4 115<\/td>\n<td>2 714<\/td>\n<td>2 839<\/td>\n<\/tr>\n<tr>\n<td>\u203a ao\u00fbt 2001<\/td>\n<td>3 580<\/td>\n<td>2 401<\/td>\n<td>2 522<\/td>\n<\/tr>\n<tr>\n<td>\u203a juillet 2001<\/td>\n<td>2 544<\/td>\n<td>1 711<\/td>\n<td>1 813<\/td>\n<\/tr>\n<tr>\n<td>\u203a juin 2001<\/td>\n<td>1 576<\/td>\n<td>875<\/td>\n<td>1 001<\/td>\n<\/tr>\n<tr>\n<td>\u203a mai 2001<\/td>\n<td>285<\/td>\n<td>160<\/td>\n<td>195<\/td>\n<\/tr>\n<\/tbody>\n<\/table>\n<p>&nbsp;<\/p>\n<p><strong><span style=\"font-weight: normal;\"><br \/>\n<\/span><\/strong><\/p>\n","protected":false},"excerpt":{"rendered":"<p>Voici toutes les statistiques du site depuis les premiers mois ayant suivis sa cr\u00e9ation. Les chiffres oranges correspondent aux records ! &nbsp; Pages Vues :\u00a0La Page Vue est l&rsquo;indicateur le plus utilis\u00e9 pour rendre compte du niveau d&rsquo;audience d&rsquo;un site web. Une page vue est comptabilis\u00e9e quand la page demand\u00e9e par l&rsquo;internaute est totalement charg\u00e9e [&hellip;]<\/p>\n","protected":false},"author":2,"featured_media":6862,"parent":0,"menu_order":0,"comment_status":"open","ping_status":"closed","template":"","meta":{"_monsterinsights_skip_tracking":false,"_monsterinsights_sitenote_active":false,"_monsterinsights_sitenote_note":"","_monsterinsights_sitenote_category":0,"footnotes":""},"class_list":["post-10","page","type-page","status-publish","has-post-thumbnail"],"jetpack_sharing_enabled":true,"_links":{"self":[{"href":"http:\/\/triumphadonf.com\/v3\/wp-json\/wp\/v2\/pages\/10","targetHints":{"allow":["GET"]}}],"collection":[{"href":"http:\/\/triumphadonf.com\/v3\/wp-json\/wp\/v2\/pages"}],"about":[{"href":"http:\/\/triumphadonf.com\/v3\/wp-json\/wp\/v2\/types\/page"}],"author":[{"embeddable":true,"href":"http:\/\/triumphadonf.com\/v3\/wp-json\/wp\/v2\/users\/2"}],"replies":[{"embeddable":true,"href":"http:\/\/triumphadonf.com\/v3\/wp-json\/wp\/v2\/comments?post=10"}],"version-history":[{"count":0,"href":"http:\/\/triumphadonf.com\/v3\/wp-json\/wp\/v2\/pages\/10\/revisions"}],"wp:featuredmedia":[{"embeddable":true,"href":"http:\/\/triumphadonf.com\/v3\/wp-json\/wp\/v2\/media\/6862"}],"wp:attachment":[{"href":"http:\/\/triumphadonf.com\/v3\/wp-json\/wp\/v2\/media?parent=10"}],"curies":[{"name":"wp","href":"https:\/\/api.w.org\/{rel}","templated":true}]}}